{"id":42,"date":"2025-03-03T14:26:15","date_gmt":"2025-03-03T13:26:15","guid":{"rendered":"http:\/\/cours-wordpress.local2:57404\/?page_id=42"},"modified":"2025-03-04T15:20:20","modified_gmt":"2025-03-04T14:20:20","slug":"a-propos","status":"publish","type":"page","link":"https:\/\/formagraph-exercice.fr\/wordpress\/xavier\/a-propos\/","title":{"rendered":"A propos"},"content":{"rendered":"<style>.kb-row-layout-id42_aed679-c6 > .kt-row-column-wrap{align-content:center;}:where(.kb-row-layout-id42_aed679-c6 > .kt-row-column-wrap) > .wp-block-kadence-column{justify-content:center;}.kb-row-layout-id42_aed679-c6 > .kt-row-column-wrap{column-gap:var(--global-kb-gap-md, 2rem);row-gap:var(--global-kb-gap-md, 2rem);padding-top:var(--global-kb-spacing-sm, 1.5rem);padding-bottom:var(--global-kb-spacing-sm, 1.5rem);min-height:400px;grid-template-columns:minmax(0, 1fr);}.kb-row-layout-id42_aed679-c6{background-image:url('https:\/\/formagraph-exercice.fr\/wordpress\/xavier\/wp-content\/uploads\/2025\/03\/fond-propos.jpg');background-size:cover;background-position:center center;background-attachment:scroll;background-repeat:no-repeat;}.kb-row-layout-id42_aed679-c6 > .kt-row-layout-overlay{opacity:0.30;}@media all and (max-width: 1024px){.kb-row-layout-id42_aed679-c6 > .kt-row-column-wrap{grid-template-columns:minmax(0, 1fr);}}@media all and (max-width: 767px){.kb-row-layout-id42_aed679-c6 > .kt-row-column-wrap{grid-template-columns:minmax(0, 1fr);}}<\/style><div class=\"kb-row-layout-wrap kb-row-layout-id42_aed679-c6 alignfull kt-row-has-bg wp-block-kadence-rowlayout\"><div class=\"kt-row-column-wrap kt-has-1-columns kt-row-layout-equal kt-tab-layout-inherit kt-mobile-layout-row kt-row-valign-middle\">\n<style>.kadence-column42_4d4679-c8 > .kt-inside-inner-col,.kadence-column42_4d4679-c8 > .kt-inside-inner-col:before{border-top-left-radius:0px;border-top-right-radius:0px;border-bottom-right-radius:0px;border-bottom-left-radius:0px;}.kadence-column42_4d4679-c8 > .kt-inside-inner-col{column-gap:var(--global-kb-gap-sm, 1rem);}.kadence-column42_4d4679-c8 > .kt-inside-inner-col{flex-direction:column;}.kadence-column42_4d4679-c8 > .kt-inside-inner-col > .aligncenter{width:100%;}.kadence-column42_4d4679-c8 > .kt-inside-inner-col:before{opacity:0.3;}.kadence-column42_4d4679-c8{position:relative;}@media all and (max-width: 1024px){.kadence-column42_4d4679-c8 > .kt-inside-inner-col{flex-direction:column;}}@media all and (max-width: 767px){.kadence-column42_4d4679-c8 > .kt-inside-inner-col{flex-direction:column;}}<\/style>\n<div class=\"wp-block-kadence-column kadence-column42_4d4679-c8\"><div class=\"kt-inside-inner-col\"><style>.wp-block-kadence-advancedheading.kt-adv-heading42_8031f5-c9, .wp-block-kadence-advancedheading.kt-adv-heading42_8031f5-c9[data-kb-block=\"kb-adv-heading42_8031f5-c9\"]{text-align:center;font-style:normal;}.wp-block-kadence-advancedheading.kt-adv-heading42_8031f5-c9 mark.kt-highlight, .wp-block-kadence-advancedheading.kt-adv-heading42_8031f5-c9[data-kb-block=\"kb-adv-heading42_8031f5-c9\"] mark.kt-highlight{font-style:normal;color:#f76a0c;-webkit-box-decoration-break:clone;box-decoration-break:clone;padding-top:0px;padding-right:0px;padding-bottom:0px;padding-left:0px;}<\/style>\n<h1 class=\"kt-adv-heading42_8031f5-c9 wp-block-kadence-advancedheading has-theme-palette-9-color has-text-color\" data-kb-block=\"kb-adv-heading42_8031f5-c9\">\u00c0 propos de nous<\/h1><\/div><\/div>\n<\/div><\/div><style>.wp-block-kadence-advancedheading.kt-adv-heading42_ade3ee-1b, .wp-block-kadence-advancedheading.kt-adv-heading42_ade3ee-1b[data-kb-block=\"kb-adv-heading42_ade3ee-1b\"]{margin-top:var(--global-kb-spacing-md, 2rem);margin-right:0px;margin-bottom:var(--global-kb-spacing-md, 2rem);margin-left:0px;text-align:center;font-style:normal;}.wp-block-kadence-advancedheading.kt-adv-heading42_ade3ee-1b mark.kt-highlight, .wp-block-kadence-advancedheading.kt-adv-heading42_ade3ee-1b[data-kb-block=\"kb-adv-heading42_ade3ee-1b\"] mark.kt-highlight{font-style:normal;color:#f76a0c;-webkit-box-decoration-break:clone;box-decoration-break:clone;padding-top:0px;padding-right:0px;padding-bottom:0px;padding-left:0px;}<\/style>\n<h2 class=\"kt-adv-heading42_ade3ee-1b wp-block-kadence-advancedheading\" data-kb-block=\"kb-adv-heading42_ade3ee-1b\">Ce pour quoi nous existons<\/h2><style>.kb-row-layout-id42_0715d6-34 > .kt-row-column-wrap{align-content:start;}:where(.kb-row-layout-id42_0715d6-34 > .kt-row-column-wrap) > .wp-block-kadence-column{justify-content:start;}.kb-row-layout-id42_0715d6-34 > .kt-row-column-wrap{column-gap:var(--global-kb-gap-md, 2rem);row-gap:var(--global-kb-gap-md, 2rem);padding-top:var(--global-kb-spacing-sm, 1.5rem);padding-bottom:var(--global-kb-spacing-sm, 1.5rem);grid-template-columns:minmax(0, calc(50% - ((var(--global-kb-gap-md, 2rem) * 1 )\/2)))minmax(0, calc(50% - ((var(--global-kb-gap-md, 2rem) * 1 )\/2)));}.kb-row-layout-id42_0715d6-34 > .kt-row-layout-overlay{opacity:0.30;}@media all and (max-width: 1024px){.kb-row-layout-id42_0715d6-34 > .kt-row-column-wrap{grid-template-columns:repeat(2, minmax(0, 1fr));}}@media all and (max-width: 767px){.kb-row-layout-id42_0715d6-34 > .kt-row-column-wrap{grid-template-columns:minmax(0, 1fr);}}<\/style><div class=\"kb-row-layout-wrap kb-row-layout-id42_0715d6-34 alignnone wp-block-kadence-rowlayout\"><div class=\"kt-row-column-wrap kt-has-2-columns kt-row-layout-equal kt-tab-layout-inherit kt-mobile-layout-row kt-row-valign-top\">\n<style>.kadence-column42_d4655b-80 > .kt-inside-inner-col,.kadence-column42_d4655b-80 > .kt-inside-inner-col:before{border-top-left-radius:0px;border-top-right-radius:0px;border-bottom-right-radius:0px;border-bottom-left-radius:0px;}.kadence-column42_d4655b-80 > .kt-inside-inner-col{column-gap:var(--global-kb-gap-sm, 1rem);}.kadence-column42_d4655b-80 > .kt-inside-inner-col{flex-direction:column;}.kadence-column42_d4655b-80 > .kt-inside-inner-col > .aligncenter{width:100%;}.kadence-column42_d4655b-80 > .kt-inside-inner-col:before{opacity:0.3;}.kadence-column42_d4655b-80{position:relative;}@media all and (max-width: 1024px){.kadence-column42_d4655b-80 > .kt-inside-inner-col{flex-direction:column;}}@media all and (max-width: 767px){.kadence-column42_d4655b-80 > .kt-inside-inner-col{flex-direction:column;}}<\/style>\n<div class=\"wp-block-kadence-column kadence-column42_d4655b-80\"><div class=\"kt-inside-inner-col\"><style>.wp-block-kadence-advancedheading.kt-adv-heading42_6f1ec5-4c, .wp-block-kadence-advancedheading.kt-adv-heading42_6f1ec5-4c[data-kb-block=\"kb-adv-heading42_6f1ec5-4c\"]{font-style:normal;}.wp-block-kadence-advancedheading.kt-adv-heading42_6f1ec5-4c mark.kt-highlight, .wp-block-kadence-advancedheading.kt-adv-heading42_6f1ec5-4c[data-kb-block=\"kb-adv-heading42_6f1ec5-4c\"] mark.kt-highlight{font-style:normal;color:#f76a0c;-webkit-box-decoration-break:clone;box-decoration-break:clone;padding-top:0px;padding-right:0px;padding-bottom:0px;padding-left:0px;}<\/style>\n<p class=\"kt-adv-heading42_6f1ec5-4c wp-block-kadence-advancedheading\" data-kb-block=\"kb-adv-heading42_6f1ec5-4c\">Ceci est un paragraphe. Survolez-moi avec votre souris d&rsquo;ordinateur et cliquez une fois pour que le menu s&rsquo;affiche. Double-cliquez pour \u00e9diter directement le texte. Vous pouvez aussi me d\u00e9placer n&rsquo;importe o\u00f9 sur la page par la m\u00e9thode du \u00abGlisser et D\u00e9poser\u00bb.\u00a0Ceci est un paragraphe. Survolez-moi avec votre souris d&rsquo;ordinateur et cliquez une fois pour que le menu s&rsquo;affiche. Double-cliquez pour \u00e9diter directement le texte. Vous pouvez aussi me d\u00e9placer n&rsquo;importe o\u00f9 sur la page par la m\u00e9thode du \u00abGlisser et D\u00e9poser\u00bb.<br>\u00a0<br>Ceci est un paragraphe. Survolez-moi avec votre souris d&rsquo;ordinateur et cliquez une fois pour que le menu s&rsquo;affiche. Double-cliquez pour \u00e9diter directement le texte. Vous pouvez aussi me d\u00e9placer n&rsquo;importe o\u00f9 sur la page par la m\u00e9thode du \u00abGlisser et D\u00e9poser\u00bb.<\/p><\/div><\/div>\n\n<style>.kadence-column42_02f789-b4 > .kt-inside-inner-col,.kadence-column42_02f789-b4 > .kt-inside-inner-col:before{border-top-left-radius:0px;border-top-right-radius:0px;border-bottom-right-radius:0px;border-bottom-left-radius:0px;}.kadence-column42_02f789-b4 > .kt-inside-inner-col{column-gap:var(--global-kb-gap-sm, 1rem);}.kadence-column42_02f789-b4 > .kt-inside-inner-col{flex-direction:column;}.kadence-column42_02f789-b4 > .kt-inside-inner-col > .aligncenter{width:100%;}.kadence-column42_02f789-b4 > .kt-inside-inner-col:before{opacity:0.3;}.kadence-column42_02f789-b4{position:relative;}@media all and (max-width: 1024px){.kadence-column42_02f789-b4 > .kt-inside-inner-col{flex-direction:column;}}@media all and (max-width: 767px){.kadence-column42_02f789-b4 > .kt-inside-inner-col{flex-direction:column;}}<\/style>\n<div class=\"wp-block-kadence-column kadence-column42_02f789-b4\"><div class=\"kt-inside-inner-col\"><style>.wp-block-kadence-advancedheading.kt-adv-heading42_1c8bb9-a2, .wp-block-kadence-advancedheading.kt-adv-heading42_1c8bb9-a2[data-kb-block=\"kb-adv-heading42_1c8bb9-a2\"]{font-style:normal;}.wp-block-kadence-advancedheading.kt-adv-heading42_1c8bb9-a2 mark.kt-highlight, .wp-block-kadence-advancedheading.kt-adv-heading42_1c8bb9-a2[data-kb-block=\"kb-adv-heading42_1c8bb9-a2\"] mark.kt-highlight{font-style:normal;color:#f76a0c;-webkit-box-decoration-break:clone;box-decoration-break:clone;padding-top:0px;padding-right:0px;padding-bottom:0px;padding-left:0px;}<\/style>\n<p class=\"kt-adv-heading42_1c8bb9-a2 wp-block-kadence-advancedheading\" data-kb-block=\"kb-adv-heading42_1c8bb9-a2\">Ceci est un paragraphe. Survolez-moi avec votre souris d&rsquo;ordinateur et cliquez une fois pour que le menu s&rsquo;affiche. Double-cliquez pour \u00e9diter directement le texte. Vous pouvez aussi me d\u00e9placer n&rsquo;importe o\u00f9 sur la page par la m\u00e9thode du \u00abGlisser et D\u00e9poser\u00bb.<br>\u00a0<br>Ceci est un paragraphe. Survolez-moi avec votre souris d&rsquo;ordinateur et cliquez une fois pour que le menu s&rsquo;affiche. Double-cliquez pour \u00e9diter directement le texte. Vous pouvez aussi me d\u00e9placer n&rsquo;importe o\u00f9 sur la page par la m\u00e9thode du \u00abGlisser et D\u00e9poser\u00bb.<\/p><\/div><\/div>\n<\/div><\/div><style>.kb-row-layout-id119_0d3254-27 > .kt-row-column-wrap{align-content:start;}:where(.kb-row-layout-id119_0d3254-27 > .kt-row-column-wrap) > .wp-block-kadence-column{justify-content:start;}.kb-row-layout-id119_0d3254-27 > .kt-row-column-wrap{column-gap:var(--global-kb-gap-md, 2rem);row-gap:var(--global-kb-gap-md, 2rem);max-width:var( --global-content-width, 1000px );padding-left:var(--global-content-edge-padding);padding-right:var(--global-content-edge-padding);padding-top:var(--global-kb-spacing-lg, 3rem);padding-right:0px;padding-bottom:var(--global-kb-spacing-lg, 3rem);padding-left:0px;grid-template-columns:minmax(0, calc(75% - ((var(--global-kb-gap-md, 2rem) * 1 )\/2)))minmax(0, calc(25% - ((var(--global-kb-gap-md, 2rem) * 1 )\/2)));}.kb-row-layout-id119_0d3254-27 > .kt-row-layout-overlay{opacity:0.30;}@media all and (max-width: 1024px){.kb-row-layout-id119_0d3254-27 > .kt-row-column-wrap{grid-template-columns:minmax(0, 2fr) minmax(0, 1fr);}}@media all and (max-width: 767px){.kb-row-layout-id119_0d3254-27 > .kt-row-column-wrap{grid-template-columns:minmax(0, 1fr);}}<\/style><section class=\"kb-row-layout-wrap kb-row-layout-id119_0d3254-27 alignfull has-theme-palette1-background-color kt-row-has-bg wp-block-kadence-rowlayout\"><div class=\"kt-row-column-wrap kt-has-2-columns kt-row-layout-left-golden kt-tab-layout-inherit kt-mobile-layout-row kt-row-valign-top kb-theme-content-width\">\n<style>.kadence-column119_51669f-39 > .kt-inside-inner-col,.kadence-column119_51669f-39 > .kt-inside-inner-col:before{border-top-left-radius:0px;border-top-right-radius:0px;border-bottom-right-radius:0px;border-bottom-left-radius:0px;}.kadence-column119_51669f-39 > .kt-inside-inner-col{column-gap:var(--global-kb-gap-sm, 1rem);}.kadence-column119_51669f-39 > .kt-inside-inner-col{flex-direction:column;}.kadence-column119_51669f-39 > .kt-inside-inner-col > .aligncenter{width:100%;}.kadence-column119_51669f-39 > .kt-inside-inner-col:before{opacity:0.3;}.kadence-column119_51669f-39{position:relative;}@media all and (max-width: 1024px){.kadence-column119_51669f-39 > .kt-inside-inner-col{flex-direction:column;}}@media all and (max-width: 767px){.kadence-column119_51669f-39 > .kt-inside-inner-col{flex-direction:column;}}<\/style>\n<div class=\"wp-block-kadence-column kadence-column119_51669f-39\"><div class=\"kt-inside-inner-col\"><style>.wp-block-kadence-advancedheading.kt-adv-heading119_9856ba-2c, .wp-block-kadence-advancedheading.kt-adv-heading119_9856ba-2c[data-kb-block=\"kb-adv-heading119_9856ba-2c\"]{font-size:45px;font-weight:400;font-style:normal;}.wp-block-kadence-advancedheading.kt-adv-heading119_9856ba-2c mark.kt-highlight, .wp-block-kadence-advancedheading.kt-adv-heading119_9856ba-2c[data-kb-block=\"kb-adv-heading119_9856ba-2c\"] mark.kt-highlight{font-style:normal;color:#f76a0c;-webkit-box-decoration-break:clone;box-decoration-break:clone;padding-top:0px;padding-right:0px;padding-bottom:0px;padding-left:0px;}@media all and (max-width: 767px){.wp-block-kadence-advancedheading.kt-adv-heading119_9856ba-2c, .wp-block-kadence-advancedheading.kt-adv-heading119_9856ba-2c[data-kb-block=\"kb-adv-heading119_9856ba-2c\"]{text-align:center!important;}}<\/style>\n<h4 class=\"kt-adv-heading119_9856ba-2c wp-block-kadence-advancedheading has-theme-palette-9-color has-text-color\" data-kb-block=\"kb-adv-heading119_9856ba-2c\">Vous voulez en savoir plus ?<\/h4><\/div><\/div>\n\n<style>.kadence-column119_8346fd-9f > .kt-inside-inner-col,.kadence-column119_8346fd-9f > .kt-inside-inner-col:before{border-top-left-radius:0px;border-top-right-radius:0px;border-bottom-right-radius:0px;border-bottom-left-radius:0px;}.kadence-column119_8346fd-9f > .kt-inside-inner-col{column-gap:var(--global-kb-gap-sm, 1rem);}.kadence-column119_8346fd-9f > .kt-inside-inner-col{flex-direction:column;}.kadence-column119_8346fd-9f > .kt-inside-inner-col > .aligncenter{width:100%;}.kadence-column119_8346fd-9f > .kt-inside-inner-col:before{opacity:0.3;}.kadence-column119_8346fd-9f{position:relative;}@media all and (max-width: 1024px){.kadence-column119_8346fd-9f > .kt-inside-inner-col{flex-direction:column;}}@media all and (max-width: 767px){.kadence-column119_8346fd-9f > .kt-inside-inner-col{flex-direction:column;}}<\/style>\n<div class=\"wp-block-kadence-column kadence-column119_8346fd-9f\"><div class=\"kt-inside-inner-col\"><style>.wp-block-kadence-advancedbtn.kb-btns119_ae9880-c0{gap:var(--global-kb-gap-xs, 0.5rem );justify-content:center;align-items:center;}.kt-btns119_ae9880-c0 .kt-button{font-weight:normal;font-style:normal;}.kt-btns119_ae9880-c0 .kt-btn-wrap-0{margin-right:5px;}.wp-block-kadence-advancedbtn.kt-btns119_ae9880-c0 .kt-btn-wrap-0 .kt-button{color:#555555;border-color:#555555;}.wp-block-kadence-advancedbtn.kt-btns119_ae9880-c0 .kt-btn-wrap-0 .kt-button:hover, .wp-block-kadence-advancedbtn.kt-btns119_ae9880-c0 .kt-btn-wrap-0 .kt-button:focus{color:#ffffff;border-color:#444444;}.wp-block-kadence-advancedbtn.kt-btns119_ae9880-c0 .kt-btn-wrap-0 .kt-button::before{display:none;}.wp-block-kadence-advancedbtn.kt-btns119_ae9880-c0 .kt-btn-wrap-0 .kt-button:hover, .wp-block-kadence-advancedbtn.kt-btns119_ae9880-c0 .kt-btn-wrap-0 .kt-button:focus{background:#444444;}<\/style>\n<div class=\"wp-block-kadence-advancedbtn kb-buttons-wrap kb-btns119_ae9880-c0\"><style>ul.menu .wp-block-kadence-advancedbtn .kb-btn119_99d529-16.kb-button{width:initial;}.wp-block-kadence-advancedbtn .kb-btn119_99d529-16.kb-button{color:var(--global-palette9, #ffffff);border-top:1px solid var(--global-palette9, #ffffff);border-right:1px solid var(--global-palette9, #ffffff);border-bottom:1px solid var(--global-palette9, #ffffff);border-left:1px solid var(--global-palette9, #ffffff);padding-top:var(--global-kb-spacing-xs, 1rem);padding-right:var(--global-kb-spacing-xs, 1rem);padding-bottom:var(--global-kb-spacing-xs, 1rem);padding-left:var(--global-kb-spacing-xs, 1rem);}@media all and (max-width: 1024px){.wp-block-kadence-advancedbtn .kb-btn119_99d529-16.kb-button{border-top:1px solid var(--global-palette9, #ffffff);border-right:1px solid var(--global-palette9, #ffffff);border-bottom:1px solid var(--global-palette9, #ffffff);border-left:1px solid var(--global-palette9, #ffffff);}}@media all and (max-width: 1024px){.kb-btn119_99d529-16.kb-button .kb-svg-icon-wrap{display:block;}}@media all and (max-width: 767px){.wp-block-kadence-advancedbtn .kb-btn119_99d529-16.kb-button{border-top:1px solid var(--global-palette9, #ffffff);border-right:1px solid var(--global-palette9, #ffffff);border-bottom:1px solid var(--global-palette9, #ffffff);border-left:1px solid var(--global-palette9, #ffffff);}}<\/style><a class=\"kb-button kt-button button kb-btn119_99d529-16 kt-btn-size-standard kt-btn-width-type-auto kb-btn-global-outline kt-btn-has-text-true kt-btn-has-svg-false wp-block-kadence-singlebtn\" href=\"https:\/\/formagraph-exercice.fr\/wordpress\/xavier\/contact\/\"><span class=\"kt-btn-inner-text\">Contactez-nous<\/span><\/a><\/div><\/div><\/div>\n<\/div><\/section>","protected":false},"excerpt":{"rendered":"<p>\u00c0 propos de nous Ce pour quoi nous existons Ceci est un paragraphe. Survolez-moi avec votre souris d&rsquo;ordinateur et cliquez une fois pour que le menu s&rsquo;affiche. Double-cliquez pour \u00e9diter directement le texte. Vous pouvez aussi me d\u00e9placer n&rsquo;importe o\u00f9 sur la page par la m\u00e9thode du \u00abGlisser et D\u00e9poser\u00bb.\u00a0Ceci est un paragraphe. Survolez-moi avec&#8230;<\/p>\n","protected":false},"author":1,"featured_media":0,"parent":0,"menu_order":0,"comment_status":"closed","ping_status":"closed","template":"","meta":{"_kad_post_transparent":"","_kad_post_title":"","_kad_post_layout":"","_kad_post_sidebar_id":"","_kad_post_content_style":"","_kad_post_vertical_padding":"","_kad_post_feature":"","_kad_post_feature_position":"","_kad_post_header":false,"_kad_post_footer":false,"_kad_post_classname":"","footnotes":""},"class_list":["post-42","page","type-page","status-publish","hentry"],"_links":{"self":[{"href":"https:\/\/formagraph-exercice.fr\/wordpress\/xavier\/wp-json\/wp\/v2\/pages\/42","targetHints":{"allow":["GET"]}}],"collection":[{"href":"https:\/\/formagraph-exercice.fr\/wordpress\/xavier\/wp-json\/wp\/v2\/pages"}],"about":[{"href":"https:\/\/formagraph-exercice.fr\/wordpress\/xavier\/wp-json\/wp\/v2\/types\/page"}],"author":[{"embeddable":true,"href":"https:\/\/formagraph-exercice.fr\/wordpress\/xavier\/wp-json\/wp\/v2\/users\/1"}],"replies":[{"embeddable":true,"href":"https:\/\/formagraph-exercice.fr\/wordpress\/xavier\/wp-json\/wp\/v2\/comments?post=42"}],"version-history":[{"count":13,"href":"https:\/\/formagraph-exercice.fr\/wordpress\/xavier\/wp-json\/wp\/v2\/pages\/42\/revisions"}],"predecessor-version":[{"id":156,"href":"https:\/\/formagraph-exercice.fr\/wordpress\/xavier\/wp-json\/wp\/v2\/pages\/42\/revisions\/156"}],"wp:attachment":[{"href":"https:\/\/formagraph-exercice.fr\/wordpress\/xavier\/wp-json\/wp\/v2\/media?parent=42"}],"curies":[{"name":"wp","href":"https:\/\/api.w.org\/{rel}","templated":true}]}}