{"id":995,"date":"2025-03-17T15:20:21","date_gmt":"2025-03-17T15:20:21","guid":{"rendered":"http:\/\/trash-investigation.local\/?post_type=product&#038;p=995"},"modified":"2025-03-17T15:31:15","modified_gmt":"2025-03-17T15:31:15","slug":"pull-trash-mixte","status":"publish","type":"product","link":"https:\/\/formagraph-exercice.fr\/trash-investigation\/produit\/pull-trash-mixte\/","title":{"rendered":"Pull Trash Mixte"},"content":{"rendered":"<p data-start=\"68\" data-end=\"332\">Affronte le froid avec un pull aussi responsable que confortable ! Fabriqu\u00e9 \u00e0 partir de <strong data-start=\"156\" data-end=\"179\">coton 100 % recycl\u00e9<\/strong>, ce sweat allie <strong data-start=\"196\" data-end=\"239\">style, douceur et engagement \u00e9cologique<\/strong>. Plus qu\u2019un v\u00eatement, c\u2019est une d\u00e9claration : <strong data-start=\"286\" data-end=\"330\">s\u2019habiller mieux pour un monde meilleur.<\/strong><\/p>\n<p data-start=\"334\" data-end=\"707\">\ud83d\udc9a <strong data-start=\"337\" data-end=\"376\">Pourquoi il va devenir ton favori ?<\/strong><br data-start=\"376\" data-end=\"379\" \/>\u2714 <strong data-start=\"381\" data-end=\"394\">\u00c9co-con\u00e7u<\/strong> : Fabriqu\u00e9 sans nouvelle ressource textile, pour un impact minimal.<br data-start=\"462\" data-end=\"465\" \/>\u2714 <strong data-start=\"467\" data-end=\"493\" data-is-only-node=\"\">Ultra-doux &amp; respirant<\/strong> : Parfait pour les journ\u00e9es fra\u00eeches sans surchauffe.<br data-start=\"547\" data-end=\"550\" \/>\u2714 <strong data-start=\"552\" data-end=\"572\">Style intemporel<\/strong> : Coupe moderne, adapt\u00e9e \u00e0 toutes les morphos.<br data-start=\"619\" data-end=\"622\" \/>\u2714 <strong data-start=\"624\" data-end=\"646\">Engagement visible<\/strong> : Porte tes valeurs avec fiert\u00e9 et fais passer le message.<\/p>\n","protected":false},"excerpt":{"rendered":"<p>Affronte le froid avec un pull aussi responsable que confortable ! Fabriqu\u00e9 \u00e0 partir de coton 100 % recycl\u00e9, ce sweat allie style, douceur et engagement \u00e9cologique. Plus qu\u2019un v\u00eatement, c\u2019est une d\u00e9claration : s\u2019habiller mieux pour un monde meilleur. \ud83d\udc9a Pourquoi il va devenir ton favori ?\u2714 \u00c9co-con\u00e7u : Fabriqu\u00e9 sans nouvelle ressource textile,&#8230;<\/p>\n","protected":false},"featured_media":998,"comment_status":"open","ping_status":"closed","template":"","meta":{"_kad_post_transparent":"default","_kad_post_title":"","_kad_post_layout":"default","_kad_post_sidebar_id":"","_kad_post_content_style":"default","_kad_post_vertical_padding":"default","_kad_post_feature":"","_kad_post_feature_position":"","_kad_post_header":false,"_kad_post_footer":false},"product_brand":[],"product_cat":[17],"product_tag":[],"class_list":{"0":"post-995","1":"product","2":"type-product","3":"status-publish","4":"has-post-thumbnail","6":"product_cat-non-classe","8":"first","9":"instock","10":"taxable","11":"shipping-taxable","12":"purchasable","13":"product-type-simple","14":"entry","15":"content-bg","16":"loop-entry"},"aioseo_notices":[],"_links":{"self":[{"href":"https:\/\/formagraph-exercice.fr\/trash-investigation\/wp-json\/wp\/v2\/product\/995","targetHints":{"allow":["GET"]}}],"collection":[{"href":"https:\/\/formagraph-exercice.fr\/trash-investigation\/wp-json\/wp\/v2\/product"}],"about":[{"href":"https:\/\/formagraph-exercice.fr\/trash-investigation\/wp-json\/wp\/v2\/types\/product"}],"replies":[{"embeddable":true,"href":"https:\/\/formagraph-exercice.fr\/trash-investigation\/wp-json\/wp\/v2\/comments?post=995"}],"wp:featuredmedia":[{"embeddable":true,"href":"https:\/\/formagraph-exercice.fr\/trash-investigation\/wp-json\/wp\/v2\/media\/998"}],"wp:attachment":[{"href":"https:\/\/formagraph-exercice.fr\/trash-investigation\/wp-json\/wp\/v2\/media?parent=995"}],"wp:term":[{"taxonomy":"product_brand","embeddable":true,"href":"https:\/\/formagraph-exercice.fr\/trash-investigation\/wp-json\/wp\/v2\/product_brand?post=995"},{"taxonomy":"product_cat","embeddable":true,"href":"https:\/\/formagraph-exercice.fr\/trash-investigation\/wp-json\/wp\/v2\/product_cat?post=995"},{"taxonomy":"product_tag","embeddable":true,"href":"https:\/\/formagraph-exercice.fr\/trash-investigation\/wp-json\/wp\/v2\/product_tag?post=995"}],"curies":[{"name":"wp","href":"https:\/\/api.w.org\/{rel}","templated":true}]}}