{"id":1308,"date":"2025-03-17T10:27:43","date_gmt":"2025-03-17T09:27:43","guid":{"rendered":"http:\/\/pascal.local\/?post_type=product&#038;p=1308"},"modified":"2025-03-26T16:10:45","modified_gmt":"2025-03-26T15:10:45","slug":"bar-pomme-myrtille","status":"publish","type":"product","link":"https:\/\/formagraph-exercice.fr\/pascal\/produit\/bar-pomme-myrtille\/","title":{"rendered":"Bar Pomme \/ Myrtille"},"content":{"rendered":"<p class=\"\" data-start=\"0\" data-end=\"79\">\ud83d\udc36 <strong data-start=\"3\" data-end=\"74\">Les Bar\u2019\u00e0 Chiens \u2013 Des en-cas naturels pour nos toutous gourmands !<\/strong> \ud83e\uddb4<\/p>\n<p class=\"\" data-start=\"81\" data-end=\"450\">Parce que nos compagnons \u00e0 quatre pattes m\u00e9ritent le meilleur, d\u00e9couvre <strong data-start=\"153\" data-end=\"173\">Les Bar\u2019\u00e0 Chiens<\/strong>, des barres aux c\u00e9r\u00e9ales savoureuses et naturelles, sp\u00e9cialement con\u00e7ues pour allier plaisir et bien-\u00eatre. Que ce soit apr\u00e8s une longue balade, en r\u00e9compense apr\u00e8s une s\u00e9ance de jeu ou juste pour leur faire plaisir, ces snacks sont <strong data-start=\"406\" data-end=\"423\">100% naturels<\/strong> et fabriqu\u00e9s avec amour.<\/p>\n<p class=\"\" data-start=\"452\" data-end=\"843\">\ud83c\udf3f <strong data-start=\"455\" data-end=\"494\">Pourquoi choisir Les Bar\u2019\u00e0 Chiens ?<\/strong><br data-start=\"494\" data-end=\"497\" \/>\u2705 <strong data-start=\"499\" data-end=\"515\">100% naturel<\/strong> \u2013 Sans additifs, sans conservateurs, juste du bon !<br data-start=\"567\" data-end=\"570\" \/>\u2705 <strong data-start=\"572\" data-end=\"593\">\u00c9nergie &amp; plaisir<\/strong> \u2013 Une pause gourmande et vitamin\u00e9e pour les petits gourmands actifs<br data-start=\"661\" data-end=\"664\" \/>\u2705 <strong data-start=\"666\" data-end=\"684\">Recette maison<\/strong> \u2013 Inspir\u00e9e par l\u2019amour des chiens et du bon go\u00fbt<br data-start=\"733\" data-end=\"736\" \/>\u2705 <strong data-start=\"738\" data-end=\"785\">Ingr\u00e9dients locaux &amp; s\u00e9lectionn\u00e9s avec soin<\/strong> \u2013 Parce qu\u2019on veut le meilleur pour nos boules de poils<\/p>\n<hr class=\"\" data-start=\"845\" data-end=\"848\" \/>\n<h3 class=\"\" data-start=\"850\" data-end=\"912\">\ud83e\uded0\u00a0<strong data-start=\"857\" data-end=\"910\">Pomme &amp; Myrtille \u2013 La touche fruit\u00e9e et gourmande<\/strong><\/h3>\n<p class=\"\" data-start=\"913\" data-end=\"1058\">Un d\u00e9licieux m\u00e9lange entre la douceur sucr\u00e9e de la pomme et le peps acidul\u00e9 de la myrtille, parfait pour \u00e9veiller les papilles de nos toutous !<\/p>\n<p class=\"\" data-start=\"1060\" data-end=\"1097\">\ud83d\udccd <strong data-start=\"1063\" data-end=\"1095\">Provenance des ingr\u00e9dients :<\/strong><\/p>\n<ul data-start=\"1098\" data-end=\"1268\">\n<li class=\"\" data-start=\"1098\" data-end=\"1182\">\n<p class=\"\" data-start=\"1100\" data-end=\"1182\"><strong data-start=\"1100\" data-end=\"1110\">Pommes<\/strong> : Cueillies dans des vergers fran\u00e7ais, gorg\u00e9es de soleil et de saveur<\/p>\n<\/li>\n<li class=\"\" data-start=\"1183\" data-end=\"1268\">\n<p class=\"\" data-start=\"1185\" data-end=\"1268\"><strong data-start=\"1185\" data-end=\"1198\">Myrtilles<\/strong> : Issues de producteurs locaux, riches en antioxydants et bienfaits<\/p>\n<\/li>\n<li><strong data-start=\"2050\" data-end=\"2068\">Miel artisanal<\/strong> : Produit par des apiculteurs fran\u00e7ais, source naturelle de douceur<\/li>\n<li><strong data-start=\"1347\" data-end=\"1369\">C\u00e9r\u00e9ales compl\u00e8tes<\/strong>\u00a0: S\u00e9lectionn\u00e9es pour leur apport en fibres et en \u00e9nergie<\/li>\n<\/ul>\n<p class=\"\" data-start=\"1270\" data-end=\"1393\"><strong data-start=\"1273\" data-end=\"1288\">Composition<\/strong> :<\/p>\n<ul>\n<li class=\"\" data-start=\"1482\" data-end=\"1511\">\n<p class=\"\" data-start=\"1484\" data-end=\"1511\">Pommes d\u00e9shydrat\u00e9es (20%), myrtilles s\u00e9ch\u00e9es (10%), flocons d\u2019avoine, miel naturel, huile de colza<\/p>\n<\/li>\n<\/ul>\n<hr class=\"\" data-start=\"845\" data-end=\"848\" \/>\n<p>&nbsp;<\/p>\n<p><span style=\"font-size: 24px; font-weight: bold;\">\ud83c\udf4e <\/span><strong style=\"font-size: 24px;\" data-start=\"1889\" data-end=\"1968\">Duo de Pommes Rouges \u2013<\/strong><strong style=\"font-size: 24px;\" data-start=\"1407\" data-end=\"1464\">La douceur sucr\u00e9e irr\u00e9sistible<\/strong><\/p>\n<p>Une explosion de saveurs pour les chiens les plus gourmands, avec la richesse sucr\u00e9e des pommes rouges et une touche de moelleux pour une pause r\u00e9confortante.<\/p>\n<p class=\"\" data-start=\"2141\" data-end=\"2178\">\ud83d\udccd <strong data-start=\"2144\" data-end=\"2176\">Provenance des ingr\u00e9dients :<\/strong><\/p>\n<ul>\n<li class=\"\" data-start=\"1867\" data-end=\"1959\">\n<p class=\"\" data-start=\"1869\" data-end=\"1959\"><strong data-start=\"1869\" data-end=\"1895\">Pommes rouges<\/strong> : Provenant de vergers locaux, cultiv\u00e9es sans pesticides<\/p>\n<\/li>\n<li class=\"\" data-start=\"1960\" data-end=\"2047\">\n<p class=\"\" data-start=\"1962\" data-end=\"2047\"><strong data-start=\"1962\" data-end=\"1984\">C\u00e9r\u00e9ales compl\u00e8tes<\/strong>\u00a0: Apport en \u00e9nergie et en fibres pour une digestion douce<\/p>\n<\/li>\n<li class=\"\" data-start=\"2048\" data-end=\"2141\">\n<p class=\"\" data-start=\"2050\" data-end=\"2141\"><strong data-start=\"2050\" data-end=\"2068\">Miel artisanal<\/strong>\u00a0: Produit par des apiculteurs fran\u00e7ais, source naturelle de douceur<\/p>\n<\/li>\n<li><strong data-start=\"1347\" data-end=\"1369\">C\u00e9r\u00e9ales compl\u00e8tes<\/strong>\u00a0: S\u00e9lectionn\u00e9es pour leur apport en fibres et en \u00e9nergie<\/li>\n<\/ul>\n<p class=\"\" data-start=\"2282\" data-end=\"2399\">\ud83e\udd63 <strong data-start=\"2285\" data-end=\"2300\">Composition<\/strong> :<\/p>\n<ul>\n<li>Pommes rouges d\u00e9shydrat\u00e9es (20%), flocons d\u2019avoine, miel naturel, huile de colza<\/li>\n<\/ul>\n<hr class=\"\" data-start=\"1395\" data-end=\"1398\" \/>\n<h3 class=\"\" data-start=\"1880\" data-end=\"1970\">\ud83c\udf4f\u00a0<strong data-start=\"1407\" data-end=\"1464\">Duo de Pommes Vertes \u2013 <\/strong><strong data-start=\"1889\" data-end=\"1968\">L\u2019\u00e9quilibre parfait entre douceur et peps !<\/strong><\/h3>\n<p class=\"\" data-start=\"1467\" data-end=\"1627\">Un m\u00e9lange harmonieux entre la tendresse sucr\u00e9e de la pomme rouge et le c\u00f4t\u00e9 acidul\u00e9 et rafra\u00eechissant de la pomme verte, pour un plaisir \u00e9quilibr\u00e9 \u00e0 chaque bouch\u00e9e !<\/p>\n<p class=\"\" data-start=\"1629\" data-end=\"1666\">\ud83d\udccd <strong data-start=\"1632\" data-end=\"1664\">Provenance des ingr\u00e9dients :<\/strong><\/p>\n<ul>\n<li class=\"\" data-start=\"1867\" data-end=\"1959\">\n<p class=\"\" data-start=\"1869\" data-end=\"1959\"><strong data-start=\"1869\" data-end=\"1895\">Pommes vertes<\/strong> : Provenant de vergers locaux, cultiv\u00e9es sans pesticides<\/p>\n<\/li>\n<li class=\"\" data-start=\"1960\" data-end=\"2047\">\n<p class=\"\" data-start=\"1962\" data-end=\"2047\"><strong data-start=\"1962\" data-end=\"1984\">C\u00e9r\u00e9ales compl\u00e8tes<\/strong>\u00a0: Apport en \u00e9nergie et en fibres pour une digestion douce<\/p>\n<\/li>\n<li class=\"\" data-start=\"2048\" data-end=\"2141\">\n<p class=\"\" data-start=\"2050\" data-end=\"2141\"><strong data-start=\"2050\" data-end=\"2068\">Miel artisanal<\/strong>\u00a0: Produit par des apiculteurs fran\u00e7ais, source naturelle de douceur<\/p>\n<\/li>\n<li><strong data-start=\"1347\" data-end=\"1369\">C\u00e9r\u00e9ales compl\u00e8tes<\/strong>\u00a0: S\u00e9lectionn\u00e9es pour leur apport en fibres et en \u00e9nergie<\/li>\n<\/ul>\n<p class=\"\" data-start=\"1766\" data-end=\"1873\">\ud83e\udd63 <strong data-start=\"1769\" data-end=\"1784\">Composition<\/strong> :<\/p>\n<ul>\n<li>Pommes vertes d\u00e9shydrat\u00e9es (20%), flocons d\u2019avoine, miel naturel, huile de colza<\/li>\n<\/ul>\n<hr class=\"\" data-start=\"2401\" data-end=\"2404\" \/>\n<p data-start=\"2406\" data-end=\"2475\">\n<p class=\"\" data-start=\"2406\" data-end=\"2475\">Alors, quelle saveur fera craquer ta boule de poils en premier ? \ud83d\udc3e\ud83d\udc9b<\/p>\n","protected":false},"excerpt":{"rendered":"<p>Avec un duo myrtille &amp; pomme ultra-fruit\u00e9, ces snacks sont parfaits pour une pause vitamin\u00e9e apr\u00e8s une balade ou juste pour faire plaisir (et r\u00e9colter quelques l\u00e9chouilles de gratitude \ud83d\udc3e).<\/p>\n","protected":false},"featured_media":1497,"comment_status":"open","ping_status":"closed","template":"","meta":{"om_disable_all_campaigns":false,"_monsterinsights_skip_tracking":false,"_monsterinsights_sitenote_active":false,"_monsterinsights_sitenote_note":"","_monsterinsights_sitenote_category":0,"_kad_post_transparent":"default","_kad_post_title":"","_kad_post_layout":"default","_kad_post_sidebar_id":"","_kad_post_content_style":"default","_kad_post_vertical_padding":"default","_kad_post_feature":"","_kad_post_feature_position":"","_kad_post_header":false,"_kad_post_footer":false},"product_brand":[],"product_cat":[29],"product_tag":[],"class_list":{"0":"post-1308","1":"product","2":"type-product","3":"status-publish","4":"has-post-thumbnail","6":"product_cat-croq-bar","8":"first","9":"instock","10":"taxable","11":"shipping-taxable","12":"purchasable","13":"product-type-variable","14":"entry","15":"content-bg","16":"loop-entry"},"aioseo_notices":[],"_links":{"self":[{"href":"https:\/\/formagraph-exercice.fr\/pascal\/wp-json\/wp\/v2\/product\/1308","targetHints":{"allow":["GET"]}}],"collection":[{"href":"https:\/\/formagraph-exercice.fr\/pascal\/wp-json\/wp\/v2\/product"}],"about":[{"href":"https:\/\/formagraph-exercice.fr\/pascal\/wp-json\/wp\/v2\/types\/product"}],"replies":[{"embeddable":true,"href":"https:\/\/formagraph-exercice.fr\/pascal\/wp-json\/wp\/v2\/comments?post=1308"}],"wp:featuredmedia":[{"embeddable":true,"href":"https:\/\/formagraph-exercice.fr\/pascal\/wp-json\/wp\/v2\/media\/1497"}],"wp:attachment":[{"href":"https:\/\/formagraph-exercice.fr\/pascal\/wp-json\/wp\/v2\/media?parent=1308"}],"wp:term":[{"taxonomy":"product_brand","embeddable":true,"href":"https:\/\/formagraph-exercice.fr\/pascal\/wp-json\/wp\/v2\/product_brand?post=1308"},{"taxonomy":"product_cat","embeddable":true,"href":"https:\/\/formagraph-exercice.fr\/pascal\/wp-json\/wp\/v2\/product_cat?post=1308"},{"taxonomy":"product_tag","embeddable":true,"href":"https:\/\/formagraph-exercice.fr\/pascal\/wp-json\/wp\/v2\/product_tag?post=1308"}],"curies":[{"name":"wp","href":"https:\/\/api.w.org\/{rel}","templated":true}]}}