{"id":898,"date":"2025-03-18T15:49:48","date_gmt":"2025-03-18T15:49:48","guid":{"rendered":"http:\/\/insomnia.local\/?post_type=product&#038;p=898"},"modified":"2025-12-08T20:38:41","modified_gmt":"2025-12-08T19:38:41","slug":"pass-all-inclusive","status":"publish","type":"product","link":"https:\/\/formagraph-exercice.fr\/parc-insomnia\/produit\/pass-all-inclusive\/","title":{"rendered":"PASS ALL INCLUSIVE"},"content":{"rendered":"<p>Pr\u00e9parez votre descente dans l\u2019univers d\u2019Insomnia\u2026 R\u00e9servez tout \u00e0 l\u2019avance pour ne pas laisser le chaos vous \u00e9chapper le jour venu.<\/p>\n<p>Offrez-vous une m\u00e9tamorphose terrifiante : 50 d\u00e9guisements et 30 maquillages pour semer la peur autour de vous.<\/p>\n<p>Pour la location de d\u00e9guisement, la s\u00e9ance maquillage et le repas, une r\u00e9servation est n\u00e9cessaire. Pour toute annulation veuillez vous r\u00e9f\u00e9rer \u00e0 notre page<a href=\"http:\/\/parc-insomnia.local\/cgv\/\"> Conditions g\u00e9n\u00e9ral de ventes<\/a>.<\/p>\n<p>*Une caution de 30\u20ac sera demand\u00e9 lorsque vous irez r\u00e9cup\u00e9rer votre d\u00e9guisement. Le paiement peut se faire par ch\u00e8que ou en esp\u00e8ces.<\/p>\n","protected":false},"excerpt":{"rendered":"<p>Le pass qui laisse place \u00e0 une totale immersion.<\/p>\n<p>Inclus: 1 billet pour une journ\u00e9e au parc, une location de costume, une s\u00e9ance maquillage et 1 repas dans l&rsquo;un des 3 restaurants.<\/p>\n","protected":false},"featured_media":941,"comment_status":"open","ping_status":"closed","template":"","meta":{"_kad_post_transparent":"default","_kad_post_title":"","_kad_post_layout":"default","_kad_post_sidebar_id":"","_kad_post_content_style":"default","_kad_post_vertical_padding":"default","_kad_post_feature":"","_kad_post_feature_position":"","_kad_post_header":false,"_kad_post_footer":false},"product_brand":[],"product_cat":[26],"product_tag":[],"class_list":{"0":"post-898","1":"product","2":"type-product","3":"status-publish","4":"has-post-thumbnail","6":"product_cat-pass-all-inclusive","8":"first","9":"instock","10":"virtual","11":"purchasable","12":"product-type-event_ticket_manager","13":"entry","14":"content-bg","15":"loop-entry"},"aioseo_notices":[],"_links":{"self":[{"href":"https:\/\/formagraph-exercice.fr\/parc-insomnia\/wp-json\/wp\/v2\/product\/898","targetHints":{"allow":["GET"]}}],"collection":[{"href":"https:\/\/formagraph-exercice.fr\/parc-insomnia\/wp-json\/wp\/v2\/product"}],"about":[{"href":"https:\/\/formagraph-exercice.fr\/parc-insomnia\/wp-json\/wp\/v2\/types\/product"}],"replies":[{"embeddable":true,"href":"https:\/\/formagraph-exercice.fr\/parc-insomnia\/wp-json\/wp\/v2\/comments?post=898"}],"wp:featuredmedia":[{"embeddable":true,"href":"https:\/\/formagraph-exercice.fr\/parc-insomnia\/wp-json\/wp\/v2\/media\/941"}],"wp:attachment":[{"href":"https:\/\/formagraph-exercice.fr\/parc-insomnia\/wp-json\/wp\/v2\/media?parent=898"}],"wp:term":[{"taxonomy":"product_brand","embeddable":true,"href":"https:\/\/formagraph-exercice.fr\/parc-insomnia\/wp-json\/wp\/v2\/product_brand?post=898"},{"taxonomy":"product_cat","embeddable":true,"href":"https:\/\/formagraph-exercice.fr\/parc-insomnia\/wp-json\/wp\/v2\/product_cat?post=898"},{"taxonomy":"product_tag","embeddable":true,"href":"https:\/\/formagraph-exercice.fr\/parc-insomnia\/wp-json\/wp\/v2\/product_tag?post=898"}],"curies":[{"name":"wp","href":"https:\/\/api.w.org\/{rel}","templated":true}]}}