{"id":811,"date":"2025-03-17T15:42:37","date_gmt":"2025-03-17T15:42:37","guid":{"rendered":"http:\/\/insomnia.local\/?post_type=product&#038;p=811"},"modified":"2025-12-08T20:37:20","modified_gmt":"2025-12-08T19:37:20","slug":"billet-1-journee","status":"publish","type":"product","link":"https:\/\/formagraph-exercice.fr\/parc-insomnia\/produit\/billet-1-journee\/","title":{"rendered":"Billet 1 journ\u00e9e"},"content":{"rendered":"<p>Comprend 1 entr\u00e9e au parc pour 1 journ\u00e9e. Ce billet donne acc\u00e8s au parc Insomnia et ses attractions. <!--more-->Ce billet ne comprend pas les restaurants, la boutique souvenir, une r\u00e9servation de costume et une r\u00e9servation de s\u00e9ance maquillage.<\/p>\n<p>Pour encore plus de sensations pensez \u00e0 r\u00e9servez votre d\u00e9guisement et\/ou votre maquillage:<\/p>\n<p><a href=\"http:\/\/parc-insomnia.local\/location-de-deguisement\/\">Location de d\u00e9guisement <\/a><\/p>\n<p><a href=\"http:\/\/parc-insomnia.local\/seance-maquillage\/\">S\u00e9ance maquillage<\/a><\/p>\n<p>Et n&rsquo;oubliez pas notre <a href=\"http:\/\/parc-insomnia.local\/produit\/pass-all-inclusive\/\">PASS ALL INCLUSIVE<\/a>\u2026 des avantages monstrueux \u00e0 un prix infernalement attractif.<\/p>\n","protected":false},"excerpt":{"rendered":"<p>Comprend 1 entr\u00e9e au parc pour 1 journ\u00e9e.<\/p>\n","protected":false},"featured_media":80,"comment_status":"open","ping_status":"closed","template":"","meta":{"_kad_post_transparent":"default","_kad_post_title":"","_kad_post_layout":"default","_kad_post_sidebar_id":"","_kad_post_content_style":"default","_kad_post_vertical_padding":"top","_kad_post_feature":"","_kad_post_feature_position":"","_kad_post_header":false,"_kad_post_footer":false},"product_brand":[],"product_cat":[23],"product_tag":[],"class_list":{"0":"post-811","1":"product","2":"type-product","3":"status-publish","4":"has-post-thumbnail","6":"product_cat-billet-annuel","8":"first","9":"instock","10":"virtual","11":"purchasable","12":"product-type-event_ticket_manager","13":"entry","14":"content-bg","15":"loop-entry"},"aioseo_notices":[],"_links":{"self":[{"href":"https:\/\/formagraph-exercice.fr\/parc-insomnia\/wp-json\/wp\/v2\/product\/811","targetHints":{"allow":["GET"]}}],"collection":[{"href":"https:\/\/formagraph-exercice.fr\/parc-insomnia\/wp-json\/wp\/v2\/product"}],"about":[{"href":"https:\/\/formagraph-exercice.fr\/parc-insomnia\/wp-json\/wp\/v2\/types\/product"}],"replies":[{"embeddable":true,"href":"https:\/\/formagraph-exercice.fr\/parc-insomnia\/wp-json\/wp\/v2\/comments?post=811"}],"wp:featuredmedia":[{"embeddable":true,"href":"https:\/\/formagraph-exercice.fr\/parc-insomnia\/wp-json\/wp\/v2\/media\/80"}],"wp:attachment":[{"href":"https:\/\/formagraph-exercice.fr\/parc-insomnia\/wp-json\/wp\/v2\/media?parent=811"}],"wp:term":[{"taxonomy":"product_brand","embeddable":true,"href":"https:\/\/formagraph-exercice.fr\/parc-insomnia\/wp-json\/wp\/v2\/product_brand?post=811"},{"taxonomy":"product_cat","embeddable":true,"href":"https:\/\/formagraph-exercice.fr\/parc-insomnia\/wp-json\/wp\/v2\/product_cat?post=811"},{"taxonomy":"product_tag","embeddable":true,"href":"https:\/\/formagraph-exercice.fr\/parc-insomnia\/wp-json\/wp\/v2\/product_tag?post=811"}],"curies":[{"name":"wp","href":"https:\/\/api.w.org\/{rel}","templated":true}]}}