{"id":117,"date":"2025-03-10T08:49:47","date_gmt":"2025-03-10T08:49:47","guid":{"rendered":"http:\/\/insomnia.local\/?page_id=117"},"modified":"2025-12-05T18:31:49","modified_gmt":"2025-12-05T17:31:49","slug":"restaurants","status":"publish","type":"page","link":"https:\/\/formagraph-exercice.fr\/parc-insomnia\/restaurants\/","title":{"rendered":"Restaurants"},"content":{"rendered":"<style>.kb-row-layout-id117_8443ca-45 > .kt-row-column-wrap{align-content:start;}:where(.kb-row-layout-id117_8443ca-45 > .kt-row-column-wrap) > .wp-block-kadence-column{justify-content:start;}.kb-row-layout-id117_8443ca-45 > .kt-row-column-wrap{column-gap:var(--global-kb-gap-md, 2rem);row-gap:var(--global-kb-gap-md, 2rem);max-width:var( --global-content-width, 1290px );padding-left:var(--global-content-edge-padding);padding-right:var(--global-content-edge-padding);padding-top:var(--global-kb-spacing-sm, 1.5rem);padding-bottom:var(--global-kb-spacing-sm, 1.5rem);grid-template-columns:minmax(0, calc(30% - ((var(--global-kb-gap-md, 2rem) * 1 )\/2)))minmax(0, calc(70% - ((var(--global-kb-gap-md, 2rem) * 1 )\/2)));}.kb-row-layout-id117_8443ca-45 > .kt-row-layout-overlay{opacity:0.30;}@media all and (max-width: 1024px){.kb-row-layout-id117_8443ca-45 > .kt-row-column-wrap{grid-template-columns:repeat(2, minmax(0, 1fr));}}@media all and (max-width: 767px){.kb-row-layout-id117_8443ca-45 > .kt-row-column-wrap{grid-template-columns:minmax(0, 1fr);}}<\/style><div class=\"kb-row-layout-wrap kb-row-layout-id117_8443ca-45 alignnone wp-block-kadence-rowlayout\"><div class=\"kt-row-column-wrap kt-has-2-columns kt-row-layout-equal kt-tab-layout-inherit kt-mobile-layout-row kt-row-valign-top kb-theme-content-width\">\n<style>.kadence-column117_031457-a9 > .kt-inside-inner-col{display:flex;}.kadence-column117_031457-a9 > .kt-inside-inner-col,.kadence-column117_031457-a9 > .kt-inside-inner-col:before{border-top-left-radius:0px;border-top-right-radius:0px;border-bottom-right-radius:0px;border-bottom-left-radius:0px;}.kadence-column117_031457-a9 > .kt-inside-inner-col{column-gap:var(--global-kb-gap-sm, 1rem);}.kadence-column117_031457-a9 > .kt-inside-inner-col{flex-direction:column;justify-content:center;align-items:center;}.kadence-column117_031457-a9 > .kt-inside-inner-col > .kb-image-is-ratio-size{align-self:stretch;}.kadence-column117_031457-a9 > .kt-inside-inner-col > .wp-block-kadence-advancedgallery{align-self:stretch;}.kadence-column117_031457-a9 > .kt-inside-inner-col > .aligncenter{width:100%;}.kt-row-column-wrap > .kadence-column117_031457-a9{align-self:center;}.kt-inner-column-height-full:not(.kt-has-1-columns) > .wp-block-kadence-column.kadence-column117_031457-a9{align-self:auto;}.kt-inner-column-height-full:not(.kt-has-1-columns) > .wp-block-kadence-column.kadence-column117_031457-a9 > .kt-inside-inner-col{flex-direction:column;justify-content:center;}.kadence-column117_031457-a9 > .kt-inside-inner-col:before{opacity:0.3;}.kadence-column117_031457-a9{position:relative;}@media all and (max-width: 1024px){.kt-row-column-wrap > .kadence-column117_031457-a9{align-self:center;}}@media all and (max-width: 1024px){.kt-inner-column-height-full:not(.kt-has-1-columns) > .wp-block-kadence-column.kadence-column117_031457-a9{align-self:auto;}}@media all and (max-width: 1024px){.kt-inner-column-height-full:not(.kt-has-1-columns) > .wp-block-kadence-column.kadence-column117_031457-a9 > .kt-inside-inner-col{flex-direction:column;justify-content:center;}}@media all and (max-width: 1024px){.kadence-column117_031457-a9 > .kt-inside-inner-col{flex-direction:column;justify-content:center;align-items:center;}}@media all and (max-width: 767px){.kt-row-column-wrap > .kadence-column117_031457-a9{align-self:center;}.kt-inner-column-height-full:not(.kt-has-1-columns) > .wp-block-kadence-column.kadence-column117_031457-a9{align-self:auto;}.kt-inner-column-height-full:not(.kt-has-1-columns) > .wp-block-kadence-column.kadence-column117_031457-a9 > .kt-inside-inner-col{flex-direction:column;justify-content:center;}.kadence-column117_031457-a9 > .kt-inside-inner-col{flex-direction:column;justify-content:center;align-items:center;}}<\/style>\n<div class=\"wp-block-kadence-column kadence-column117_031457-a9 animated bounce\"><div class=\"kt-inside-inner-col\"><style>.kb-image117_143fac-3c .kb-image-has-overlay:after{opacity:0.3;}<\/style>\n<div class=\"wp-block-kadence-image kb-image117_143fac-3c\"><figure class=\"aligncenter size-full\"><img loading=\"lazy\" decoding=\"async\" width=\"256\" height=\"256\" src=\"http:\/\/parc-insomnia.local\/wp-content\/uploads\/2025\/12\/traffic-barriers.png\" alt=\"Ic\u00f4ne d'une barri\u00e8re et d'un c\u00f4ne de chantier.\" class=\"kb-img wp-image-2203\" srcset=\"https:\/\/formagraph-exercice.fr\/parc-insomnia\/wp-content\/uploads\/2025\/12\/traffic-barriers.png 256w, https:\/\/formagraph-exercice.fr\/parc-insomnia\/wp-content\/uploads\/2025\/12\/traffic-barriers-150x150.png 150w, https:\/\/formagraph-exercice.fr\/parc-insomnia\/wp-content\/uploads\/2025\/12\/traffic-barriers-100x100.png 100w\" sizes=\"auto, (max-width: 256px) 100vw, 256px\" \/><\/figure><\/div>\n<\/div><\/div>\n\n\n<style>.kadence-column117_3d877a-95 > .kt-inside-inner-col{display:flex;}.kadence-column117_3d877a-95 > .kt-inside-inner-col,.kadence-column117_3d877a-95 > .kt-inside-inner-col:before{border-top-left-radius:0px;border-top-right-radius:0px;border-bottom-right-radius:0px;border-bottom-left-radius:0px;}.kadence-column117_3d877a-95 > .kt-inside-inner-col{column-gap:var(--global-kb-gap-sm, 1rem);}.kadence-column117_3d877a-95 > .kt-inside-inner-col{flex-direction:column;justify-content:center;align-items:center;}.kadence-column117_3d877a-95 > .kt-inside-inner-col > .kb-image-is-ratio-size{align-self:stretch;}.kadence-column117_3d877a-95 > .kt-inside-inner-col > .wp-block-kadence-advancedgallery{align-self:stretch;}.kadence-column117_3d877a-95 > .kt-inside-inner-col > .aligncenter{width:100%;}.kt-row-column-wrap > .kadence-column117_3d877a-95{align-self:center;}.kt-inner-column-height-full:not(.kt-has-1-columns) > .wp-block-kadence-column.kadence-column117_3d877a-95{align-self:auto;}.kt-inner-column-height-full:not(.kt-has-1-columns) > .wp-block-kadence-column.kadence-column117_3d877a-95 > .kt-inside-inner-col{flex-direction:column;justify-content:center;}.kadence-column117_3d877a-95 > .kt-inside-inner-col:before{opacity:0.3;}.kadence-column117_3d877a-95{position:relative;}@media all and (max-width: 1024px){.kt-row-column-wrap > .kadence-column117_3d877a-95{align-self:center;}}@media all and (max-width: 1024px){.kt-inner-column-height-full:not(.kt-has-1-columns) > .wp-block-kadence-column.kadence-column117_3d877a-95{align-self:auto;}}@media all and (max-width: 1024px){.kt-inner-column-height-full:not(.kt-has-1-columns) > .wp-block-kadence-column.kadence-column117_3d877a-95 > .kt-inside-inner-col{flex-direction:column;justify-content:center;}}@media all and (max-width: 1024px){.kadence-column117_3d877a-95 > .kt-inside-inner-col{flex-direction:column;justify-content:center;align-items:center;}}@media all and (max-width: 767px){.kt-row-column-wrap > .kadence-column117_3d877a-95{align-self:center;}.kt-inner-column-height-full:not(.kt-has-1-columns) > .wp-block-kadence-column.kadence-column117_3d877a-95{align-self:auto;}.kt-inner-column-height-full:not(.kt-has-1-columns) > .wp-block-kadence-column.kadence-column117_3d877a-95 > .kt-inside-inner-col{flex-direction:column;justify-content:center;}.kadence-column117_3d877a-95 > .kt-inside-inner-col{flex-direction:column;justify-content:center;align-items:center;}}<\/style>\n<div class=\"wp-block-kadence-column kadence-column117_3d877a-95\"><div class=\"kt-inside-inner-col\"><style>.wp-block-kadence-advancedheading.kt-adv-heading117_ee3d78-f1, .wp-block-kadence-advancedheading.kt-adv-heading117_ee3d78-f1[data-kb-block=\"kb-adv-heading117_ee3d78-f1\"]{text-align:center;font-style:normal;}.wp-block-kadence-advancedheading.kt-adv-heading117_ee3d78-f1 mark.kt-highlight, .wp-block-kadence-advancedheading.kt-adv-heading117_ee3d78-f1[data-kb-block=\"kb-adv-heading117_ee3d78-f1\"] mark.kt-highlight{font-style:normal;color:#f76a0c;-webkit-box-decoration-break:clone;box-decoration-break:clone;padding-top:0px;padding-right:0px;padding-bottom:0px;padding-left:0px;}.wp-block-kadence-advancedheading.kt-adv-heading117_ee3d78-f1 img.kb-inline-image, .wp-block-kadence-advancedheading.kt-adv-heading117_ee3d78-f1[data-kb-block=\"kb-adv-heading117_ee3d78-f1\"] img.kb-inline-image{width:150px;vertical-align:baseline;}<\/style>\n<h2 class=\"kt-adv-heading117_ee3d78-f1 wp-block-kadence-advancedheading\" data-kb-block=\"kb-adv-heading117_ee3d78-f1\">Cette page est en cours de construction&#8230; <\/h2>\n<\/div><\/div>\n\n<\/div><\/div>","protected":false},"excerpt":{"rendered":"<p>Cette page est en cours de construction&#8230;<\/p>\n","protected":false},"author":1,"featured_media":0,"parent":0,"menu_order":0,"comment_status":"closed","ping_status":"closed","template":"","meta":{"_kad_post_transparent":"","_kad_post_title":"","_kad_post_layout":"","_kad_post_sidebar_id":"","_kad_post_content_style":"","_kad_post_vertical_padding":"","_kad_post_feature":"","_kad_post_feature_position":"","_kad_post_header":false,"_kad_post_footer":false,"footnotes":""},"class_list":["post-117","page","type-page","status-publish","hentry"],"aioseo_notices":[],"_links":{"self":[{"href":"https:\/\/formagraph-exercice.fr\/parc-insomnia\/wp-json\/wp\/v2\/pages\/117","targetHints":{"allow":["GET"]}}],"collection":[{"href":"https:\/\/formagraph-exercice.fr\/parc-insomnia\/wp-json\/wp\/v2\/pages"}],"about":[{"href":"https:\/\/formagraph-exercice.fr\/parc-insomnia\/wp-json\/wp\/v2\/types\/page"}],"author":[{"embeddable":true,"href":"https:\/\/formagraph-exercice.fr\/parc-insomnia\/wp-json\/wp\/v2\/users\/1"}],"replies":[{"embeddable":true,"href":"https:\/\/formagraph-exercice.fr\/parc-insomnia\/wp-json\/wp\/v2\/comments?post=117"}],"version-history":[{"count":2,"href":"https:\/\/formagraph-exercice.fr\/parc-insomnia\/wp-json\/wp\/v2\/pages\/117\/revisions"}],"predecessor-version":[{"id":2215,"href":"https:\/\/formagraph-exercice.fr\/parc-insomnia\/wp-json\/wp\/v2\/pages\/117\/revisions\/2215"}],"wp:attachment":[{"href":"https:\/\/formagraph-exercice.fr\/parc-insomnia\/wp-json\/wp\/v2\/media?parent=117"}],"curies":[{"name":"wp","href":"https:\/\/api.w.org\/{rel}","templated":true}]}}