{"id":975,"date":"2025-03-17T15:18:41","date_gmt":"2025-03-17T14:18:41","guid":{"rendered":"http:\/\/nectar-detoiles.fr\/?post_type=product&#038;p=975"},"modified":"2025-05-09T16:15:07","modified_gmt":"2025-05-09T14:15:07","slug":"lomen-icezak","status":"publish","type":"product","link":"https:\/\/formagraph-exercice.fr\/nectar-detoiles\/produit\/lomen-icezak\/","title":{"rendered":"L&rsquo;Omen-Ieczak"},"content":{"rendered":"<h5 class=\"field field--name-field-genres field--type-entity-reference field--label-inline\"><span class=\"field__label\">Pourquoi lire ?<\/span><\/h5>\n<div class=\"field__wrapper\">\n<p><strong><em>Un univers visuel unique \/<\/em> Id\u00e9al pour [d\u00e9butants SF et passionn\u00e9s curieux] <em>\/ \u00c9dition collector disponible<\/em><\/strong><\/p>\n<\/div>\n<h5 class=\"field field--name-field-categories field--type-entity-reference field--label-inline\"><span class=\"field__label\">Formats disponibles :<\/span><\/h5>\n<div class=\"field__wrapper\">\n<p>Papier, Num\u00e9rique (eBook), \u00c9ditions collector avec tirage limit\u00e9, Audio (si disponible)<\/p>\n<\/div>\n<h5 class=\"field field--name-field-categories field--type-entity-reference field--label-inline\"><span class=\"field__label\">Th\u00e9matiques :<\/span><\/h5>\n<div class=\"field__wrapper\">\n<p class=\"field__wrapper__item\"><span style=\"font-size: 16px;\"><strong><em>SF m\u00e9taphysique \/ Weird SF \/ Sociologie-fiction\u00a0 \/ Soft SF<\/em><\/strong><\/span><\/p>\n<\/div>\n<p class=\"field field--name-field-infos-techniques-html field--type-text-long field--label-hidden\"><span style=\"font-size: 16px;\"><em>254 pages, sous couverture illustr\u00e9e, 160 x 240 mm, reli\u00e9<\/em><\/span><br \/>\n<span style=\"font-size: 16px;\"><em>Achev\u00e9 d&rsquo;imprimer : 20-04-2025<\/em><\/span><\/p>\n<div class=\"group--codes\">\n<h5 class=\"field field--name-field-isbn-old field--type-string field--label-above\"><span class=\"field__label\">ISBN<\/span><\/h5>\n<div class=\"field__item\">\n<p><span style=\"font-size: 16px;\">9782073068026<\/span><\/p>\n<\/div>\n<h5 class=\"field field--name-field-isbn field--type-string field--label-above\"><span class=\"field__label\" style=\"font-size: 20px;\">Gencode<\/span><\/h5>\n<div class=\"field__item\">\n<p><span style=\"font-size: 16px;\">9782073068026<\/span><\/p>\n<\/div>\n<h5 class=\"field field--name-field-code-distributeur field--type-string field--label-above\"><span class=\"field__label\">Code distributeur<\/span><\/h5>\n<div class=\"field__item\">\n<p><span style=\"font-size: 16px;\">G09116<\/span><\/p>\n<h5 class=\"field field--name-field-genres field--type-entity-reference field--label-inline\"><span class=\"field__label\">Extrait<\/span><\/h5>\n<div class=\"_3d-flip-book  fb3d-fullscreen-mode full-size\" data-id=\"0\" data-mode=\"fullscreen\" data-title=\"false\" data-template=\"short-white-book-view\" data-lightbox=\"dark-shadow\" data-urlparam=\"fb3d-page\" data-page-n=\"0\" data-pdf=\"https:\/\/formagraph-exercice.fr\/nectar-detoiles\/wp-content\/uploads\/2025\/05\/PROLOGUE.pdf\" data-tax=\"null\" data-thumbnail=\"\" data-cols=\"3\" data-book-template=\"default\" data-trigger=\"\" style=\"background-image:url(&#039;https:\/\/formagraph-exercice.fr\/nectar-detoiles\/wp-content\/uploads\/2025\/05\/Fichier-6.png&#039;);\"><\/div>\n<\/div>\n<\/div>\n","protected":false},"excerpt":{"rendered":"<p>\u00ab\u00a0Omen-Ieczak n\u2019est pas un lieu. C\u2019est un ph\u00e9nom\u00e8ne. Un signal. Une faille dans le tissu du r\u00e9el.<\/p>\n<p>Sur la plan\u00e8te Ieczak, un monde min\u00e9ral cern\u00e9 par des temp\u00eates de particules luminescentes, les habitants ne poss\u00e8dent pas de souvenirs propres. Leurs existences sont r\u00e9gies par un flux de m\u00e9moires collectives, transmises par une entit\u00e9 myst\u00e9rieuse connue sous le nom de l\u2019Omen. Chaque nuit, ils se r\u00e9veillent avec de nouveaux souvenirs\u2014des vies qu\u2019ils n\u2019ont jamais v\u00e9cues, des \u00e9motions qui ne leur appartiennent pas.\u00a0\u00bb<br \/>\n<strong><span style=\"font-size: 18px;\"><br \/>\n<\/span><\/strong><\/p>\n<p><em><strong>\u00c9crit par Eug\u00e8ne Arpin.<\/strong><\/em><\/p>\n","protected":false},"featured_media":1129,"comment_status":"open","ping_status":"closed","template":"","meta":{"content-type":"","_kad_post_transparent":"default","_kad_post_title":"","_kad_post_layout":"narrow","_kad_post_sidebar_id":"","_kad_post_content_style":"boxed","_kad_post_vertical_padding":"top","_kad_post_feature":"","_kad_post_feature_position":"","_kad_post_header":false,"_kad_post_footer":false},"product_brand":[],"product_cat":[76],"product_tag":[111,112,113,116],"class_list":{"0":"post-975","1":"product","2":"type-product","3":"status-publish","4":"has-post-thumbnail","6":"product_cat-romans","7":"product_tag-sf-metaphysique","8":"product_tag-sociologie-fiction","9":"product_tag-soft-sf","10":"product_tag-weird-sf","12":"first","13":"instock","14":"featured","15":"taxable","16":"shipping-taxable","17":"purchasable","18":"product-type-simple","19":"entry","20":"content-bg","21":"loop-entry"},"aioseo_notices":[],"_links":{"self":[{"href":"https:\/\/formagraph-exercice.fr\/nectar-detoiles\/wp-json\/wp\/v2\/product\/975","targetHints":{"allow":["GET"]}}],"collection":[{"href":"https:\/\/formagraph-exercice.fr\/nectar-detoiles\/wp-json\/wp\/v2\/product"}],"about":[{"href":"https:\/\/formagraph-exercice.fr\/nectar-detoiles\/wp-json\/wp\/v2\/types\/product"}],"replies":[{"embeddable":true,"href":"https:\/\/formagraph-exercice.fr\/nectar-detoiles\/wp-json\/wp\/v2\/comments?post=975"}],"wp:featuredmedia":[{"embeddable":true,"href":"https:\/\/formagraph-exercice.fr\/nectar-detoiles\/wp-json\/wp\/v2\/media\/1129"}],"wp:attachment":[{"href":"https:\/\/formagraph-exercice.fr\/nectar-detoiles\/wp-json\/wp\/v2\/media?parent=975"}],"wp:term":[{"taxonomy":"product_brand","embeddable":true,"href":"https:\/\/formagraph-exercice.fr\/nectar-detoiles\/wp-json\/wp\/v2\/product_brand?post=975"},{"taxonomy":"product_cat","embeddable":true,"href":"https:\/\/formagraph-exercice.fr\/nectar-detoiles\/wp-json\/wp\/v2\/product_cat?post=975"},{"taxonomy":"product_tag","embeddable":true,"href":"https:\/\/formagraph-exercice.fr\/nectar-detoiles\/wp-json\/wp\/v2\/product_tag?post=975"}],"curies":[{"name":"wp","href":"https:\/\/api.w.org\/{rel}","templated":true}]}}