{"id":2308,"date":"2025-05-09T21:12:35","date_gmt":"2025-05-09T19:12:35","guid":{"rendered":"http:\/\/nectar-detoiles.fr\/?post_type=product&#038;p=2308"},"modified":"2025-05-09T21:15:02","modified_gmt":"2025-05-09T19:15:02","slug":"lomen-ieczak-livre-audio","status":"publish","type":"product","link":"https:\/\/formagraph-exercice.fr\/nectar-detoiles\/produit\/lomen-ieczak-livre-audio\/","title":{"rendered":"L&rsquo;Omen-Ieczak &#8211; Livre Audio"},"content":{"rendered":"<h5 class=\"field field--name-field-genres field--type-entity-reference field--label-inline\"><span class=\"field__label\">Pourquoi \u00e9couter ?\u00a0<\/span><\/h5>\n<div class=\"field__wrapper\">\n<p><strong><em>Narration captivante \/ \u00c9coute parfaite pour d\u00e9butants SF \/ Alternative id\u00e9ale pour lecture immersive<\/em><\/strong><\/p>\n<h5 class=\"field field--name-field-categories field--type-entity-reference field--label-inline\"><span class=\"field__label\">Formats disponibles :<\/span><\/h5>\n<div class=\"field__wrapper\">\n<p>Audio (MP3, spotify), Extraits gratuits disponibles<\/p>\n<\/div>\n<\/div>\n<h5 class=\"field field--name-field-categories field--type-entity-reference field--label-inline\"><span class=\"field__label\">Th\u00e9matiques :<\/span><\/h5>\n<div class=\"field__wrapper\">\n<p class=\"field__wrapper__item\"><span style=\"font-size: 16px;\"><strong><em>SF m\u00e9taphysique \/ Weird SF \/ Sociologie-fiction\u00a0 \/ Soft SF<\/em><\/strong><\/span><\/p>\n<\/div>\n<p class=\"field field--name-field-infos-techniques-html field--type-text-long field--label-hidden\"><span style=\"font-size: 16px;\"><em>Dur\u00e9e : 25 minutes par partie.<\/em><\/span><br \/>\n<span style=\"font-size: 16px;\"><em>Achev\u00e9 : 20-04-2025<\/em><\/span><\/p>\n<h5 class=\"field field--name-field-genres field--type-entity-reference field--label-inline\"><span class=\"field__label\">Extrait Audio :<\/span><\/h5>\n<audio class=\"wp-audio-shortcode\" id=\"audio-2308-1\" preload=\"none\" style=\"width: 100%;\" controls=\"controls\"><source type=\"audio\/mpeg\" src=\"https:\/\/formagraph-exercice.fr\/nectar-detoiles\/wp-content\/uploads\/2025\/03\/Extrait-audio-Omen-Icezak.mp3?_=1\" \/><a href=\"https:\/\/formagraph-exercice.fr\/nectar-detoiles\/wp-content\/uploads\/2025\/03\/Extrait-audio-Omen-Icezak.mp3\">https:\/\/formagraph-exercice.fr\/nectar-detoiles\/wp-content\/uploads\/2025\/03\/Extrait-audio-Omen-Icezak.mp3<\/a><\/audio>\n<h5 class=\"field field--name-field-genres field--type-entity-reference field--label-inline\"><\/h5>\n","protected":false},"excerpt":{"rendered":"<h5 class=\"field field--name-field-genres field--type-entity-reference field--label-inline\"><span class=\"field__label\">Extrait :<\/span><\/h5>\n<p>\u00ab\u00a0Omen-Ieczak n\u2019est pas un lieu. C\u2019est un ph\u00e9nom\u00e8ne. Un signal. Une faille dans le tissu du r\u00e9el.<\/p>\n<p>Sur la plan\u00e8te Ieczak, un monde min\u00e9ral cern\u00e9 par des temp\u00eates de particules luminescentes, les habitants ne poss\u00e8dent pas de souvenirs propres. Leurs existences sont r\u00e9gies par un flux de m\u00e9moires collectives, transmises par une entit\u00e9 myst\u00e9rieuse connue sous le nom de l\u2019Omen. Chaque nuit, ils se r\u00e9veillent avec de nouveaux souvenirs\u2014des vies qu\u2019ils n\u2019ont jamais v\u00e9cues, des \u00e9motions qui ne leur appartiennent pas.\u00a0\u00bb<\/p>\n<p><em><strong>\u00c9crit par Eug\u00e8ne Arpin et Lu par Yves Weiner.<\/strong><\/em><\/p>\n<h5 class=\"field field--name-field-genres field--type-entity-reference field--label-inline\"><span class=\"field__label\">Extrait Audio :<\/span><\/h5>\n[audio mp3=\"https:\/\/formagraph-exercice.fr\/nectar-detoiles\/wp-content\/uploads\/2025\/03\/Extrait-audio-Omen-Icezak.mp3\"][\/audio]\n","protected":false},"featured_media":2309,"comment_status":"open","ping_status":"closed","template":"","meta":{"content-type":"","_kad_post_transparent":"default","_kad_post_title":"","_kad_post_layout":"default","_kad_post_sidebar_id":"","_kad_post_content_style":"default","_kad_post_vertical_padding":"default","_kad_post_feature":"","_kad_post_feature_position":"","_kad_post_header":false,"_kad_post_footer":false},"product_brand":[],"product_cat":[77],"product_tag":[111,112,113,116],"class_list":{"0":"post-2308","1":"product","2":"type-product","3":"status-publish","4":"has-post-thumbnail","6":"product_cat-audios","7":"product_tag-sf-metaphysique","8":"product_tag-sociologie-fiction","9":"product_tag-soft-sf","10":"product_tag-weird-sf","12":"first","13":"instock","14":"taxable","15":"shipping-taxable","16":"purchasable","17":"product-type-simple","18":"entry","19":"content-bg","20":"loop-entry"},"aioseo_notices":[],"_links":{"self":[{"href":"https:\/\/formagraph-exercice.fr\/nectar-detoiles\/wp-json\/wp\/v2\/product\/2308","targetHints":{"allow":["GET"]}}],"collection":[{"href":"https:\/\/formagraph-exercice.fr\/nectar-detoiles\/wp-json\/wp\/v2\/product"}],"about":[{"href":"https:\/\/formagraph-exercice.fr\/nectar-detoiles\/wp-json\/wp\/v2\/types\/product"}],"replies":[{"embeddable":true,"href":"https:\/\/formagraph-exercice.fr\/nectar-detoiles\/wp-json\/wp\/v2\/comments?post=2308"}],"wp:featuredmedia":[{"embeddable":true,"href":"https:\/\/formagraph-exercice.fr\/nectar-detoiles\/wp-json\/wp\/v2\/media\/2309"}],"wp:attachment":[{"href":"https:\/\/formagraph-exercice.fr\/nectar-detoiles\/wp-json\/wp\/v2\/media?parent=2308"}],"wp:term":[{"taxonomy":"product_brand","embeddable":true,"href":"https:\/\/formagraph-exercice.fr\/nectar-detoiles\/wp-json\/wp\/v2\/product_brand?post=2308"},{"taxonomy":"product_cat","embeddable":true,"href":"https:\/\/formagraph-exercice.fr\/nectar-detoiles\/wp-json\/wp\/v2\/product_cat?post=2308"},{"taxonomy":"product_tag","embeddable":true,"href":"https:\/\/formagraph-exercice.fr\/nectar-detoiles\/wp-json\/wp\/v2\/product_tag?post=2308"}],"curies":[{"name":"wp","href":"https:\/\/api.w.org\/{rel}","templated":true}]}}