{"id":2302,"date":"2025-05-09T20:51:20","date_gmt":"2025-05-09T18:51:20","guid":{"rendered":"http:\/\/nectar-detoiles.fr\/?post_type=product&#038;p=2302"},"modified":"2025-05-09T21:15:33","modified_gmt":"2025-05-09T19:15:33","slug":"ignas-the-last-livre-audio","status":"publish","type":"product","link":"https:\/\/formagraph-exercice.fr\/nectar-detoiles\/produit\/ignas-the-last-livre-audio\/","title":{"rendered":"Ignas The Last &#8211; Livre Audio"},"content":{"rendered":"<h5 class=\"field field--name-field-genres field--type-entity-reference field--label-inline\"><span class=\"field__label\">Pourquoi \u00e9couter ?\u00a0<\/span><\/h5>\n<div class=\"field__wrapper\">\n<p><strong><em>Narration captivante \/ \u00c9coute parfaite pour d\u00e9butants SF \/ Alternative id\u00e9ale pour lecture immersive<\/em><\/strong><\/p>\n<h5 class=\"field field--name-field-categories field--type-entity-reference field--label-inline\"><span class=\"field__label\">Formats disponibles :<\/span><\/h5>\n<div class=\"field__wrapper\">\n<p>Audio (MP3, spotify), Extraits gratuits disponibles<\/p>\n<\/div>\n<\/div>\n<h5 class=\"field field--name-field-categories field--type-entity-reference field--label-inline\"><span class=\"field__label\">Th\u00e9matiques :<\/span><\/h5>\n<div class=\"field__wrapper\">\n<p class=\"field__wrapper__item\"><span style=\"font-size: 16px;\"><strong><em>Raypunk \/ SF m\u00e9taphysique \/ Sociologie-fiction\/ Hard SF<\/em><\/strong><\/span><\/p>\n<\/div>\n<p class=\"field field--name-field-infos-techniques-html field--type-text-long field--label-hidden\"><span style=\"font-size: 16px;\"><em>Dur\u00e9e : 25 minutes par partie.<\/em><\/span><br \/>\n<span style=\"font-size: 16px;\"><em>Achev\u00e9 : 20-04-2025<\/em><\/span><\/p>\n<h5 class=\"field field--name-field-genres field--type-entity-reference field--label-inline\"><span class=\"field__label\">Extrait Audio :<\/span><\/h5>\n<div class=\"wp-playlist wp-audio-playlist wp-playlist-light\">\n\t\t\t<div class=\"wp-playlist-current-item\"><\/div>\n\t\t<audio controls=\"controls\" preload=\"none\" width=\"1268\"\n\t\t\t><\/audio>\n\t<div class=\"wp-playlist-next\"><\/div>\n\t<div class=\"wp-playlist-prev\"><\/div>\n\t<noscript>\n\t<ol>\n\t\t<li><a href='https:\/\/formagraph-exercice.fr\/nectar-detoiles\/wp-content\/uploads\/2025\/03\/Jeiriuves-extrait.mp3'>Extrait - Jeiriuves<\/a><\/li>\t<\/ol>\n\t<\/noscript>\n\t<script data-jetpack-boost=\"ignore\" type=\"application\/json\" class=\"wp-playlist-script\">{\"type\":\"audio\",\"tracklist\":true,\"tracknumbers\":true,\"images\":true,\"artists\":true,\"tracks\":[{\"src\":\"https:\/\/formagraph-exercice.fr\/nectar-detoiles\/wp-content\/uploads\/2025\/03\/Jeiriuves-extrait.mp3\",\"type\":\"audio\/mpeg\",\"title\":\"Extrait - Jeiriuves\",\"caption\":\"\",\"description\":\"Extrait audio du synopsis de Jeiriuves \",\"meta\":{\"artist\":\"Voix : Yves Weiner\",\"album\":\"Jeiriuves\",\"length_formatted\":\"0:27\"},\"image\":{\"src\":\"https:\/\/formagraph-exercice.fr\/nectar-detoiles\/wp-includes\/images\/media\/audio.svg\",\"width\":48,\"height\":64},\"thumb\":{\"src\":\"https:\/\/formagraph-exercice.fr\/nectar-detoiles\/wp-includes\/images\/media\/audio.svg\",\"width\":48,\"height\":64}}]}<\/script>\n<\/div>\n\t\n<h5 class=\"field field--name-field-genres field--type-entity-reference field--label-inline\"><\/h5>\n","protected":false},"excerpt":{"rendered":"<h5 class=\"field field--name-field-genres field--type-entity-reference field--label-inline\"><span class=\"field__label\">Extrait :<\/span><\/h5>\n<p>\u00ab\u00a0<em data-start=\"180\" data-end=\"257\">Dernier cyborg. Dernier espoir. Dernier souffle avant l\u2019effondrement total.<\/em><\/p>\n<p class=\"\" data-start=\"259\" data-end=\"763\">Dans un futur o\u00f9 les civilisations humaines ont fusionn\u00e9, mut\u00e9, puis implos\u00e9 sous le poids de leurs propres contradictions, <strong data-start=\"383\" data-end=\"392\">Ignas<\/strong>, ultime repr\u00e9sentant des <strong data-start=\"418\" data-end=\"442\">cyborgs symbiotiques<\/strong>, erre dans un univers en ruine. Les soci\u00e9t\u00e9s organiques ont rejet\u00e9 la technologie apr\u00e8s une guerre m\u00e9taphysique qui a boulevers\u00e9 la structure m\u00eame de la r\u00e9alit\u00e9. Les plan\u00e8tes jadis flamboyantes sous les n\u00e9ons <strong data-start=\"652\" data-end=\"663\">Raypunk<\/strong> sont aujourd&rsquo;hui des mausol\u00e9es silencieux, rong\u00e9s par la poussi\u00e8re cosmique et la parano\u00efa sociale.<\/p>\n<p class=\"\" data-start=\"765\" data-end=\"1254\">Ignas, mi-chair mi-acier, est l\u2019ultime vestige d\u2019une \u00e8re o\u00f9 le progr\u00e8s se confondait avec la transcendance. Sa mission ? Retrouver les <strong data-start=\"900\" data-end=\"923\">Fractures de Savoir<\/strong>, des artefacts capables de r\u00e9concilier l\u2019homme, la machine\u2026 et les dimensions d\u00e9phas\u00e9es qui menacent de d\u00e9vorer l\u2019univers connu. Mais chaque plan\u00e8te qu\u2019il traverse est un miroir d\u00e9form\u00e9 : soci\u00e9t\u00e9s repli\u00e9es, cultes anti-technologies, communaut\u00e9s qui voient en lui soit un messie, soit un d\u00e9mon venu r\u00e9activer les guerres anciennes.<\/p>\n<p class=\"\" data-start=\"1256\" data-end=\"1593\">Au fil de son voyage, Ignas affronte non seulement des ennemis ext\u00e9rieurs, mais surtout des questions d\u00e9chirantes :<br data-start=\"1371\" data-end=\"1374\" \/><strong data-start=\"1374\" data-end=\"1451\">Qu\u2019est-ce qui d\u00e9finit l\u2019humain, quand la chair a c\u00e9d\u00e9 la place au m\u00e9tal ?<\/strong><br data-start=\"1451\" data-end=\"1454\" \/><strong data-start=\"1454\" data-end=\"1518\">Peut-on sauver un monde qui a reni\u00e9 ses propres fondations ?<\/strong><br data-start=\"1518\" data-end=\"1521\" \/><strong data-start=\"1521\" data-end=\"1593\">Et le progr\u00e8s est-il une renaissance\u2026 ou une mal\u00e9diction \u00e9ternelle ?<\/strong><\/p>\n<p class=\"\" data-start=\"1595\" data-end=\"1763\">Dans un climax o\u00f9 le r\u00e9el vacille et o\u00f9 les lois physiques se disloquent, Ignas devra choisir : restaurer l\u2019\u00e9quilibre\u2026 ou d\u00e9clencher l\u2019ultime r\u00e9initialisation cosmique.\u00a0\u00bb<\/p>\n<p data-start=\"1595\" data-end=\"1763\"><em><strong>\u00c9crit par Bernard Baudin<\/strong><\/em><em><strong> et Lu par Yves Weiner.<\/strong><\/em><\/p>\n<h5 class=\"field field--name-field-genres field--type-entity-reference field--label-inline\"><span class=\"field__label\">Extrait Audio :<\/span><\/h5>\n[playlist ids=\"1045\"]\n","protected":false},"featured_media":2303,"comment_status":"open","ping_status":"closed","template":"","meta":{"content-type":"","_kad_post_transparent":"default","_kad_post_title":"","_kad_post_layout":"default","_kad_post_sidebar_id":"","_kad_post_content_style":"default","_kad_post_vertical_padding":"default","_kad_post_feature":"","_kad_post_feature_position":"","_kad_post_header":false,"_kad_post_footer":false},"product_brand":[],"product_cat":[77],"product_tag":[108,110,111,112],"class_list":{"0":"post-2302","1":"product","2":"type-product","3":"status-publish","4":"has-post-thumbnail","6":"product_cat-audios","7":"product_tag-hard-sf","8":"product_tag-raypunk","9":"product_tag-sf-metaphysique","10":"product_tag-sociologie-fiction","12":"first","13":"instock","14":"taxable","15":"shipping-taxable","16":"purchasable","17":"product-type-simple","18":"entry","19":"content-bg","20":"loop-entry"},"aioseo_notices":[],"_links":{"self":[{"href":"https:\/\/formagraph-exercice.fr\/nectar-detoiles\/wp-json\/wp\/v2\/product\/2302","targetHints":{"allow":["GET"]}}],"collection":[{"href":"https:\/\/formagraph-exercice.fr\/nectar-detoiles\/wp-json\/wp\/v2\/product"}],"about":[{"href":"https:\/\/formagraph-exercice.fr\/nectar-detoiles\/wp-json\/wp\/v2\/types\/product"}],"replies":[{"embeddable":true,"href":"https:\/\/formagraph-exercice.fr\/nectar-detoiles\/wp-json\/wp\/v2\/comments?post=2302"}],"wp:featuredmedia":[{"embeddable":true,"href":"https:\/\/formagraph-exercice.fr\/nectar-detoiles\/wp-json\/wp\/v2\/media\/2303"}],"wp:attachment":[{"href":"https:\/\/formagraph-exercice.fr\/nectar-detoiles\/wp-json\/wp\/v2\/media?parent=2302"}],"wp:term":[{"taxonomy":"product_brand","embeddable":true,"href":"https:\/\/formagraph-exercice.fr\/nectar-detoiles\/wp-json\/wp\/v2\/product_brand?post=2302"},{"taxonomy":"product_cat","embeddable":true,"href":"https:\/\/formagraph-exercice.fr\/nectar-detoiles\/wp-json\/wp\/v2\/product_cat?post=2302"},{"taxonomy":"product_tag","embeddable":true,"href":"https:\/\/formagraph-exercice.fr\/nectar-detoiles\/wp-json\/wp\/v2\/product_tag?post=2302"}],"curies":[{"name":"wp","href":"https:\/\/api.w.org\/{rel}","templated":true}]}}