{"id":2300,"date":"2025-05-09T20:46:57","date_gmt":"2025-05-09T18:46:57","guid":{"rendered":"http:\/\/nectar-detoiles.fr\/?post_type=product&#038;p=2300"},"modified":"2025-05-09T20:46:57","modified_gmt":"2025-05-09T18:46:57","slug":"la-terre-des-oublies-livre-audio","status":"publish","type":"product","link":"https:\/\/formagraph-exercice.fr\/nectar-detoiles\/produit\/la-terre-des-oublies-livre-audio\/","title":{"rendered":"La Terre des Oublies &#8211; Livre audio"},"content":{"rendered":"<h5 class=\"field field--name-field-genres field--type-entity-reference field--label-inline\"><span class=\"field__label\">Pourquoi \u00e9couter ?\u00a0<\/span><\/h5>\n<div class=\"field__wrapper\">\n<p><strong><em>Narration captivante \/ \u00c9coute parfaite pour d\u00e9butants SF \/ Alternative id\u00e9ale pour lecture immersive<\/em><\/strong><\/p>\n<h5 class=\"field field--name-field-categories field--type-entity-reference field--label-inline\"><span class=\"field__label\">Formats disponibles :<\/span><\/h5>\n<div class=\"field__wrapper\">\n<p>Audio (MP3, spotify), Extraits gratuits disponibles<\/p>\n<\/div>\n<\/div>\n<h5 class=\"field field--name-field-categories field--type-entity-reference field--label-inline\"><span class=\"field__label\">Th\u00e9matiques :<\/span><\/h5>\n<div class=\"field__wrapper\">\n<p class=\"field__wrapper__item\"><span style=\"font-size: 16px;\"><strong><em>Planet Opera \/ Dystopie \/ Sociologie-fiction\/ Hard SF<\/em><\/strong><\/span><\/p>\n<\/div>\n<p class=\"field field--name-field-infos-techniques-html field--type-text-long field--label-hidden\"><span style=\"font-size: 16px;\"><em>Dur\u00e9e : 25 minutes par partie.<\/em><\/span><br \/>\n<span style=\"font-size: 16px;\"><em>Achev\u00e9 : 20-04-2025<\/em><\/span><\/p>\n<h5 class=\"field field--name-field-genres field--type-entity-reference field--label-inline\"><span class=\"field__label\">Extrait Audio :<\/span><\/h5>\n<div class=\"wp-playlist wp-audio-playlist wp-playlist-light\">\n\t\t\t<div class=\"wp-playlist-current-item\"><\/div>\n\t\t<audio controls=\"controls\" preload=\"none\" width=\"1268\"\n\t\t\t><\/audio>\n\t<div class=\"wp-playlist-next\"><\/div>\n\t<div class=\"wp-playlist-prev\"><\/div>\n\t<noscript>\n\t<ol>\n\t\t<li><a href='https:\/\/formagraph-exercice.fr\/nectar-detoiles\/wp-content\/uploads\/2025\/03\/Jeiriuves-extrait.mp3'>Extrait - Jeiriuves<\/a><\/li>\t<\/ol>\n\t<\/noscript>\n\t<script data-jetpack-boost=\"ignore\" type=\"application\/json\" class=\"wp-playlist-script\">{\"type\":\"audio\",\"tracklist\":true,\"tracknumbers\":true,\"images\":true,\"artists\":true,\"tracks\":[{\"src\":\"https:\/\/formagraph-exercice.fr\/nectar-detoiles\/wp-content\/uploads\/2025\/03\/Jeiriuves-extrait.mp3\",\"type\":\"audio\/mpeg\",\"title\":\"Extrait - Jeiriuves\",\"caption\":\"\",\"description\":\"Extrait audio du synopsis de Jeiriuves \",\"meta\":{\"artist\":\"Voix : Yves Weiner\",\"album\":\"Jeiriuves\",\"length_formatted\":\"0:27\"},\"image\":{\"src\":\"https:\/\/formagraph-exercice.fr\/nectar-detoiles\/wp-includes\/images\/media\/audio.svg\",\"width\":48,\"height\":64},\"thumb\":{\"src\":\"https:\/\/formagraph-exercice.fr\/nectar-detoiles\/wp-includes\/images\/media\/audio.svg\",\"width\":48,\"height\":64}}]}<\/script>\n<\/div>\n\t\n<h5 class=\"field field--name-field-genres field--type-entity-reference field--label-inline\"><\/h5>\n","protected":false},"excerpt":{"rendered":"<h5 class=\"field field--name-field-genres field--type-entity-reference field--label-inline\"><span class=\"field__label\">Extrait :<\/span><\/h5>\n<p data-start=\"26\" data-end=\"401\"><span style=\"font-size: 15px;\">\u00ab\u00a0Dans un futur impitoyable, sur une plan\u00e8te qui se d\u00e9ploie comme une immense sc\u00e8ne d&rsquo;op\u00e9ra, la soci\u00e9t\u00e9 est gouvern\u00e9e par une \u00e9lite technocratique impitoyable. Dans ce monde o\u00f9 le progr\u00e8s scientifique, rigoureux et implacable, a donn\u00e9 naissance \u00e0 des cit\u00e9s tentaculaires et des paysages \u00e0 couper le souffle, les oubli\u00e9s \u2013 les masses rejet\u00e9es et d\u00e9laiss\u00e9es \u2013 peinent \u00e0 survivre.<\/span><\/p>\n<p data-start=\"403\" data-end=\"870\"><span style=\"font-size: 15px;\">Na\u00ebl, un jeune ing\u00e9nieur au pass\u00e9 trouble, se retrouve malgr\u00e9 lui embarqu\u00e9 dans une lutte clandestine pour renverser l&rsquo;ordre \u00e9tabli. Alors qu&rsquo;il d\u00e9couvre des secrets enfouis sous des strates de propagande et de technologies avanc\u00e9es, il r\u00e9alise que le contr\u00f4le de la connaissance est le v\u00e9ritable pouvoir. Entre intrigues politiques, perc\u00e9es scientifiques et confrontations violentes, Na\u00ebl devra choisir entre sa survie et la possibilit\u00e9 de lib\u00e9rer un peuple opprim\u00e9.\u00a0\u00bb<\/span><\/p>\n<p><em><strong>\u00c9crit par Fran\u00e7ois Philippe et Lu par Yves Weiner.<\/strong><\/em><\/p>\n<h5 class=\"field field--name-field-genres field--type-entity-reference field--label-inline\"><span class=\"field__label\">Extrait Audio :<\/span><\/h5>\n[playlist ids=\"1045\"]\n","protected":false},"featured_media":2301,"comment_status":"open","ping_status":"closed","template":"","meta":{"content-type":"","_kad_post_transparent":"default","_kad_post_title":"","_kad_post_layout":"default","_kad_post_sidebar_id":"","_kad_post_content_style":"default","_kad_post_vertical_padding":"default","_kad_post_feature":"","_kad_post_feature_position":"","_kad_post_header":false,"_kad_post_footer":false},"product_brand":[],"product_cat":[77],"product_tag":[107,108,106,112],"class_list":{"0":"post-2300","1":"product","2":"type-product","3":"status-publish","4":"has-post-thumbnail","6":"product_cat-audios","7":"product_tag-dystopie","8":"product_tag-hard-sf","9":"product_tag-planet-opera","10":"product_tag-sociologie-fiction","12":"first","13":"instock","14":"taxable","15":"shipping-taxable","16":"purchasable","17":"product-type-simple","18":"entry","19":"content-bg","20":"loop-entry"},"aioseo_notices":[],"_links":{"self":[{"href":"https:\/\/formagraph-exercice.fr\/nectar-detoiles\/wp-json\/wp\/v2\/product\/2300","targetHints":{"allow":["GET"]}}],"collection":[{"href":"https:\/\/formagraph-exercice.fr\/nectar-detoiles\/wp-json\/wp\/v2\/product"}],"about":[{"href":"https:\/\/formagraph-exercice.fr\/nectar-detoiles\/wp-json\/wp\/v2\/types\/product"}],"replies":[{"embeddable":true,"href":"https:\/\/formagraph-exercice.fr\/nectar-detoiles\/wp-json\/wp\/v2\/comments?post=2300"}],"wp:featuredmedia":[{"embeddable":true,"href":"https:\/\/formagraph-exercice.fr\/nectar-detoiles\/wp-json\/wp\/v2\/media\/2301"}],"wp:attachment":[{"href":"https:\/\/formagraph-exercice.fr\/nectar-detoiles\/wp-json\/wp\/v2\/media?parent=2300"}],"wp:term":[{"taxonomy":"product_brand","embeddable":true,"href":"https:\/\/formagraph-exercice.fr\/nectar-detoiles\/wp-json\/wp\/v2\/product_brand?post=2300"},{"taxonomy":"product_cat","embeddable":true,"href":"https:\/\/formagraph-exercice.fr\/nectar-detoiles\/wp-json\/wp\/v2\/product_cat?post=2300"},{"taxonomy":"product_tag","embeddable":true,"href":"https:\/\/formagraph-exercice.fr\/nectar-detoiles\/wp-json\/wp\/v2\/product_tag?post=2300"}],"curies":[{"name":"wp","href":"https:\/\/api.w.org\/{rel}","templated":true}]}}