{"id":2282,"date":"2025-05-09T19:56:09","date_gmt":"2025-05-09T17:56:09","guid":{"rendered":"http:\/\/nectar-detoiles.fr\/?post_type=product&#038;p=2282"},"modified":"2025-05-09T20:03:41","modified_gmt":"2025-05-09T18:03:41","slug":"tumult-livre-audio","status":"publish","type":"product","link":"https:\/\/formagraph-exercice.fr\/nectar-detoiles\/produit\/tumult-livre-audio\/","title":{"rendered":"TUMULT &#8211; Livre audio"},"content":{"rendered":"<h5 class=\"field field--name-field-genres field--type-entity-reference field--label-inline\"><span class=\"field__label\">Pourquoi \u00e9couter ?\u00a0<\/span><\/h5>\n<div class=\"field__wrapper\">\n<p><strong><em>Narration captivante \/ \u00c9coute parfaite pour d\u00e9butants SF \/ Alternative id\u00e9ale pour lecture immersive<\/em><\/strong><\/p>\n<h5 class=\"field field--name-field-categories field--type-entity-reference field--label-inline\"><span class=\"field__label\">Formats disponibles :<\/span><\/h5>\n<div class=\"field__wrapper\">\n<p>Audio (MP3, spotify), Extraits gratuits disponibles<\/p>\n<\/div>\n<\/div>\n<h5 class=\"field field--name-field-categories field--type-entity-reference field--label-inline\"><span class=\"field__label\">Th\u00e9matiques :<\/span><\/h5>\n<div class=\"field__wrapper\">\n<p class=\"field__wrapper__item\"><span style=\"font-size: 16px;\"><strong><em>New Wave\/ Utopie \/ Voyage dans le temps\/ Hard SF<\/em><\/strong><\/span><\/p>\n<\/div>\n<p class=\"field field--name-field-infos-techniques-html field--type-text-long field--label-hidden\"><span style=\"font-size: 16px;\"><em>Dur\u00e9e : 25 minutes par partie.<\/em><\/span><br \/>\n<span style=\"font-size: 16px;\"><em>Achev\u00e9 : 20-04-2025<\/em><\/span><\/p>\n<h5 class=\"field field--name-field-genres field--type-entity-reference field--label-inline\"><span class=\"field__label\">Extrait Audio :<\/span><\/h5>\n<div class=\"wp-playlist wp-audio-playlist wp-playlist-light\">\n\t\t\t<div class=\"wp-playlist-current-item\"><\/div>\n\t\t<audio controls=\"controls\" preload=\"none\" width=\"1268\"\n\t\t\t><\/audio>\n\t<div class=\"wp-playlist-next\"><\/div>\n\t<div class=\"wp-playlist-prev\"><\/div>\n\t<noscript>\n\t<ol>\n\t\t<li><a href='https:\/\/formagraph-exercice.fr\/nectar-detoiles\/wp-content\/uploads\/2025\/03\/Jeiriuves-extrait.mp3'>Extrait - Jeiriuves<\/a><\/li>\t<\/ol>\n\t<\/noscript>\n\t<script data-jetpack-boost=\"ignore\" type=\"application\/json\" class=\"wp-playlist-script\">{\"type\":\"audio\",\"tracklist\":true,\"tracknumbers\":true,\"images\":true,\"artists\":true,\"tracks\":[{\"src\":\"https:\/\/formagraph-exercice.fr\/nectar-detoiles\/wp-content\/uploads\/2025\/03\/Jeiriuves-extrait.mp3\",\"type\":\"audio\/mpeg\",\"title\":\"Extrait - Jeiriuves\",\"caption\":\"\",\"description\":\"Extrait audio du synopsis de Jeiriuves \",\"meta\":{\"artist\":\"Voix : Yves Weiner\",\"album\":\"Jeiriuves\",\"length_formatted\":\"0:27\"},\"image\":{\"src\":\"https:\/\/formagraph-exercice.fr\/nectar-detoiles\/wp-includes\/images\/media\/audio.svg\",\"width\":48,\"height\":64},\"thumb\":{\"src\":\"https:\/\/formagraph-exercice.fr\/nectar-detoiles\/wp-includes\/images\/media\/audio.svg\",\"width\":48,\"height\":64}}]}<\/script>\n<\/div>\n\t\n<h5 class=\"field field--name-field-genres field--type-entity-reference field--label-inline\"><\/h5>\n","protected":false},"excerpt":{"rendered":"<h5 class=\"field field--name-field-genres field--type-entity-reference field--label-inline\"><span class=\"field__label\">Extrait :<\/span><\/h5>\n<p>\u00ab\u00a0<em data-start=\"173\" data-end=\"245\">Et si l\u2019utopie n\u2019\u00e9tait qu\u2019un battement d\u2019aile dans le chaos du temps ?<\/em><\/p>\n<p class=\"\" data-start=\"247\" data-end=\"702\">Dans un avenir lointain o\u00f9 l\u2019humanit\u00e9 a enfin b\u00e2ti l\u2019<strong data-start=\"300\" data-end=\"316\">Utopie Alpha<\/strong>, une civilisation parfaite, pacifi\u00e9e, lib\u00e9r\u00e9e du besoin et du conflit, un ph\u00e9nom\u00e8ne impr\u00e9vu surgit : le <strong data-start=\"421\" data-end=\"431\">Tumult<\/strong>. Des failles temporelles d\u00e9chirent la r\u00e9alit\u00e9, projetant des pans entiers de cette soci\u00e9t\u00e9 id\u00e9ale dans des \u00e9poques primitives, brutales\u2026 ou carr\u00e9ment futures, o\u00f9 l\u2019utopie a vir\u00e9 au cauchemar. Chaque faille est un avertissement : le pr\u00e9sent n\u2019est qu\u2019une illusion fragile.<\/p>\n<p class=\"\" data-start=\"704\" data-end=\"1026\">Pour comprendre et colmater ces d\u00e9chirures, un groupe d\u2019\u00e9lites \u2014 scientifiques, philosophes, et temporalistes \u2014 embarque \u00e0 bord du vaisseau <strong data-start=\"844\" data-end=\"858\">Chronorift<\/strong>. Leur mission : voyager \u00e0 travers ces fractures, revisiter les moments cl\u00e9s de l\u2019\u00e9volution humaine, et emp\u00eacher la destruction pure et simple du tissu spatio-temporel.<\/p>\n<p class=\"\" data-start=\"1028\" data-end=\"1360\">Mais \u00e0 mesure qu\u2019ils explorent le pass\u00e9 et l\u2019avenir, une v\u00e9rit\u00e9 d\u00e9rangeante \u00e9merge : cette utopie parfaite n\u2019existe que parce qu\u2019elle a effac\u00e9, r\u00e9\u00e9crit et manipul\u00e9 les versions alternatives moins glorieuses de l\u2019Histoire. En r\u00e9tablissant ces lignes temporelles, ils risquent de d\u00e9truire leur paradis\u2026 mais \u00e0 quel prix le maintenir ?\u00a0\u00bb<\/p>\n<p><em><strong>\u00c9crit par Ad\u00e9la\u00efde Cliche et Lu par Yves Weiner.<\/strong><\/em><\/p>\n<h5 class=\"field field--name-field-genres field--type-entity-reference field--label-inline\"><span class=\"field__label\">Extrait Audio :<\/span><\/h5>\n[playlist ids=\"1045\"]\n","protected":false},"featured_media":2285,"comment_status":"open","ping_status":"closed","template":"","meta":{"content-type":"","_kad_post_transparent":"default","_kad_post_title":"","_kad_post_layout":"default","_kad_post_sidebar_id":"","_kad_post_content_style":"default","_kad_post_vertical_padding":"default","_kad_post_feature":"","_kad_post_feature_position":"","_kad_post_header":false,"_kad_post_footer":false},"product_brand":[],"product_cat":[77],"product_tag":[108,109,114,115],"class_list":{"0":"post-2282","1":"product","2":"type-product","3":"status-publish","4":"has-post-thumbnail","6":"product_cat-audios","7":"product_tag-hard-sf","8":"product_tag-new-wave","9":"product_tag-utopie","10":"product_tag-voyage-dans-le-temps","12":"first","13":"instock","14":"taxable","15":"shipping-taxable","16":"purchasable","17":"product-type-simple","18":"entry","19":"content-bg","20":"loop-entry"},"aioseo_notices":[],"_links":{"self":[{"href":"https:\/\/formagraph-exercice.fr\/nectar-detoiles\/wp-json\/wp\/v2\/product\/2282","targetHints":{"allow":["GET"]}}],"collection":[{"href":"https:\/\/formagraph-exercice.fr\/nectar-detoiles\/wp-json\/wp\/v2\/product"}],"about":[{"href":"https:\/\/formagraph-exercice.fr\/nectar-detoiles\/wp-json\/wp\/v2\/types\/product"}],"replies":[{"embeddable":true,"href":"https:\/\/formagraph-exercice.fr\/nectar-detoiles\/wp-json\/wp\/v2\/comments?post=2282"}],"wp:featuredmedia":[{"embeddable":true,"href":"https:\/\/formagraph-exercice.fr\/nectar-detoiles\/wp-json\/wp\/v2\/media\/2285"}],"wp:attachment":[{"href":"https:\/\/formagraph-exercice.fr\/nectar-detoiles\/wp-json\/wp\/v2\/media?parent=2282"}],"wp:term":[{"taxonomy":"product_brand","embeddable":true,"href":"https:\/\/formagraph-exercice.fr\/nectar-detoiles\/wp-json\/wp\/v2\/product_brand?post=2282"},{"taxonomy":"product_cat","embeddable":true,"href":"https:\/\/formagraph-exercice.fr\/nectar-detoiles\/wp-json\/wp\/v2\/product_cat?post=2282"},{"taxonomy":"product_tag","embeddable":true,"href":"https:\/\/formagraph-exercice.fr\/nectar-detoiles\/wp-json\/wp\/v2\/product_tag?post=2282"}],"curies":[{"name":"wp","href":"https:\/\/api.w.org\/{rel}","templated":true}]}}