{"id":2277,"date":"2025-05-09T18:40:18","date_gmt":"2025-05-09T16:40:18","guid":{"rendered":"http:\/\/nectar-detoiles.fr\/?post_type=product&#038;p=2277"},"modified":"2025-05-09T18:45:37","modified_gmt":"2025-05-09T16:45:37","slug":"platus","status":"publish","type":"product","link":"https:\/\/formagraph-exercice.fr\/nectar-detoiles\/produit\/platus\/","title":{"rendered":"Platus"},"content":{"rendered":"<h5 class=\"field field--name-field-genres field--type-entity-reference field--label-inline\"><span class=\"field__label\">Pourquoi lire ?<\/span><\/h5>\n<div class=\"field__wrapper\">\n<ul data-start=\"1666\" data-end=\"2126\">\n<li class=\"\" data-start=\"1666\" data-end=\"1785\">\n<p class=\"\" data-start=\"1668\" data-end=\"1785\"><strong data-start=\"1671\" data-end=\"1690\">Utopie invers\u00e9e<\/strong> : une civilisation qui atteint la perfection en contr\u00f4lant les croyances des peuples pass\u00e9s.<\/p>\n<\/li>\n<li class=\"\" data-start=\"1786\" data-end=\"1906\">\n<p class=\"\" data-start=\"1788\" data-end=\"1906\"><strong data-start=\"1791\" data-end=\"1810\">SF m\u00e9taphysique<\/strong> : voyage dans le temps + questionnement sur la nature m\u00eame de la r\u00e9alit\u00e9 et de la perception.<\/p>\n<\/li>\n<li class=\"\" data-start=\"1907\" data-end=\"2036\">\n<p class=\"\" data-start=\"1909\" data-end=\"2036\"><strong data-start=\"1913\" data-end=\"1925\">Weird SF<\/strong> : cr\u00e9atures fractales, horizons qui saignent, temporalit\u00e9s liquides, et d\u00e9cors qui d\u00e9fient les lois connues.<\/p>\n<\/li>\n<li class=\"\" data-start=\"2037\" data-end=\"2126\">\n<p class=\"\" data-start=\"2039\" data-end=\"2126\"><strong data-start=\"2041\" data-end=\"2065\">Voyage dans le temps<\/strong> : mais ici, le temps est souple, vivant, presque capricieux.<\/p>\n<\/li>\n<\/ul>\n<\/div>\n<h5 class=\"field field--name-field-categories field--type-entity-reference field--label-inline\"><span class=\"field__label\">Formats disponibles :<\/span><\/h5>\n<div class=\"field__wrapper\">\n<p>Papier, Num\u00e9rique (eBook), \u00c9ditions collector avec tirage limit\u00e9, Audio (si disponible)<\/p>\n<\/div>\n<h5 class=\"field field--name-field-categories field--type-entity-reference field--label-inline\"><span class=\"field__label\">Th\u00e9matiques :<\/span><\/h5>\n<div class=\"field__wrapper\">\n<p class=\"field__wrapper__item\"><span style=\"font-size: 16px;\"><strong><em>SF m\u00e9taphysique \/ Utopie \/ Voyage dans le temps \/ Weird SF<\/em><\/strong><\/span><\/p>\n<\/div>\n<p class=\"field field--name-field-infos-techniques-html field--type-text-long field--label-hidden\"><em>260 pages, sous couverture illustr\u00e9e, 160 x 240 mm, reli\u00e9<\/em><br \/>\n<em>Achev\u00e9 d\u2019imprimer : 20-04-2025<\/em><\/p>\n<div class=\"group--codes\">\n<h5 class=\"field field--name-field-isbn-old field--type-string field--label-above\"><span class=\"field__label\">ISBN<\/span><\/h5>\n<div class=\"field__item\">\n<p>9782073068026<\/p>\n<\/div>\n<h5 class=\"field field--name-field-isbn field--type-string field--label-above\"><span class=\"field__label\">Gencode<\/span><\/h5>\n<div class=\"field__item\">\n<p>9782073068026<\/p>\n<\/div>\n<h5 class=\"field field--name-field-code-distributeur field--type-string field--label-above\"><span class=\"field__label\">Code distributeur<\/span><\/h5>\n<div class=\"field__item\">\n<p>G09116<\/p>\n<h5 class=\"field field--name-field-genres field--type-entity-reference field--label-inline\"><span class=\"field__label\">Extrait<\/span><\/h5>\n<div class=\"_3d-flip-book  fb3d-fullscreen-mode full-size\" data-id=\"0\" data-mode=\"fullscreen\" data-title=\"false\" data-template=\"short-white-book-view\" data-lightbox=\"dark-shadow\" data-urlparam=\"fb3d-page\" data-page-n=\"0\" data-pdf=\"https:\/\/formagraph-exercice.fr\/nectar-detoiles\/wp-content\/uploads\/2025\/05\/PROLOGUE.pdf\" data-tax=\"null\" data-thumbnail=\"\" data-cols=\"3\" data-book-template=\"default\" data-trigger=\"\" style=\"background-image:url(&#039;https:\/\/formagraph-exercice.fr\/nectar-detoiles\/wp-content\/uploads\/2025\/05\/Fichier-6.png&#039;);\"><\/div>\n<\/div>\n<\/div>\n","protected":false},"excerpt":{"rendered":"<p>\u00ab\u00a0<em data-start=\"247\" data-end=\"298\">Et si le temps lui-m\u00eame se pliait aux croyances ?<\/em><\/p>\n<p class=\"\" data-start=\"300\" data-end=\"817\">Sur <strong data-start=\"304\" data-end=\"314\">Platus<\/strong>, un monde froid, d\u00e9sertique, aux confins du syst\u00e8me solaire, vit <strong data-start=\"380\" data-end=\"389\">Ka\u00ebrn<\/strong>, un \u00eatre \u00e0 la perception alt\u00e9r\u00e9e, persuad\u00e9 que sa plan\u00e8te \u2014 que d\u2019autres appellent Pluton \u2014 est <strong data-start=\"486\" data-end=\"495\">plate<\/strong>. Pour lui, les confins de l\u2019horizon sont des murs infranchissables, et au-del\u00e0, le n\u00e9ant guette. Mais lorsqu\u2019une anomalie temporelle fracture sa r\u00e9alit\u00e9, Ka\u00ebrn est projet\u00e9 dans un tourbillon de visions : des futurs multiples, des pass\u00e9s qui s\u2019effacent, et des versions alternatives de Platus\u2026 sph\u00e9rique, creuse, fractale.<\/p>\n<p class=\"\" data-start=\"819\" data-end=\"1340\">\u00c0 mesure que ses voyages temporels se multiplient, Ka\u00ebrn d\u00e9couvre que la forme m\u00eame de son monde fluctue selon les croyances des civilisations qui le peuplent \u00e0 diff\u00e9rentes \u00e9poques. Le temps sur Platus est un organisme vivant, nourri par les mythes et les perceptions.<br data-start=\"1087\" data-end=\"1090\" \/>Et derri\u00e8re cette folie apparente, une utopie silencieuse prend forme : une soci\u00e9t\u00e9 \u00e9volu\u00e9e qui transcende les notions de forme, d\u2019espace et de temps, mais qui manipule les consciences primitives comme Ka\u00ebrn pour pr\u00e9server son \u00e9quilibre m\u00e9taphysique.<\/p>\n<p class=\"\" data-start=\"1342\" data-end=\"1598\">Prisonnier de cycles temporels et de paradoxes \u00e9tranges, Ka\u00ebrn devra affronter une v\u00e9rit\u00e9 d\u00e9rangeante : sauver sa vision plate et rassurante de Platus\u2026 ou plonger dans l\u2019ab\u00eeme cosmique d\u2019une r\u00e9alit\u00e9 mall\u00e9able o\u00f9 rien, pas m\u00eame le temps, n\u2019a de consistance.\u00a0\u00bb<\/p>\n<p data-start=\"1342\" data-end=\"1598\"><em><strong>\u00c9crit par Bernard Baudin\u00a0<\/strong><\/em><\/p>\n","protected":false},"featured_media":1937,"comment_status":"open","ping_status":"closed","template":"","meta":{"content-type":"","_kad_post_transparent":"default","_kad_post_title":"","_kad_post_layout":"default","_kad_post_sidebar_id":"","_kad_post_content_style":"default","_kad_post_vertical_padding":"default","_kad_post_feature":"","_kad_post_feature_position":"","_kad_post_header":false,"_kad_post_footer":false},"product_brand":[],"product_cat":[76],"product_tag":[111,114,115,116],"class_list":{"0":"post-2277","1":"product","2":"type-product","3":"status-publish","4":"has-post-thumbnail","6":"product_cat-romans","7":"product_tag-sf-metaphysique","8":"product_tag-utopie","9":"product_tag-voyage-dans-le-temps","10":"product_tag-weird-sf","12":"first","13":"instock","14":"taxable","15":"shipping-taxable","16":"purchasable","17":"product-type-simple","18":"entry","19":"content-bg","20":"loop-entry"},"aioseo_notices":[],"_links":{"self":[{"href":"https:\/\/formagraph-exercice.fr\/nectar-detoiles\/wp-json\/wp\/v2\/product\/2277","targetHints":{"allow":["GET"]}}],"collection":[{"href":"https:\/\/formagraph-exercice.fr\/nectar-detoiles\/wp-json\/wp\/v2\/product"}],"about":[{"href":"https:\/\/formagraph-exercice.fr\/nectar-detoiles\/wp-json\/wp\/v2\/types\/product"}],"replies":[{"embeddable":true,"href":"https:\/\/formagraph-exercice.fr\/nectar-detoiles\/wp-json\/wp\/v2\/comments?post=2277"}],"wp:featuredmedia":[{"embeddable":true,"href":"https:\/\/formagraph-exercice.fr\/nectar-detoiles\/wp-json\/wp\/v2\/media\/1937"}],"wp:attachment":[{"href":"https:\/\/formagraph-exercice.fr\/nectar-detoiles\/wp-json\/wp\/v2\/media?parent=2277"}],"wp:term":[{"taxonomy":"product_brand","embeddable":true,"href":"https:\/\/formagraph-exercice.fr\/nectar-detoiles\/wp-json\/wp\/v2\/product_brand?post=2277"},{"taxonomy":"product_cat","embeddable":true,"href":"https:\/\/formagraph-exercice.fr\/nectar-detoiles\/wp-json\/wp\/v2\/product_cat?post=2277"},{"taxonomy":"product_tag","embeddable":true,"href":"https:\/\/formagraph-exercice.fr\/nectar-detoiles\/wp-json\/wp\/v2\/product_tag?post=2277"}],"curies":[{"name":"wp","href":"https:\/\/api.w.org\/{rel}","templated":true}]}}