{"id":2275,"date":"2025-05-09T18:28:14","date_gmt":"2025-05-09T16:28:14","guid":{"rendered":"http:\/\/nectar-detoiles.fr\/?post_type=product&#038;p=2275"},"modified":"2025-05-10T13:04:43","modified_gmt":"2025-05-10T11:04:43","slug":"voyage-dun-instant","status":"publish","type":"product","link":"https:\/\/formagraph-exercice.fr\/nectar-detoiles\/produit\/voyage-dun-instant\/","title":{"rendered":"Voyage d&rsquo;un instant"},"content":{"rendered":"<h5 class=\"field field--name-field-genres field--type-entity-reference field--label-inline\"><span class=\"field__label\">Pourquoi lire ?<\/span><\/h5>\n<div class=\"field__wrapper\">\n<ul>\n<li class=\"\" data-start=\"1905\" data-end=\"2024\">\n<p class=\"\" data-start=\"1907\" data-end=\"2024\"><strong data-start=\"1910\" data-end=\"1932\">Raypunk flamboyant<\/strong> : lasers, n\u00e9ons cosmiques et esth\u00e9tiques r\u00e9tro-futuristes boost\u00e9es aux couleurs satur\u00e9es.<\/p>\n<\/li>\n<li class=\"\" data-start=\"2025\" data-end=\"2134\">\n<p class=\"\" data-start=\"2027\" data-end=\"2134\"><strong data-start=\"2030\" data-end=\"2052\">New Wave c\u00e9r\u00e9brale<\/strong> : introspection, r\u00eave, d\u00e9lire sensoriel et critique sociale sourde mais ac\u00e9r\u00e9e.<\/p>\n<\/li>\n<li class=\"\" data-start=\"2135\" data-end=\"2294\">\n<p class=\"\" data-start=\"2137\" data-end=\"2294\"><strong data-start=\"2140\" data-end=\"2161\">Hard SF exigeante<\/strong> : th\u00e9ories solides sur la dilatation temporelle, les poches d\u2019espace fractur\u00e9, et la m\u00e9canique quantique du voyage interstellaire.<\/p>\n<\/li>\n<li class=\"\" data-start=\"2295\" data-end=\"2394\">\n<p class=\"\" data-start=\"2297\" data-end=\"2394\"><strong data-start=\"2300\" data-end=\"2327\">Journal intime poignant<\/strong> : une voix humaine, fragile, perdue au c\u0153ur d\u2019un univers d\u00e9mesur\u00e9.<\/p>\n<\/li>\n<\/ul>\n<\/div>\n<h5 class=\"field field--name-field-categories field--type-entity-reference field--label-inline\"><span class=\"field__label\">Formats disponibles :<\/span><\/h5>\n<div class=\"field__wrapper\">\n<p>Papier, Num\u00e9rique (eBook), \u00c9ditions collector avec tirage limit\u00e9, Audio (si disponible)<\/p>\n<\/div>\n<h5 class=\"field field--name-field-categories field--type-entity-reference field--label-inline\"><span class=\"field__label\">Th\u00e9matiques :<\/span><\/h5>\n<div class=\"field__wrapper\">\n<p class=\"field__wrapper__item\"><span style=\"font-size: 16px;\"><strong><em>Raypunk \/ New Wave \/ Utopie \/ Hard SF<\/em><\/strong><\/span><\/p>\n<\/div>\n<p class=\"field field--name-field-infos-techniques-html field--type-text-long field--label-hidden\"><em>260 pages, sous couverture illustr\u00e9e, 160 x 240 mm, reli\u00e9<\/em><br \/>\n<em>Achev\u00e9 d\u2019imprimer : 20-04-2025<\/em><\/p>\n<div class=\"group--codes\">\n<h5 class=\"field field--name-field-isbn-old field--type-string field--label-above\"><span class=\"field__label\">ISBN<\/span><\/h5>\n<div class=\"field__item\">\n<p>9782073068026<\/p>\n<\/div>\n<h5 class=\"field field--name-field-isbn field--type-string field--label-above\"><span class=\"field__label\">Gencode<\/span><\/h5>\n<div class=\"field__item\">\n<p>9782073068026<\/p>\n<\/div>\n<h5 class=\"field field--name-field-code-distributeur field--type-string field--label-above\"><span class=\"field__label\">Code distributeur<\/span><\/h5>\n<div class=\"field__item\">\n<p>G09116<\/p>\n<h5 class=\"field field--name-field-genres field--type-entity-reference field--label-inline\"><span class=\"field__label\">Extrait<\/span><\/h5>\n<div class=\"_3d-flip-book  fb3d-fullscreen-mode full-size\" data-id=\"0\" data-mode=\"fullscreen\" data-title=\"false\" data-template=\"short-white-book-view\" data-lightbox=\"dark-shadow\" data-urlparam=\"fb3d-page\" data-page-n=\"0\" data-pdf=\"https:\/\/formagraph-exercice.fr\/nectar-detoiles\/wp-content\/uploads\/2025\/05\/PROLOGUE.pdf\" data-tax=\"null\" data-thumbnail=\"\" data-cols=\"3\" data-book-template=\"default\" data-trigger=\"\" style=\"background-image:url(&#039;https:\/\/formagraph-exercice.fr\/nectar-detoiles\/wp-content\/uploads\/2025\/05\/Fichier-6.png&#039;);\"><\/div>\n<\/div>\n<\/div>\n","protected":false},"excerpt":{"rendered":"<p>\u00ab\u00a0<em data-start=\"200\" data-end=\"299\">Journal d\u2019une astronaute \u00e9chou\u00e9e entre les \u00e2ges, l\u00e0 o\u00f9 le r\u00eave utopique se dissout dans le n\u00e9ant.<\/em><\/p>\n<p class=\"\" data-start=\"301\" data-end=\"783\">\u00c0 bord du vaisseau <strong data-start=\"320\" data-end=\"331\">Lumen-9<\/strong>, la commandante <strong data-start=\"348\" data-end=\"362\">Ilya Saran<\/strong> d\u00e9rive seule dans les confins du cosmos, loin de toute \u00e9toile, l\u00e0 o\u00f9 la lumi\u00e8re elle-m\u00eame h\u00e9site \u00e0 s\u2019aventurer. Sa mission : cartographier les limites de l\u2019univers connu pour le compte de l\u2019<strong data-start=\"553\" data-end=\"571\">Union Radiante<\/strong>, la plus grande utopie interstellaire jamais con\u00e7ue par l\u2019humanit\u00e9. Mais un accident de saut quantique la propulse hors du temps \u2014 coinc\u00e9e dans une poche spatio-temporelle o\u00f9 chaque seconde devient une \u00e9ternit\u00e9.<\/p>\n<p class=\"\" data-start=\"785\" data-end=\"1404\">Seule face \u00e0 l\u2019immensit\u00e9, Ilya consigne ses pens\u00e9es dans un journal intime, ultime fil d\u2019Ariane pour ne pas sombrer dans la folie. Au fil des pages, ses r\u00e9flexions d\u00e9rapent : elle questionne la r\u00e9alit\u00e9 de l\u2019Union Radiante, l\u2019illusion du progr\u00e8s, et les dogmes rayonnants d\u2019une soci\u00e9t\u00e9 qui promettait le bonheur \u00e9ternel.<br data-start=\"1104\" data-end=\"1107\" \/>Ses souvenirs se m\u00ealent \u00e0 des visions psych\u00e9d\u00e9liques dignes des grands d\u00e9lires <strong data-start=\"1186\" data-end=\"1197\">Raypunk<\/strong> : des cit\u00e9s aux d\u00f4mes chrom\u00e9s flottant dans des n\u00e9buleuses roses, des machines conscientes qui murmurent des v\u00e9rit\u00e9s interdites, des flashs o\u00f9 des futurs possibles lui parlent \u00e0 travers les parois du temps.<\/p>\n<p class=\"\" data-start=\"1406\" data-end=\"1852\">Mais derri\u00e8re la solitude et les hallucinations, un d\u00e9fi plus grand s\u2019impose : Ilya doit comprendre pourquoi le <strong data-start=\"1518\" data-end=\"1529\">Lumen-9<\/strong> a \u00e9t\u00e9 sacrifi\u00e9\u2026 et si son exil est vraiment un accident ou une mise \u00e0 l\u2019\u00e9cart orchestr\u00e9e par ceux qui contr\u00f4lent le destin de l\u2019Union.<br data-start=\"1664\" data-end=\"1667\" \/>La r\u00e9ponse pourrait bouleverser l\u2019\u00e9quilibre fragile entre utopie radieuse et dictature technologique\u2026 et red\u00e9finir ce que signifie \u00eatre humain quand le temps lui-m\u00eame devient un ennemi.\u00a0\u00bb<\/p>\n<p><em><strong>\u00c9crit par Antonette Louis<\/strong><\/em><\/p>\n","protected":false},"featured_media":1905,"comment_status":"open","ping_status":"closed","template":"","meta":{"content-type":"","_kad_post_transparent":"default","_kad_post_title":"","_kad_post_layout":"default","_kad_post_sidebar_id":"","_kad_post_content_style":"default","_kad_post_vertical_padding":"default","_kad_post_feature":"","_kad_post_feature_position":"","_kad_post_header":false,"_kad_post_footer":false},"product_brand":[],"product_cat":[76],"product_tag":[108,109,110,114],"class_list":{"0":"post-2275","1":"product","2":"type-product","3":"status-publish","4":"has-post-thumbnail","6":"product_cat-romans","7":"product_tag-hard-sf","8":"product_tag-new-wave","9":"product_tag-raypunk","10":"product_tag-utopie","12":"first","13":"instock","14":"taxable","15":"shipping-taxable","16":"purchasable","17":"product-type-simple","18":"entry","19":"content-bg","20":"loop-entry"},"aioseo_notices":[],"_links":{"self":[{"href":"https:\/\/formagraph-exercice.fr\/nectar-detoiles\/wp-json\/wp\/v2\/product\/2275","targetHints":{"allow":["GET"]}}],"collection":[{"href":"https:\/\/formagraph-exercice.fr\/nectar-detoiles\/wp-json\/wp\/v2\/product"}],"about":[{"href":"https:\/\/formagraph-exercice.fr\/nectar-detoiles\/wp-json\/wp\/v2\/types\/product"}],"replies":[{"embeddable":true,"href":"https:\/\/formagraph-exercice.fr\/nectar-detoiles\/wp-json\/wp\/v2\/comments?post=2275"}],"wp:featuredmedia":[{"embeddable":true,"href":"https:\/\/formagraph-exercice.fr\/nectar-detoiles\/wp-json\/wp\/v2\/media\/1905"}],"wp:attachment":[{"href":"https:\/\/formagraph-exercice.fr\/nectar-detoiles\/wp-json\/wp\/v2\/media?parent=2275"}],"wp:term":[{"taxonomy":"product_brand","embeddable":true,"href":"https:\/\/formagraph-exercice.fr\/nectar-detoiles\/wp-json\/wp\/v2\/product_brand?post=2275"},{"taxonomy":"product_cat","embeddable":true,"href":"https:\/\/formagraph-exercice.fr\/nectar-detoiles\/wp-json\/wp\/v2\/product_cat?post=2275"},{"taxonomy":"product_tag","embeddable":true,"href":"https:\/\/formagraph-exercice.fr\/nectar-detoiles\/wp-json\/wp\/v2\/product_tag?post=2275"}],"curies":[{"name":"wp","href":"https:\/\/api.w.org\/{rel}","templated":true}]}}