{"id":2246,"date":"2025-05-09T18:20:44","date_gmt":"2025-05-09T16:20:44","guid":{"rendered":"http:\/\/nectar-detoiles.fr\/?post_type=product&#038;p=2246"},"modified":"2025-05-09T18:20:44","modified_gmt":"2025-05-09T16:20:44","slug":"tumult","status":"publish","type":"product","link":"https:\/\/formagraph-exercice.fr\/nectar-detoiles\/produit\/tumult\/","title":{"rendered":"Tumult"},"content":{"rendered":"<h5 class=\"field field--name-field-genres field--type-entity-reference field--label-inline\"><span class=\"field__label\">Pourquoi lire ?<\/span><\/h5>\n<div class=\"field__wrapper\">\n<ul>\n<li class=\"\" data-start=\"1409\" data-end=\"1598\">\n<p class=\"\" data-start=\"1411\" data-end=\"1598\"><strong data-start=\"1414\" data-end=\"1441\">Voyage temporel hard SF<\/strong> : Ici, pas de magie \u2014 tout est justifi\u00e9 par des th\u00e9ories solides, entre champs tachyoniques, paradoxes de causalit\u00e9 et m\u00e9caniques quantiques bien huil\u00e9es.<\/p>\n<\/li>\n<li class=\"\" data-start=\"1599\" data-end=\"1752\">\n<p class=\"\" data-start=\"1601\" data-end=\"1752\"><strong data-start=\"1604\" data-end=\"1624\">Utopie mise \u00e0 nu<\/strong> : Ce monde parfait cache des squelettes temporels dans son placard, et chaque saut dans le pass\u00e9 est une gifle philosophique.<\/p>\n<\/li>\n<li class=\"\" data-start=\"1753\" data-end=\"1935\">\n<p class=\"\" data-start=\"1755\" data-end=\"1935\"><strong data-start=\"1758\" data-end=\"1779\">New Wave attitude<\/strong> : Narration \u00e9clat\u00e9e, points de vue multiples, introspection psychologique, et un parfum psych\u00e9d\u00e9lique digne des grandes \u0153uvres de la SF des ann\u00e9es 60-70.<\/p>\n<\/li>\n<li class=\"\" data-start=\"1936\" data-end=\"2063\">\n<p class=\"\" data-start=\"1938\" data-end=\"2063\"><strong data-start=\"1941\" data-end=\"1963\">R\u00e9flexion br\u00fblante<\/strong> : Sur le prix r\u00e9el du progr\u00e8s, la manipulation historique, le libre arbitre et le destin collectif.<\/p>\n<\/li>\n<\/ul>\n<\/div>\n<h5 class=\"field field--name-field-categories field--type-entity-reference field--label-inline\"><span class=\"field__label\">Formats disponibles :<\/span><\/h5>\n<div class=\"field__wrapper\">\n<p>Papier, Num\u00e9rique (eBook), \u00c9ditions collector avec tirage limit\u00e9, Audio (si disponible)<\/p>\n<\/div>\n<h5 class=\"field field--name-field-categories field--type-entity-reference field--label-inline\"><span class=\"field__label\">Th\u00e9matiques :<\/span><\/h5>\n<div class=\"field__wrapper\">\n<p class=\"field__wrapper__item\"><span style=\"font-size: 16px;\"><strong><em>New Wave\/ Utopie \/ Voyage dans le temps\/ Hard SF<\/em><\/strong><\/span><\/p>\n<\/div>\n<p class=\"field field--name-field-infos-techniques-html field--type-text-long field--label-hidden\"><em>260 pages, sous couverture illustr\u00e9e, 160 x 240 mm, reli\u00e9<\/em><br \/>\n<em>Achev\u00e9 d\u2019imprimer : 20-04-2025<\/em><\/p>\n<div class=\"group--codes\">\n<h5 class=\"field field--name-field-isbn-old field--type-string field--label-above\"><span class=\"field__label\">ISBN<\/span><\/h5>\n<div class=\"field__item\">\n<p>9782073068026<\/p>\n<\/div>\n<h5 class=\"field field--name-field-isbn field--type-string field--label-above\"><span class=\"field__label\">Gencode<\/span><\/h5>\n<div class=\"field__item\">\n<p>9782073068026<\/p>\n<\/div>\n<h5 class=\"field field--name-field-code-distributeur field--type-string field--label-above\"><span class=\"field__label\">Code distributeur<\/span><\/h5>\n<div class=\"field__item\">\n<p>G09116<\/p>\n<h5 class=\"field field--name-field-genres field--type-entity-reference field--label-inline\"><span class=\"field__label\">Extrait<\/span><\/h5>\n<div class=\"_3d-flip-book  fb3d-fullscreen-mode full-size\" data-id=\"0\" data-mode=\"fullscreen\" data-title=\"false\" data-template=\"short-white-book-view\" data-lightbox=\"dark-shadow\" data-urlparam=\"fb3d-page\" data-page-n=\"0\" data-pdf=\"https:\/\/formagraph-exercice.fr\/nectar-detoiles\/wp-content\/uploads\/2025\/05\/PROLOGUE.pdf\" data-tax=\"null\" data-thumbnail=\"\" data-cols=\"3\" data-book-template=\"default\" data-trigger=\"\" style=\"background-image:url(&#039;https:\/\/formagraph-exercice.fr\/nectar-detoiles\/wp-content\/uploads\/2025\/05\/Fichier-6.png&#039;);\"><\/div>\n<\/div>\n<\/div>\n","protected":false},"excerpt":{"rendered":"<p>\u00ab\u00a0<em data-start=\"173\" data-end=\"245\">Et si l\u2019utopie n\u2019\u00e9tait qu\u2019un battement d\u2019aile dans le chaos du temps ?<\/em><\/p>\n<p class=\"\" data-start=\"247\" data-end=\"702\">Dans un avenir lointain o\u00f9 l\u2019humanit\u00e9 a enfin b\u00e2ti l\u2019<strong data-start=\"300\" data-end=\"316\">Utopie Alpha<\/strong>, une civilisation parfaite, pacifi\u00e9e, lib\u00e9r\u00e9e du besoin et du conflit, un ph\u00e9nom\u00e8ne impr\u00e9vu surgit : le <strong data-start=\"421\" data-end=\"431\">Tumult<\/strong>. Des failles temporelles d\u00e9chirent la r\u00e9alit\u00e9, projetant des pans entiers de cette soci\u00e9t\u00e9 id\u00e9ale dans des \u00e9poques primitives, brutales\u2026 ou carr\u00e9ment futures, o\u00f9 l\u2019utopie a vir\u00e9 au cauchemar. Chaque faille est un avertissement : le pr\u00e9sent n\u2019est qu\u2019une illusion fragile.<\/p>\n<p class=\"\" data-start=\"704\" data-end=\"1026\">Pour comprendre et colmater ces d\u00e9chirures, un groupe d\u2019\u00e9lites \u2014 scientifiques, philosophes, et temporalistes \u2014 embarque \u00e0 bord du vaisseau <strong data-start=\"844\" data-end=\"858\">Chronorift<\/strong>. Leur mission : voyager \u00e0 travers ces fractures, revisiter les moments cl\u00e9s de l\u2019\u00e9volution humaine, et emp\u00eacher la destruction pure et simple du tissu spatio-temporel.<\/p>\n<p class=\"\" data-start=\"1028\" data-end=\"1360\">Mais \u00e0 mesure qu\u2019ils explorent le pass\u00e9 et l\u2019avenir, une v\u00e9rit\u00e9 d\u00e9rangeante \u00e9merge : cette utopie parfaite n\u2019existe que parce qu\u2019elle a effac\u00e9, r\u00e9\u00e9crit et manipul\u00e9 les versions alternatives moins glorieuses de l\u2019Histoire. En r\u00e9tablissant ces lignes temporelles, ils risquent de d\u00e9truire leur paradis\u2026 mais \u00e0 quel prix le maintenir ?\u00a0\u00bb<\/p>\n<p><em><strong>\u00c9crit par Ad\u00e9la\u00efde Cliche.<\/strong><\/em><\/p>\n","protected":false},"featured_media":1939,"comment_status":"open","ping_status":"closed","template":"","meta":{"content-type":"","_kad_post_transparent":"default","_kad_post_title":"","_kad_post_layout":"default","_kad_post_sidebar_id":"","_kad_post_content_style":"default","_kad_post_vertical_padding":"default","_kad_post_feature":"","_kad_post_feature_position":"","_kad_post_header":false,"_kad_post_footer":false},"product_brand":[],"product_cat":[76],"product_tag":[108,109,114,115],"class_list":{"0":"post-2246","1":"product","2":"type-product","3":"status-publish","4":"has-post-thumbnail","6":"product_cat-romans","7":"product_tag-hard-sf","8":"product_tag-new-wave","9":"product_tag-utopie","10":"product_tag-voyage-dans-le-temps","12":"first","13":"instock","14":"taxable","15":"shipping-taxable","16":"purchasable","17":"product-type-simple","18":"entry","19":"content-bg","20":"loop-entry"},"aioseo_notices":[],"_links":{"self":[{"href":"https:\/\/formagraph-exercice.fr\/nectar-detoiles\/wp-json\/wp\/v2\/product\/2246","targetHints":{"allow":["GET"]}}],"collection":[{"href":"https:\/\/formagraph-exercice.fr\/nectar-detoiles\/wp-json\/wp\/v2\/product"}],"about":[{"href":"https:\/\/formagraph-exercice.fr\/nectar-detoiles\/wp-json\/wp\/v2\/types\/product"}],"replies":[{"embeddable":true,"href":"https:\/\/formagraph-exercice.fr\/nectar-detoiles\/wp-json\/wp\/v2\/comments?post=2246"}],"wp:featuredmedia":[{"embeddable":true,"href":"https:\/\/formagraph-exercice.fr\/nectar-detoiles\/wp-json\/wp\/v2\/media\/1939"}],"wp:attachment":[{"href":"https:\/\/formagraph-exercice.fr\/nectar-detoiles\/wp-json\/wp\/v2\/media?parent=2246"}],"wp:term":[{"taxonomy":"product_brand","embeddable":true,"href":"https:\/\/formagraph-exercice.fr\/nectar-detoiles\/wp-json\/wp\/v2\/product_brand?post=2246"},{"taxonomy":"product_cat","embeddable":true,"href":"https:\/\/formagraph-exercice.fr\/nectar-detoiles\/wp-json\/wp\/v2\/product_cat?post=2246"},{"taxonomy":"product_tag","embeddable":true,"href":"https:\/\/formagraph-exercice.fr\/nectar-detoiles\/wp-json\/wp\/v2\/product_tag?post=2246"}],"curies":[{"name":"wp","href":"https:\/\/api.w.org\/{rel}","templated":true}]}}