{"id":2245,"date":"2025-05-09T16:25:07","date_gmt":"2025-05-09T14:25:07","guid":{"rendered":"http:\/\/nectar-detoiles.fr\/?post_type=product&#038;p=2245"},"modified":"2025-05-09T16:25:08","modified_gmt":"2025-05-09T14:25:08","slug":"voie-lactee","status":"publish","type":"product","link":"https:\/\/formagraph-exercice.fr\/nectar-detoiles\/produit\/voie-lactee\/","title":{"rendered":"Voie-Lact\u00e9e"},"content":{"rendered":"<h5 class=\"field field--name-field-genres field--type-entity-reference field--label-inline\"><span class=\"field__label\">Pourquoi lire ?<\/span><\/h5>\n<div class=\"field__wrapper\">\n<ul>\n<li class=\"\" data-start=\"3397\" data-end=\"3523\">\n<p class=\"\" data-start=\"3399\" data-end=\"3523\"><strong data-start=\"3399\" data-end=\"3422\">Aventure plan\u00e9taire<\/strong> emplie de d\u00e9cors d\u00e9mesur\u00e9s et de civilisations myst\u00e9rieuses.<\/p>\n<\/li>\n<li class=\"\" data-start=\"3524\" data-end=\"3664\">\n<p class=\"\" data-start=\"3526\" data-end=\"3664\"><strong data-start=\"3526\" data-end=\"3548\">Tension temporelle<\/strong> : boucles, paradoxes et courses contre la montre pour \u00e9viter un cataclysme.<\/p>\n<\/li>\n<li class=\"\" data-start=\"3665\" data-end=\"3819\">\n<p class=\"\" data-start=\"3667\" data-end=\"3819\"><strong data-start=\"3667\" data-end=\"3693\">R\u00e9flexion m\u00e9taphysique<\/strong> : immersion dans les grandes questions de l\u2019\u00e2me, de la r\u00e9alit\u00e9 et du libre arbitre.<\/p>\n<\/li>\n<li class=\"\" data-start=\"3820\" data-end=\"3991\">\n<p class=\"\" data-start=\"3822\" data-end=\"3991\"><strong data-start=\"3822\" data-end=\"3843\">Dimension humaine<\/strong> : un r\u00e9cit tout en finesse qui fait la part belle aux \u00e9motions et aux relations internes des personnages<\/p>\n<\/li>\n<\/ul>\n<\/div>\n<h5 class=\"field field--name-field-categories field--type-entity-reference field--label-inline\"><span class=\"field__label\">Formats disponibles :<\/span><\/h5>\n<div class=\"field__wrapper\">\n<p>Papier, Num\u00e9rique (eBook), \u00c9ditions collector avec tirage limit\u00e9, Audio (si disponible)<\/p>\n<\/div>\n<h5 class=\"field field--name-field-categories field--type-entity-reference field--label-inline\"><span class=\"field__label\">Th\u00e9matiques :<\/span><\/h5>\n<div class=\"field__wrapper\">\n<p class=\"field__wrapper__item\"><span style=\"font-size: 16px;\"><strong><em>Planet Opera \/ Voyage dans le temps \/ SF m\u00e9taphysique \/ Soft SF<\/em><\/strong><\/span><\/p>\n<\/div>\n<p class=\"field field--name-field-infos-techniques-html field--type-text-long field--label-hidden\"><em>260 pages, sous couverture illustr\u00e9e, 160 x 240 mm, reli\u00e9<\/em><br \/>\n<em>Achev\u00e9 d\u2019imprimer : 20-04-2025<\/em><\/p>\n<div class=\"group--codes\">\n<h5 class=\"field field--name-field-isbn-old field--type-string field--label-above\"><span class=\"field__label\">ISBN<\/span><\/h5>\n<div class=\"field__item\">\n<p>9782073068026<\/p>\n<\/div>\n<h5 class=\"field field--name-field-isbn field--type-string field--label-above\"><span class=\"field__label\">Gencode<\/span><\/h5>\n<div class=\"field__item\">\n<p>9782073068026<\/p>\n<\/div>\n<h5 class=\"field field--name-field-code-distributeur field--type-string field--label-above\"><span class=\"field__label\">Code distributeur<\/span><\/h5>\n<div class=\"field__item\">\n<p>G09116<\/p>\n<h5 class=\"field field--name-field-genres field--type-entity-reference field--label-inline\"><span class=\"field__label\">Extrait<\/span><\/h5>\n<div class=\"_3d-flip-book  fb3d-fullscreen-mode full-size\" data-id=\"0\" data-mode=\"fullscreen\" data-title=\"false\" data-template=\"short-white-book-view\" data-lightbox=\"dark-shadow\" data-urlparam=\"fb3d-page\" data-page-n=\"0\" data-pdf=\"https:\/\/formagraph-exercice.fr\/nectar-detoiles\/wp-content\/uploads\/2025\/05\/PROLOGUE.pdf\" data-tax=\"null\" data-thumbnail=\"\" data-cols=\"3\" data-book-template=\"default\" data-trigger=\"\" style=\"background-image:url(&#039;https:\/\/formagraph-exercice.fr\/nectar-detoiles\/wp-content\/uploads\/2025\/05\/Fichier-6.png&#039;);\"><\/div>\n<\/div>\n<\/div>\n","protected":false},"excerpt":{"rendered":"<p>\u00ab\u00a0Voici une plong\u00e9e vertigineuse au c\u0153ur de <strong data-start=\"42\" data-end=\"57\">Voie-lact\u00e9e<\/strong>, un roman qui tisse ensemble l\u2019exploration plan\u00e9taire, les paradoxes temporels, les questionnements m\u00e9taphysiques et la finesse du soft SF. Sur la plan\u00e8te Azura, une exp\u00e9dition interstellaire d\u00e9couvre un artefact capable de plier l\u2019espace-temps et d\u2019extraire l\u2019\u00e2me des vivants. Alors que les membres de l\u2019\u00e9quipage voient leurs destins s\u2019entrelacer \u00e0 travers des boucles temporelles et des visions mystiques, ils seront confront\u00e9s aux mille facettes de leur propre r\u00e9alit\u00e9 \u2014 et \u00e0 la menace d\u2019un \u00e9quilibre cosmique sur le point de se briser.\u00a0\u00bb<\/p>\n<p><em><strong>\u00c9crit par Ad\u00e9la\u00efde Cliche<\/strong><\/em><\/p>\n","protected":false},"featured_media":1940,"comment_status":"open","ping_status":"closed","template":"","meta":{"content-type":"","_kad_post_transparent":"default","_kad_post_title":"","_kad_post_layout":"default","_kad_post_sidebar_id":"","_kad_post_content_style":"default","_kad_post_vertical_padding":"default","_kad_post_feature":"","_kad_post_feature_position":"","_kad_post_header":false,"_kad_post_footer":false},"product_brand":[],"product_cat":[76],"product_tag":[106,111,113,115],"class_list":{"0":"post-2245","1":"product","2":"type-product","3":"status-publish","4":"has-post-thumbnail","6":"product_cat-romans","7":"product_tag-planet-opera","8":"product_tag-sf-metaphysique","9":"product_tag-soft-sf","10":"product_tag-voyage-dans-le-temps","12":"first","13":"instock","14":"taxable","15":"shipping-taxable","16":"purchasable","17":"product-type-simple","18":"entry","19":"content-bg","20":"loop-entry"},"aioseo_notices":[],"_links":{"self":[{"href":"https:\/\/formagraph-exercice.fr\/nectar-detoiles\/wp-json\/wp\/v2\/product\/2245","targetHints":{"allow":["GET"]}}],"collection":[{"href":"https:\/\/formagraph-exercice.fr\/nectar-detoiles\/wp-json\/wp\/v2\/product"}],"about":[{"href":"https:\/\/formagraph-exercice.fr\/nectar-detoiles\/wp-json\/wp\/v2\/types\/product"}],"replies":[{"embeddable":true,"href":"https:\/\/formagraph-exercice.fr\/nectar-detoiles\/wp-json\/wp\/v2\/comments?post=2245"}],"wp:featuredmedia":[{"embeddable":true,"href":"https:\/\/formagraph-exercice.fr\/nectar-detoiles\/wp-json\/wp\/v2\/media\/1940"}],"wp:attachment":[{"href":"https:\/\/formagraph-exercice.fr\/nectar-detoiles\/wp-json\/wp\/v2\/media?parent=2245"}],"wp:term":[{"taxonomy":"product_brand","embeddable":true,"href":"https:\/\/formagraph-exercice.fr\/nectar-detoiles\/wp-json\/wp\/v2\/product_brand?post=2245"},{"taxonomy":"product_cat","embeddable":true,"href":"https:\/\/formagraph-exercice.fr\/nectar-detoiles\/wp-json\/wp\/v2\/product_cat?post=2245"},{"taxonomy":"product_tag","embeddable":true,"href":"https:\/\/formagraph-exercice.fr\/nectar-detoiles\/wp-json\/wp\/v2\/product_tag?post=2245"}],"curies":[{"name":"wp","href":"https:\/\/api.w.org\/{rel}","templated":true}]}}