{"id":2236,"date":"2025-05-09T15:11:16","date_gmt":"2025-05-09T13:11:16","guid":{"rendered":"http:\/\/nectar-detoiles.fr\/?post_type=product&#038;p=2236"},"modified":"2025-05-09T15:11:16","modified_gmt":"2025-05-09T13:11:16","slug":"gold","status":"publish","type":"product","link":"https:\/\/formagraph-exercice.fr\/nectar-detoiles\/produit\/gold\/","title":{"rendered":"GOLD"},"content":{"rendered":"<h5 class=\"field field--name-field-categories field--type-entity-reference field--label-inline\"><span class=\"field__label\">Pourquoi lire ? <\/span><\/h5>\n<div class=\"field__wrapper\">\n<ul>\n<li class=\"\" data-start=\"2119\" data-end=\"2228\">\n<p class=\"\" data-start=\"2121\" data-end=\"2228\"><strong data-start=\"2121\" data-end=\"2143\">Suspense nucl\u00e9aire<\/strong> : chaque planche fait palpiter la tension entre pouvoir absolu et ma\u00eetrise de soi.<\/p>\n<\/li>\n<li class=\"\" data-start=\"2229\" data-end=\"2335\">\n<p class=\"\" data-start=\"2231\" data-end=\"2335\"><strong data-start=\"2231\" data-end=\"2254\">Adr\u00e9naline cosmique<\/strong> : un affrontement frontal entre technologie humaine et myst\u00e8re extraterrestre.<\/p>\n<\/li>\n<li class=\"\" data-start=\"2336\" data-end=\"2452\">\n<p class=\"\" data-start=\"2338\" data-end=\"2452\"><strong data-start=\"2338\" data-end=\"2366\">Exploration \u00e9motionnelle<\/strong> : la qu\u00eate d\u2019identit\u00e9 d\u2019Elara, tiraill\u00e9e entre deux mondes, touche au drame intime.<\/p>\n<\/li>\n<li class=\"\" data-start=\"2453\" data-end=\"2573\">\n<p class=\"\" data-start=\"2455\" data-end=\"2573\"><strong data-start=\"2455\" data-end=\"2482\">Univers visuel frappant<\/strong> : contrastes dor\u00e9s et ombres profondes, un graphisme qui claque comme un coup d\u2019\u0153il fatal.<\/p>\n<\/li>\n<\/ul>\n<\/div>\n<h5 class=\"field field--name-field-genres field--type-entity-reference field--label-inline\"><span class=\"field__label\">Formats disponibles :<\/span><\/h5>\n<div class=\"field__wrapper\">\n<p class=\"field__wrapper__item\"><span style=\"font-size: 16px;\">Papier, Num\u00e9rique (PDF\/eBook), \u00c9ditions collector avec tirage limit\u00e9<\/span><\/p>\n<\/div>\n<h5 class=\"field field--name-field-categories field--type-entity-reference field--label-inline\"><span class=\"field__label\">Th\u00e9matiques :<\/span><\/h5>\n<div class=\"field__wrapper\">\n<p class=\"field__wrapper__item\"><span style=\"font-size: 16px;\"><strong><em>Planet Opera \/\u00a0 Raypunk\u00a0 \/ Weird SF \/ Soft SF<\/em><\/strong><\/span><\/p>\n<\/div>\n<p class=\"field field--name-field-infos-techniques-html field--type-text-long field--label-hidden\"><span style=\"font-size: 16px;\"><em>34 pages, sous couverture illustr\u00e9e, 210 x 297 mm, en quadrichromie recto\/verso.<\/em><\/span><br \/>\n<span style=\"font-size: 16px;\"><em>Achev\u00e9 d&rsquo;imprimer : 20-04-2025<\/em><\/span><\/p>\n<div class=\"group--codes\">\n<h5 class=\"field field--name-field-isbn-old field--type-string field--label-above\"><span class=\"field__label\">ISBN<\/span><\/h5>\n<div class=\"field__item\">\n<p><span style=\"font-size: 16px;\">9782073068026<\/span><\/p>\n<\/div>\n<h5 class=\"field field--name-field-isbn field--type-string field--label-above\"><span class=\"field__label\" style=\"font-size: 20px;\">Gencode<\/span><\/h5>\n<div class=\"field__item\">\n<p><span style=\"font-size: 16px;\">9782073068026<\/span><\/p>\n<\/div>\n<h5 class=\"field field--name-field-code-distributeur field--type-string field--label-above\"><span class=\"field__label\">Code distributeur<\/span><\/h5>\n<div class=\"field__item\">\n<p><span style=\"font-size: 16px;\">G09116<\/span><\/p>\n<\/div>\n<\/div>\n","protected":false},"excerpt":{"rendered":"<p>\u00ab\u00a0Isol\u00e9e sur une plan\u00e8te ordinaire, <strong data-start=\"326\" data-end=\"335\">Elara<\/strong> vit une existence sans \u00e9clat\u2026 jusqu\u2019au jour o\u00f9, en plein coup de sang, son regard se fait arme fatale. Un simple battement de cil suffit \u00e0 d\u00e9sint\u00e9grer tout ce qu\u2019elle fixe : rochers, machines, \u00e2mes. \u00c0 mesure que la panique envahit sa ville d\u2019adoption, elle comprend qu\u2019elle ne tient pas d\u2019ici \u2014 ses pouvoirs sont l\u2019\u00e9cho d\u2019une origine cosmique oubli\u00e9e.\u00a0\u00bb<\/p>\n<p><em><strong>Co-\u00e9crit par Suzette Grenier et Quennel Renaud &amp; co-dessin\u00e9 par Zo\u00e9 Duval et Orlene Marois<\/strong><\/em><\/p>\n","protected":false},"featured_media":2237,"comment_status":"open","ping_status":"closed","template":"","meta":{"content-type":"","_kad_post_transparent":"default","_kad_post_title":"","_kad_post_layout":"default","_kad_post_sidebar_id":"","_kad_post_content_style":"default","_kad_post_vertical_padding":"default","_kad_post_feature":"","_kad_post_feature_position":"","_kad_post_header":false,"_kad_post_footer":false},"product_brand":[],"product_cat":[105],"product_tag":[106,110,113,116],"class_list":{"0":"post-2236","1":"product","2":"type-product","3":"status-publish","4":"has-post-thumbnail","6":"product_cat-bd","7":"product_tag-planet-opera","8":"product_tag-raypunk","9":"product_tag-soft-sf","10":"product_tag-weird-sf","12":"first","13":"instock","14":"taxable","15":"shipping-taxable","16":"purchasable","17":"product-type-simple","18":"entry","19":"content-bg","20":"loop-entry"},"aioseo_notices":[],"_links":{"self":[{"href":"https:\/\/formagraph-exercice.fr\/nectar-detoiles\/wp-json\/wp\/v2\/product\/2236","targetHints":{"allow":["GET"]}}],"collection":[{"href":"https:\/\/formagraph-exercice.fr\/nectar-detoiles\/wp-json\/wp\/v2\/product"}],"about":[{"href":"https:\/\/formagraph-exercice.fr\/nectar-detoiles\/wp-json\/wp\/v2\/types\/product"}],"replies":[{"embeddable":true,"href":"https:\/\/formagraph-exercice.fr\/nectar-detoiles\/wp-json\/wp\/v2\/comments?post=2236"}],"wp:featuredmedia":[{"embeddable":true,"href":"https:\/\/formagraph-exercice.fr\/nectar-detoiles\/wp-json\/wp\/v2\/media\/2237"}],"wp:attachment":[{"href":"https:\/\/formagraph-exercice.fr\/nectar-detoiles\/wp-json\/wp\/v2\/media?parent=2236"}],"wp:term":[{"taxonomy":"product_brand","embeddable":true,"href":"https:\/\/formagraph-exercice.fr\/nectar-detoiles\/wp-json\/wp\/v2\/product_brand?post=2236"},{"taxonomy":"product_cat","embeddable":true,"href":"https:\/\/formagraph-exercice.fr\/nectar-detoiles\/wp-json\/wp\/v2\/product_cat?post=2236"},{"taxonomy":"product_tag","embeddable":true,"href":"https:\/\/formagraph-exercice.fr\/nectar-detoiles\/wp-json\/wp\/v2\/product_tag?post=2236"}],"curies":[{"name":"wp","href":"https:\/\/api.w.org\/{rel}","templated":true}]}}