{"id":2222,"date":"2025-05-09T13:43:13","date_gmt":"2025-05-09T11:43:13","guid":{"rendered":"http:\/\/nectar-detoiles.fr\/?post_type=product&#038;p=2222"},"modified":"2025-05-09T14:55:26","modified_gmt":"2025-05-09T12:55:26","slug":"tralmiens","status":"publish","type":"product","link":"https:\/\/formagraph-exercice.fr\/nectar-detoiles\/produit\/tralmiens\/","title":{"rendered":"Tralmiens"},"content":{"rendered":"<h5 class=\"field field--name-field-categories field--type-entity-reference field--label-inline\"><span class=\"field__label\">Pourquoi lire ? <\/span><\/h5>\n<div class=\"field__wrapper\">\n<p class=\"field__wrapper__item\"><span style=\"font-size: 16px;\"><strong><em>Illustrations exclusives \/\u00a0 Accessible aux d\u00e9butants SF \/ Parfait pour les collectionneurs<\/em><\/strong><\/span><\/p>\n<\/div>\n<h5 class=\"field field--name-field-genres field--type-entity-reference field--label-inline\"><span class=\"field__label\">Formats disponibles :<\/span><\/h5>\n<div class=\"field__wrapper\">\n<p class=\"field__wrapper__item\"><span style=\"font-size: 16px;\">Papier, Num\u00e9rique (PDF\/eBook), \u00c9ditions collector avec tirage limit\u00e9<\/span><\/p>\n<\/div>\n<h5 class=\"field field--name-field-categories field--type-entity-reference field--label-inline\"><span class=\"field__label\">Th\u00e9matiques :<\/span><\/h5>\n<div class=\"field__wrapper\">\n<p class=\"field__wrapper__item\"><span style=\"font-size: 16px;\"><strong><em>Dystopie \/\u00a0 Planet Opera \/ New Wave \/ Voyage dans le temps<\/em><\/strong><\/span><\/p>\n<\/div>\n<p class=\"field field--name-field-infos-techniques-html field--type-text-long field--label-hidden\"><span style=\"font-size: 16px;\"><em>34 pages, sous couverture illustr\u00e9e, 210 x 297 mm, en quadrichromie recto\/verso.<\/em><\/span><br \/>\n<span style=\"font-size: 16px;\"><em>Achev\u00e9 d&rsquo;imprimer : 20-04-2025<\/em><\/span><\/p>\n<div class=\"group--codes\">\n<h5 class=\"field field--name-field-isbn-old field--type-string field--label-above\"><span class=\"field__label\">ISBN<\/span><\/h5>\n<div class=\"field__item\">\n<p><span style=\"font-size: 16px;\">9782073068026<\/span><\/p>\n<\/div>\n<h5 class=\"field field--name-field-isbn field--type-string field--label-above\"><span class=\"field__label\" style=\"font-size: 20px;\">Gencode<\/span><\/h5>\n<div class=\"field__item\">\n<p><span style=\"font-size: 16px;\">9782073068026<\/span><\/p>\n<\/div>\n<h5 class=\"field field--name-field-code-distributeur field--type-string field--label-above\"><span class=\"field__label\">Code distributeur<\/span><\/h5>\n<div class=\"field__item\">\n<p><span style=\"font-size: 16px;\">G09116<\/span><\/p>\n<\/div>\n<\/div>\n","protected":false},"excerpt":{"rendered":"<p>\u00ab\u00a0Un simple battement d\u2019ailes dans un petit village c\u00f4tier, un accident dans un laboratoire secret, un mot \u00e9chang\u00e9 dans une gare en pleine nuit\u2026 autant d\u2019\u00e9v\u00e9nements minuscules qui, tels des papillons fr\u00e9missants, d\u00e9clenchent une onde de choc \u00e0 travers les \u00e2ges. Tralmiens suit plusieurs destins, \u00e9parpill\u00e9s dans le temps, tous li\u00e9s \u00e0 ce \u201ccatalyseur originel\u201d. Chaque lap de temps r\u00e9v\u00e8le une trag\u00e9die : un empire s\u2019effondre, un amour interdit bascule dans le drame, un futur utopique sombre dans la tyrannie. Et tout cela, parce qu\u2019\u00e0 l\u2019instant X, quelque part, un geste infime a \u00e9t\u00e9 pos\u00e9.\u00a0\u00bb<\/p>\n<p><em><strong>\u00c9crit par Amaury Faucher et dessin\u00e9 pas Apolline Laforest<\/strong><\/em><\/p>\n","protected":false},"featured_media":2223,"comment_status":"open","ping_status":"closed","template":"","meta":{"content-type":"","_kad_post_transparent":"default","_kad_post_title":"","_kad_post_layout":"default","_kad_post_sidebar_id":"","_kad_post_content_style":"default","_kad_post_vertical_padding":"default","_kad_post_feature":"","_kad_post_feature_position":"","_kad_post_header":false,"_kad_post_footer":false},"product_brand":[],"product_cat":[105],"product_tag":[107,109,106,115],"class_list":{"0":"post-2222","1":"product","2":"type-product","3":"status-publish","4":"has-post-thumbnail","6":"product_cat-bd","7":"product_tag-dystopie","8":"product_tag-new-wave","9":"product_tag-planet-opera","10":"product_tag-voyage-dans-le-temps","12":"first","13":"instock","14":"taxable","15":"shipping-taxable","16":"purchasable","17":"product-type-simple","18":"entry","19":"content-bg","20":"loop-entry"},"aioseo_notices":[],"_links":{"self":[{"href":"https:\/\/formagraph-exercice.fr\/nectar-detoiles\/wp-json\/wp\/v2\/product\/2222","targetHints":{"allow":["GET"]}}],"collection":[{"href":"https:\/\/formagraph-exercice.fr\/nectar-detoiles\/wp-json\/wp\/v2\/product"}],"about":[{"href":"https:\/\/formagraph-exercice.fr\/nectar-detoiles\/wp-json\/wp\/v2\/types\/product"}],"replies":[{"embeddable":true,"href":"https:\/\/formagraph-exercice.fr\/nectar-detoiles\/wp-json\/wp\/v2\/comments?post=2222"}],"wp:featuredmedia":[{"embeddable":true,"href":"https:\/\/formagraph-exercice.fr\/nectar-detoiles\/wp-json\/wp\/v2\/media\/2223"}],"wp:attachment":[{"href":"https:\/\/formagraph-exercice.fr\/nectar-detoiles\/wp-json\/wp\/v2\/media?parent=2222"}],"wp:term":[{"taxonomy":"product_brand","embeddable":true,"href":"https:\/\/formagraph-exercice.fr\/nectar-detoiles\/wp-json\/wp\/v2\/product_brand?post=2222"},{"taxonomy":"product_cat","embeddable":true,"href":"https:\/\/formagraph-exercice.fr\/nectar-detoiles\/wp-json\/wp\/v2\/product_cat?post=2222"},{"taxonomy":"product_tag","embeddable":true,"href":"https:\/\/formagraph-exercice.fr\/nectar-detoiles\/wp-json\/wp\/v2\/product_tag?post=2222"}],"curies":[{"name":"wp","href":"https:\/\/api.w.org\/{rel}","templated":true}]}}