{"id":2221,"date":"2025-05-09T13:31:43","date_gmt":"2025-05-09T11:31:43","guid":{"rendered":"http:\/\/nectar-detoiles.fr\/?post_type=product&#038;p=2221"},"modified":"2025-05-09T14:56:02","modified_gmt":"2025-05-09T12:56:02","slug":"reefb-745","status":"publish","type":"product","link":"https:\/\/formagraph-exercice.fr\/nectar-detoiles\/produit\/reefb-745\/","title":{"rendered":"Reefb 745"},"content":{"rendered":"<h5 class=\"field field--name-field-categories field--type-entity-reference field--label-inline\"><span class=\"field__label\">Pourquoi lire ? <\/span><\/h5>\n<div class=\"field__wrapper\">\n<p class=\"field__wrapper__item\"><span style=\"font-size: 16px;\"><strong><em>Illustrations exclusives \/\u00a0 Accessible aux d\u00e9butants SF \/ Parfait pour les collectionneurs<\/em><\/strong><\/span><\/p>\n<\/div>\n<h5 class=\"field field--name-field-genres field--type-entity-reference field--label-inline\"><span class=\"field__label\">Formats disponibles :<\/span><\/h5>\n<div class=\"field__wrapper\">\n<p class=\"field__wrapper__item\"><span style=\"font-size: 16px;\">Papier, Num\u00e9rique (PDF\/eBook), \u00c9ditions collector avec tirage limit\u00e9<\/span><\/p>\n<\/div>\n<h5 class=\"field field--name-field-categories field--type-entity-reference field--label-inline\"><span class=\"field__label\">Th\u00e9matiques :<\/span><\/h5>\n<div class=\"field__wrapper\">\n<p class=\"field__wrapper__item\"><span style=\"font-size: 16px;\"><strong><em>Dystopie \/\u00a0 Sociologie-fiction \/ Utopie<\/em><\/strong><\/span><\/p>\n<\/div>\n<p class=\"field field--name-field-infos-techniques-html field--type-text-long field--label-hidden\"><span style=\"font-size: 16px;\"><em>34 pages, sous couverture illustr\u00e9e, 210 x 297 mm, en quadrichromie recto\/verso.<\/em><\/span><br \/>\n<span style=\"font-size: 16px;\"><em>Achev\u00e9 d&rsquo;imprimer : 20-04-2025<\/em><\/span><\/p>\n<div class=\"group--codes\">\n<h5 class=\"field field--name-field-isbn-old field--type-string field--label-above\"><span class=\"field__label\">ISBN<\/span><\/h5>\n<div class=\"field__item\">\n<p><span style=\"font-size: 16px;\">9782073068026<\/span><\/p>\n<\/div>\n<h5 class=\"field field--name-field-isbn field--type-string field--label-above\"><span class=\"field__label\" style=\"font-size: 20px;\">Gencode<\/span><\/h5>\n<div class=\"field__item\">\n<p><span style=\"font-size: 16px;\">9782073068026<\/span><\/p>\n<\/div>\n<h5 class=\"field field--name-field-code-distributeur field--type-string field--label-above\"><span class=\"field__label\">Code distributeur<\/span><\/h5>\n<div class=\"field__item\">\n<p><span style=\"font-size: 16px;\">G09116<\/span><\/p>\n<\/div>\n<\/div>\n","protected":false},"excerpt":{"rendered":"<p>\u00ab\u00a0Des cendres de la guerre, un petit groupe de rescap\u00e9s d\u2019un peuple jadis glorieux erre parmi les ruines d\u2019un monde \u00e0 peine reconnaissable. Num\u00e9rot\u00e9s par leur ancien r\u00e9gime, ils se nomment eux-m\u00eames les \u201c745\u201d, symbole de leur unit\u00e9 fragment\u00e9e. Port\u00e9es par un souffle d\u2019espoir, ils b\u00e2tissent de leurs mains le r\u00eave d\u2019une aube nouvelle\u2026 jusqu\u2019\u00e0 l\u2019apparition d\u2019une force myst\u00e9rieuse, pr\u00eate \u00e0 tout pour \u00e9craser leurs derni\u00e8res lueurs de r\u00e9sistance.\u00a0\u00bb<\/p>\n<p><em><strong>\u00c9crit par Eug\u00e8ne Arpin &amp; Dessin\u00e9 par Darwin Fimer<\/strong><\/em><\/p>\n","protected":false},"featured_media":1986,"comment_status":"open","ping_status":"closed","template":"","meta":{"content-type":"","_kad_post_transparent":"default","_kad_post_title":"","_kad_post_layout":"default","_kad_post_sidebar_id":"","_kad_post_content_style":"default","_kad_post_vertical_padding":"default","_kad_post_feature":"","_kad_post_feature_position":"","_kad_post_header":false,"_kad_post_footer":false},"product_brand":[],"product_cat":[105],"product_tag":[107,112,114],"class_list":{"0":"post-2221","1":"product","2":"type-product","3":"status-publish","4":"has-post-thumbnail","6":"product_cat-bd","7":"product_tag-dystopie","8":"product_tag-sociologie-fiction","9":"product_tag-utopie","11":"first","12":"instock","13":"taxable","14":"shipping-taxable","15":"purchasable","16":"product-type-simple","17":"entry","18":"content-bg","19":"loop-entry"},"aioseo_notices":[],"_links":{"self":[{"href":"https:\/\/formagraph-exercice.fr\/nectar-detoiles\/wp-json\/wp\/v2\/product\/2221","targetHints":{"allow":["GET"]}}],"collection":[{"href":"https:\/\/formagraph-exercice.fr\/nectar-detoiles\/wp-json\/wp\/v2\/product"}],"about":[{"href":"https:\/\/formagraph-exercice.fr\/nectar-detoiles\/wp-json\/wp\/v2\/types\/product"}],"replies":[{"embeddable":true,"href":"https:\/\/formagraph-exercice.fr\/nectar-detoiles\/wp-json\/wp\/v2\/comments?post=2221"}],"wp:featuredmedia":[{"embeddable":true,"href":"https:\/\/formagraph-exercice.fr\/nectar-detoiles\/wp-json\/wp\/v2\/media\/1986"}],"wp:attachment":[{"href":"https:\/\/formagraph-exercice.fr\/nectar-detoiles\/wp-json\/wp\/v2\/media?parent=2221"}],"wp:term":[{"taxonomy":"product_brand","embeddable":true,"href":"https:\/\/formagraph-exercice.fr\/nectar-detoiles\/wp-json\/wp\/v2\/product_brand?post=2221"},{"taxonomy":"product_cat","embeddable":true,"href":"https:\/\/formagraph-exercice.fr\/nectar-detoiles\/wp-json\/wp\/v2\/product_cat?post=2221"},{"taxonomy":"product_tag","embeddable":true,"href":"https:\/\/formagraph-exercice.fr\/nectar-detoiles\/wp-json\/wp\/v2\/product_tag?post=2221"}],"curies":[{"name":"wp","href":"https:\/\/api.w.org\/{rel}","templated":true}]}}