{"id":2219,"date":"2025-05-09T13:27:45","date_gmt":"2025-05-09T11:27:45","guid":{"rendered":"http:\/\/nectar-detoiles.fr\/?post_type=product&#038;p=2219"},"modified":"2025-05-09T14:56:56","modified_gmt":"2025-05-09T12:56:56","slug":"ici","status":"publish","type":"product","link":"https:\/\/formagraph-exercice.fr\/nectar-detoiles\/produit\/ici\/","title":{"rendered":"ICI"},"content":{"rendered":"<h5 class=\"field field--name-field-categories field--type-entity-reference field--label-inline\"><span class=\"field__label\">Pourquoi lire ? <\/span><\/h5>\n<div class=\"field__wrapper\">\n<p class=\"field__wrapper__item\"><span style=\"font-size: 16px;\"><strong><em>Illustrations exclusives \/\u00a0 Accessible aux d\u00e9butants SF \/ Parfait pour les collectionneurs<\/em><\/strong><\/span><\/p>\n<\/div>\n<h5 class=\"field field--name-field-genres field--type-entity-reference field--label-inline\"><span class=\"field__label\">Formats disponibles :<\/span><\/h5>\n<div class=\"field__wrapper\">\n<p class=\"field__wrapper__item\"><span style=\"font-size: 16px;\">Papier, Num\u00e9rique (PDF\/eBook), \u00c9ditions collector avec tirage limit\u00e9<\/span><\/p>\n<\/div>\n<h5 class=\"field field--name-field-categories field--type-entity-reference field--label-inline\"><span class=\"field__label\">Th\u00e9matiques :<\/span><\/h5>\n<div class=\"field__wrapper\">\n<p class=\"field__wrapper__item\"><span style=\"font-size: 16px;\"><strong><em>Dystopie \/\u00a0 SF m\u00e9taphysique \/ Weird SF<\/em><\/strong><\/span><\/p>\n<\/div>\n<p class=\"field field--name-field-infos-techniques-html field--type-text-long field--label-hidden\"><span style=\"font-size: 16px;\"><em>34 pages, sous couverture illustr\u00e9e, 210 x 297 mm, en quadrichromie recto\/verso.<\/em><\/span><br \/>\n<span style=\"font-size: 16px;\"><em>Achev\u00e9 d&rsquo;imprimer : 20-04-2025<\/em><\/span><\/p>\n<div class=\"group--codes\">\n<h5 class=\"field field--name-field-isbn-old field--type-string field--label-above\"><span class=\"field__label\">ISBN<\/span><\/h5>\n<div class=\"field__item\">\n<p><span style=\"font-size: 16px;\">9782073068026<\/span><\/p>\n<\/div>\n<h5 class=\"field field--name-field-isbn field--type-string field--label-above\"><span class=\"field__label\" style=\"font-size: 20px;\">Gencode<\/span><\/h5>\n<div class=\"field__item\">\n<p><span style=\"font-size: 16px;\">9782073068026<\/span><\/p>\n<\/div>\n<h5 class=\"field field--name-field-code-distributeur field--type-string field--label-above\"><span class=\"field__label\">Code distributeur<\/span><\/h5>\n<div class=\"field__item\">\n<p><span style=\"font-size: 16px;\">G09116<\/span><\/p>\n<\/div>\n<\/div>\n","protected":false},"excerpt":{"rendered":"<p>\u00ab\u00a0La Terre telle qu\u2019on la conna\u00eet s\u2019effondre sous les crocs de cr\u00e9atures titanesques. Des monstres d\u2019une cruaut\u00e9 inou\u00efe \u00e9mergent du sol, d\u00e9vorant villes, for\u00eats et oc\u00e9ans, jusqu\u2019\u00e0 ne laisser derri\u00e8re eux qu\u2019un d\u00e9sert rouge\u00e2tre, \u00e9cras\u00e9 sous un ciel de cendres. Dans ce carnage apocalyptique, deux \u00e2mes \u2014 Ma\u00ebl, un ex\u2013mycologue en qu\u00eate de r\u00e9demption, et Yara, une pilote de grappe volante traumatis\u00e9e \u2014 tissent une alliance de fortune. Leur but ? Survivre assez longtemps pour d\u00e9couvrir l\u2019origine de ces abominations\u2026 et, peut-\u00eatre, rallumer une \u00e9tincelle d\u2019espoir.\u00a0\u00bb<\/p>\n<p><em><strong>\u00c9crit par Eug\u00e8ne Arpin &amp; Dessin\u00e9 par Darwin Fimer<\/strong><\/em><\/p>\n","protected":false},"featured_media":1993,"comment_status":"open","ping_status":"closed","template":"","meta":{"content-type":"","_kad_post_transparent":"default","_kad_post_title":"","_kad_post_layout":"default","_kad_post_sidebar_id":"","_kad_post_content_style":"default","_kad_post_vertical_padding":"default","_kad_post_feature":"","_kad_post_feature_position":"","_kad_post_header":false,"_kad_post_footer":false},"product_brand":[],"product_cat":[105],"product_tag":[107,111,116],"class_list":{"0":"post-2219","1":"product","2":"type-product","3":"status-publish","4":"has-post-thumbnail","6":"product_cat-bd","7":"product_tag-dystopie","8":"product_tag-sf-metaphysique","9":"product_tag-weird-sf","11":"first","12":"instock","13":"taxable","14":"shipping-taxable","15":"purchasable","16":"product-type-simple","17":"entry","18":"content-bg","19":"loop-entry"},"aioseo_notices":[],"_links":{"self":[{"href":"https:\/\/formagraph-exercice.fr\/nectar-detoiles\/wp-json\/wp\/v2\/product\/2219","targetHints":{"allow":["GET"]}}],"collection":[{"href":"https:\/\/formagraph-exercice.fr\/nectar-detoiles\/wp-json\/wp\/v2\/product"}],"about":[{"href":"https:\/\/formagraph-exercice.fr\/nectar-detoiles\/wp-json\/wp\/v2\/types\/product"}],"replies":[{"embeddable":true,"href":"https:\/\/formagraph-exercice.fr\/nectar-detoiles\/wp-json\/wp\/v2\/comments?post=2219"}],"wp:featuredmedia":[{"embeddable":true,"href":"https:\/\/formagraph-exercice.fr\/nectar-detoiles\/wp-json\/wp\/v2\/media\/1993"}],"wp:attachment":[{"href":"https:\/\/formagraph-exercice.fr\/nectar-detoiles\/wp-json\/wp\/v2\/media?parent=2219"}],"wp:term":[{"taxonomy":"product_brand","embeddable":true,"href":"https:\/\/formagraph-exercice.fr\/nectar-detoiles\/wp-json\/wp\/v2\/product_brand?post=2219"},{"taxonomy":"product_cat","embeddable":true,"href":"https:\/\/formagraph-exercice.fr\/nectar-detoiles\/wp-json\/wp\/v2\/product_cat?post=2219"},{"taxonomy":"product_tag","embeddable":true,"href":"https:\/\/formagraph-exercice.fr\/nectar-detoiles\/wp-json\/wp\/v2\/product_tag?post=2219"}],"curies":[{"name":"wp","href":"https:\/\/api.w.org\/{rel}","templated":true}]}}