{"id":1560,"date":"2025-05-03T12:08:53","date_gmt":"2025-05-03T10:08:53","guid":{"rendered":"http:\/\/nectar-detoiles.fr\/?post_type=product&#038;p=1560"},"modified":"2025-05-09T16:08:11","modified_gmt":"2025-05-09T14:08:11","slug":"jeiriuves","status":"publish","type":"product","link":"https:\/\/formagraph-exercice.fr\/nectar-detoiles\/produit\/jeiriuves\/","title":{"rendered":"Jeiriuves"},"content":{"rendered":"<h5 class=\"field field--name-field-genres field--type-entity-reference field--label-inline\"><span class=\"field__label\">Pourquoi lire ?<\/span><\/h5>\n<div class=\"field__wrapper\">\n<p><strong><em>Un univers visuel unique \/<\/em> Id\u00e9al pour [d\u00e9butants SF et passionn\u00e9s curieux] <em>\/ \u00c9dition collector disponible<\/em><\/strong><\/p>\n<\/div>\n<h5 class=\"field field--name-field-categories field--type-entity-reference field--label-inline\"><span class=\"field__label\">Formats disponibles :<\/span><\/h5>\n<div class=\"field__wrapper\">\n<p>Papier, Num\u00e9rique (eBook), \u00c9ditions collector avec tirage limit\u00e9, Audio (si disponible)<\/p>\n<\/div>\n<h5 class=\"field field--name-field-categories field--type-entity-reference field--label-inline\"><span class=\"field__label\">Th\u00e9matiques :<\/span><\/h5>\n<div class=\"field__wrapper\">\n<p class=\"field__wrapper__item\"><span style=\"font-size: 16px;\"><strong><em>Planet Opera \/ Dystopie \/ Sociologie-fiction\/ Soft SF<\/em><\/strong><\/span><\/p>\n<\/div>\n<p class=\"field field--name-field-infos-techniques-html field--type-text-long field--label-hidden\"><em>260 pages, sous couverture illustr\u00e9e, 160 x 240 mm, reli\u00e9<\/em><br \/>\n<em>Achev\u00e9 d\u2019imprimer : 20-04-2025<\/em><\/p>\n<div class=\"group--codes\">\n<h5 class=\"field field--name-field-isbn-old field--type-string field--label-above\"><span class=\"field__label\">ISBN<\/span><\/h5>\n<div class=\"field__item\">\n<p>9782073068026<\/p>\n<\/div>\n<h5 class=\"field field--name-field-isbn field--type-string field--label-above\"><span class=\"field__label\">Gencode<\/span><\/h5>\n<div class=\"field__item\">\n<p>9782073068026<\/p>\n<\/div>\n<h5 class=\"field field--name-field-code-distributeur field--type-string field--label-above\"><span class=\"field__label\">Code distributeur<\/span><\/h5>\n<div class=\"field__item\">\n<p>G09116<\/p>\n<h5 class=\"field field--name-field-genres field--type-entity-reference field--label-inline\"><span class=\"field__label\">Extrait<\/span><\/h5>\n<div class=\"_3d-flip-book  fb3d-fullscreen-mode full-size\" data-id=\"0\" data-mode=\"fullscreen\" data-title=\"false\" data-template=\"short-white-book-view\" data-lightbox=\"dark-shadow\" data-urlparam=\"fb3d-page\" data-page-n=\"0\" data-pdf=\"https:\/\/formagraph-exercice.fr\/nectar-detoiles\/wp-content\/uploads\/2025\/05\/PROLOGUE.pdf\" data-tax=\"null\" data-thumbnail=\"\" data-cols=\"3\" data-book-template=\"default\" data-trigger=\"\" style=\"background-image:url(&#039;https:\/\/formagraph-exercice.fr\/nectar-detoiles\/wp-content\/uploads\/2025\/05\/Fichier-6.png&#039;);\"><\/div>\n<\/div>\n<\/div>\n","protected":false},"excerpt":{"rendered":"<p>\u00ab\u00a0Dans un monde o\u00f9 la routine plan\u00e9taire r\u00e9gnait en ma\u00eetre, l\u2019arriv\u00e9e des Jeiriuves chamboule tout ! Ces visiteurs extraterrestres aussi d\u00e9cal\u00e9s, qu\u2019\u00e9nigmatique, d\u00e9barquent sur une plan\u00e8te d\u00e9j\u00e0 peupl\u00e9e d\u2019\u00eatres aux traditions bien encr\u00e9es, s\u00e8ment le chaos. Leur pr\u00e9sence d\u00e9clenche un choc des civilisations inattendu. Alliance improbable, r\u00e9v\u00e9lations surprenantes et r\u00e9voltent, surgissent \u00e0 chaque coin de rue.<\/p>\n<p>Face \u00e0 cette invasion d\u00e9routante, chaque habitant est contraint d\u2019accepter la situation.\u00a0\u00bb<\/p>\n<p><em><strong>\u00c9crit par Antoinette Louis.<\/strong><\/em><\/p>\n","protected":false},"featured_media":1561,"comment_status":"open","ping_status":"closed","template":"","meta":{"content-type":"","_kad_post_transparent":"default","_kad_post_title":"","_kad_post_layout":"default","_kad_post_sidebar_id":"","_kad_post_content_style":"default","_kad_post_vertical_padding":"default","_kad_post_feature":"","_kad_post_feature_position":"","_kad_post_header":false,"_kad_post_footer":false},"product_brand":[],"product_cat":[76],"product_tag":[107,106,112,113],"class_list":{"0":"post-1560","1":"product","2":"type-product","3":"status-publish","4":"has-post-thumbnail","6":"product_cat-romans","7":"product_tag-dystopie","8":"product_tag-planet-opera","9":"product_tag-sociologie-fiction","10":"product_tag-soft-sf","12":"first","13":"instock","14":"taxable","15":"shipping-taxable","16":"purchasable","17":"product-type-simple","18":"entry","19":"content-bg","20":"loop-entry"},"aioseo_notices":[],"_links":{"self":[{"href":"https:\/\/formagraph-exercice.fr\/nectar-detoiles\/wp-json\/wp\/v2\/product\/1560","targetHints":{"allow":["GET"]}}],"collection":[{"href":"https:\/\/formagraph-exercice.fr\/nectar-detoiles\/wp-json\/wp\/v2\/product"}],"about":[{"href":"https:\/\/formagraph-exercice.fr\/nectar-detoiles\/wp-json\/wp\/v2\/types\/product"}],"replies":[{"embeddable":true,"href":"https:\/\/formagraph-exercice.fr\/nectar-detoiles\/wp-json\/wp\/v2\/comments?post=1560"}],"wp:featuredmedia":[{"embeddable":true,"href":"https:\/\/formagraph-exercice.fr\/nectar-detoiles\/wp-json\/wp\/v2\/media\/1561"}],"wp:attachment":[{"href":"https:\/\/formagraph-exercice.fr\/nectar-detoiles\/wp-json\/wp\/v2\/media?parent=1560"}],"wp:term":[{"taxonomy":"product_brand","embeddable":true,"href":"https:\/\/formagraph-exercice.fr\/nectar-detoiles\/wp-json\/wp\/v2\/product_brand?post=1560"},{"taxonomy":"product_cat","embeddable":true,"href":"https:\/\/formagraph-exercice.fr\/nectar-detoiles\/wp-json\/wp\/v2\/product_cat?post=1560"},{"taxonomy":"product_tag","embeddable":true,"href":"https:\/\/formagraph-exercice.fr\/nectar-detoiles\/wp-json\/wp\/v2\/product_tag?post=1560"}],"curies":[{"name":"wp","href":"https:\/\/api.w.org\/{rel}","templated":true}]}}