{"id":1047,"date":"2025-03-20T11:06:47","date_gmt":"2025-03-20T10:06:47","guid":{"rendered":"http:\/\/nectar-detoiles.fr\/?post_type=product&#038;p=1047"},"modified":"2025-05-09T16:16:16","modified_gmt":"2025-05-09T14:16:16","slug":"archibalde-848","status":"publish","type":"product","link":"https:\/\/formagraph-exercice.fr\/nectar-detoiles\/produit\/archibalde-848\/","title":{"rendered":"ARCHIBALDE 848"},"content":{"rendered":"<h5 class=\"field field--name-field-genres field--type-entity-reference field--label-inline\"><span class=\"field__label\">Pourquoi lire ?<\/span><\/h5>\n<div class=\"field__wrapper\">\n<ul>\n<li class=\"\" data-start=\"4721\" data-end=\"4837\">\n<p class=\"\" data-start=\"4723\" data-end=\"4837\"><strong data-start=\"4723\" data-end=\"4744\">Richesse visuelle<\/strong> : vaisseaux sertis de cristaux gravitationnels, cit\u00e9s agripunk et for\u00eats de m\u00e9tamat\u00e9riaux.<\/p>\n<\/li>\n<li class=\"\" data-start=\"4838\" data-end=\"4964\">\n<p class=\"\" data-start=\"4840\" data-end=\"4964\"><strong data-start=\"4840\" data-end=\"4865\">Suspense intellectuel<\/strong> : dilemmes \u00e9thiques et secrets technologiques parfaitement ancr\u00e9s dans un r\u00e9alisme scientifique.<\/p>\n<\/li>\n<li class=\"\" data-start=\"4965\" data-end=\"5101\">\n<p class=\"\" data-start=\"4967\" data-end=\"5101\"><strong data-start=\"4967\" data-end=\"4992\">Diversit\u00e9 des esp\u00e8ces<\/strong> : rencontres bouleversantes avec des entit\u00e9s phosphorescentes, symbiotes coralliens et colons bio-adapt\u00e9s.<\/p>\n<\/li>\n<li class=\"\" data-start=\"5102\" data-end=\"5239\">\n<p class=\"\" data-start=\"5104\" data-end=\"5239\"><strong data-start=\"5104\" data-end=\"5130\">Ambition philosophique<\/strong> : exploration du rapport entre cr\u00e9ation et destruction, et question du libre-arbitre \u00e0 l\u2019\u00e9chelle galactique.<\/p>\n<\/li>\n<\/ul>\n<\/div>\n<h5 class=\"field field--name-field-categories field--type-entity-reference field--label-inline\"><span class=\"field__label\">Formats disponibles :<\/span><\/h5>\n<div class=\"field__wrapper\">\n<p>Papier, Num\u00e9rique (eBook), \u00c9ditions collector avec tirage limit\u00e9, Audio (si disponible)<\/p>\n<\/div>\n<h5 class=\"field field--name-field-categories field--type-entity-reference field--label-inline\"><span class=\"field__label\">Th\u00e9matiques :<\/span><\/h5>\n<div class=\"field__wrapper\">\n<p class=\"field__wrapper__item\"><span style=\"font-size: 16px;\"><strong><em>Planet Opera \/ Dystopie \/ Utopie \/ Hard SF<\/em><\/strong><\/span><\/p>\n<\/div>\n<p class=\"field field--name-field-infos-techniques-html field--type-text-long field--label-hidden\"><em>260 pages, sous couverture illustr\u00e9e, 160 x 240 mm, reli\u00e9<\/em><br \/>\n<em>Achev\u00e9 d\u2019imprimer : 20-04-2025<\/em><\/p>\n<div class=\"group--codes\">\n<h5 class=\"field field--name-field-isbn-old field--type-string field--label-above\"><span class=\"field__label\">ISBN<\/span><\/h5>\n<div class=\"field__item\">\n<p>9782073068026<\/p>\n<\/div>\n<h5 class=\"field field--name-field-isbn field--type-string field--label-above\"><span class=\"field__label\">Gencode<\/span><\/h5>\n<div class=\"field__item\">\n<p>9782073068026<\/p>\n<\/div>\n<h5 class=\"field field--name-field-code-distributeur field--type-string field--label-above\"><span class=\"field__label\">Code distributeur<\/span><\/h5>\n<div class=\"field__item\">\n<p>G09116<\/p>\n<h5 class=\"field field--name-field-genres field--type-entity-reference field--label-inline\"><span class=\"field__label\">Extrait<\/span><\/h5>\n<div class=\"_3d-flip-book  fb3d-fullscreen-mode full-size\" data-id=\"0\" data-mode=\"fullscreen\" data-title=\"false\" data-template=\"short-white-book-view\" data-lightbox=\"dark-shadow\" data-urlparam=\"fb3d-page\" data-page-n=\"0\" data-pdf=\"https:\/\/formagraph-exercice.fr\/nectar-detoiles\/wp-content\/uploads\/2025\/05\/PROLOGUE.pdf\" data-tax=\"null\" data-thumbnail=\"\" data-cols=\"3\" data-book-template=\"default\" data-trigger=\"\" style=\"background-image:url(&#039;https:\/\/formagraph-exercice.fr\/nectar-detoiles\/wp-content\/uploads\/2025\/05\/Fichier-6.png&#039;);\"><\/div>\n<\/div>\n<\/div>\n","protected":false},"excerpt":{"rendered":"<p>\u00ab\u00a0Sur fond de guerre silencieuse entre cit\u00e9s stellaires et coalitions commerciales, <strong data-start=\"989\" data-end=\"1007\">ARCHIBALDE 848<\/strong> suit l\u2019\u00e9quipage h\u00e9t\u00e9roclite du vaisseau \u00e9ponyme. Alors qu\u2019ils explorent les confins du Quadrant X22, ils d\u00e9couvrent une esp\u00e8ce de forme de vie m\u00e9canique, vestige d\u2019une civilisation ant\u00e9diluvienne capable de remodeler la mati\u00e8re \u00e0 l\u2019\u00e9chelle plan\u00e9taire. Ce \u201cMoteur Archibalde\u201d est \u00e0 la fois une promesse d\u2019utopie \u2013 fin des famines, terraformation instantan\u00e9e \u2013 et une arme de destruction de masse, d\u00e9vastatrice pour quiconque en prendrait le contr\u00f4le. Entre passages de trous de ver, rencontres d\u2019esp\u00e8ces plus ou moins hospitali\u00e8res et intrigues politiques opposant r\u00e9gimes dictatoriaux et consortiums libertariens, l\u2019\u00e9quipage devra d\u00e9cider : pr\u00e9server ce secret pour \u00e9viter un g\u00e9nocide galactique\u2026 ou le diffuser, au risque de sceller le destin de milliards d\u2019\u00eatres.\u00a0\u00bb<\/p>\n<p><em><strong>\u00c9crit par Bernard Baudin<\/strong><\/em><\/p>\n","protected":false},"featured_media":1014,"comment_status":"open","ping_status":"closed","template":"","meta":{"content-type":"","_kad_post_transparent":"default","_kad_post_title":"","_kad_post_layout":"default","_kad_post_sidebar_id":"","_kad_post_content_style":"default","_kad_post_vertical_padding":"default","_kad_post_feature":"","_kad_post_feature_position":"","_kad_post_header":false,"_kad_post_footer":false},"product_brand":[],"product_cat":[76],"product_tag":[107,108,106,114],"class_list":{"0":"post-1047","1":"product","2":"type-product","3":"status-publish","4":"has-post-thumbnail","6":"product_cat-romans","7":"product_tag-dystopie","8":"product_tag-hard-sf","9":"product_tag-planet-opera","10":"product_tag-utopie","12":"first","13":"instock","14":"taxable","15":"shipping-taxable","16":"purchasable","17":"product-type-simple","18":"entry","19":"content-bg","20":"loop-entry"},"aioseo_notices":[],"_links":{"self":[{"href":"https:\/\/formagraph-exercice.fr\/nectar-detoiles\/wp-json\/wp\/v2\/product\/1047","targetHints":{"allow":["GET"]}}],"collection":[{"href":"https:\/\/formagraph-exercice.fr\/nectar-detoiles\/wp-json\/wp\/v2\/product"}],"about":[{"href":"https:\/\/formagraph-exercice.fr\/nectar-detoiles\/wp-json\/wp\/v2\/types\/product"}],"replies":[{"embeddable":true,"href":"https:\/\/formagraph-exercice.fr\/nectar-detoiles\/wp-json\/wp\/v2\/comments?post=1047"}],"wp:featuredmedia":[{"embeddable":true,"href":"https:\/\/formagraph-exercice.fr\/nectar-detoiles\/wp-json\/wp\/v2\/media\/1014"}],"wp:attachment":[{"href":"https:\/\/formagraph-exercice.fr\/nectar-detoiles\/wp-json\/wp\/v2\/media?parent=1047"}],"wp:term":[{"taxonomy":"product_brand","embeddable":true,"href":"https:\/\/formagraph-exercice.fr\/nectar-detoiles\/wp-json\/wp\/v2\/product_brand?post=1047"},{"taxonomy":"product_cat","embeddable":true,"href":"https:\/\/formagraph-exercice.fr\/nectar-detoiles\/wp-json\/wp\/v2\/product_cat?post=1047"},{"taxonomy":"product_tag","embeddable":true,"href":"https:\/\/formagraph-exercice.fr\/nectar-detoiles\/wp-json\/wp\/v2\/product_tag?post=1047"}],"curies":[{"name":"wp","href":"https:\/\/api.w.org\/{rel}","templated":true}]}}