{"id":1041,"date":"2025-03-19T14:28:35","date_gmt":"2025-03-19T13:28:35","guid":{"rendered":"http:\/\/nectar-detoiles.fr\/?post_type=product&#038;p=1041"},"modified":"2025-05-09T19:16:31","modified_gmt":"2025-05-09T17:16:31","slug":"jeiraves","status":"publish","type":"product","link":"https:\/\/formagraph-exercice.fr\/nectar-detoiles\/produit\/jeiraves\/","title":{"rendered":"Jeiriuves &#8211; Livre audio"},"content":{"rendered":"<h5 class=\"field field--name-field-genres field--type-entity-reference field--label-inline\"><span class=\"field__label\">Pourquoi \u00e9couter ?\u00a0<\/span><\/h5>\n<div class=\"field__wrapper\">\n<p><strong><em>Narration captivante \/ \u00c9coute parfaite pour d\u00e9butants SF \/ Alternative id\u00e9ale pour lecture immersive<\/em><\/strong><\/p>\n<h5 class=\"field field--name-field-categories field--type-entity-reference field--label-inline\"><span class=\"field__label\">Formats disponibles :<\/span><\/h5>\n<div class=\"field__wrapper\">\n<p>Audio (MP3, spotify), Extraits gratuits disponibles<\/p>\n<\/div>\n<\/div>\n<h5 class=\"field field--name-field-categories field--type-entity-reference field--label-inline\"><span class=\"field__label\">Th\u00e9matiques :<\/span><\/h5>\n<div class=\"field__wrapper\">\n<p class=\"field__wrapper__item\"><span style=\"font-size: 16px;\"><strong><em>Planet Opera \/ Dystopie \/ Sociologie-fiction\/ Soft SF<\/em><\/strong><\/span><\/p>\n<\/div>\n<p class=\"field field--name-field-infos-techniques-html field--type-text-long field--label-hidden\"><span style=\"font-size: 16px;\"><em>Dur\u00e9e : 25 minutes par partie.<\/em><\/span><br \/>\n<span style=\"font-size: 16px;\"><em>Achev\u00e9 : 20-04-2025<\/em><\/span><\/p>\n<h5 class=\"field field--name-field-genres field--type-entity-reference field--label-inline\"><span class=\"field__label\">Extrait Audio :<\/span><\/h5>\n<div class=\"wp-playlist wp-audio-playlist wp-playlist-light\">\n\t\t\t<div class=\"wp-playlist-current-item\"><\/div>\n\t\t<audio controls=\"controls\" preload=\"none\" width=\"1268\"\n\t\t\t><\/audio>\n\t<div class=\"wp-playlist-next\"><\/div>\n\t<div class=\"wp-playlist-prev\"><\/div>\n\t<noscript>\n\t<ol>\n\t\t<li><a href='https:\/\/formagraph-exercice.fr\/nectar-detoiles\/wp-content\/uploads\/2025\/03\/Jeiriuves-extrait.mp3'>Extrait - Jeiriuves<\/a><\/li>\t<\/ol>\n\t<\/noscript>\n\t<script data-jetpack-boost=\"ignore\" type=\"application\/json\" class=\"wp-playlist-script\">{\"type\":\"audio\",\"tracklist\":true,\"tracknumbers\":true,\"images\":true,\"artists\":true,\"tracks\":[{\"src\":\"https:\/\/formagraph-exercice.fr\/nectar-detoiles\/wp-content\/uploads\/2025\/03\/Jeiriuves-extrait.mp3\",\"type\":\"audio\/mpeg\",\"title\":\"Extrait - Jeiriuves\",\"caption\":\"\",\"description\":\"Extrait audio du synopsis de Jeiriuves \",\"meta\":{\"artist\":\"Voix : Yves Weiner\",\"album\":\"Jeiriuves\",\"length_formatted\":\"0:27\"},\"image\":{\"src\":\"https:\/\/formagraph-exercice.fr\/nectar-detoiles\/wp-includes\/images\/media\/audio.svg\",\"width\":48,\"height\":64},\"thumb\":{\"src\":\"https:\/\/formagraph-exercice.fr\/nectar-detoiles\/wp-includes\/images\/media\/audio.svg\",\"width\":48,\"height\":64}}]}<\/script>\n<\/div>\n\t\n<h5 class=\"field field--name-field-genres field--type-entity-reference field--label-inline\"><\/h5>\n","protected":false},"excerpt":{"rendered":"<h5 class=\"field field--name-field-genres field--type-entity-reference field--label-inline\"><\/h5>\n<h5 class=\"field field--name-field-genres field--type-entity-reference field--label-inline\"><span class=\"field__label\">Extrait :<\/span><\/h5>\n<p>\u00ab\u00a0Dans un monde o\u00f9 la routine plan\u00e9taire r\u00e9gnait en ma\u00eetre, l\u2019arriv\u00e9e des Jeiriuves chamboule tout ! Ces visiteurs extraterrestres aussi d\u00e9cal\u00e9s, qu\u2019\u00e9nigmatique, d\u00e9barquent sur une plan\u00e8te d\u00e9j\u00e0 peupl\u00e9e d\u2019\u00eatres aux traditions bien encr\u00e9es, s\u00e8ment le chaos. Leur pr\u00e9sence d\u00e9clenche un choc des civilisations inattendu. Alliance improbable, r\u00e9v\u00e9lations surprenantes et r\u00e9voltent, surgissent \u00e0 chaque coin de rue.<\/p>\n<p>Face \u00e0 cette invasion d\u00e9routante, chaque habitant est contraint d\u2019accepter la situation.\u00a0\u00bb<\/p>\n<p><em><strong>\u00c9crit par Antoinette Louis et Lu par Yves Weiner.<\/strong><\/em><\/p>\n<h5 class=\"field field--name-field-genres field--type-entity-reference field--label-inline\"><span class=\"field__label\">Extrait Audio :<\/span><\/h5>\n[playlist ids=\"1045\"]\n","protected":false},"featured_media":2280,"comment_status":"open","ping_status":"closed","template":"","meta":{"content-type":"","_kad_post_transparent":"default","_kad_post_title":"","_kad_post_layout":"default","_kad_post_sidebar_id":"","_kad_post_content_style":"default","_kad_post_vertical_padding":"default","_kad_post_feature":"","_kad_post_feature_position":"","_kad_post_header":false,"_kad_post_footer":false},"product_brand":[],"product_cat":[77],"product_tag":[107,106,112,113],"class_list":{"0":"post-1041","1":"product","2":"type-product","3":"status-publish","4":"has-post-thumbnail","6":"product_cat-audios","7":"product_tag-dystopie","8":"product_tag-planet-opera","9":"product_tag-sociologie-fiction","10":"product_tag-soft-sf","12":"first","13":"instock","14":"downloadable","15":"virtual","16":"taxable","17":"purchasable","18":"product-type-simple","19":"entry","20":"content-bg","21":"loop-entry"},"aioseo_notices":[],"_links":{"self":[{"href":"https:\/\/formagraph-exercice.fr\/nectar-detoiles\/wp-json\/wp\/v2\/product\/1041","targetHints":{"allow":["GET"]}}],"collection":[{"href":"https:\/\/formagraph-exercice.fr\/nectar-detoiles\/wp-json\/wp\/v2\/product"}],"about":[{"href":"https:\/\/formagraph-exercice.fr\/nectar-detoiles\/wp-json\/wp\/v2\/types\/product"}],"replies":[{"embeddable":true,"href":"https:\/\/formagraph-exercice.fr\/nectar-detoiles\/wp-json\/wp\/v2\/comments?post=1041"}],"wp:featuredmedia":[{"embeddable":true,"href":"https:\/\/formagraph-exercice.fr\/nectar-detoiles\/wp-json\/wp\/v2\/media\/2280"}],"wp:attachment":[{"href":"https:\/\/formagraph-exercice.fr\/nectar-detoiles\/wp-json\/wp\/v2\/media?parent=1041"}],"wp:term":[{"taxonomy":"product_brand","embeddable":true,"href":"https:\/\/formagraph-exercice.fr\/nectar-detoiles\/wp-json\/wp\/v2\/product_brand?post=1041"},{"taxonomy":"product_cat","embeddable":true,"href":"https:\/\/formagraph-exercice.fr\/nectar-detoiles\/wp-json\/wp\/v2\/product_cat?post=1041"},{"taxonomy":"product_tag","embeddable":true,"href":"https:\/\/formagraph-exercice.fr\/nectar-detoiles\/wp-json\/wp\/v2\/product_tag?post=1041"}],"curies":[{"name":"wp","href":"https:\/\/api.w.org\/{rel}","templated":true}]}}