{"id":909,"date":"2025-05-09T17:00:10","date_gmt":"2025-05-09T15:00:10","guid":{"rendered":"http:\/\/nectar-detoiles.fr\/?page_id=909"},"modified":"2025-05-09T18:11:31","modified_gmt":"2025-05-09T16:11:31","slug":"remboursements_retours","status":"publish","type":"page","link":"https:\/\/formagraph-exercice.fr\/nectar-detoiles\/remboursements_retours\/","title":{"rendered":"Politique en mati\u00e8re de remboursements et de retours"},"content":{"rendered":"<style>.kb-row-layout-id909_6802d4-07 > .kt-row-column-wrap{align-content:start;}:where(.kb-row-layout-id909_6802d4-07 > .kt-row-column-wrap) > .wp-block-kadence-column{justify-content:start;}.kb-row-layout-id909_6802d4-07 > .kt-row-column-wrap{column-gap:var(--global-kb-gap-md, 2rem);row-gap:var(--global-kb-gap-md, 2rem);padding-top:var(--global-kb-spacing-sm, 1.5rem);padding-bottom:var(--global-kb-spacing-sm, 1.5rem);grid-template-columns:minmax(0, 1fr);}.kb-row-layout-id909_6802d4-07 > .kt-row-layout-overlay{opacity:0.30;}@media all and (max-width: 1024px){.kb-row-layout-id909_6802d4-07 > .kt-row-column-wrap{grid-template-columns:minmax(0, 1fr);}}@media all and (max-width: 767px){.kb-row-layout-id909_6802d4-07 > .kt-row-column-wrap{grid-template-columns:minmax(0, 1fr);}}<\/style><section class=\"kb-row-layout-wrap kb-row-layout-id909_6802d4-07 alignnone wp-block-kadence-rowlayout\"><div class=\"kt-row-column-wrap kt-has-1-columns kt-row-layout-equal kt-tab-layout-inherit kt-mobile-layout-row kt-row-valign-top\">\n<style>.kadence-column909_b59e3f-ce > .kt-inside-inner-col,.kadence-column909_b59e3f-ce > .kt-inside-inner-col:before{border-top-left-radius:0px;border-top-right-radius:0px;border-bottom-right-radius:0px;border-bottom-left-radius:0px;}.kadence-column909_b59e3f-ce > .kt-inside-inner-col{column-gap:var(--global-kb-gap-sm, 1rem);}.kadence-column909_b59e3f-ce > .kt-inside-inner-col{flex-direction:column;}.kadence-column909_b59e3f-ce > .kt-inside-inner-col > .aligncenter{width:100%;}.kadence-column909_b59e3f-ce > .kt-inside-inner-col:before{opacity:0.3;}.kadence-column909_b59e3f-ce{position:relative;}@media all and (max-width: 1024px){.kadence-column909_b59e3f-ce > .kt-inside-inner-col{flex-direction:column;justify-content:center;}}@media all and (max-width: 767px){.kadence-column909_b59e3f-ce > .kt-inside-inner-col{flex-direction:column;justify-content:center;}}<\/style>\n<div class=\"wp-block-kadence-column kadence-column909_b59e3f-ce\"><div class=\"kt-inside-inner-col\"><style>.wp-block-kadence-advancedheading.kt-adv-heading909_05e146-49, .wp-block-kadence-advancedheading.kt-adv-heading909_05e146-49[data-kb-block=\"kb-adv-heading909_05e146-49\"]{font-size:var(--global-kb-font-size-lg, 2rem);font-style:normal;}.wp-block-kadence-advancedheading.kt-adv-heading909_05e146-49 mark.kt-highlight, .wp-block-kadence-advancedheading.kt-adv-heading909_05e146-49[data-kb-block=\"kb-adv-heading909_05e146-49\"] mark.kt-highlight{font-style:normal;color:#f76a0c;-webkit-box-decoration-break:clone;box-decoration-break:clone;padding-top:0px;padding-right:0px;padding-bottom:0px;padding-left:0px;}<\/style>\n<h2 class=\"kt-adv-heading909_05e146-49 wp-block-kadence-advancedheading\" data-kb-block=\"kb-adv-heading909_05e146-49\"><strong>Politique de Remboursements et Retours \u2014 Nectar d\u2019\u00e9toiles<\/strong><\/h2>\n\n\n\n<p><strong>Derni\u00e8re mise \u00e0 jour : [20\/06\/2025]<\/strong><\/p>\n\n\n\n<p>Chez <strong><a href=\"https:\/\/formagraph-exercice.fr\/nectar-detoiles\" target=\"_blank\" rel=\"noopener\" title=\"Nectar d\u2019\u00e9toiles\">Nectar d\u2019\u00e9toiles<\/a><\/strong>, la satisfaction de nos lecteurs est une priorit\u00e9. Voici notre politique simple et transparente.<\/p>\n<\/div><\/div>\n\n\n<style>.kadence-column909_dd15dc-06 > .kt-inside-inner-col,.kadence-column909_dd15dc-06 > .kt-inside-inner-col:before{border-top-left-radius:0px;border-top-right-radius:0px;border-bottom-right-radius:0px;border-bottom-left-radius:0px;}.kadence-column909_dd15dc-06 > .kt-inside-inner-col{column-gap:var(--global-kb-gap-sm, 1rem);}.kadence-column909_dd15dc-06 > .kt-inside-inner-col{flex-direction:column;}.kadence-column909_dd15dc-06 > .kt-inside-inner-col > .aligncenter{width:100%;}.kadence-column909_dd15dc-06 > .kt-inside-inner-col:before{opacity:0.3;}.kadence-column909_dd15dc-06{position:relative;}@media all and (max-width: 1024px){.kadence-column909_dd15dc-06 > .kt-inside-inner-col{flex-direction:column;justify-content:center;}}@media all and (max-width: 767px){.kadence-column909_dd15dc-06 > .kt-inside-inner-col{flex-direction:column;justify-content:center;}}<\/style>\n<div class=\"wp-block-kadence-column kadence-column909_dd15dc-06\"><div class=\"kt-inside-inner-col\">\n<h3 class=\"wp-block-heading\"><strong>1. Retours pour les produits papier (romans, BD)<\/strong><\/h3>\n\n\n\n<p>Vous disposez de <strong>14 jours<\/strong> \u00e0 compter de la r\u00e9ception de votre commande pour demander un retour.<br>Les conditions :<\/p>\n\n\n\n<ul class=\"wp-block-list\">\n<li>Le livre doit \u00eatre retourn\u00e9 en parfait \u00e9tat (non ab\u00eem\u00e9, non lu).<\/li>\n\n\n\n<li>Les frais de retour sont \u00e0 la charge du client, sauf erreur de notre part.<\/li>\n\n\n\n<li>Apr\u00e8s r\u00e9ception et v\u00e9rification, nous proc\u00e9dons au <strong>remboursement sous 7 jours ouvr\u00e9s<\/strong>.<\/li>\n<\/ul>\n<\/div><\/div>\n\n\n<style>.kadence-column909_c012a5-b5 > .kt-inside-inner-col,.kadence-column909_c012a5-b5 > .kt-inside-inner-col:before{border-top-left-radius:0px;border-top-right-radius:0px;border-bottom-right-radius:0px;border-bottom-left-radius:0px;}.kadence-column909_c012a5-b5 > .kt-inside-inner-col{column-gap:var(--global-kb-gap-sm, 1rem);}.kadence-column909_c012a5-b5 > .kt-inside-inner-col{flex-direction:column;}.kadence-column909_c012a5-b5 > .kt-inside-inner-col > .aligncenter{width:100%;}.kadence-column909_c012a5-b5 > .kt-inside-inner-col:before{opacity:0.3;}.kadence-column909_c012a5-b5{position:relative;}@media all and (max-width: 1024px){.kadence-column909_c012a5-b5 > .kt-inside-inner-col{flex-direction:column;justify-content:center;}}@media all and (max-width: 767px){.kadence-column909_c012a5-b5 > .kt-inside-inner-col{flex-direction:column;justify-content:center;}}<\/style>\n<div class=\"wp-block-kadence-column kadence-column909_c012a5-b5\"><div class=\"kt-inside-inner-col\">\n<h3 class=\"wp-block-heading\"><strong>2. Produits num\u00e9riques et audio<\/strong><\/h3>\n\n\n\n<p>Conform\u00e9ment \u00e0 la loi, <strong>les livres num\u00e9riques (eBooks) et les livres audio<\/strong> t\u00e9l\u00e9charg\u00e9s ne sont <strong>pas remboursables<\/strong> une fois l\u2019achat valid\u00e9 et le fichier t\u00e9l\u00e9charg\u00e9.<\/p>\n\n\n\n<p>Merci de bien v\u00e9rifier votre commande avant validation.<\/p>\n<\/div><\/div>\n\n\n<style>.kadence-column909_2af63b-09 > .kt-inside-inner-col,.kadence-column909_2af63b-09 > .kt-inside-inner-col:before{border-top-left-radius:0px;border-top-right-radius:0px;border-bottom-right-radius:0px;border-bottom-left-radius:0px;}.kadence-column909_2af63b-09 > .kt-inside-inner-col{column-gap:var(--global-kb-gap-sm, 1rem);}.kadence-column909_2af63b-09 > .kt-inside-inner-col{flex-direction:column;}.kadence-column909_2af63b-09 > .kt-inside-inner-col > .aligncenter{width:100%;}.kadence-column909_2af63b-09 > .kt-inside-inner-col:before{opacity:0.3;}.kadence-column909_2af63b-09{position:relative;}@media all and (max-width: 1024px){.kadence-column909_2af63b-09 > .kt-inside-inner-col{flex-direction:column;justify-content:center;}}@media all and (max-width: 767px){.kadence-column909_2af63b-09 > .kt-inside-inner-col{flex-direction:column;justify-content:center;}}<\/style>\n<div class=\"wp-block-kadence-column kadence-column909_2af63b-09\"><div class=\"kt-inside-inner-col\">\n<h3 class=\"wp-block-heading\"><strong>Commande erron\u00e9e ou produit d\u00e9fectueux<\/strong><\/h3>\n\n\n\n<p>Si vous recevez un article endommag\u00e9 ou incorrect, contactez-nous sous 7 jours \u00e0 :<br>\ud83d\udce7 [<strong><mark style=\"background-color:rgba(0, 0, 0, 0)\" class=\"has-inline-color has-theme-palette-5-color\">retour@nectar-detoiles.fr<\/mark><\/strong>]<\/p>\n\n\n\n<p>Nous prendrons en charge le remplacement ou le remboursement complet.<\/p>\n<\/div><\/div>\n\n\n<style>.kadence-column909_664a70-54 > .kt-inside-inner-col,.kadence-column909_664a70-54 > .kt-inside-inner-col:before{border-top-left-radius:0px;border-top-right-radius:0px;border-bottom-right-radius:0px;border-bottom-left-radius:0px;}.kadence-column909_664a70-54 > .kt-inside-inner-col{column-gap:var(--global-kb-gap-sm, 1rem);}.kadence-column909_664a70-54 > .kt-inside-inner-col{flex-direction:column;}.kadence-column909_664a70-54 > .kt-inside-inner-col > .aligncenter{width:100%;}.kadence-column909_664a70-54 > .kt-inside-inner-col:before{opacity:0.3;}.kadence-column909_664a70-54{position:relative;}@media all and (max-width: 1024px){.kadence-column909_664a70-54 > .kt-inside-inner-col{flex-direction:column;justify-content:center;}}@media all and (max-width: 767px){.kadence-column909_664a70-54 > .kt-inside-inner-col{flex-direction:column;justify-content:center;}}<\/style>\n<div class=\"wp-block-kadence-column kadence-column909_664a70-54\"><div class=\"kt-inside-inner-col\">\n<h2 class=\"wp-block-heading\"><strong>Comment demander un retour ?<\/strong><\/h2>\n\n\n\n<ul class=\"wp-block-list\">\n<li>Envoyez un e-mail \u00e0 <strong>[<\/strong><mark style=\"background-color:rgba(0, 0, 0, 0)\" class=\"has-inline-color has-theme-palette-5-color\"><strong>demande_retour@nectar-detoiles.fr<\/strong><\/mark><strong>]<\/strong> avec votre num\u00e9ro de commande et la raison du retour..<\/li>\n\n\n\n<li>Nous vous indiquerons la marche \u00e0 suivre pour le retour du produit.<\/li>\n<\/ul>\n<\/div><\/div>\n\n<\/div><\/section>\n\n<style>.kb-row-layout-id909_a77943-93 > .kt-row-column-wrap{align-content:start;}:where(.kb-row-layout-id909_a77943-93 > .kt-row-column-wrap) > .wp-block-kadence-column{justify-content:start;}.kb-row-layout-id909_a77943-93 > .kt-row-column-wrap{column-gap:var(--global-kb-gap-md, 2rem);row-gap:var(--global-kb-gap-md, 2rem);padding-top:var(--global-kb-spacing-sm, 1.5rem);padding-bottom:var(--global-kb-spacing-sm, 1.5rem);grid-template-columns:minmax(0, 1fr);}.kb-row-layout-id909_a77943-93 > .kt-row-layout-overlay{opacity:0.30;}@media all and (max-width: 1024px){.kb-row-layout-id909_a77943-93 > .kt-row-column-wrap{grid-template-columns:minmax(0, 1fr);}}@media all and (max-width: 767px){.kb-row-layout-id909_a77943-93 > .kt-row-column-wrap{grid-template-columns:minmax(0, 1fr);}}<\/style><section class=\"kb-row-layout-wrap kb-row-layout-id909_a77943-93 alignwide has-theme-palette1-background-color kt-row-has-bg wp-block-kadence-rowlayout\"><div class=\"kt-row-column-wrap kt-has-1-columns kt-row-layout-equal kt-tab-layout-inherit kt-mobile-layout-row kt-row-valign-top\">\n<style>.kadence-column909_c344a4-ca > .kt-inside-inner-col,.kadence-column909_c344a4-ca > .kt-inside-inner-col:before{border-top-left-radius:0px;border-top-right-radius:0px;border-bottom-right-radius:0px;border-bottom-left-radius:0px;}.kadence-column909_c344a4-ca > .kt-inside-inner-col{column-gap:var(--global-kb-gap-sm, 1rem);}.kadence-column909_c344a4-ca > .kt-inside-inner-col{flex-direction:column;}.kadence-column909_c344a4-ca > .kt-inside-inner-col > .aligncenter{width:100%;}.kadence-column909_c344a4-ca > .kt-inside-inner-col:before{opacity:0.3;}.kadence-column909_c344a4-ca{position:relative;}@media all and (max-width: 1024px){.kadence-column909_c344a4-ca > .kt-inside-inner-col{flex-direction:column;justify-content:center;}}@media all and (max-width: 767px){.kadence-column909_c344a4-ca > .kt-inside-inner-col{flex-direction:column;justify-content:center;}}<\/style>\n<div class=\"wp-block-kadence-column kadence-column909_c344a4-ca\"><div class=\"kt-inside-inner-col\">\n<h3 class=\"wp-block-heading has-theme-palette-9-color has-text-color has-link-color wp-elements-e805da3f8afa6fbb429601842f6f20c7\">Besoin d&rsquo;aide ?<\/h3>\n\n\n\n<p class=\"has-theme-palette-9-color has-text-color has-link-color wp-elements-8d5f0d83cd1b9c9a38dce344ee48f5f7\">Contactez notre \u00e9quipe \u00e0 tout moment.<\/p>\n\n\n<style>.wp-block-kadence-advanced-form815-cpt-id{max-width:1300px;}.wp-block-kadence-advanced-form815-cpt-id .kb-advanced-form{gap:50px;}.wp-block-kadence-advanced-form815-cpt-id .kb-advanced-form input[type=text],.wp-block-kadence-advanced-form815-cpt-id .kb-advanced-form input[type=tel],.wp-block-kadence-advanced-form815-cpt-id .kb-advanced-form input[type=number],.wp-block-kadence-advanced-form815-cpt-id .kb-advanced-form input[type=date],.wp-block-kadence-advanced-form815-cpt-id .kb-advanced-form input[type=time],.wp-block-kadence-advanced-form815-cpt-id .kb-advanced-form input[type=email],.wp-block-kadence-advanced-form815-cpt-id .kb-advanced-form input[type=file],.wp-block-kadence-advanced-form815-cpt-id .kb-advanced-form select,.wp-block-kadence-advanced-form815-cpt-id .kb-advanced-form textarea{color:var(--global-palette7, #EDF2F7);}.wp-block-kadence-advanced-form815-cpt-id{--kb-form-text-color:var(--global-palette7, #EDF2F7);}<\/style><div class=\"wp-block-kadence-advanced-form wp-block-kadence-advanced-form815-cpt-id kb-adv-form-label-style-infield kb-adv-form-input-size-large kb-form-basic-style wp-block-kadence-advanced-form\"><form id=\"kb-adv-form-815-cpt-id\" class=\"kb-advanced-form\" method=\"post\">\n<style>.kb-row-layout-id115_a13b58-1d > .kt-row-column-wrap{align-content:start;}:where(.kb-row-layout-id115_a13b58-1d > .kt-row-column-wrap) > .wp-block-kadence-column{justify-content:start;}.kb-row-layout-id115_a13b58-1d > .kt-row-column-wrap{column-gap:var(--global-kb-gap-md, 2rem);row-gap:var(--global-kb-gap-md, 2rem);padding-top:0px;padding-right:0px;padding-bottom:0px;padding-left:0px;grid-template-columns:repeat(2, minmax(0, 1fr));}.kb-row-layout-id115_a13b58-1d > .kt-row-layout-overlay{opacity:0.30;}@media all and (max-width: 1024px){.kb-row-layout-id115_a13b58-1d > .kt-row-column-wrap{grid-template-columns:repeat(2, minmax(0, 1fr));}}@media all and (max-width: 767px){.kb-row-layout-id115_a13b58-1d > .kt-row-column-wrap{grid-template-columns:minmax(0, 1fr);}}<\/style><div class=\"kb-row-layout-wrap kb-row-layout-id115_a13b58-1d alignnone wp-block-kadence-rowlayout\"><div class=\"kt-row-column-wrap kt-has-2-columns kt-row-layout-equal kt-tab-layout-inherit kt-mobile-layout-row kt-row-valign-top\">\n<style>.kadence-column115_3119ed-33 > .kt-inside-inner-col,.kadence-column115_3119ed-33 > .kt-inside-inner-col:before{border-top-left-radius:0px;border-top-right-radius:0px;border-bottom-right-radius:0px;border-bottom-left-radius:0px;}.kadence-column115_3119ed-33 > .kt-inside-inner-col{column-gap:var(--global-kb-gap-sm, 1rem);}.kadence-column115_3119ed-33 > .kt-inside-inner-col{flex-direction:column;}.kadence-column115_3119ed-33 > .kt-inside-inner-col > .aligncenter{width:100%;}.kadence-column115_3119ed-33 > .kt-inside-inner-col:before{opacity:0.3;}.kadence-column115_3119ed-33{position:relative;}@media all and (max-width: 1024px){.kadence-column115_3119ed-33 > .kt-inside-inner-col{flex-direction:column;justify-content:center;}}@media all and (max-width: 767px){.kadence-column115_3119ed-33 > .kt-inside-inner-col{flex-direction:column;justify-content:center;}}<\/style>\n<div class=\"wp-block-kadence-column kadence-column115_3119ed-33\"><div class=\"kt-inside-inner-col\"><div class=\"kb-adv-form-field kb-adv-form-text-type-input kb-adv-form-infield-type-input kb-field815d22131-bc wp-block-kadence-advanced-form-text\"><label class=\"kb-adv-form-label\" for=\"field815d22131-bc\">Nom<span class=\"kb-adv-form-required\">*<\/span><\/label><input name=\"fieldd22131-bc\" id=\"field815d22131-bc\" data-label=\"Nom\" type=\"text\" placeholder=\"\" value=\"\" data-type=\"text\" class=\"kb-field kb-text-field\" data-required=\"yes\" required aria-required=\"true\"\/><\/div><\/div><\/div>\n\n\n<style>.kadence-column115_712dc9-1b > .kt-inside-inner-col,.kadence-column115_712dc9-1b > .kt-inside-inner-col:before{border-top-left-radius:0px;border-top-right-radius:0px;border-bottom-right-radius:0px;border-bottom-left-radius:0px;}.kadence-column115_712dc9-1b > .kt-inside-inner-col{column-gap:var(--global-kb-gap-sm, 1rem);}.kadence-column115_712dc9-1b > .kt-inside-inner-col{flex-direction:column;}.kadence-column115_712dc9-1b > .kt-inside-inner-col > .aligncenter{width:100%;}.kadence-column115_712dc9-1b > .kt-inside-inner-col:before{opacity:0.3;}.kadence-column115_712dc9-1b{position:relative;}@media all and (max-width: 1024px){.kadence-column115_712dc9-1b > .kt-inside-inner-col{flex-direction:column;justify-content:center;}}@media all and (max-width: 767px){.kadence-column115_712dc9-1b > .kt-inside-inner-col{flex-direction:column;justify-content:center;}}<\/style>\n<div class=\"wp-block-kadence-column kadence-column115_712dc9-1b\"><div class=\"kt-inside-inner-col\"><div class=\"kb-adv-form-field kb-adv-form-text-type-input kb-adv-form-infield-type-input kb-field81523737b-60 wp-block-kadence-advanced-form-email\"><label class=\"kb-adv-form-label\" for=\"field81523737b-60\">Email<span class=\"kb-adv-form-required\">*<\/span><\/label><input name=\"field23737b-60\" id=\"field81523737b-60\" data-label=\"Email\" type=\"email\" placeholder=\"\" value=\"\" data-type=\"email\" class=\"kb-field kb-email-field\" data-required=\"yes\" required aria-required=\"true\"\/><\/div><\/div><\/div>\n\n<\/div><\/div>\n\n<style>.kb-row-layout-id115_82ca6d-03 > .kt-row-column-wrap{align-content:start;}:where(.kb-row-layout-id115_82ca6d-03 > .kt-row-column-wrap) > .wp-block-kadence-column{justify-content:start;}.kb-row-layout-id115_82ca6d-03 > .kt-row-column-wrap{column-gap:var(--global-kb-gap-md, 2rem);row-gap:var(--global-kb-gap-md, 2rem);padding-top:0px;padding-right:0px;padding-bottom:0px;padding-left:0px;grid-template-columns:repeat(2, minmax(0, 1fr));}.kb-row-layout-id115_82ca6d-03 > .kt-row-layout-overlay{opacity:0.30;}@media all and (max-width: 1024px){.kb-row-layout-id115_82ca6d-03 > .kt-row-column-wrap{grid-template-columns:repeat(2, minmax(0, 1fr));}}@media all and (max-width: 767px){.kb-row-layout-id115_82ca6d-03 > .kt-row-column-wrap{grid-template-columns:minmax(0, 1fr);}}<\/style><div class=\"kb-row-layout-wrap kb-row-layout-id115_82ca6d-03 alignnone wp-block-kadence-rowlayout\"><div class=\"kt-row-column-wrap kt-has-2-columns kt-row-layout-equal kt-tab-layout-inherit kt-mobile-layout-row kt-row-valign-top\">\n<style>.kadence-column115_7ed363-83 > .kt-inside-inner-col,.kadence-column115_7ed363-83 > .kt-inside-inner-col:before{border-top-left-radius:0px;border-top-right-radius:0px;border-bottom-right-radius:0px;border-bottom-left-radius:0px;}.kadence-column115_7ed363-83 > .kt-inside-inner-col{column-gap:var(--global-kb-gap-sm, 1rem);}.kadence-column115_7ed363-83 > .kt-inside-inner-col{flex-direction:column;}.kadence-column115_7ed363-83 > .kt-inside-inner-col > .aligncenter{width:100%;}.kadence-column115_7ed363-83 > .kt-inside-inner-col:before{opacity:0.3;}.kadence-column115_7ed363-83{position:relative;}@media all and (max-width: 1024px){.kadence-column115_7ed363-83 > .kt-inside-inner-col{flex-direction:column;justify-content:center;}}@media all and (max-width: 767px){.kadence-column115_7ed363-83 > .kt-inside-inner-col{flex-direction:column;justify-content:center;}}<\/style>\n<div class=\"wp-block-kadence-column kadence-column115_7ed363-83\"><div class=\"kt-inside-inner-col\"><div class=\"kb-adv-form-field kb-adv-form-text-type-input kb-adv-form-infield-type-input kb-field8154b0c62-b2 wp-block-kadence-advanced-form-text\"><label class=\"kb-adv-form-label\" for=\"field8154b0c62-b2\">Pr\u00e9nom<span class=\"kb-adv-form-required\">*<\/span><\/label><input name=\"field4b0c62-b2\" id=\"field8154b0c62-b2\" data-label=\"Pr\u00e9nom\" type=\"text\" placeholder=\"\" value=\"\" data-type=\"text\" class=\"kb-field kb-text-field\" data-required=\"yes\" required aria-required=\"true\"\/><\/div><\/div><\/div>\n\n\n<style>.kadence-column115_093867-ee > .kt-inside-inner-col,.kadence-column115_093867-ee > .kt-inside-inner-col:before{border-top-left-radius:0px;border-top-right-radius:0px;border-bottom-right-radius:0px;border-bottom-left-radius:0px;}.kadence-column115_093867-ee > .kt-inside-inner-col{column-gap:var(--global-kb-gap-sm, 1rem);}.kadence-column115_093867-ee > .kt-inside-inner-col{flex-direction:column;}.kadence-column115_093867-ee > .kt-inside-inner-col > .aligncenter{width:100%;}.kadence-column115_093867-ee > .kt-inside-inner-col:before{opacity:0.3;}.kadence-column115_093867-ee{position:relative;}@media all and (max-width: 1024px){.kadence-column115_093867-ee > .kt-inside-inner-col{flex-direction:column;justify-content:center;}}@media all and (max-width: 767px){.kadence-column115_093867-ee > .kt-inside-inner-col{flex-direction:column;justify-content:center;}}<\/style>\n<div class=\"wp-block-kadence-column kadence-column115_093867-ee\"><div class=\"kt-inside-inner-col\"><div class=\"kb-adv-form-field kb-adv-form-text-type-input kb-adv-form-infield-type-input kb-field8152a0017-05 wp-block-kadence-advanced-form-text\"><label class=\"kb-adv-form-label\" for=\"field8152a0017-05\">Soci\u00e9t\u00e9<\/label><input name=\"field2a0017-05\" id=\"field8152a0017-05\" data-label=\"Soci\u00e9t\u00e9\" type=\"text\" placeholder=\"\" value=\"\" data-type=\"text\" class=\"kb-field kb-text-field\" data-required=\"no\" \/><\/div><\/div><\/div>\n\n<\/div><\/div>\n\n<style>.kb-row-layout-id115_086502-1b > .kt-row-column-wrap{align-content:start;}:where(.kb-row-layout-id115_086502-1b > .kt-row-column-wrap) > .wp-block-kadence-column{justify-content:start;}.kb-row-layout-id115_086502-1b > .kt-row-column-wrap{column-gap:var(--global-kb-gap-md, 2rem);row-gap:var(--global-kb-gap-md, 2rem);padding-top:var(--global-kb-spacing-sm, 1.5rem);padding-bottom:var(--global-kb-spacing-sm, 1.5rem);grid-template-columns:minmax(0, 1fr);}.kb-row-layout-id115_086502-1b > .kt-row-layout-overlay{opacity:0.30;}@media all and (max-width: 1024px){.kb-row-layout-id115_086502-1b > .kt-row-column-wrap{grid-template-columns:minmax(0, 1fr);}}@media all and (max-width: 767px){.kb-row-layout-id115_086502-1b > .kt-row-column-wrap{grid-template-columns:minmax(0, 1fr);}}<\/style><div class=\"kb-row-layout-wrap kb-row-layout-id115_086502-1b alignnone wp-block-kadence-rowlayout\"><div class=\"kt-row-column-wrap kt-has-1-columns kt-row-layout-equal kt-tab-layout-inherit kt-mobile-layout-row kt-row-valign-top\">\n<style>.kadence-column115_15123e-d7 > .kt-inside-inner-col,.kadence-column115_15123e-d7 > .kt-inside-inner-col:before{border-top-left-radius:0px;border-top-right-radius:0px;border-bottom-right-radius:0px;border-bottom-left-radius:0px;}.kadence-column115_15123e-d7 > .kt-inside-inner-col{column-gap:var(--global-kb-gap-sm, 1rem);}.kadence-column115_15123e-d7 > .kt-inside-inner-col{flex-direction:column;}.kadence-column115_15123e-d7 > .kt-inside-inner-col > .aligncenter{width:100%;}.kadence-column115_15123e-d7 > .kt-inside-inner-col:before{opacity:0.3;}.kadence-column115_15123e-d7{position:relative;}@media all and (max-width: 1024px){.kadence-column115_15123e-d7 > .kt-inside-inner-col{flex-direction:column;justify-content:center;}}@media all and (max-width: 767px){.kadence-column115_15123e-d7 > .kt-inside-inner-col{flex-direction:column;justify-content:center;}}<\/style>\n<div class=\"wp-block-kadence-column kadence-column115_15123e-d7\"><div class=\"kt-inside-inner-col\"><div class=\"kb-adv-form-field kb-adv-form-text-type-input kb-adv-form-infield-type-input kb-field815dcac91-8b wp-block-kadence-advanced-form-textarea\"><label class=\"kb-adv-form-label\" for=\"field815dcac91-8b\">Message<span class=\"kb-adv-form-required\">*<\/span><\/label><textarea name=\"fielddcac91-8b\" id=\"field815dcac91-8b\" rows=\"3\"  data-label=\"Message\" placeholder=\"\" data-type=\"textarea\" class=\"kb-field kb-textarea-field\" data-required=\"yes\" required aria-required=\"true\"><\/textarea><\/div><\/div><\/div>\n\n<\/div><\/div>\n\n<style>ul.menu .kb-submit-field .kb-btn9de893-be.kb-button{width:initial;}.kb-submit-field .kb-btn9de893-be.kb-button{color:var(--global-palette9, #ffffff);background:var(--global-palette5, #4A5568);}.kb-submit-field .kb-btn9de893-be.kb-button:hover, .kb-submit-field .kb-btn9de893-be.kb-button:focus{background:var(--global-palette3, #1A202C);}.kb-submit-field.kb-field9de893-be{justify-content:flex-start;}<\/style><div class=\"kb-adv-form-field kb-submit-field kb-field9de893-be wp-block-kadence-advanced-form-submit\"><button class=\"kb-button kt-button button kb-adv-form-submit-button kb-btn9de893-be kt-btn-size-standard kt-btn-width-type-auto kb-btn-global-fill kt-btn-has-text-true kt-btn-has-svg-false\" type=\"submit\"><span class=\"kt-btn-inner-text\">Envoyer<\/span><\/button><\/div>\n\n<style>.wp-block-kadence-advanced-form .kb-field2bd3be-61{max-width:100%;min-width:792px;}.grecaptcha-badge{visibility:hidden;}<\/style><input type=\"hidden\" name=\"recaptcha_response\" class=\"kb_recaptcha_response kb_recaptcha_2bd3be-61\" \/><span style=\"max-width: 100%; font-size: 11px; color: #555; line-height: 1.2; display: block; margin-bottom: 16px; padding: 10px; background: #f2f2f2;\" class=\"kt-recaptcha-branding-string\">Ce site est prot\u00e9g\u00e9 par reCAPTCHA et les r\u00e8gles de confidentialit\u00e9 et conditions d\u2019utilisation de Google s\u2019appliquent.<\/span>\n<input type=\"hidden\" name=\"_kb_adv_form_post_id\" value=\"815\"><input type=\"hidden\" name=\"action\" value=\"kb_process_advanced_form_submit\"><input type=\"hidden\" name=\"_kb_adv_form_id\" value=\"815-cpt-id\"><\/form><\/div><\/div><\/div>\n\n<\/div><\/section>","protected":false},"excerpt":{"rendered":"<p>Politique de Remboursements et Retours \u2014 Nectar d\u2019\u00e9toiles Derni\u00e8re mise \u00e0 jour : [20\/06\/2025] Chez Nectar d\u2019\u00e9toiles, la satisfaction de nos lecteurs est une priorit\u00e9. Voici notre politique simple et transparente. 1. Retours pour les produits papier (romans, BD) Vous disposez de 14 jours \u00e0 compter de la r\u00e9ception de votre commande pour demander un&#8230;<\/p>\n","protected":false},"author":1,"featured_media":0,"parent":0,"menu_order":0,"comment_status":"closed","ping_status":"closed","template":"","meta":{"content-type":"","_kad_post_transparent":"","_kad_post_title":"hide","_kad_post_layout":"","_kad_post_sidebar_id":"","_kad_post_content_style":"","_kad_post_vertical_padding":"","_kad_post_feature":"","_kad_post_feature_position":"","_kad_post_header":false,"_kad_post_footer":false,"footnotes":""},"class_list":["post-909","page","type-page","status-publish","hentry"],"aioseo_notices":[],"_links":{"self":[{"href":"https:\/\/formagraph-exercice.fr\/nectar-detoiles\/wp-json\/wp\/v2\/pages\/909","targetHints":{"allow":["GET"]}}],"collection":[{"href":"https:\/\/formagraph-exercice.fr\/nectar-detoiles\/wp-json\/wp\/v2\/pages"}],"about":[{"href":"https:\/\/formagraph-exercice.fr\/nectar-detoiles\/wp-json\/wp\/v2\/types\/page"}],"author":[{"embeddable":true,"href":"https:\/\/formagraph-exercice.fr\/nectar-detoiles\/wp-json\/wp\/v2\/users\/1"}],"replies":[{"embeddable":true,"href":"https:\/\/formagraph-exercice.fr\/nectar-detoiles\/wp-json\/wp\/v2\/comments?post=909"}],"version-history":[{"count":5,"href":"https:\/\/formagraph-exercice.fr\/nectar-detoiles\/wp-json\/wp\/v2\/pages\/909\/revisions"}],"predecessor-version":[{"id":2274,"href":"https:\/\/formagraph-exercice.fr\/nectar-detoiles\/wp-json\/wp\/v2\/pages\/909\/revisions\/2274"}],"wp:attachment":[{"href":"https:\/\/formagraph-exercice.fr\/nectar-detoiles\/wp-json\/wp\/v2\/media?parent=909"}],"curies":[{"name":"wp","href":"https:\/\/api.w.org\/{rel}","templated":true}]}}