{"id":908,"date":"2025-03-17T14:29:43","date_gmt":"2025-03-17T13:29:43","guid":{"rendered":"http:\/\/nectar-detoiles.fr\/mon-compte\/"},"modified":"2025-05-22T15:05:39","modified_gmt":"2025-05-22T13:05:39","slug":"mon-compte","status":"publish","type":"page","link":"https:\/\/formagraph-exercice.fr\/nectar-detoiles\/mon-compte\/","title":{"rendered":"Mon compte"},"content":{"rendered":"<style>.kb-row-layout-wrap.wp-block-kadence-rowlayout.kb-row-layout-id908_6e09dc-f1{margin-bottom:var(--global-kb-spacing-lg, 3rem);}.kb-row-layout-id908_6e09dc-f1 > .kt-row-column-wrap{align-content:start;}:where(.kb-row-layout-id908_6e09dc-f1 > .kt-row-column-wrap) > .wp-block-kadence-column{justify-content:start;}.kb-row-layout-id908_6e09dc-f1 > .kt-row-column-wrap{column-gap:var(--global-kb-gap-md, 2rem);row-gap:var(--global-kb-gap-md, 2rem);padding-top:var(--global-kb-spacing-sm, 1.5rem);padding-bottom:var(--global-kb-spacing-sm, 1.5rem);min-height:400px;grid-template-columns:minmax(0, 1fr);}.kb-row-layout-id908_6e09dc-f1{background-image:url('https:\/\/formagraph-exercice.fr\/nectar-detoiles\/wp-content\/uploads\/2025\/05\/an-people-who-smile-who-points-at-herself-in-a-s.jpg');background-size:cover;background-position:center center;background-attachment:scroll;background-repeat:no-repeat;}.kb-row-layout-id908_6e09dc-f1 > .kt-row-layout-overlay{opacity:0.40;background-color:var(--global-palette1, #3182CE);}@media all and (max-width: 1024px){.kb-row-layout-id908_6e09dc-f1 > .kt-row-column-wrap{grid-template-columns:minmax(0, 1fr);}}@media all and (max-width: 767px){.kb-row-layout-id908_6e09dc-f1 > .kt-row-column-wrap{grid-template-columns:minmax(0, 1fr);}}<\/style><section class=\"kb-row-layout-wrap kb-row-layout-id908_6e09dc-f1 alignfull kt-row-has-bg wp-block-kadence-rowlayout\"><div class=\"kt-row-layout-overlay kt-row-overlay-normal\"><\/div><div class=\"kt-row-column-wrap kt-has-1-columns kt-row-layout-equal kt-tab-layout-inherit kt-mobile-layout-row kt-row-valign-top\">\n<style>.kadence-column908_e48e1b-d4 > .kt-inside-inner-col{padding-top:var(--global-kb-spacing-3xl, 6.5rem);}.kadence-column908_e48e1b-d4 > .kt-inside-inner-col,.kadence-column908_e48e1b-d4 > .kt-inside-inner-col:before{border-top-left-radius:0px;border-top-right-radius:0px;border-bottom-right-radius:0px;border-bottom-left-radius:0px;}.kadence-column908_e48e1b-d4 > .kt-inside-inner-col{column-gap:var(--global-kb-gap-sm, 1rem);}.kadence-column908_e48e1b-d4 > .kt-inside-inner-col{flex-direction:column;}.kadence-column908_e48e1b-d4 > .kt-inside-inner-col > .aligncenter{width:100%;}.kadence-column908_e48e1b-d4 > .kt-inside-inner-col:before{opacity:0.3;}.kadence-column908_e48e1b-d4{position:relative;}@media all and (max-width: 1024px){.kadence-column908_e48e1b-d4 > .kt-inside-inner-col{flex-direction:column;justify-content:center;}}@media all and (max-width: 767px){.kadence-column908_e48e1b-d4 > .kt-inside-inner-col{flex-direction:column;justify-content:center;}}<\/style>\n<div class=\"wp-block-kadence-column kadence-column908_e48e1b-d4\"><div class=\"kt-inside-inner-col\"><style>.wp-block-kadence-advancedheading.kt-adv-heading908_17c1de-49, .wp-block-kadence-advancedheading.kt-adv-heading908_17c1de-49[data-kb-block=\"kb-adv-heading908_17c1de-49\"]{text-align:center;font-style:normal;}.wp-block-kadence-advancedheading.kt-adv-heading908_17c1de-49 mark.kt-highlight, .wp-block-kadence-advancedheading.kt-adv-heading908_17c1de-49[data-kb-block=\"kb-adv-heading908_17c1de-49\"] mark.kt-highlight{font-style:normal;color:#f76a0c;-webkit-box-decoration-break:clone;box-decoration-break:clone;padding-top:0px;padding-right:0px;padding-bottom:0px;padding-left:0px;}<\/style>\n<h2 class=\"kt-adv-heading908_17c1de-49 wp-block-kadence-advancedheading\" data-kb-block=\"kb-adv-heading908_17c1de-49\"><strong><mark style=\"background-color:rgba(0, 0, 0, 0)\" class=\"has-inline-color has-theme-palette-9-color\">Acc\u00e9dez \u00e0 votre univers personnalis\u00e9<\/mark><\/strong><\/h2>\n\n\n<style>.wp-block-kadence-advancedbtn.kb-btns908_514175-9f{gap:var(--global-kb-gap-xs, 0.5rem );justify-content:center;align-items:center;}.kt-btns908_514175-9f .kt-button{font-weight:normal;font-style:normal;}.kt-btns908_514175-9f .kt-btn-wrap-0{margin-right:5px;}.wp-block-kadence-advancedbtn.kt-btns908_514175-9f .kt-btn-wrap-0 .kt-button{color:#555555;border-color:#555555;}.wp-block-kadence-advancedbtn.kt-btns908_514175-9f .kt-btn-wrap-0 .kt-button:hover, .wp-block-kadence-advancedbtn.kt-btns908_514175-9f .kt-btn-wrap-0 .kt-button:focus{color:#ffffff;border-color:#444444;}.wp-block-kadence-advancedbtn.kt-btns908_514175-9f .kt-btn-wrap-0 .kt-button::before{display:none;}.wp-block-kadence-advancedbtn.kt-btns908_514175-9f .kt-btn-wrap-0 .kt-button:hover, .wp-block-kadence-advancedbtn.kt-btns908_514175-9f .kt-btn-wrap-0 .kt-button:focus{background:#444444;}<\/style>\n<div class=\"wp-block-kadence-advancedbtn kb-buttons-wrap kb-btns908_514175-9f\"><style>ul.menu .wp-block-kadence-advancedbtn .kb-btn908_7adc71-95.kb-button{width:initial;}.wp-block-kadence-advancedbtn .kb-btn908_7adc71-95.kb-button{background:var(--global-palette5, #4A5568);}.kb-btn908_7adc71-95.kb-button .kb-svg-icon-wrap{color:var(--global-palette9, #ffffff);}.kb-btn908_7adc71-95.kb-button:hover .kb-svg-icon-wrap, .kb-btn908_7adc71-95.kb-button:focus .kb-svg-icon-wrap{color:var(--global-palette9, #ffffff);}<\/style><a class=\"kb-button kt-button button kb-btn908_7adc71-95 kt-btn-size-standard kt-btn-width-type-auto kb-btn-global-fill kt-btn-has-text-true kt-btn-has-svg-true wp-block-kadence-singlebtn\" href=\"#compte\"><span class=\"kt-btn-inner-text\">Votre Compte<\/span><span class=\"kb-svg-icon-wrap kb-svg-icon-fe_chevronsDown kt-btn-icon-side-right\"><svg viewBox=\"0 0 24 24\"  fill=\"none\" stroke=\"currentColor\" stroke-width=\"2\" stroke-linecap=\"round\" stroke-linejoin=\"round\" xmlns=\"http:\/\/www.w3.org\/2000\/svg\"  aria-hidden=\"true\"><polyline points=\"7 13 12 18 17 13\"\/><polyline points=\"7 6 12 11 17 6\"\/><\/svg><\/span><\/a><\/div>\n\n\n<style>.wp-block-kadence-advancedheading.kt-adv-heading908_9e7091-f9, .wp-block-kadence-advancedheading.kt-adv-heading908_9e7091-f9[data-kb-block=\"kb-adv-heading908_9e7091-f9\"]{text-align:center;font-style:normal;}.wp-block-kadence-advancedheading.kt-adv-heading908_9e7091-f9 mark.kt-highlight, .wp-block-kadence-advancedheading.kt-adv-heading908_9e7091-f9[data-kb-block=\"kb-adv-heading908_9e7091-f9\"] mark.kt-highlight{font-style:normal;color:#f76a0c;-webkit-box-decoration-break:clone;box-decoration-break:clone;padding-top:0px;padding-right:0px;padding-bottom:0px;padding-left:0px;}<\/style>\n<p class=\"kt-adv-heading908_9e7091-f9 wp-block-kadence-advancedheading\" data-kb-block=\"kb-adv-heading908_9e7091-f9\"><mark style=\"background-color:rgba(0, 0, 0, 0)\" class=\"has-inline-color has-theme-palette-9-color\">G\u00e9rez vos commandes, vos informations et retrouvez vos lectures audio, BD et romans depuis votre espace lecteur d\u00e9di\u00e9.<\/mark><\/p>\n<\/div><\/div>\n\n<\/div><\/section>\n\n<style>.kadence-column908_a51801-6f > .kt-inside-inner-col,.kadence-column908_a51801-6f > .kt-inside-inner-col:before{border-top-left-radius:0px;border-top-right-radius:0px;border-bottom-right-radius:0px;border-bottom-left-radius:0px;}.kadence-column908_a51801-6f > .kt-inside-inner-col{column-gap:var(--global-kb-gap-sm, 1rem);}.kadence-column908_a51801-6f > .kt-inside-inner-col{flex-direction:column;}.kadence-column908_a51801-6f > .kt-inside-inner-col > .aligncenter{width:100%;}.kadence-column908_a51801-6f > .kt-inside-inner-col:before{opacity:0.3;}.kadence-column908_a51801-6f{position:relative;}@media all and (max-width: 1024px){.kadence-column908_a51801-6f > .kt-inside-inner-col{flex-direction:column;justify-content:center;}}@media all and (max-width: 767px){.kadence-column908_a51801-6f > .kt-inside-inner-col{flex-direction:column;justify-content:center;}}<\/style>\n<div class=\"wp-block-kadence-column kadence-column908_a51801-6f\" id=\"compte\"><div class=\"kt-inside-inner-col\"><div class=\"woocommerce\"><\/div>\n<\/div><\/div>\n","protected":false},"excerpt":{"rendered":"<p>Acc\u00e9dez \u00e0 votre univers personnalis\u00e9 G\u00e9rez vos commandes, vos informations et retrouvez vos lectures audio, BD et romans depuis votre espace lecteur d\u00e9di\u00e9.<\/p>\n","protected":false},"author":1,"featured_media":0,"parent":0,"menu_order":0,"comment_status":"closed","ping_status":"closed","template":"","meta":{"content-type":"","_kad_post_transparent":"","_kad_post_title":"hide","_kad_post_layout":"","_kad_post_sidebar_id":"","_kad_post_content_style":"","_kad_post_vertical_padding":"","_kad_post_feature":"","_kad_post_feature_position":"","_kad_post_header":false,"_kad_post_footer":false,"footnotes":""},"class_list":["post-908","page","type-page","status-publish","hentry"],"aioseo_notices":[],"_links":{"self":[{"href":"https:\/\/formagraph-exercice.fr\/nectar-detoiles\/wp-json\/wp\/v2\/pages\/908","targetHints":{"allow":["GET"]}}],"collection":[{"href":"https:\/\/formagraph-exercice.fr\/nectar-detoiles\/wp-json\/wp\/v2\/pages"}],"about":[{"href":"https:\/\/formagraph-exercice.fr\/nectar-detoiles\/wp-json\/wp\/v2\/types\/page"}],"author":[{"embeddable":true,"href":"https:\/\/formagraph-exercice.fr\/nectar-detoiles\/wp-json\/wp\/v2\/users\/1"}],"replies":[{"embeddable":true,"href":"https:\/\/formagraph-exercice.fr\/nectar-detoiles\/wp-json\/wp\/v2\/comments?post=908"}],"version-history":[{"count":6,"href":"https:\/\/formagraph-exercice.fr\/nectar-detoiles\/wp-json\/wp\/v2\/pages\/908\/revisions"}],"predecessor-version":[{"id":2551,"href":"https:\/\/formagraph-exercice.fr\/nectar-detoiles\/wp-json\/wp\/v2\/pages\/908\/revisions\/2551"}],"wp:attachment":[{"href":"https:\/\/formagraph-exercice.fr\/nectar-detoiles\/wp-json\/wp\/v2\/media?parent=908"}],"curies":[{"name":"wp","href":"https:\/\/api.w.org\/{rel}","templated":true}]}}