{"id":945,"date":"2025-03-19T14:17:14","date_gmt":"2025-03-19T13:17:14","guid":{"rendered":"http:\/\/luxyloc.local\/?post_type=product&#038;p=945"},"modified":"2025-03-25T11:53:00","modified_gmt":"2025-03-25T10:53:00","slug":"pantalon-en-laine-legere-embossee","status":"publish","type":"product","link":"https:\/\/formagraph-exercice.fr\/luxyloc\/boutique\/vetement-hommes\/pantalon-en-laine-legere-embossee\/","title":{"rendered":"Pantalon en laine l\u00e9g\u00e8re emboss\u00e9e"},"content":{"rendered":"<p>Pour la collection Printemps-\u00c9t\u00e9 2025, les pantalons \u00e9l\u00e9gants arborent une allure d\u00e9contract\u00e9e gr\u00e2ce \u00e0 leurs c\u00f4t\u00e9s fendus, leurs passants et leurs boutons. Ce pantalon en gabardine de laine l\u00e9g\u00e8re raffin\u00e9e est orn\u00e9 d\u2019un logo Gucci emboss\u00e9.<\/p>\n","protected":false},"excerpt":{"rendered":"<p>Gabardine de laine l\u00e9g\u00e8re vert for\u00eat<br \/>\nLogo Gucci emboss\u00e9<br \/>\nFente sur le devant<br \/>\nLongueur: 107.5cm; Taille: 43.5cm; Hanches: 52cm; Largeur de l\u2019ourlet: 28.5cm; pour la taille 48 IT<br \/>\nFabriqu\u00e9 en Italie<br \/>\nTissu: 100% Laine.<br \/>\nDoublure: 100% Viscose.<br \/>\nDoublure poches: 100% Coton.<br \/>\nMotifs non-textile appliqu\u00e9s: 100% Silicone.<\/p>\n","protected":false},"featured_media":950,"comment_status":"open","ping_status":"closed","template":"","meta":{"_kad_post_transparent":"default","_kad_post_title":"","_kad_post_layout":"default","_kad_post_sidebar_id":"","_kad_post_content_style":"default","_kad_post_vertical_padding":"default","_kad_post_feature":"","_kad_post_feature_position":"","_kad_post_header":false,"_kad_post_footer":false},"product_brand":[],"product_cat":[46],"product_tag":[],"class_list":{"0":"post-945","1":"product","2":"type-product","3":"status-publish","4":"has-post-thumbnail","6":"product_cat-vetement-hommes","8":"first","9":"instock","10":"shipping-taxable","11":"purchasable","12":"product-type-variable","13":"add-to-wishlist-after_add_to_cart","14":"entry","15":"content-bg","16":"loop-entry"},"aioseo_notices":[],"_links":{"self":[{"href":"https:\/\/formagraph-exercice.fr\/luxyloc\/wp-json\/wp\/v2\/product\/945","targetHints":{"allow":["GET"]}}],"collection":[{"href":"https:\/\/formagraph-exercice.fr\/luxyloc\/wp-json\/wp\/v2\/product"}],"about":[{"href":"https:\/\/formagraph-exercice.fr\/luxyloc\/wp-json\/wp\/v2\/types\/product"}],"replies":[{"embeddable":true,"href":"https:\/\/formagraph-exercice.fr\/luxyloc\/wp-json\/wp\/v2\/comments?post=945"}],"wp:featuredmedia":[{"embeddable":true,"href":"https:\/\/formagraph-exercice.fr\/luxyloc\/wp-json\/wp\/v2\/media\/950"}],"wp:attachment":[{"href":"https:\/\/formagraph-exercice.fr\/luxyloc\/wp-json\/wp\/v2\/media?parent=945"}],"wp:term":[{"taxonomy":"product_brand","embeddable":true,"href":"https:\/\/formagraph-exercice.fr\/luxyloc\/wp-json\/wp\/v2\/product_brand?post=945"},{"taxonomy":"product_cat","embeddable":true,"href":"https:\/\/formagraph-exercice.fr\/luxyloc\/wp-json\/wp\/v2\/product_cat?post=945"},{"taxonomy":"product_tag","embeddable":true,"href":"https:\/\/formagraph-exercice.fr\/luxyloc\/wp-json\/wp\/v2\/product_tag?post=945"}],"curies":[{"name":"wp","href":"https:\/\/api.w.org\/{rel}","templated":true}]}}