{"id":943,"date":"2025-03-19T14:12:48","date_gmt":"2025-03-19T13:12:48","guid":{"rendered":"http:\/\/luxyloc.local\/?post_type=product&#038;p=943"},"modified":"2025-03-19T14:12:48","modified_gmt":"2025-03-19T13:12:48","slug":"carre-de-soie-a-imprime-fleuri-gucci-avec-detail-gg-enlaces","status":"publish","type":"product","link":"https:\/\/formagraph-exercice.fr\/luxyloc\/boutique\/accessoires-femmes\/carre-de-soie-a-imprime-fleuri-gucci-avec-detail-gg-enlaces\/","title":{"rendered":"Carr\u00e9 de soie \u00e0 imprim\u00e9 fleuri Gucci avec d\u00e9tail GG enlac\u00e9s"},"content":{"rendered":"<p>Les imprim\u00e9s fleuris color\u00e9s des accessoires en soie de la Maison sont dessin\u00e9s \u00e0 la main. Ce carr\u00e9 de soie aigue-marine et rose affiche un imprim\u00e9 fleuri sur toute sa surface et une interpr\u00e9tation audacieuse du d\u00e9tail GG enlac\u00e9s au centre.<\/p>\n","protected":false},"excerpt":{"rendered":"<p>Twill de soie aigue-marine et rose \u00e0 imprim\u00e9 fleuri Gucci avec d\u00e9tail GG enlac\u00e9s<br \/>\nOurlet cousu \u00e0 la main<br \/>\nl 90 cm x L 90 cm<br \/>\nFabriqu\u00e9 en Italie<br \/>\nLes dimensions de cet article peuvent varier l\u00e9g\u00e8rement car l\u2019ourlet est cousu \u00e0 la main<br \/>\n100 % soie (tissu principal)<\/p>\n","protected":false},"featured_media":944,"comment_status":"open","ping_status":"closed","template":"","meta":{"_kad_post_transparent":"default","_kad_post_title":"","_kad_post_layout":"default","_kad_post_sidebar_id":"","_kad_post_content_style":"default","_kad_post_vertical_padding":"default","_kad_post_feature":"","_kad_post_feature_position":"","_kad_post_header":false,"_kad_post_footer":false},"product_brand":[],"product_cat":[63],"product_tag":[],"class_list":{"0":"post-943","1":"product","2":"type-product","3":"status-publish","4":"has-post-thumbnail","6":"product_cat-accessoires-femmes","8":"first","9":"instock","10":"shipping-taxable","11":"purchasable","12":"product-type-simple","13":"add-to-wishlist-after_add_to_cart","14":"entry","15":"content-bg","16":"loop-entry"},"aioseo_notices":[],"_links":{"self":[{"href":"https:\/\/formagraph-exercice.fr\/luxyloc\/wp-json\/wp\/v2\/product\/943","targetHints":{"allow":["GET"]}}],"collection":[{"href":"https:\/\/formagraph-exercice.fr\/luxyloc\/wp-json\/wp\/v2\/product"}],"about":[{"href":"https:\/\/formagraph-exercice.fr\/luxyloc\/wp-json\/wp\/v2\/types\/product"}],"replies":[{"embeddable":true,"href":"https:\/\/formagraph-exercice.fr\/luxyloc\/wp-json\/wp\/v2\/comments?post=943"}],"wp:featuredmedia":[{"embeddable":true,"href":"https:\/\/formagraph-exercice.fr\/luxyloc\/wp-json\/wp\/v2\/media\/944"}],"wp:attachment":[{"href":"https:\/\/formagraph-exercice.fr\/luxyloc\/wp-json\/wp\/v2\/media?parent=943"}],"wp:term":[{"taxonomy":"product_brand","embeddable":true,"href":"https:\/\/formagraph-exercice.fr\/luxyloc\/wp-json\/wp\/v2\/product_brand?post=943"},{"taxonomy":"product_cat","embeddable":true,"href":"https:\/\/formagraph-exercice.fr\/luxyloc\/wp-json\/wp\/v2\/product_cat?post=943"},{"taxonomy":"product_tag","embeddable":true,"href":"https:\/\/formagraph-exercice.fr\/luxyloc\/wp-json\/wp\/v2\/product_tag?post=943"}],"curies":[{"name":"wp","href":"https:\/\/api.w.org\/{rel}","templated":true}]}}