{"id":937,"date":"2025-03-19T14:05:49","date_gmt":"2025-03-19T13:05:49","guid":{"rendered":"http:\/\/luxyloc.local\/?post_type=product&#038;p=937"},"modified":"2025-03-25T11:56:12","modified_gmt":"2025-03-25T10:56:12","slug":"veste-en-flanelle-de-laine-gg","status":"publish","type":"product","link":"https:\/\/formagraph-exercice.fr\/luxyloc\/boutique\/vetement-hommes\/veste-en-flanelle-de-laine-gg\/","title":{"rendered":"Veste en flanelle de laine GG"},"content":{"rendered":"<p>Les mod\u00e8les intemporels de la collection Cruise\u00a02025, tels que les chemises \u00e9l\u00e9gantes et les vestes habill\u00e9es, se distinguent par des d\u00e9tails subtils qui rehaussent les looks du quotidien. Cette veste d\u00e9structur\u00e9e est pr\u00e9sent\u00e9e en flanelle de laine\u00a0GG, en hommage au motif monogramm\u00e9 de Guccio Gucci, le fondateur.<\/p>\n","protected":false},"excerpt":{"rendered":"<p>Flanelle de laine GG gris et gris fonc\u00e9<br \/>\nEnti\u00e8rement doubl\u00e9e<br \/>\nD\u00e9structur\u00e9<br \/>\nSimple boutonnage<br \/>\nRevers crant\u00e9<br \/>\nPoche poitrine<br \/>\nDeux poches avant<br \/>\nFente \u00e0 l\u2019arri\u00e8re<br \/>\nPoche poitrine \u00e0 l\u2019int\u00e9rieur<br \/>\nFermeture boutonn\u00e9e<br \/>\nLongueur: 74cm; \u00c9paule: 45cm; Longueur des manches : 89cm; pour la taille 48 IT<br \/>\nFabriqu\u00e9 en Italie<br \/>\nLe mannequin mesure 188 cm et porte une taille 48 (IT)<br \/>\nTissu: 100% Laine.<br \/>\nDoublure: 100% Viscose.<\/p>\n","protected":false},"featured_media":942,"comment_status":"open","ping_status":"closed","template":"","meta":{"_kad_post_transparent":"default","_kad_post_title":"","_kad_post_layout":"default","_kad_post_sidebar_id":"","_kad_post_content_style":"default","_kad_post_vertical_padding":"default","_kad_post_feature":"","_kad_post_feature_position":"","_kad_post_header":false,"_kad_post_footer":false},"product_brand":[],"product_cat":[46],"product_tag":[],"class_list":{"0":"post-937","1":"product","2":"type-product","3":"status-publish","4":"has-post-thumbnail","6":"product_cat-vetement-hommes","8":"first","9":"instock","10":"shipping-taxable","11":"purchasable","12":"product-type-variable","13":"add-to-wishlist-after_add_to_cart","14":"entry","15":"content-bg","16":"loop-entry"},"aioseo_notices":[],"_links":{"self":[{"href":"https:\/\/formagraph-exercice.fr\/luxyloc\/wp-json\/wp\/v2\/product\/937","targetHints":{"allow":["GET"]}}],"collection":[{"href":"https:\/\/formagraph-exercice.fr\/luxyloc\/wp-json\/wp\/v2\/product"}],"about":[{"href":"https:\/\/formagraph-exercice.fr\/luxyloc\/wp-json\/wp\/v2\/types\/product"}],"replies":[{"embeddable":true,"href":"https:\/\/formagraph-exercice.fr\/luxyloc\/wp-json\/wp\/v2\/comments?post=937"}],"wp:featuredmedia":[{"embeddable":true,"href":"https:\/\/formagraph-exercice.fr\/luxyloc\/wp-json\/wp\/v2\/media\/942"}],"wp:attachment":[{"href":"https:\/\/formagraph-exercice.fr\/luxyloc\/wp-json\/wp\/v2\/media?parent=937"}],"wp:term":[{"taxonomy":"product_brand","embeddable":true,"href":"https:\/\/formagraph-exercice.fr\/luxyloc\/wp-json\/wp\/v2\/product_brand?post=937"},{"taxonomy":"product_cat","embeddable":true,"href":"https:\/\/formagraph-exercice.fr\/luxyloc\/wp-json\/wp\/v2\/product_cat?post=937"},{"taxonomy":"product_tag","embeddable":true,"href":"https:\/\/formagraph-exercice.fr\/luxyloc\/wp-json\/wp\/v2\/product_tag?post=937"}],"curies":[{"name":"wp","href":"https:\/\/api.w.org\/{rel}","templated":true}]}}