{"id":920,"date":"2025-03-19T13:49:14","date_gmt":"2025-03-19T12:49:14","guid":{"rendered":"http:\/\/luxyloc.local\/?post_type=product&#038;p=920"},"modified":"2025-03-25T12:01:18","modified_gmt":"2025-03-25T11:01:18","slug":"chemise-en-mousseline-de-soie","status":"publish","type":"product","link":"https:\/\/formagraph-exercice.fr\/luxyloc\/boutique\/accessoires-femmes\/chemise-en-mousseline-de-soie\/","title":{"rendered":"Chemise en mousseline de soie"},"content":{"rendered":"<p>Pr\u00e9sent\u00e9e lors du d\u00e9fil\u00e9 de la collection Cruise\u00a02025 pour femme de Gucci \u00e0 Londres, cette chemise en mousseline de soie vert p\u00e2le r\u00e9interpr\u00e8te le romantisme dans une palette de coloris in\u00e9dite. L\u2019association de teintes et de textures inattendues impr\u00e8gne les mod\u00e8les d\u2019une \u00e9nergie nouvelle.<\/p>\n","protected":false},"excerpt":{"rendered":"<p>Pr\u00e9sent\u00e9e lors du d\u00e9fil\u00e9 de la collection Cruise\u00a02025 pour femme de Gucci \u00e0 Londres, cette chemise en mousseline de soie vert p\u00e2le r\u00e9interpr\u00e8te le romantisme dans une palette de coloris in\u00e9dite. L\u2019association de teintes et de textures inattendues impr\u00e8gne les mod\u00e8les d\u2019une \u00e9nergie nouvelle.<\/p>\n","protected":false},"featured_media":925,"comment_status":"open","ping_status":"closed","template":"","meta":{"_kad_post_transparent":"default","_kad_post_title":"","_kad_post_layout":"default","_kad_post_sidebar_id":"","_kad_post_content_style":"default","_kad_post_vertical_padding":"default","_kad_post_feature":"","_kad_post_feature_position":"","_kad_post_header":false,"_kad_post_footer":false},"product_brand":[],"product_cat":[63],"product_tag":[],"class_list":{"0":"post-920","1":"product","2":"type-product","3":"status-publish","4":"has-post-thumbnail","6":"product_cat-accessoires-femmes","8":"first","9":"instock","10":"shipping-taxable","11":"purchasable","12":"product-type-variable","13":"add-to-wishlist-after_add_to_cart","14":"entry","15":"content-bg","16":"loop-entry"},"aioseo_notices":[],"_links":{"self":[{"href":"https:\/\/formagraph-exercice.fr\/luxyloc\/wp-json\/wp\/v2\/product\/920","targetHints":{"allow":["GET"]}}],"collection":[{"href":"https:\/\/formagraph-exercice.fr\/luxyloc\/wp-json\/wp\/v2\/product"}],"about":[{"href":"https:\/\/formagraph-exercice.fr\/luxyloc\/wp-json\/wp\/v2\/types\/product"}],"replies":[{"embeddable":true,"href":"https:\/\/formagraph-exercice.fr\/luxyloc\/wp-json\/wp\/v2\/comments?post=920"}],"wp:featuredmedia":[{"embeddable":true,"href":"https:\/\/formagraph-exercice.fr\/luxyloc\/wp-json\/wp\/v2\/media\/925"}],"wp:attachment":[{"href":"https:\/\/formagraph-exercice.fr\/luxyloc\/wp-json\/wp\/v2\/media?parent=920"}],"wp:term":[{"taxonomy":"product_brand","embeddable":true,"href":"https:\/\/formagraph-exercice.fr\/luxyloc\/wp-json\/wp\/v2\/product_brand?post=920"},{"taxonomy":"product_cat","embeddable":true,"href":"https:\/\/formagraph-exercice.fr\/luxyloc\/wp-json\/wp\/v2\/product_cat?post=920"},{"taxonomy":"product_tag","embeddable":true,"href":"https:\/\/formagraph-exercice.fr\/luxyloc\/wp-json\/wp\/v2\/product_tag?post=920"}],"curies":[{"name":"wp","href":"https:\/\/api.w.org\/{rel}","templated":true}]}}