{"id":871,"date":"2025-03-19T11:53:41","date_gmt":"2025-03-19T10:53:41","guid":{"rendered":"http:\/\/luxyloc.local\/?post_type=product&#038;p=871"},"modified":"2025-03-25T16:18:16","modified_gmt":"2025-03-25T15:18:16","slug":"tee-shirt-gucci","status":"publish","type":"product","link":"https:\/\/formagraph-exercice.fr\/luxyloc\/boutique\/vetement-hommes\/tee-shirt-gucci\/","title":{"rendered":"Tee shirt Gucci"},"content":{"rendered":"<p>Ce t-shirt Gucci allie luxe et simplicit\u00e9 avec une coupe impeccable et des finitions haut de gamme. Con\u00e7u en coton premium, il offre un confort absolu et un tomb\u00e9 parfait. Son design intemporel est rehauss\u00e9 par le logo embl\u00e9matique de la maison ou des motifs distinctifs qui signent son authenticit\u00e9. Id\u00e9al pour un look chic et d\u00e9contract\u00e9.<\/p>\n","protected":false},"excerpt":{"rendered":"<p>Ce t-shirt Gucci allie luxe et simplicit\u00e9 avec une coupe impeccable et des finitions haut de gamme. Con\u00e7u en coton premium, il offre un confort absolu et un tomb\u00e9 parfait. Son design intemporel est rehauss\u00e9 par le logo embl\u00e9matique de la maison ou des motifs distinctifs qui signent son authenticit\u00e9. Id\u00e9al pour un look chic&#8230;<\/p>\n","protected":false},"featured_media":872,"comment_status":"open","ping_status":"closed","template":"","meta":{"_kad_post_transparent":"default","_kad_post_title":"","_kad_post_layout":"default","_kad_post_sidebar_id":"","_kad_post_content_style":"default","_kad_post_vertical_padding":"default","_kad_post_feature":"","_kad_post_feature_position":"","_kad_post_header":false,"_kad_post_footer":false},"product_brand":[],"product_cat":[69,46],"product_tag":[],"class_list":{"0":"post-871","1":"product","2":"type-product","3":"status-publish","4":"has-post-thumbnail","6":"product_cat-streetwear","7":"product_cat-vetement-hommes","9":"first","10":"instock","11":"shipping-taxable","12":"purchasable","13":"product-type-variable","14":"add-to-wishlist-after_add_to_cart","15":"entry","16":"content-bg","17":"loop-entry"},"aioseo_notices":[],"_links":{"self":[{"href":"https:\/\/formagraph-exercice.fr\/luxyloc\/wp-json\/wp\/v2\/product\/871","targetHints":{"allow":["GET"]}}],"collection":[{"href":"https:\/\/formagraph-exercice.fr\/luxyloc\/wp-json\/wp\/v2\/product"}],"about":[{"href":"https:\/\/formagraph-exercice.fr\/luxyloc\/wp-json\/wp\/v2\/types\/product"}],"replies":[{"embeddable":true,"href":"https:\/\/formagraph-exercice.fr\/luxyloc\/wp-json\/wp\/v2\/comments?post=871"}],"wp:featuredmedia":[{"embeddable":true,"href":"https:\/\/formagraph-exercice.fr\/luxyloc\/wp-json\/wp\/v2\/media\/872"}],"wp:attachment":[{"href":"https:\/\/formagraph-exercice.fr\/luxyloc\/wp-json\/wp\/v2\/media?parent=871"}],"wp:term":[{"taxonomy":"product_brand","embeddable":true,"href":"https:\/\/formagraph-exercice.fr\/luxyloc\/wp-json\/wp\/v2\/product_brand?post=871"},{"taxonomy":"product_cat","embeddable":true,"href":"https:\/\/formagraph-exercice.fr\/luxyloc\/wp-json\/wp\/v2\/product_cat?post=871"},{"taxonomy":"product_tag","embeddable":true,"href":"https:\/\/formagraph-exercice.fr\/luxyloc\/wp-json\/wp\/v2\/product_tag?post=871"}],"curies":[{"name":"wp","href":"https:\/\/api.w.org\/{rel}","templated":true}]}}