{"id":853,"date":"2025-03-19T11:29:07","date_gmt":"2025-03-19T10:29:07","guid":{"rendered":"http:\/\/luxyloc.local\/?post_type=product&#038;p=853"},"modified":"2025-03-25T11:48:23","modified_gmt":"2025-03-25T10:48:23","slug":"chemise-loro-piana","status":"publish","type":"product","link":"https:\/\/formagraph-exercice.fr\/luxyloc\/boutique\/vetement-hommes\/chemise-loro-piana\/","title":{"rendered":"Chemise Loro Piana"},"content":{"rendered":"<p>Au rythme des fibres, les plis d\u00e9licats de pr\u00e9cision fa\u00e7on origami racontent une histoire de raffinement et de beaut\u00e9, refl\u00e9tant l&rsquo;art nuanc\u00e9 profond\u00e9ment ancr\u00e9 dans la tradition japonaise. Notre \u00e9l\u00e9gante chemise semi-ajust\u00e9e en popeline de coton ray\u00e9e incarne la sophistication \u00e0 la perfection. Con\u00e7ue pour compl\u00e9ter les nouveaux costumes de notre gamme, cette chemise offre un m\u00e9lange harmonieux de style et de finesse pour un ensemble \u00e9l\u00e9gant.<\/p>\n","protected":false},"excerpt":{"rendered":"<p>Au rythme des fibres, les plis d\u00e9licats de pr\u00e9cision fa\u00e7on origami racontent une histoire de raffinement et de beaut\u00e9, refl\u00e9tant l&rsquo;art nuanc\u00e9 profond\u00e9ment ancr\u00e9 dans la tradition japonaise. Notre \u00e9l\u00e9gante chemise semi-ajust\u00e9e en popeline de coton ray\u00e9e incarne la sophistication \u00e0 la perfection. Con\u00e7ue pour compl\u00e9ter les nouveaux costumes de notre gamme, cette chemise offre&#8230;<\/p>\n","protected":false},"featured_media":858,"comment_status":"open","ping_status":"closed","template":"","meta":{"_kad_post_transparent":"default","_kad_post_title":"","_kad_post_layout":"default","_kad_post_sidebar_id":"","_kad_post_content_style":"default","_kad_post_vertical_padding":"default","_kad_post_feature":"","_kad_post_feature_position":"","_kad_post_header":false,"_kad_post_footer":false},"product_brand":[],"product_cat":[48,46],"product_tag":[],"class_list":{"0":"post-853","1":"product","2":"type-product","3":"status-publish","4":"has-post-thumbnail","6":"product_cat-eco-responsable","7":"product_cat-vetement-hommes","9":"first","10":"instock","11":"shipping-taxable","12":"purchasable","13":"product-type-variable","14":"add-to-wishlist-after_add_to_cart","15":"entry","16":"content-bg","17":"loop-entry"},"aioseo_notices":[],"_links":{"self":[{"href":"https:\/\/formagraph-exercice.fr\/luxyloc\/wp-json\/wp\/v2\/product\/853","targetHints":{"allow":["GET"]}}],"collection":[{"href":"https:\/\/formagraph-exercice.fr\/luxyloc\/wp-json\/wp\/v2\/product"}],"about":[{"href":"https:\/\/formagraph-exercice.fr\/luxyloc\/wp-json\/wp\/v2\/types\/product"}],"replies":[{"embeddable":true,"href":"https:\/\/formagraph-exercice.fr\/luxyloc\/wp-json\/wp\/v2\/comments?post=853"}],"wp:featuredmedia":[{"embeddable":true,"href":"https:\/\/formagraph-exercice.fr\/luxyloc\/wp-json\/wp\/v2\/media\/858"}],"wp:attachment":[{"href":"https:\/\/formagraph-exercice.fr\/luxyloc\/wp-json\/wp\/v2\/media?parent=853"}],"wp:term":[{"taxonomy":"product_brand","embeddable":true,"href":"https:\/\/formagraph-exercice.fr\/luxyloc\/wp-json\/wp\/v2\/product_brand?post=853"},{"taxonomy":"product_cat","embeddable":true,"href":"https:\/\/formagraph-exercice.fr\/luxyloc\/wp-json\/wp\/v2\/product_cat?post=853"},{"taxonomy":"product_tag","embeddable":true,"href":"https:\/\/formagraph-exercice.fr\/luxyloc\/wp-json\/wp\/v2\/product_tag?post=853"}],"curies":[{"name":"wp","href":"https:\/\/api.w.org\/{rel}","templated":true}]}}