{"id":847,"date":"2025-03-18T16:48:50","date_gmt":"2025-03-18T15:48:50","guid":{"rendered":"http:\/\/luxyloc.local\/?post_type=product&#038;p=847"},"modified":"2025-03-25T16:18:32","modified_gmt":"2025-03-25T15:18:32","slug":"casquette-loro-piana","status":"publish","type":"product","link":"https:\/\/formagraph-exercice.fr\/luxyloc\/boutique\/accessoires-h\/casquette-loro-piana\/","title":{"rendered":"Casquette Loro Piana"},"content":{"rendered":"<p>Casquette \u00e0 six pans r\u00e9alis\u00e9e en tissu de cachemire, hydrofuge et coupe-vent gr\u00e2ce au traitement Storm System\u00ae. Souple et l\u00e9g\u00e8re, elle est id\u00e9ale pour le temps libre, combin\u00e9e \u00e0 des v\u00eatements d&rsquo;ext\u00e9rieur sportifs. Parfaite aussi en cas de pluie ou de neige.<\/p>\n","protected":false},"excerpt":{"rendered":"<p>Casquette \u00e0 six pans r\u00e9alis\u00e9e en tissu de cachemire, hydrofuge et coupe-vent gr\u00e2ce au traitement Storm System\u00ae. Souple et l\u00e9g\u00e8re, elle est id\u00e9ale pour le temps libre, combin\u00e9e \u00e0 des v\u00eatements d&rsquo;ext\u00e9rieur sportifs. Parfaite aussi en cas de pluie ou de neige.<\/p>\n","protected":false},"featured_media":848,"comment_status":"open","ping_status":"closed","template":"","meta":{"_kad_post_transparent":"default","_kad_post_title":"","_kad_post_layout":"default","_kad_post_sidebar_id":"","_kad_post_content_style":"default","_kad_post_vertical_padding":"default","_kad_post_feature":"","_kad_post_feature_position":"","_kad_post_header":false,"_kad_post_footer":false},"product_brand":[],"product_cat":[41,69],"product_tag":[],"class_list":{"0":"post-847","1":"product","2":"type-product","3":"status-publish","4":"has-post-thumbnail","6":"product_cat-accessoires-h","7":"product_cat-streetwear","9":"first","10":"instock","11":"shipping-taxable","12":"purchasable","13":"product-type-variable","14":"add-to-wishlist-after_add_to_cart","15":"entry","16":"content-bg","17":"loop-entry"},"aioseo_notices":[],"_links":{"self":[{"href":"https:\/\/formagraph-exercice.fr\/luxyloc\/wp-json\/wp\/v2\/product\/847","targetHints":{"allow":["GET"]}}],"collection":[{"href":"https:\/\/formagraph-exercice.fr\/luxyloc\/wp-json\/wp\/v2\/product"}],"about":[{"href":"https:\/\/formagraph-exercice.fr\/luxyloc\/wp-json\/wp\/v2\/types\/product"}],"replies":[{"embeddable":true,"href":"https:\/\/formagraph-exercice.fr\/luxyloc\/wp-json\/wp\/v2\/comments?post=847"}],"wp:featuredmedia":[{"embeddable":true,"href":"https:\/\/formagraph-exercice.fr\/luxyloc\/wp-json\/wp\/v2\/media\/848"}],"wp:attachment":[{"href":"https:\/\/formagraph-exercice.fr\/luxyloc\/wp-json\/wp\/v2\/media?parent=847"}],"wp:term":[{"taxonomy":"product_brand","embeddable":true,"href":"https:\/\/formagraph-exercice.fr\/luxyloc\/wp-json\/wp\/v2\/product_brand?post=847"},{"taxonomy":"product_cat","embeddable":true,"href":"https:\/\/formagraph-exercice.fr\/luxyloc\/wp-json\/wp\/v2\/product_cat?post=847"},{"taxonomy":"product_tag","embeddable":true,"href":"https:\/\/formagraph-exercice.fr\/luxyloc\/wp-json\/wp\/v2\/product_tag?post=847"}],"curies":[{"name":"wp","href":"https:\/\/api.w.org\/{rel}","templated":true}]}}