{"id":844,"date":"2025-03-18T16:40:14","date_gmt":"2025-03-18T15:40:14","guid":{"rendered":"http:\/\/luxyloc.local\/?post_type=product&#038;p=844"},"modified":"2025-03-25T12:26:59","modified_gmt":"2025-03-25T11:26:59","slug":"cravate-loro-piana-rayee","status":"publish","type":"product","link":"https:\/\/formagraph-exercice.fr\/luxyloc\/boutique\/accessoires-h\/cravate-loro-piana-rayee\/","title":{"rendered":"cravate loro piana ray\u00e9e"},"content":{"rendered":"<p>Doublure en serg\u00e9 de soie bleu marine avec motif chardon en jacquard ton sur ton sur le bout<br \/>\nBoucle en serg\u00e9 de soie \u00e0 l&rsquo;arri\u00e8re orn\u00e9e du logo Loro Piana<br \/>\n\u00c9tiquette de composition plac\u00e9e \u00e0 l\u2019extr\u00e9mit\u00e9<br \/>\n\u00c9tiquettes imprim\u00e9es sur la doublure pour inscrire le nom et la date sur la cravate<br \/>\nLargeur de la cravate\u202f: 8 cm<br \/>\nComposition : 100 % soie<br \/>\nProduct code: FAP3221<\/p>\n","protected":false},"excerpt":{"rendered":"<p>Doublure en serg\u00e9 de soie bleu marine avec motif chardon en jacquard ton sur ton sur le bout Boucle en serg\u00e9 de soie \u00e0 l&rsquo;arri\u00e8re orn\u00e9e du logo Loro Piana \u00c9tiquette de composition plac\u00e9e \u00e0 l\u2019extr\u00e9mit\u00e9 \u00c9tiquettes imprim\u00e9es sur la doublure pour inscrire le nom et la date sur la cravate Largeur de la cravate\u202f:&#8230;<\/p>\n","protected":false},"featured_media":846,"comment_status":"open","ping_status":"closed","template":"","meta":{"_kad_post_transparent":"default","_kad_post_title":"","_kad_post_layout":"default","_kad_post_sidebar_id":"","_kad_post_content_style":"default","_kad_post_vertical_padding":"default","_kad_post_feature":"","_kad_post_feature_position":"","_kad_post_header":false,"_kad_post_footer":false},"product_brand":[],"product_cat":[41,48,46],"product_tag":[],"class_list":{"0":"post-844","1":"product","2":"type-product","3":"status-publish","4":"has-post-thumbnail","6":"product_cat-accessoires-h","7":"product_cat-eco-responsable","8":"product_cat-vetement-hommes","10":"first","11":"instock","12":"shipping-taxable","13":"purchasable","14":"product-type-simple","15":"add-to-wishlist-after_add_to_cart","16":"entry","17":"content-bg","18":"loop-entry"},"aioseo_notices":[],"_links":{"self":[{"href":"https:\/\/formagraph-exercice.fr\/luxyloc\/wp-json\/wp\/v2\/product\/844","targetHints":{"allow":["GET"]}}],"collection":[{"href":"https:\/\/formagraph-exercice.fr\/luxyloc\/wp-json\/wp\/v2\/product"}],"about":[{"href":"https:\/\/formagraph-exercice.fr\/luxyloc\/wp-json\/wp\/v2\/types\/product"}],"replies":[{"embeddable":true,"href":"https:\/\/formagraph-exercice.fr\/luxyloc\/wp-json\/wp\/v2\/comments?post=844"}],"wp:featuredmedia":[{"embeddable":true,"href":"https:\/\/formagraph-exercice.fr\/luxyloc\/wp-json\/wp\/v2\/media\/846"}],"wp:attachment":[{"href":"https:\/\/formagraph-exercice.fr\/luxyloc\/wp-json\/wp\/v2\/media?parent=844"}],"wp:term":[{"taxonomy":"product_brand","embeddable":true,"href":"https:\/\/formagraph-exercice.fr\/luxyloc\/wp-json\/wp\/v2\/product_brand?post=844"},{"taxonomy":"product_cat","embeddable":true,"href":"https:\/\/formagraph-exercice.fr\/luxyloc\/wp-json\/wp\/v2\/product_cat?post=844"},{"taxonomy":"product_tag","embeddable":true,"href":"https:\/\/formagraph-exercice.fr\/luxyloc\/wp-json\/wp\/v2\/product_tag?post=844"}],"curies":[{"name":"wp","href":"https:\/\/api.w.org\/{rel}","templated":true}]}}