{"id":834,"date":"2025-03-18T15:20:20","date_gmt":"2025-03-18T14:20:20","guid":{"rendered":"http:\/\/luxyloc.local\/?post_type=product&#038;p=834"},"modified":"2025-03-25T14:14:11","modified_gmt":"2025-03-25T13:14:11","slug":"escarpin-stella-mc-cartey","status":"publish","type":"product","link":"https:\/\/formagraph-exercice.fr\/luxyloc\/boutique\/eco-responsable\/escarpin-stella-mc-cartey\/","title":{"rendered":"escarpin Stella Mc Cartey"},"content":{"rendered":"<p>Par\u00e9 pour les tenues de soir\u00e9e ou le glamour de tous les jours, l&rsquo;escarpin Elsa de Stella McCartney est r\u00e9actualis\u00e9 sous forme d&rsquo;escarpin sexy a bride arri\u00e8re pour l&rsquo;Hiver 2024. Confectionn\u00e9 dans notre alternative douce et vegan au cuir animal, il repose sur un talon sculptural de 90 mm et est dot\u00e9 d&rsquo;une doublure rouge contrastante et confortable, modernisant ainsi une silhouette classique.<\/p>\n","protected":false},"excerpt":{"rendered":"<p>Par\u00e9 pour les tenues de soir\u00e9e ou le glamour de tous les jours, l&rsquo;escarpin Elsa de Stella McCartney est r\u00e9actualis\u00e9 sous forme d&rsquo;escarpin sexy a bride arri\u00e8re pour l&rsquo;Hiver 2024. Confectionn\u00e9 dans notre alternative douce et vegan au cuir animal, il repose sur un talon sculptural de 90 mm et est dot\u00e9 d&rsquo;une doublure rouge&#8230;<\/p>\n","protected":false},"featured_media":835,"comment_status":"open","ping_status":"closed","template":"","meta":{"_kad_post_transparent":"default","_kad_post_title":"","_kad_post_layout":"default","_kad_post_sidebar_id":"","_kad_post_content_style":"default","_kad_post_vertical_padding":"default","_kad_post_feature":"","_kad_post_feature_position":"","_kad_post_header":false,"_kad_post_footer":false},"product_brand":[],"product_cat":[48],"product_tag":[],"class_list":{"0":"post-834","1":"product","2":"type-product","3":"status-publish","4":"has-post-thumbnail","6":"product_cat-eco-responsable","8":"first","9":"instock","10":"shipping-taxable","11":"purchasable","12":"product-type-variable","13":"add-to-wishlist-after_add_to_cart","14":"entry","15":"content-bg","16":"loop-entry"},"aioseo_notices":[],"_links":{"self":[{"href":"https:\/\/formagraph-exercice.fr\/luxyloc\/wp-json\/wp\/v2\/product\/834","targetHints":{"allow":["GET"]}}],"collection":[{"href":"https:\/\/formagraph-exercice.fr\/luxyloc\/wp-json\/wp\/v2\/product"}],"about":[{"href":"https:\/\/formagraph-exercice.fr\/luxyloc\/wp-json\/wp\/v2\/types\/product"}],"replies":[{"embeddable":true,"href":"https:\/\/formagraph-exercice.fr\/luxyloc\/wp-json\/wp\/v2\/comments?post=834"}],"wp:featuredmedia":[{"embeddable":true,"href":"https:\/\/formagraph-exercice.fr\/luxyloc\/wp-json\/wp\/v2\/media\/835"}],"wp:attachment":[{"href":"https:\/\/formagraph-exercice.fr\/luxyloc\/wp-json\/wp\/v2\/media?parent=834"}],"wp:term":[{"taxonomy":"product_brand","embeddable":true,"href":"https:\/\/formagraph-exercice.fr\/luxyloc\/wp-json\/wp\/v2\/product_brand?post=834"},{"taxonomy":"product_cat","embeddable":true,"href":"https:\/\/formagraph-exercice.fr\/luxyloc\/wp-json\/wp\/v2\/product_cat?post=834"},{"taxonomy":"product_tag","embeddable":true,"href":"https:\/\/formagraph-exercice.fr\/luxyloc\/wp-json\/wp\/v2\/product_tag?post=834"}],"curies":[{"name":"wp","href":"https:\/\/api.w.org\/{rel}","templated":true}]}}