{"id":827,"date":"2025-03-18T15:10:10","date_gmt":"2025-03-18T14:10:10","guid":{"rendered":"http:\/\/luxyloc.local\/?post_type=product&#038;p=827"},"modified":"2025-03-25T14:21:44","modified_gmt":"2025-03-25T13:21:44","slug":"chemise-oxford-avec-panneau-volante","status":"publish","type":"product","link":"https:\/\/formagraph-exercice.fr\/luxyloc\/boutique\/eco-responsable\/chemise-oxford-avec-panneau-volante\/","title":{"rendered":"Chemise Oxford avec panneau volante"},"content":{"rendered":"<p>Fusionnant tailoring Savile Row et f\u00e9minit\u00e9, deux th\u00e8mes centraux de chaque collection Stella, cette chemise est taill\u00e9e dans du coton biologique et dot\u00e9e d\u2019un col fran\u00e7ais, de manches longues ainsi que d\u2019un empi\u00e8cement volant\u00e9 sur la poitrine. En associant une silhouette classique \u00e0 des \u00e9l\u00e9ments sculpturaux et galb\u00e9s, Stella McCartney trouve une fois de plus un \u00e9quilibre entre les codes vestimentaires.<\/p>\n","protected":false},"excerpt":{"rendered":"<p>Fusionnant tailoring Savile Row et f\u00e9minit\u00e9, deux th\u00e8mes centraux de chaque collection Stella, cette chemise est taill\u00e9e dans du coton biologique et dot\u00e9e d\u2019un col fran\u00e7ais, de manches longues ainsi que d\u2019un empi\u00e8cement volant\u00e9 sur la poitrine. En associant une silhouette classique \u00e0 des \u00e9l\u00e9ments sculpturaux et galb\u00e9s, Stella McCartney trouve une fois de plus&#8230;<\/p>\n","protected":false},"featured_media":833,"comment_status":"open","ping_status":"closed","template":"","meta":{"_kad_post_transparent":"default","_kad_post_title":"","_kad_post_layout":"default","_kad_post_sidebar_id":"","_kad_post_content_style":"default","_kad_post_vertical_padding":"default","_kad_post_feature":"","_kad_post_feature_position":"","_kad_post_header":false,"_kad_post_footer":false},"product_brand":[],"product_cat":[48],"product_tag":[],"class_list":{"0":"post-827","1":"product","2":"type-product","3":"status-publish","4":"has-post-thumbnail","6":"product_cat-eco-responsable","8":"first","9":"instock","10":"shipping-taxable","11":"purchasable","12":"product-type-variable","13":"add-to-wishlist-after_add_to_cart","14":"entry","15":"content-bg","16":"loop-entry"},"aioseo_notices":[],"_links":{"self":[{"href":"https:\/\/formagraph-exercice.fr\/luxyloc\/wp-json\/wp\/v2\/product\/827","targetHints":{"allow":["GET"]}}],"collection":[{"href":"https:\/\/formagraph-exercice.fr\/luxyloc\/wp-json\/wp\/v2\/product"}],"about":[{"href":"https:\/\/formagraph-exercice.fr\/luxyloc\/wp-json\/wp\/v2\/types\/product"}],"replies":[{"embeddable":true,"href":"https:\/\/formagraph-exercice.fr\/luxyloc\/wp-json\/wp\/v2\/comments?post=827"}],"wp:featuredmedia":[{"embeddable":true,"href":"https:\/\/formagraph-exercice.fr\/luxyloc\/wp-json\/wp\/v2\/media\/833"}],"wp:attachment":[{"href":"https:\/\/formagraph-exercice.fr\/luxyloc\/wp-json\/wp\/v2\/media?parent=827"}],"wp:term":[{"taxonomy":"product_brand","embeddable":true,"href":"https:\/\/formagraph-exercice.fr\/luxyloc\/wp-json\/wp\/v2\/product_brand?post=827"},{"taxonomy":"product_cat","embeddable":true,"href":"https:\/\/formagraph-exercice.fr\/luxyloc\/wp-json\/wp\/v2\/product_cat?post=827"},{"taxonomy":"product_tag","embeddable":true,"href":"https:\/\/formagraph-exercice.fr\/luxyloc\/wp-json\/wp\/v2\/product_tag?post=827"}],"curies":[{"name":"wp","href":"https:\/\/api.w.org\/{rel}","templated":true}]}}