{"id":1188,"date":"2025-03-25T16:16:34","date_gmt":"2025-03-25T15:16:34","guid":{"rendered":"http:\/\/luxyloc.local\/?post_type=product&#038;p=1188"},"modified":"2025-03-25T16:17:20","modified_gmt":"2025-03-25T15:17:20","slug":"veste-en-jersey-de-coton-a-motif-gg","status":"publish","type":"product","link":"https:\/\/formagraph-exercice.fr\/luxyloc\/boutique\/streetwear\/veste-en-jersey-de-coton-a-motif-gg\/","title":{"rendered":"Veste en jersey de coton \u00e0 motif GG"},"content":{"rendered":"<p>Des silhouettes contemporaines s\u2019invitent dans la collection Cruise 2024 pour homme. Les pantalons dot\u00e9s d\u2019une coupe ample sont associ\u00e9s \u00e0 des vestes ajust\u00e9es, tandis que les pantalons cargo d\u00e9contract\u00e9s mari\u00e9s \u00e0 des v\u00eatements d\u2019ext\u00e9rieur offrent une touche sportive. Cette veste de sport de luxe est confectionn\u00e9e en jersey de coton \u00e0 motif GG bleu fonc\u00e9 et gris et est rehauss\u00e9e d\u2019une bande Web vert et rouge.<\/p>\n","protected":false},"excerpt":{"rendered":"<p>Jersey de coton \u00e0 motif GG bleu fonc\u00e9 et gris<br \/>\nPassepoil contrastant<br \/>\nBande Web vert et rouge<br \/>\nCol montant<br \/>\nManches longues<br \/>\nPoches avant<br \/>\nFinitions c\u00f4tel\u00e9es<br \/>\nFermeture zipp\u00e9e<br \/>\nFabriqu\u00e9 en Italie<br \/>\nLe produit repr\u00e9sent\u00e9 sur cette image est une taille M<br \/>\nTissu: 100% Coton.<br \/>\nD\u00e9tail: 55% Polyester, 45% Coton.<br \/>\nGarniture: 90% Coton, 8% Polyamide, 2% \u00c9lasthanne.<br \/>\nD\u00e9tail: 44% Acrylique, 44% Laine, 12% Viscose.<br \/>\nDoublure poches: 100% Coton.<\/p>\n","protected":false},"featured_media":1189,"comment_status":"open","ping_status":"closed","template":"","meta":{"_kad_post_transparent":"default","_kad_post_title":"","_kad_post_layout":"default","_kad_post_sidebar_id":"","_kad_post_content_style":"default","_kad_post_vertical_padding":"default","_kad_post_feature":"","_kad_post_feature_position":"","_kad_post_header":false,"_kad_post_footer":false},"product_brand":[],"product_cat":[69],"product_tag":[],"class_list":{"0":"post-1188","1":"product","2":"type-product","3":"status-publish","4":"has-post-thumbnail","6":"product_cat-streetwear","8":"first","9":"instock","10":"shipping-taxable","11":"purchasable","12":"product-type-variable","13":"add-to-wishlist-after_add_to_cart","14":"entry","15":"content-bg","16":"loop-entry"},"aioseo_notices":[],"_links":{"self":[{"href":"https:\/\/formagraph-exercice.fr\/luxyloc\/wp-json\/wp\/v2\/product\/1188","targetHints":{"allow":["GET"]}}],"collection":[{"href":"https:\/\/formagraph-exercice.fr\/luxyloc\/wp-json\/wp\/v2\/product"}],"about":[{"href":"https:\/\/formagraph-exercice.fr\/luxyloc\/wp-json\/wp\/v2\/types\/product"}],"replies":[{"embeddable":true,"href":"https:\/\/formagraph-exercice.fr\/luxyloc\/wp-json\/wp\/v2\/comments?post=1188"}],"wp:featuredmedia":[{"embeddable":true,"href":"https:\/\/formagraph-exercice.fr\/luxyloc\/wp-json\/wp\/v2\/media\/1189"}],"wp:attachment":[{"href":"https:\/\/formagraph-exercice.fr\/luxyloc\/wp-json\/wp\/v2\/media?parent=1188"}],"wp:term":[{"taxonomy":"product_brand","embeddable":true,"href":"https:\/\/formagraph-exercice.fr\/luxyloc\/wp-json\/wp\/v2\/product_brand?post=1188"},{"taxonomy":"product_cat","embeddable":true,"href":"https:\/\/formagraph-exercice.fr\/luxyloc\/wp-json\/wp\/v2\/product_cat?post=1188"},{"taxonomy":"product_tag","embeddable":true,"href":"https:\/\/formagraph-exercice.fr\/luxyloc\/wp-json\/wp\/v2\/product_tag?post=1188"}],"curies":[{"name":"wp","href":"https:\/\/api.w.org\/{rel}","templated":true}]}}