{"id":1179,"date":"2025-03-25T16:09:19","date_gmt":"2025-03-25T15:09:19","guid":{"rendered":"http:\/\/luxyloc.local\/?post_type=product&#038;p=1179"},"modified":"2025-03-25T16:17:53","modified_gmt":"2025-03-25T15:17:53","slug":"pantalon-de-survetement-en-jersey-technique","status":"publish","type":"product","link":"https:\/\/formagraph-exercice.fr\/luxyloc\/boutique\/streetwear\/pantalon-de-survetement-en-jersey-technique\/","title":{"rendered":"Pantalon de surv\u00eatement en jersey technique"},"content":{"rendered":"<p>La collection Cruise 2024 pour homme, destin\u00e9e aux beaux jours, affiche des pi\u00e8ces au style sportif orn\u00e9es d\u2019imprim\u00e9s \u00e9clatants. La bande Web reste un motif historique incontournable, tandis que les d\u00e9tails logo sont revisit\u00e9s d\u2019une touche moderne audacieuse. Confectionn\u00e9 en jersey technique noir, ce pantalon de surv\u00eatement est orn\u00e9 d\u2019un empi\u00e8cement GG enlac\u00e9s brod\u00e9 et d\u2019inserts en toile GG ton sur ton sur les c\u00f4t\u00e9s.<\/p>\n","protected":false},"excerpt":{"rendered":"<p>Jersey technique noir<br \/>\nDoublure en r\u00e9sille<br \/>\nEmpi\u00e8cement GG enlac\u00e9s brod\u00e9<br \/>\nTaille \u00e9lastique avec cordon coulissant<br \/>\nDeux poches avant coup\u00e9es<br \/>\nPoche plaqu\u00e9e sur l\u2019arri\u00e8re<br \/>\nBoutons-pression<br \/>\nInserts en toile GG<br \/>\nFabriqu\u00e9 en Italie<br \/>\nLe produit repr\u00e9sent\u00e9 sur cette image est une taille L<br \/>\nTissu: 55% Polyester, 45% Coton.<br \/>\nD\u00e9tails: 70% Coton, 30% Polyester.<br \/>\nDoublure: 100% Polyester.<br \/>\nDoublure poches: 100% Coton.<br \/>\nMotifs appliqu\u00e9s: 100% Polyester.<\/p>\n","protected":false},"featured_media":1180,"comment_status":"open","ping_status":"closed","template":"","meta":{"_kad_post_transparent":"default","_kad_post_title":"","_kad_post_layout":"default","_kad_post_sidebar_id":"","_kad_post_content_style":"default","_kad_post_vertical_padding":"default","_kad_post_feature":"","_kad_post_feature_position":"","_kad_post_header":false,"_kad_post_footer":false},"product_brand":[],"product_cat":[69],"product_tag":[],"class_list":{"0":"post-1179","1":"product","2":"type-product","3":"status-publish","4":"has-post-thumbnail","6":"product_cat-streetwear","8":"first","9":"instock","10":"shipping-taxable","11":"purchasable","12":"product-type-variable","13":"add-to-wishlist-after_add_to_cart","14":"entry","15":"content-bg","16":"loop-entry"},"aioseo_notices":[],"_links":{"self":[{"href":"https:\/\/formagraph-exercice.fr\/luxyloc\/wp-json\/wp\/v2\/product\/1179","targetHints":{"allow":["GET"]}}],"collection":[{"href":"https:\/\/formagraph-exercice.fr\/luxyloc\/wp-json\/wp\/v2\/product"}],"about":[{"href":"https:\/\/formagraph-exercice.fr\/luxyloc\/wp-json\/wp\/v2\/types\/product"}],"replies":[{"embeddable":true,"href":"https:\/\/formagraph-exercice.fr\/luxyloc\/wp-json\/wp\/v2\/comments?post=1179"}],"wp:featuredmedia":[{"embeddable":true,"href":"https:\/\/formagraph-exercice.fr\/luxyloc\/wp-json\/wp\/v2\/media\/1180"}],"wp:attachment":[{"href":"https:\/\/formagraph-exercice.fr\/luxyloc\/wp-json\/wp\/v2\/media?parent=1179"}],"wp:term":[{"taxonomy":"product_brand","embeddable":true,"href":"https:\/\/formagraph-exercice.fr\/luxyloc\/wp-json\/wp\/v2\/product_brand?post=1179"},{"taxonomy":"product_cat","embeddable":true,"href":"https:\/\/formagraph-exercice.fr\/luxyloc\/wp-json\/wp\/v2\/product_cat?post=1179"},{"taxonomy":"product_tag","embeddable":true,"href":"https:\/\/formagraph-exercice.fr\/luxyloc\/wp-json\/wp\/v2\/product_tag?post=1179"}],"curies":[{"name":"wp","href":"https:\/\/api.w.org\/{rel}","templated":true}]}}