{"id":149,"date":"2025-03-10T12:27:31","date_gmt":"2025-03-10T11:27:31","guid":{"rendered":"http:\/\/luxyloc.local\/?page_id=149"},"modified":"2025-07-03T11:13:37","modified_gmt":"2025-07-03T09:13:37","slug":"a-propos","status":"publish","type":"page","link":"https:\/\/formagraph-exercice.fr\/luxyloc\/a-propos\/","title":{"rendered":"A propos"},"content":{"rendered":"<style>.kb-row-layout-wrap.wp-block-kadence-rowlayout.kb-row-layout-id149_0fdd0a-b2{margin-top:0px;margin-bottom:0px;}.kb-row-layout-id149_0fdd0a-b2 > .kt-row-column-wrap{align-content:center;}:where(.kb-row-layout-id149_0fdd0a-b2 > .kt-row-column-wrap) > .wp-block-kadence-column{justify-content:center;}.kb-row-layout-id149_0fdd0a-b2 > .kt-row-column-wrap{column-gap:var(--global-kb-gap-md, 2rem);row-gap:var(--global-kb-gap-md, 2rem);padding-top:0px;padding-right:0px;padding-bottom:0px;padding-left:0px;min-height:379px;grid-template-columns:minmax(0, 1fr);}.kb-row-layout-id149_0fdd0a-b2{background-image:url('https:\/\/formagraph-exercice.fr\/luxyloc\/wp-content\/uploads\/2025\/03\/pexels-rdne-6784854-scaled.jpg');background-size:cover;background-position:center center;background-attachment:scroll;background-repeat:no-repeat;}.kb-row-layout-id149_0fdd0a-b2 > .kt-row-layout-overlay{opacity:0.30;}@media all and (max-width: 1024px){.kb-row-layout-id149_0fdd0a-b2 > .kt-row-column-wrap{grid-template-columns:minmax(0, 1fr);}}@media all and (max-width: 767px){.kb-row-layout-id149_0fdd0a-b2 > .kt-row-column-wrap{grid-template-columns:minmax(0, 1fr);}}<\/style><section class=\"kb-row-layout-wrap kb-row-layout-id149_0fdd0a-b2 alignfull kt-row-has-bg wp-block-kadence-rowlayout\"><div class=\"kt-row-column-wrap kt-has-1-columns kt-row-layout-equal kt-tab-layout-inherit kt-mobile-layout-row kt-row-valign-middle\">\n<style>.kadence-column149_264d1f-c3 > .kt-inside-inner-col,.kadence-column149_264d1f-c3 > .kt-inside-inner-col:before{border-top-left-radius:0px;border-top-right-radius:0px;border-bottom-right-radius:0px;border-bottom-left-radius:0px;}.kadence-column149_264d1f-c3 > .kt-inside-inner-col{column-gap:var(--global-kb-gap-sm, 1rem);}.kadence-column149_264d1f-c3 > .kt-inside-inner-col{flex-direction:column;}.kadence-column149_264d1f-c3 > .kt-inside-inner-col > .aligncenter{width:100%;}.kadence-column149_264d1f-c3 > .kt-inside-inner-col:before{opacity:0.3;}.kadence-column149_264d1f-c3{position:relative;}@media all and (max-width: 1024px){.kadence-column149_264d1f-c3 > .kt-inside-inner-col{flex-direction:column;}}@media all and (max-width: 767px){.kadence-column149_264d1f-c3 > .kt-inside-inner-col{flex-direction:column;}}<\/style>\n<div class=\"wp-block-kadence-column kadence-column149_264d1f-c3\"><div class=\"kt-inside-inner-col\"><style>.wp-block-kadence-advancedheading.kt-adv-heading149_5e4594-1e, .wp-block-kadence-advancedheading.kt-adv-heading149_5e4594-1e[data-kb-block=\"kb-adv-heading149_5e4594-1e\"]{padding-top:var(--global-kb-spacing-5xl, 10rem);padding-bottom:0px;text-align:center;font-size:var(--global-kb-font-size-xxl, 4rem);font-style:normal;}.wp-block-kadence-advancedheading.kt-adv-heading149_5e4594-1e mark.kt-highlight, .wp-block-kadence-advancedheading.kt-adv-heading149_5e4594-1e[data-kb-block=\"kb-adv-heading149_5e4594-1e\"] mark.kt-highlight{font-style:normal;color:#f76a0c;-webkit-box-decoration-break:clone;box-decoration-break:clone;padding-top:0px;padding-right:0px;padding-bottom:0px;padding-left:0px;}<\/style>\n<h1 class=\"kt-adv-heading149_5e4594-1e wp-block-kadence-advancedheading has-theme-palette-9-color has-text-color\" data-kb-block=\"kb-adv-heading149_5e4594-1e\">A propos<\/h1><\/div><\/div>\n<\/div><\/section><style>.wp-block-kadence-advancedheading.kt-adv-heading149_ab6426-24, .wp-block-kadence-advancedheading.kt-adv-heading149_ab6426-24[data-kb-block=\"kb-adv-heading149_ab6426-24\"]{text-align:center;font-size:var(--global-kb-font-size-lg, 2rem);font-style:normal;}.wp-block-kadence-advancedheading.kt-adv-heading149_ab6426-24 mark.kt-highlight, .wp-block-kadence-advancedheading.kt-adv-heading149_ab6426-24[data-kb-block=\"kb-adv-heading149_ab6426-24\"] mark.kt-highlight{font-style:normal;color:#f76a0c;-webkit-box-decoration-break:clone;box-decoration-break:clone;padding-top:0px;padding-right:0px;padding-bottom:0px;padding-left:0px;}<\/style>\n<h2 class=\"kt-adv-heading149_ab6426-24 wp-block-kadence-advancedheading\" data-kb-block=\"kb-adv-heading149_ab6426-24\"><strong>LUXYLOC, QU&rsquo;EST CE QUE C&rsquo;EST ?<\/strong><\/h2><style>.kb-row-layout-id149_9b88ee-98 > .kt-row-column-wrap{align-content:start;}:where(.kb-row-layout-id149_9b88ee-98 > .kt-row-column-wrap) > .wp-block-kadence-column{justify-content:start;}.kb-row-layout-id149_9b88ee-98 > .kt-row-column-wrap{column-gap:var(--global-kb-gap-md, 2rem);row-gap:var(--global-kb-gap-md, 2rem);padding-top:var(--global-kb-spacing-sm, 1.5rem);padding-bottom:var(--global-kb-spacing-sm, 1.5rem);grid-template-columns:minmax(0, 1fr);}.kb-row-layout-id149_9b88ee-98 > .kt-row-layout-overlay{opacity:0.30;}@media all and (max-width: 1024px){.kb-row-layout-id149_9b88ee-98 > .kt-row-column-wrap{grid-template-columns:minmax(0, 1fr);}}@media all and (max-width: 767px){.kb-row-layout-id149_9b88ee-98 > .kt-row-column-wrap{grid-template-columns:minmax(0, 1fr);}}<\/style><section class=\"kb-row-layout-wrap kb-row-layout-id149_9b88ee-98 alignnone wp-block-kadence-rowlayout\"><div class=\"kt-row-column-wrap kt-has-1-columns kt-row-layout-equal kt-tab-layout-inherit kt-mobile-layout-row kt-row-valign-top\">\n<style>.kadence-column149_9bf475-15 > .kt-inside-inner-col,.kadence-column149_9bf475-15 > .kt-inside-inner-col:before{border-top-left-radius:0px;border-top-right-radius:0px;border-bottom-right-radius:0px;border-bottom-left-radius:0px;}.kadence-column149_9bf475-15 > .kt-inside-inner-col{column-gap:var(--global-kb-gap-sm, 1rem);}.kadence-column149_9bf475-15 > .kt-inside-inner-col{flex-direction:column;}.kadence-column149_9bf475-15 > .kt-inside-inner-col > .aligncenter{width:100%;}.kadence-column149_9bf475-15 > .kt-inside-inner-col:before{opacity:0.3;}.kadence-column149_9bf475-15{position:relative;}@media all and (max-width: 1024px){.kadence-column149_9bf475-15 > .kt-inside-inner-col{flex-direction:column;}}@media all and (max-width: 767px){.kadence-column149_9bf475-15 > .kt-inside-inner-col{flex-direction:column;}}<\/style>\n<div class=\"wp-block-kadence-column kadence-column149_9bf475-15\"><div class=\"kt-inside-inner-col\"><style>.wp-block-kadence-advancedheading.kt-adv-heading149_aa17f8-e4, .wp-block-kadence-advancedheading.kt-adv-heading149_aa17f8-e4[data-kb-block=\"kb-adv-heading149_aa17f8-e4\"]{text-align:left;font-style:normal;}.wp-block-kadence-advancedheading.kt-adv-heading149_aa17f8-e4 mark.kt-highlight, .wp-block-kadence-advancedheading.kt-adv-heading149_aa17f8-e4[data-kb-block=\"kb-adv-heading149_aa17f8-e4\"] mark.kt-highlight{font-style:normal;color:#f76a0c;-webkit-box-decoration-break:clone;box-decoration-break:clone;padding-top:0px;padding-right:0px;padding-bottom:0px;padding-left:0px;}<\/style>\n<p class=\"kt-adv-heading149_aa17f8-e4 wp-block-kadence-advancedheading\" data-kb-block=\"kb-adv-heading149_aa17f8-e4\"><a href=\"https:\/\/formagraph-exercice.fr\/luxyloc\/\" title=\"LUXYLOC\">LUXYLOC<\/a> est une entreprise qui veut r\u00e9pondre \u00e0 un probl\u00e8me de la soci\u00e9t\u00e9. En effet, beaucoup d\u2019individus ne peuvent pas se procurer les v\u00eatements qu\u2019ils veulent, que ce soit du luxe ou des tenues occasionnelles comme des costards ou encore une robe de mari\u00e9. Nous leurs apportons une solution, la location de produit de luxe. Une solution qui pourra leur permettre de se procurer un bien \u00e0 moindre prix, pour l\u2019occasion qu\u2019ils souhaitent sans d\u00e9verser trop d\u2019argent. En quelques clicks et en quelques jours vous<br>recevez votre colis comprenant le produit que vous avez command\u00e9 et le bon de retour. Notre entreprise s\u2019engage \u00e0 prendre en charge le retour du produit \u00e0 partir d\u2019une commande de 50\u20ac en partenariat avec le service de livraison <a href=\"https:\/\/www.chronopost.fr\/fr\" rel=\"nofollow\" title=\"Chronopost\">Chronopost<\/a>. <br>Le prix sera calcul\u00e9 en fonction du prix initial du produit mais aussi du temps de location. Le produit sera remis contre une caution bien \u00e9videmment \u00e9tant donn\u00e9 que nous travaillons avec des produits de luxe. Nos collections seront mis \u00e0 jour le plus r\u00e9guli\u00e8rement possible afin de r\u00e9pondre \u00e0 tous vos besoins, le plus rapidement possible.<br>Cette id\u00e9e \u00e0 \u00e9galement vu le jour gr\u00e2ce \u00e0 une vision \u00e9cologique de la plan\u00e8te, en essayant de limiter le gaspillage d\u2019habit et de promouvoir les produits de seconde main, ce qui permet de se d\u00e9velopper sur le march\u00e9 de l\u2019<a href=\"https:\/\/formagraph-exercice.fr\/luxyloc\/eco-responsabilite\/\" title=\"\u00e9co responsabilit\u00e9\">\u00e9co responsabilit\u00e9<\/a> qui est une valeur que nous souhaitons r\u00e9ellement mettre en avant et d\u00e9velopper dans le monde entier.<\/p>\n\n<style>.kb-row-layout-id149_ad46b9-ca > .kt-row-column-wrap{align-content:start;}:where(.kb-row-layout-id149_ad46b9-ca > .kt-row-column-wrap) > .wp-block-kadence-column{justify-content:start;}.kb-row-layout-id149_ad46b9-ca > .kt-row-column-wrap{column-gap:var(--global-kb-gap-md, 2rem);row-gap:var(--global-kb-gap-md, 2rem);padding-top:var(--global-kb-spacing-sm, 1.5rem);padding-bottom:var(--global-kb-spacing-sm, 1.5rem);min-height:453px;grid-template-columns:minmax(0, 1fr);}.kb-row-layout-id149_ad46b9-ca{background-image:url('https:\/\/formagraph-exercice.fr\/luxyloc\/wp-content\/uploads\/2025\/04\/pexels-gustavo-fring-3875678-scaled.jpg');background-size:cover;background-position:48% 14.000000000000002%;background-attachment:scroll;background-repeat:no-repeat;}.kb-row-layout-id149_ad46b9-ca > .kt-row-layout-overlay{opacity:0.30;}@media all and (max-width: 1024px){.kb-row-layout-id149_ad46b9-ca > .kt-row-column-wrap{grid-template-columns:minmax(0, 1fr);}}@media all and (max-width: 767px){.kb-row-layout-id149_ad46b9-ca > .kt-row-column-wrap{grid-template-columns:minmax(0, 1fr);}}<\/style><div class=\"kb-row-layout-wrap kb-row-layout-id149_ad46b9-ca alignnone kt-row-has-bg wp-block-kadence-rowlayout\"><div class=\"kt-row-column-wrap kt-has-1-columns kt-row-layout-equal kt-tab-layout-inherit kt-mobile-layout-row kt-row-valign-top\">\n<style>.kadence-column149_a83c80-6b > .kt-inside-inner-col,.kadence-column149_a83c80-6b > .kt-inside-inner-col:before{border-top-left-radius:0px;border-top-right-radius:0px;border-bottom-right-radius:0px;border-bottom-left-radius:0px;}.kadence-column149_a83c80-6b > .kt-inside-inner-col{column-gap:var(--global-kb-gap-sm, 1rem);}.kadence-column149_a83c80-6b > .kt-inside-inner-col{flex-direction:column;}.kadence-column149_a83c80-6b > .kt-inside-inner-col > .aligncenter{width:100%;}.kadence-column149_a83c80-6b > .kt-inside-inner-col:before{opacity:0.3;}.kadence-column149_a83c80-6b{position:relative;}@media all and (max-width: 1024px){.kadence-column149_a83c80-6b > .kt-inside-inner-col{flex-direction:column;}}@media all and (max-width: 767px){.kadence-column149_a83c80-6b > .kt-inside-inner-col{flex-direction:column;}}<\/style>\n<div class=\"wp-block-kadence-column kadence-column149_a83c80-6b\"><div class=\"kt-inside-inner-col\"><\/div><\/div>\n<\/div><\/div>\n\n<style>.wp-block-kadence-advancedheading.kt-adv-heading149_18dc74-bf, .wp-block-kadence-advancedheading.kt-adv-heading149_18dc74-bf[data-kb-block=\"kb-adv-heading149_18dc74-bf\"]{margin-top:var(--global-kb-spacing-xxl, 5rem);text-align:center;font-size:var(--global-kb-font-size-md, 1.25rem);font-style:normal;}.wp-block-kadence-advancedheading.kt-adv-heading149_18dc74-bf mark.kt-highlight, .wp-block-kadence-advancedheading.kt-adv-heading149_18dc74-bf[data-kb-block=\"kb-adv-heading149_18dc74-bf\"] mark.kt-highlight{font-style:normal;color:#f76a0c;-webkit-box-decoration-break:clone;box-decoration-break:clone;padding-top:0px;padding-right:0px;padding-bottom:0px;padding-left:0px;}<\/style>\n<h3 class=\"kt-adv-heading149_18dc74-bf wp-block-kadence-advancedheading has-theme-palette-2-color has-text-color\" data-kb-block=\"kb-adv-heading149_18dc74-bf\"><strong>Si vous souhaitez savoir comment cette entreprise \u00e0 vu le jour nous vous invitons <br>\u00e0 lire le storytelling ci-dessous<\/strong><\/h3>\n\n<style>.kb-row-layout-id149_4b68d5-67 > .kt-row-column-wrap{align-content:start;}:where(.kb-row-layout-id149_4b68d5-67 > .kt-row-column-wrap) > .wp-block-kadence-column{justify-content:start;}.kb-row-layout-id149_4b68d5-67 > .kt-row-column-wrap{column-gap:var(--global-kb-gap-md, 2rem);row-gap:var(--global-kb-gap-md, 2rem);padding-top:var(--global-kb-spacing-sm, 1.5rem);grid-template-columns:minmax(0, 1fr);}.kb-row-layout-id149_4b68d5-67 > .kt-row-layout-overlay{opacity:0.30;}@media all and (max-width: 1024px){.kb-row-layout-id149_4b68d5-67 > .kt-row-column-wrap{grid-template-columns:minmax(0, 1fr);}}@media all and (max-width: 767px){.kb-row-layout-id149_4b68d5-67 > .kt-row-column-wrap{grid-template-columns:minmax(0, 1fr);}}<\/style><div class=\"kb-row-layout-wrap kb-row-layout-id149_4b68d5-67 alignnone wp-block-kadence-rowlayout\"><div class=\"kt-row-column-wrap kt-has-1-columns kt-row-layout-equal kt-tab-layout-inherit kt-mobile-layout-row kt-row-valign-top\">\n<style>.kadence-column149_8b9c85-f6 > .kt-inside-inner-col,.kadence-column149_8b9c85-f6 > .kt-inside-inner-col:before{border-top-left-radius:0px;border-top-right-radius:0px;border-bottom-right-radius:0px;border-bottom-left-radius:0px;}.kadence-column149_8b9c85-f6 > .kt-inside-inner-col{column-gap:var(--global-kb-gap-sm, 1rem);}.kadence-column149_8b9c85-f6 > .kt-inside-inner-col{flex-direction:column;}.kadence-column149_8b9c85-f6 > .kt-inside-inner-col > .aligncenter{width:100%;}.kadence-column149_8b9c85-f6 > .kt-inside-inner-col:before{opacity:0.3;}.kadence-column149_8b9c85-f6{position:relative;}@media all and (max-width: 1024px){.kadence-column149_8b9c85-f6 > .kt-inside-inner-col{flex-direction:column;}}@media all and (max-width: 767px){.kadence-column149_8b9c85-f6 > .kt-inside-inner-col{flex-direction:column;}}<\/style>\n<div class=\"wp-block-kadence-column kadence-column149_8b9c85-f6\"><div class=\"kt-inside-inner-col\"><style>.kt-svg-icons149_6b1e9b-12 .kt-svg-item-0 .kb-svg-icon-wrap{color:var(--global-palette4, #2D3748);font-size:50px;}.wp-block-kadence-icon.kt-svg-icons149_6b1e9b-12{justify-content:center;}<\/style>\n<div class=\"wp-block-kadence-icon kt-svg-icons kt-svg-icons149_6b1e9b-12 alignnone\"><style>.kt-svg-item-149_596982-77 .kb-svg-icon-wrap, .kt-svg-style-stacked.kt-svg-item-149_596982-77 .kb-svg-icon-wrap{color:var(--global-palette2, #2B6CB0);font-size:40px;margin-top:0px;margin-right:0px;margin-bottom:0px;margin-left:0px;}<\/style>\n<div class=\"wp-block-kadence-single-icon kt-svg-style-default kt-svg-icon-wrap kt-svg-item-149_596982-77\"><span class=\"kb-svg-icon-wrap kb-svg-icon-fe_arrowDown\"><svg viewBox=\"0 0 24 24\"  fill=\"none\" stroke=\"currentColor\" stroke-width=\"1.5\" stroke-linecap=\"round\" stroke-linejoin=\"round\" xmlns=\"http:\/\/www.w3.org\/2000\/svg\"  aria-hidden=\"true\"><line x1=\"12\" y1=\"5\" x2=\"12\" y2=\"19\"\/><polyline points=\"19 12 12 19 5 12\"\/><\/svg><\/span><\/div><\/div><\/div><\/div>\n<\/div><\/div><\/div><\/div>\n<\/div><\/section><style>.kb-row-layout-id149_0efb73-59 > .kt-row-column-wrap{align-content:center;}:where(.kb-row-layout-id149_0efb73-59 > .kt-row-column-wrap) > .wp-block-kadence-column{justify-content:center;}.kb-row-layout-id149_0efb73-59 > .kt-row-column-wrap{column-gap:var(--global-kb-gap-md, 2rem);row-gap:var(--global-kb-gap-md, 2rem);padding-top:var(--global-kb-spacing-sm, 1.5rem);padding-bottom:var(--global-kb-spacing-sm, 1.5rem);min-height:155px;grid-template-columns:minmax(0, 1fr);}.kb-row-layout-id149_0efb73-59 > .kt-row-layout-overlay{opacity:0.81;background-color:var(--global-palette9, #ffffff);}@media all and (max-width: 1024px){.kb-row-layout-id149_0efb73-59 > .kt-row-column-wrap{grid-template-columns:minmax(0, 1fr);}}@media all and (max-width: 767px){.kb-row-layout-id149_0efb73-59 > .kt-row-column-wrap{grid-template-columns:minmax(0, 1fr);}}<\/style><section class=\"kb-row-layout-wrap kb-row-layout-id149_0efb73-59 alignfull kt-row-has-bg wp-block-kadence-rowlayout\"><div class=\"kt-row-layout-overlay kt-row-overlay-normal\"><\/div><div class=\"kt-row-column-wrap kt-has-1-columns kt-row-layout-equal kt-tab-layout-inherit kt-mobile-layout-row kt-row-valign-middle\">\n<style>.kadence-column149_dd24a3-56 > .kt-inside-inner-col,.kadence-column149_dd24a3-56 > .kt-inside-inner-col:before{border-top-left-radius:0px;border-top-right-radius:0px;border-bottom-right-radius:0px;border-bottom-left-radius:0px;}.kadence-column149_dd24a3-56 > .kt-inside-inner-col{column-gap:var(--global-kb-gap-sm, 1rem);}.kadence-column149_dd24a3-56 > .kt-inside-inner-col{flex-direction:column;}.kadence-column149_dd24a3-56 > .kt-inside-inner-col > .aligncenter{width:100%;}.kadence-column149_dd24a3-56 > .kt-inside-inner-col:before{opacity:0.3;}.kadence-column149_dd24a3-56{position:relative;}@media all and (max-width: 1024px){.kadence-column149_dd24a3-56 > .kt-inside-inner-col{flex-direction:column;}}@media all and (max-width: 767px){.kadence-column149_dd24a3-56 > .kt-inside-inner-col{flex-direction:column;}}<\/style>\n<div class=\"wp-block-kadence-column kadence-column149_dd24a3-56\"><div class=\"kt-inside-inner-col\"><style>.wp-block-kadence-advancedheading.kt-adv-heading149_ae422e-27, .wp-block-kadence-advancedheading.kt-adv-heading149_ae422e-27[data-kb-block=\"kb-adv-heading149_ae422e-27\"]{text-align:center;font-style:normal;}.wp-block-kadence-advancedheading.kt-adv-heading149_ae422e-27 mark.kt-highlight, .wp-block-kadence-advancedheading.kt-adv-heading149_ae422e-27[data-kb-block=\"kb-adv-heading149_ae422e-27\"] mark.kt-highlight{font-style:normal;color:#f76a0c;-webkit-box-decoration-break:clone;box-decoration-break:clone;padding-top:0px;padding-right:0px;padding-bottom:0px;padding-left:0px;}<\/style>\n<h2 class=\"kt-adv-heading149_ae422e-27 wp-block-kadence-advancedheading\" data-kb-block=\"kb-adv-heading149_ae422e-27\"><strong>Storytelling<\/strong><\/h2><\/div><\/div>\n<\/div><\/section><style>.kb-row-layout-id149_204e8a-6f > .kt-row-column-wrap{align-content:start;}:where(.kb-row-layout-id149_204e8a-6f > .kt-row-column-wrap) > .wp-block-kadence-column{justify-content:start;}.kb-row-layout-id149_204e8a-6f > .kt-row-column-wrap{column-gap:var(--global-kb-gap-md, 2rem);row-gap:var(--global-kb-gap-md, 2rem);padding-top:var(--global-kb-spacing-sm, 1.5rem);padding-bottom:var(--global-kb-spacing-sm, 1.5rem);grid-template-columns:minmax(0, 1fr);}.kb-row-layout-id149_204e8a-6f > .kt-row-layout-overlay{opacity:0.30;}@media all and (max-width: 1024px){.kb-row-layout-id149_204e8a-6f > .kt-row-column-wrap{grid-template-columns:minmax(0, 1fr);}}@media all and (max-width: 767px){.kb-row-layout-id149_204e8a-6f > .kt-row-column-wrap{grid-template-columns:minmax(0, 1fr);}}<\/style><section class=\"kb-row-layout-wrap kb-row-layout-id149_204e8a-6f alignnone wp-block-kadence-rowlayout\"><div class=\"kt-row-column-wrap kt-has-1-columns kt-row-layout-equal kt-tab-layout-inherit kt-mobile-layout-row kt-row-valign-top\">\n<style>.kadence-column149_4dca62-a6 > .kt-inside-inner-col,.kadence-column149_4dca62-a6 > .kt-inside-inner-col:before{border-top-left-radius:0px;border-top-right-radius:0px;border-bottom-right-radius:0px;border-bottom-left-radius:0px;}.kadence-column149_4dca62-a6 > .kt-inside-inner-col{column-gap:var(--global-kb-gap-sm, 1rem);}.kadence-column149_4dca62-a6 > .kt-inside-inner-col{flex-direction:column;}.kadence-column149_4dca62-a6 > .kt-inside-inner-col > .aligncenter{width:100%;}.kadence-column149_4dca62-a6 > .kt-inside-inner-col:before{opacity:0.3;}.kadence-column149_4dca62-a6{position:relative;}@media all and (max-width: 1024px){.kadence-column149_4dca62-a6 > .kt-inside-inner-col{flex-direction:column;}}@media all and (max-width: 767px){.kadence-column149_4dca62-a6 > .kt-inside-inner-col{flex-direction:column;}}<\/style>\n<div class=\"wp-block-kadence-column kadence-column149_4dca62-a6\"><div class=\"kt-inside-inner-col\"><p>Depuis son plus jeune \u00e2ge, ce gar\u00e7on de 14 ans, issu d\u2019un milieu modeste, observait avec fascination les ic\u00f4nes du luxe sur les r\u00e9seaux sociaux. V\u00eatus de pi\u00e8ces d\u2019exception, \u00e9voluant dans des lieux prestigieux, ces influenceurs incarnaient un style de vie qui lui semblait hors de port\u00e9e. Autour de lui, m\u00eame ses amis poss\u00e9daient quelques articles de marques renomm\u00e9es, alors que son budget limit\u00e9 l\u2019emp\u00eachait d\u2019acc\u00e9der \u00e0 ce monde o\u00f9 \u00e9l\u00e9gance et tendance se rejoignent.<\/p>\n\n<p>Avec les ann\u00e9es, cet \u00e9cart s\u2019est creus\u00e9, nourrissant chez lui une r\u00e9flexion : comment s\u2019offrir, m\u00eame occasionnellement, une touche de raffinement sans compromettre la gestion du budget familial ? Le d\u00e9clic est venu lorsqu\u2019il a re\u00e7u sa premi\u00e8re paie. Pour la premi\u00e8re fois, il a pu s\u2019offrir un article qu\u2019il convoitait depuis longtemps, et cette exp\u00e9rience exclusive abordable lui a donn\u00e9 envie d\u2019aller plus loin.<\/p>\n\n<p>En \u00e9changeant avec son entourage, il a partag\u00e9 son id\u00e9e : permettre \u00e0 chacun d\u2019acc\u00e9der au luxe sans en supporter le co\u00fbt d\u2019acquisition \u00e9lev\u00e9. Un ami, ayant des contacts dans l\u2019univers du pr\u00eat-\u00e0-porter haut de gamme, lui a propos\u00e9 de l\u2019aider \u00e0 concr\u00e9tiser ce projet. Ensemble, ils ont imagin\u00e9 une solution innovante : un syst\u00e8me de location flexible qui rendrait accessibles des cr\u00e9ations de marques prestigieuses et de cr\u00e9ateurs renomm\u00e9s.<\/p>\n\n<p>L\u2019objectif ? Offrir la possibilit\u00e9 de porter des v\u00eatements et accessoires raffin\u00e9s pour des \u00e9v\u00e9nements sp\u00e9ciaux, sans avoir \u00e0 investir des sommes importantes. Ce mod\u00e8le repose sur l\u2019\u00e9conomie de partage et l\u2019optimisation du pouvoir d\u2019achat : plut\u00f4t que d\u2019acheter des pi\u00e8ces on\u00e9reuses et peu port\u00e9es, chacun pourrait profiter d\u2019une garde-robe d\u2019exception \u00e0 moindre co\u00fbt.<\/p>\n\n<p>Au-del\u00e0 du style, ce projet r\u00e9pond aussi \u00e0 un enjeu \u00e9cologique. Dans une soci\u00e9t\u00e9 o\u00f9 la surproduction est un v\u00e9ritable probl\u00e8me, la location permettrait de limiter la consommation \u00e9ph\u00e9m\u00e8re tout en encourageant une \u00e9conomie circulaire dans la mode. Moins de gaspillage, plus de flexibilit\u00e9, et surtout, un acc\u00e8s d\u00e9mocratis\u00e9 au prestige.<\/p>\n\n<p>Parce que l\u2019\u00e9l\u00e9gance ne devrait pas \u00eatre une question de moyens, mais une exp\u00e9rience ouverte \u00e0 tous.<\/p>\n\n<style>.wp-block-kadence-advancedheading.kt-adv-heading149_f41e2c-15, .wp-block-kadence-advancedheading.kt-adv-heading149_f41e2c-15[data-kb-block=\"kb-adv-heading149_f41e2c-15\"]{text-align:center;font-size:var(--global-kb-font-size-lg, 2rem);font-style:normal;}.wp-block-kadence-advancedheading.kt-adv-heading149_f41e2c-15 mark.kt-highlight, .wp-block-kadence-advancedheading.kt-adv-heading149_f41e2c-15[data-kb-block=\"kb-adv-heading149_f41e2c-15\"] mark.kt-highlight{font-style:normal;color:#f76a0c;-webkit-box-decoration-break:clone;box-decoration-break:clone;padding-top:0px;padding-right:0px;padding-bottom:0px;padding-left:0px;}<\/style>\n<h2 class=\"kt-adv-heading149_f41e2c-15 wp-block-kadence-advancedheading\" data-kb-block=\"kb-adv-heading149_f41e2c-15\"><mark style=\"background-color:rgba(0, 0, 0, 0)\" class=\"has-inline-color has-theme-palette-2-color\"><strong>Ce projet c&rsquo;est <a href=\"https:\/\/formagraph-exercice.fr\/luxyloc\/\" title=\"LUXYLOC\">LUXYLOC<\/a><\/strong><\/mark><\/h2><\/div><\/div>\n<\/div><\/section><p><\/p>","protected":false},"excerpt":{"rendered":"<p>A propos LUXYLOC, QU&rsquo;EST CE QUE C&rsquo;EST ? LUXYLOC est une entreprise qui veut r\u00e9pondre \u00e0 un probl\u00e8me de la soci\u00e9t\u00e9. En effet, beaucoup d\u2019individus ne peuvent pas se procurer les v\u00eatements qu\u2019ils veulent, que ce soit du luxe ou des tenues occasionnelles comme des costards ou encore une robe de mari\u00e9. Nous leurs apportons&#8230;<\/p>\n","protected":false},"author":1,"featured_media":0,"parent":0,"menu_order":0,"comment_status":"closed","ping_status":"closed","template":"","meta":{"_kad_post_transparent":"","_kad_post_title":"","_kad_post_layout":"","_kad_post_sidebar_id":"","_kad_post_content_style":"","_kad_post_vertical_padding":"","_kad_post_feature":"","_kad_post_feature_position":"","_kad_post_header":false,"_kad_post_footer":false,"footnotes":""},"class_list":["post-149","page","type-page","status-publish","hentry"],"aioseo_notices":[],"_links":{"self":[{"href":"https:\/\/formagraph-exercice.fr\/luxyloc\/wp-json\/wp\/v2\/pages\/149","targetHints":{"allow":["GET"]}}],"collection":[{"href":"https:\/\/formagraph-exercice.fr\/luxyloc\/wp-json\/wp\/v2\/pages"}],"about":[{"href":"https:\/\/formagraph-exercice.fr\/luxyloc\/wp-json\/wp\/v2\/types\/page"}],"author":[{"embeddable":true,"href":"https:\/\/formagraph-exercice.fr\/luxyloc\/wp-json\/wp\/v2\/users\/1"}],"replies":[{"embeddable":true,"href":"https:\/\/formagraph-exercice.fr\/luxyloc\/wp-json\/wp\/v2\/comments?post=149"}],"version-history":[{"count":38,"href":"https:\/\/formagraph-exercice.fr\/luxyloc\/wp-json\/wp\/v2\/pages\/149\/revisions"}],"predecessor-version":[{"id":1477,"href":"https:\/\/formagraph-exercice.fr\/luxyloc\/wp-json\/wp\/v2\/pages\/149\/revisions\/1477"}],"wp:attachment":[{"href":"https:\/\/formagraph-exercice.fr\/luxyloc\/wp-json\/wp\/v2\/media?parent=149"}],"curies":[{"name":"wp","href":"https:\/\/api.w.org\/{rel}","templated":true}]}}