{"id":1452,"date":"2025-07-01T23:12:39","date_gmt":"2025-07-01T21:12:39","guid":{"rendered":"https:\/\/formagraph-exercice.fr\/luxyloc\/?page_id=1452"},"modified":"2025-07-03T11:10:15","modified_gmt":"2025-07-03T09:10:15","slug":"mentions-legales","status":"publish","type":"page","link":"https:\/\/formagraph-exercice.fr\/luxyloc\/mentions-legales\/","title":{"rendered":"Mentions l\u00e9gales"},"content":{"rendered":"<style>.wp-block-kadence-advancedheading.kt-adv-heading1452_19ee37-bc, .wp-block-kadence-advancedheading.kt-adv-heading1452_19ee37-bc[data-kb-block=\"kb-adv-heading1452_19ee37-bc\"]{margin-top:var(--global-kb-spacing-sm, 1.5rem);text-align:center;font-style:normal;}.wp-block-kadence-advancedheading.kt-adv-heading1452_19ee37-bc mark.kt-highlight, .wp-block-kadence-advancedheading.kt-adv-heading1452_19ee37-bc[data-kb-block=\"kb-adv-heading1452_19ee37-bc\"] mark.kt-highlight{font-style:normal;color:#f76a0c;-webkit-box-decoration-break:clone;box-decoration-break:clone;padding-top:0px;padding-right:0px;padding-bottom:0px;padding-left:0px;}<\/style>\n<h1 class=\"kt-adv-heading1452_19ee37-bc wp-block-kadence-advancedheading\" data-kb-block=\"kb-adv-heading1452_19ee37-bc\"><strong>Mentions l\u00e9gales<\/strong><\/h1><style>.kb-row-layout-wrap.wp-block-kadence-rowlayout.kb-row-layout-id1452_057f4c-d3{margin-top:var(--global-kb-spacing-md, 2rem);}.kb-row-layout-id1452_057f4c-d3 > .kt-row-column-wrap{align-content:start;}:where(.kb-row-layout-id1452_057f4c-d3 > .kt-row-column-wrap) > .wp-block-kadence-column{justify-content:start;}.kb-row-layout-id1452_057f4c-d3 > .kt-row-column-wrap{column-gap:var(--global-kb-gap-md, 2rem);row-gap:var(--global-kb-gap-md, 2rem);max-width:var( --global-content-width, 1290px );padding-left:var(--global-content-edge-padding);padding-right:var(--global-content-edge-padding);padding-top:var(--global-kb-spacing-sm, 1.5rem);padding-bottom:var(--global-kb-spacing-sm, 1.5rem);grid-template-columns:minmax(0, 1fr);}.kb-row-layout-id1452_057f4c-d3 > .kt-row-layout-overlay{opacity:0.30;}@media all and (max-width: 1024px){.kb-row-layout-id1452_057f4c-d3 > .kt-row-column-wrap{grid-template-columns:minmax(0, 1fr);}}@media all and (max-width: 767px){.kb-row-layout-id1452_057f4c-d3 > .kt-row-column-wrap{grid-template-columns:minmax(0, 1fr);}}<\/style><section class=\"kb-row-layout-wrap kb-row-layout-id1452_057f4c-d3 alignfull wp-block-kadence-rowlayout\"><div class=\"kt-row-column-wrap kt-has-1-columns kt-row-layout-equal kt-tab-layout-inherit kt-mobile-layout-row kt-row-valign-top kb-theme-content-width\">\n<style>.kadence-column1452_b9ebd4-51 > .kt-inside-inner-col,.kadence-column1452_b9ebd4-51 > .kt-inside-inner-col:before{border-top-left-radius:0px;border-top-right-radius:0px;border-bottom-right-radius:0px;border-bottom-left-radius:0px;}.kadence-column1452_b9ebd4-51 > .kt-inside-inner-col{column-gap:var(--global-kb-gap-sm, 1rem);}.kadence-column1452_b9ebd4-51 > .kt-inside-inner-col{flex-direction:column;}.kadence-column1452_b9ebd4-51 > .kt-inside-inner-col > .aligncenter{width:100%;}.kadence-column1452_b9ebd4-51 > .kt-inside-inner-col:before{opacity:0.3;}.kadence-column1452_b9ebd4-51{position:relative;}@media all and (max-width: 1024px){.kadence-column1452_b9ebd4-51 > .kt-inside-inner-col{flex-direction:column;}}@media all and (max-width: 767px){.kadence-column1452_b9ebd4-51 > .kt-inside-inner-col{flex-direction:column;}}<\/style>\n<div class=\"wp-block-kadence-column kadence-column1452_b9ebd4-51\"><div class=\"kt-inside-inner-col\"><p><strong><mark style=\"background-color:rgba(0, 0, 0, 0)\" class=\"has-inline-color has-theme-palette-2-color\">1. \u00c9diteur du site<\/mark><\/strong><br><strong>Luxyloc<\/strong><br><br>Si\u00e8ge social : 6 rue de luxe, 25200 Besan\u00e7on<br><br>N\u00b0 TVA intracommunautaire : <br>Repr\u00e9sentant l\u00e9gal : Hauty K\u00e9vin <br><strong><mark style=\"background-color:rgba(0, 0, 0, 0)\" class=\"has-inline-color has-theme-palette-2-color\">Contact<\/mark><\/strong><br>T\u00e9l\u00e9phone : 06 59 03 56 23 <br>E-mail : contact.luxyloc@gmail.com<br>Site web : <a class=\"\" href=\"https:\/\/www.luxyloc.fr\">https:\/\/www.luxyloc.fr<\/a><br><br><br><strong><mark style=\"background-color:rgba(0, 0, 0, 0)\" class=\"has-inline-color has-theme-palette-2-color\">2. Propri\u00e9t\u00e9 intellectuelle<br><\/mark><\/strong>L\u2019ensemble des \u00e9l\u00e9ments figurant sur le site <strong>Luxyloc<\/strong>, notamment les textes, images, graphismes, logo, ic\u00f4nes, photographies et vid\u00e9os, est la propri\u00e9t\u00e9 exclusive de <strong>Luxyloc<\/strong> ou fait l\u2019objet d\u2019une autorisation d\u2019utilisation.<br>Toute reproduction, repr\u00e9sentation, modification, publication, adaptation de tout ou partie des \u00e9l\u00e9ments de ce site, quel que soit le moyen ou le proc\u00e9d\u00e9 utilis\u00e9, est interdite, sauf autorisation \u00e9crite pr\u00e9alable de <strong>Luxyloc<\/strong>.<br>(Vous pouvez emprunter une robe, pas notre contenu.)<br><br><strong><mark style=\"background-color:rgba(0, 0, 0, 0)\" class=\"has-inline-color has-theme-palette-2-color\">3. Donn\u00e9es personnelles<br><\/mark>Luxyloc<\/strong> collecte et traite vos donn\u00e9es conform\u00e9ment au R\u00e8glement G\u00e9n\u00e9ral sur la Protection des Donn\u00e9es (RGPD) et \u00e0 la l\u00e9gislation fran\u00e7aise.<br>Les informations recueillies via les formulaires (cr\u00e9ation de compte, commande, contact) font l\u2019objet d\u2019un traitement informatique destin\u00e9 exclusivement \u00e0 la gestion de vos commandes et relations commerciales.<br>Vous disposez d\u2019un droit d\u2019acc\u00e8s, de rectification, d\u2019opposition, de suppression et de portabilit\u00e9 de vos donn\u00e9es personnelles. Pour exercer ces droits, adressez votre demande \u00e0 :<br>luxyloc.donn\u00e9es@gmail.com<br>ou par courrier postal \u00e0 l\u2019adresse du si\u00e8ge social.<br>(Vos donn\u00e9es personnelles ne seront jamais revendues \u00e0 une marque de fast-fashion, promis jur\u00e9.)<br><br><strong><mark style=\"background-color:rgba(0, 0, 0, 0)\" class=\"has-inline-color has-theme-palette-2-color\">4. Responsabilit\u00e9<br><\/mark>Luxyloc<\/strong> s\u2019efforce de fournir sur le site des informations aussi pr\u00e9cises que possible. Toutefois, elle ne pourra \u00eatre tenue responsable des omissions, des inexactitudes ou des carences dans la mise \u00e0 jour, qu\u2019elles soient de son fait ou du fait des tiers partenaires qui lui fournissent ces informations.<br><br><mark style=\"background-color:rgba(0, 0, 0, 0)\" class=\"has-inline-color has-theme-palette-2-color\"><strong>5. Cookies<br><\/strong><\/mark>Le site <strong>Luxyloc<\/strong> utilise des cookies afin d\u2019am\u00e9liorer l\u2019exp\u00e9rience utilisateur, r\u00e9aliser des statistiques de visites et proposer des services adapt\u00e9s \u00e0 vos centres d\u2019int\u00e9r\u00eat.<br>Vous pouvez \u00e0 tout moment accepter ou refuser leur d\u00e9p\u00f4t via le bandeau pr\u00e9vu \u00e0 cet effet ou param\u00e9trer votre navigateur.<br><br><strong><mark style=\"background-color:rgba(0, 0, 0, 0)\" class=\"has-inline-color has-theme-palette-2-color\">6. Loi applicable<br><\/mark><\/strong>Le site et ses mentions l\u00e9gales sont soumis au droit fran\u00e7ais. En cas de litige, et faute de r\u00e9solution amiable, comp\u00e9tence exclusive est attribu\u00e9e aux tribunaux fran\u00e7ais comp\u00e9tents.<br><br><strong>Derni\u00e8re mise \u00e0 jour :<\/strong> 01\/07\/2025<\/p><\/div><\/div>\n<\/div><\/section>","protected":false},"excerpt":{"rendered":"<p>Mentions l\u00e9gales 1. \u00c9diteur du siteLuxyloc Si\u00e8ge social : 6 rue de luxe, 25200 Besan\u00e7on N\u00b0 TVA intracommunautaire : Repr\u00e9sentant l\u00e9gal : Hauty K\u00e9vin ContactT\u00e9l\u00e9phone : 06 59 03 56 23 E-mail : contact.luxyloc@gmail.comSite web : https:\/\/www.luxyloc.fr 2. Propri\u00e9t\u00e9 intellectuelleL\u2019ensemble des \u00e9l\u00e9ments figurant sur le site Luxyloc, notamment les textes, images, graphismes, logo, ic\u00f4nes, photographies&#8230;<\/p>\n","protected":false},"author":1,"featured_media":0,"parent":0,"menu_order":0,"comment_status":"closed","ping_status":"closed","template":"","meta":{"_kad_post_transparent":"","_kad_post_title":"","_kad_post_layout":"","_kad_post_sidebar_id":"","_kad_post_content_style":"","_kad_post_vertical_padding":"","_kad_post_feature":"","_kad_post_feature_position":"","_kad_post_header":false,"_kad_post_footer":false,"footnotes":""},"class_list":["post-1452","page","type-page","status-publish","hentry"],"aioseo_notices":[],"_links":{"self":[{"href":"https:\/\/formagraph-exercice.fr\/luxyloc\/wp-json\/wp\/v2\/pages\/1452","targetHints":{"allow":["GET"]}}],"collection":[{"href":"https:\/\/formagraph-exercice.fr\/luxyloc\/wp-json\/wp\/v2\/pages"}],"about":[{"href":"https:\/\/formagraph-exercice.fr\/luxyloc\/wp-json\/wp\/v2\/types\/page"}],"author":[{"embeddable":true,"href":"https:\/\/formagraph-exercice.fr\/luxyloc\/wp-json\/wp\/v2\/users\/1"}],"replies":[{"embeddable":true,"href":"https:\/\/formagraph-exercice.fr\/luxyloc\/wp-json\/wp\/v2\/comments?post=1452"}],"version-history":[{"count":8,"href":"https:\/\/formagraph-exercice.fr\/luxyloc\/wp-json\/wp\/v2\/pages\/1452\/revisions"}],"predecessor-version":[{"id":1474,"href":"https:\/\/formagraph-exercice.fr\/luxyloc\/wp-json\/wp\/v2\/pages\/1452\/revisions\/1474"}],"wp:attachment":[{"href":"https:\/\/formagraph-exercice.fr\/luxyloc\/wp-json\/wp\/v2\/media?parent=1452"}],"curies":[{"name":"wp","href":"https:\/\/api.w.org\/{rel}","templated":true}]}}