{"id":911,"date":"2025-03-25T12:04:29","date_gmt":"2025-03-25T11:04:29","guid":{"rendered":"http:\/\/hongdae-station.fr\/?post_type=product&#038;p=911"},"modified":"2025-03-25T12:08:01","modified_gmt":"2025-03-25T11:08:01","slug":"chaussettes-a-motif","status":"publish","type":"product","link":"https:\/\/formagraph-exercice.fr\/hongdae-station\/produit\/chaussettes-a-motif\/","title":{"rendered":"Chaussettes \u00e0 motif"},"content":{"rendered":"<p>Paire de chaussettes taille unique. 100 % coton biod\u00e9gradable avec nos motifs sucr\u00e9, sal\u00e9 et boissons.<\/p>\n<p>COMPOSITION<\/p>\n<p>70% Cotton<\/p>\n<p>27% Polyester<\/p>\n<p>3% Spandex<\/p>\n<p>ENTRETIEN<\/p>\n<p>Lavable en machine \u00e0\u00a030 \u00b0C cycle fragile<\/p>\n<p>Pas de blanchiment ni javel<\/p>\n<p>Ne pas repasser<\/p>\n<p>Compatible nettoyage \u00e0 sec<\/p>\n","protected":false},"excerpt":{"rendered":"<p>Taille unique 35-40<\/p>\n","protected":false},"featured_media":912,"comment_status":"open","ping_status":"closed","template":"","meta":{"_kad_post_transparent":"default","_kad_post_title":"","_kad_post_layout":"default","_kad_post_sidebar_id":"","_kad_post_content_style":"default","_kad_post_vertical_padding":"default","_kad_post_feature":"","_kad_post_feature_position":"","_kad_post_header":false,"_kad_post_footer":false},"product_brand":[],"product_cat":[25],"product_tag":[],"class_list":{"0":"post-911","1":"product","2":"type-product","3":"status-publish","4":"has-post-thumbnail","6":"product_cat-notre-collection","8":"first","9":"instock","10":"shipping-taxable","11":"purchasable","12":"product-type-variable","13":"entry","14":"content-bg","15":"loop-entry"},"aioseo_notices":[],"_links":{"self":[{"href":"https:\/\/formagraph-exercice.fr\/hongdae-station\/wp-json\/wp\/v2\/product\/911","targetHints":{"allow":["GET"]}}],"collection":[{"href":"https:\/\/formagraph-exercice.fr\/hongdae-station\/wp-json\/wp\/v2\/product"}],"about":[{"href":"https:\/\/formagraph-exercice.fr\/hongdae-station\/wp-json\/wp\/v2\/types\/product"}],"replies":[{"embeddable":true,"href":"https:\/\/formagraph-exercice.fr\/hongdae-station\/wp-json\/wp\/v2\/comments?post=911"}],"wp:featuredmedia":[{"embeddable":true,"href":"https:\/\/formagraph-exercice.fr\/hongdae-station\/wp-json\/wp\/v2\/media\/912"}],"wp:attachment":[{"href":"https:\/\/formagraph-exercice.fr\/hongdae-station\/wp-json\/wp\/v2\/media?parent=911"}],"wp:term":[{"taxonomy":"product_brand","embeddable":true,"href":"https:\/\/formagraph-exercice.fr\/hongdae-station\/wp-json\/wp\/v2\/product_brand?post=911"},{"taxonomy":"product_cat","embeddable":true,"href":"https:\/\/formagraph-exercice.fr\/hongdae-station\/wp-json\/wp\/v2\/product_cat?post=911"},{"taxonomy":"product_tag","embeddable":true,"href":"https:\/\/formagraph-exercice.fr\/hongdae-station\/wp-json\/wp\/v2\/product_tag?post=911"}],"curies":[{"name":"wp","href":"https:\/\/api.w.org\/{rel}","templated":true}]}}