{"id":909,"date":"2025-03-25T11:56:04","date_gmt":"2025-03-25T10:56:04","guid":{"rendered":"http:\/\/hongdae-station.fr\/?post_type=product&#038;p=909"},"modified":"2025-03-25T11:56:04","modified_gmt":"2025-03-25T10:56:04","slug":"bob-hongdae-station","status":"publish","type":"product","link":"https:\/\/formagraph-exercice.fr\/hongdae-station\/produit\/bob-hongdae-station\/","title":{"rendered":"Bob Hongdae Station"},"content":{"rendered":"<p>Bob unisexe \u00e0 taille unique. 100 % coton biod\u00e9gradable.<\/p>\n<p>DIMENSION<\/p>\n<p>56-58 cm de tour de t\u00eate<\/p>\n<p>9 cm de profondeur<\/p>\n<p>\u00c9paisseur tissu 1 cm<\/p>\n<p>ENTRETIEN<\/p>\n<p>Lavable en machine \u00e0\u00a030 \u00b0C cycle fragile<\/p>\n<p>Pas de blanchiment ni javel<\/p>\n<p>Repasser max. 110 \u00b0C<\/p>\n<p>Nettoyage \u00e0 sec interdit<\/p>\n","protected":false},"excerpt":{"rendered":"<p>Bob unisexe \u00e0 taille unique. 100 % coton biod\u00e9gradable. DIMENSION 56-58 cm de tour de t\u00eate 9 cm de profondeur \u00c9paisseur tissu 1 cm ENTRETIEN Lavable en machine \u00e0\u00a030 \u00b0C cycle fragile Pas de blanchiment ni javel Repasser max. 110 \u00b0C Nettoyage \u00e0 sec interdit<\/p>\n","protected":false},"featured_media":910,"comment_status":"open","ping_status":"closed","template":"","meta":{"_kad_post_transparent":"default","_kad_post_title":"","_kad_post_layout":"default","_kad_post_sidebar_id":"","_kad_post_content_style":"default","_kad_post_vertical_padding":"default","_kad_post_feature":"","_kad_post_feature_position":"","_kad_post_header":false,"_kad_post_footer":false},"product_brand":[],"product_cat":[25],"product_tag":[],"class_list":{"0":"post-909","1":"product","2":"type-product","3":"status-publish","4":"has-post-thumbnail","6":"product_cat-notre-collection","8":"first","9":"instock","10":"shipping-taxable","11":"purchasable","12":"product-type-simple","13":"entry","14":"content-bg","15":"loop-entry"},"aioseo_notices":[],"_links":{"self":[{"href":"https:\/\/formagraph-exercice.fr\/hongdae-station\/wp-json\/wp\/v2\/product\/909","targetHints":{"allow":["GET"]}}],"collection":[{"href":"https:\/\/formagraph-exercice.fr\/hongdae-station\/wp-json\/wp\/v2\/product"}],"about":[{"href":"https:\/\/formagraph-exercice.fr\/hongdae-station\/wp-json\/wp\/v2\/types\/product"}],"replies":[{"embeddable":true,"href":"https:\/\/formagraph-exercice.fr\/hongdae-station\/wp-json\/wp\/v2\/comments?post=909"}],"wp:featuredmedia":[{"embeddable":true,"href":"https:\/\/formagraph-exercice.fr\/hongdae-station\/wp-json\/wp\/v2\/media\/910"}],"wp:attachment":[{"href":"https:\/\/formagraph-exercice.fr\/hongdae-station\/wp-json\/wp\/v2\/media?parent=909"}],"wp:term":[{"taxonomy":"product_brand","embeddable":true,"href":"https:\/\/formagraph-exercice.fr\/hongdae-station\/wp-json\/wp\/v2\/product_brand?post=909"},{"taxonomy":"product_cat","embeddable":true,"href":"https:\/\/formagraph-exercice.fr\/hongdae-station\/wp-json\/wp\/v2\/product_cat?post=909"},{"taxonomy":"product_tag","embeddable":true,"href":"https:\/\/formagraph-exercice.fr\/hongdae-station\/wp-json\/wp\/v2\/product_tag?post=909"}],"curies":[{"name":"wp","href":"https:\/\/api.w.org\/{rel}","templated":true}]}}