{"id":868,"date":"2025-03-19T14:22:55","date_gmt":"2025-03-19T13:22:55","guid":{"rendered":"http:\/\/hongdae-station.fr\/?post_type=product&#038;p=868"},"modified":"2025-03-19T15:03:11","modified_gmt":"2025-03-19T14:03:11","slug":"taemin-guilty-photobook-ver","status":"publish","type":"product","link":"https:\/\/formagraph-exercice.fr\/hongdae-station\/produit\/taemin-guilty-photobook-ver\/","title":{"rendered":"TAEMIN &#8211; GUILTY (Photobook Ver.)"},"content":{"rendered":"<h2><span style=\"font-size: 35px;\"><strong>\ud0dc\ubbfc &#8211; \ubbf8\ub2c8<\/strong> 4<strong>\uc9d1<\/strong> [GUILTY] (PHOTOBOOK VER.)<\/span><\/h2>\n<p>&nbsp;<\/p>\n<h4><span style=\"font-family: caraque-solid, sans-serif; color: #000000;\">PRODUIT<\/span><\/h4>\n<p><span style=\"font-family: caraque-solid, sans-serif;\"><strong>Type<\/strong><\/span> : CD<\/p>\n<p><span style=\"font-family: caraque-solid, sans-serif;\"><strong>Import<\/strong><\/span> : Cor\u00e9e<\/p>\n<p><span style=\"font-family: caraque-solid, sans-serif;\"><strong>Langue<\/strong><\/span> : Cor\u00e9en<\/p>\n<h4><span style=\"font-family: caraque-solid, sans-serif; color: #000000;\">CONTENU<\/span><\/h4>\n<p>&#8211; 1 Photobook (80 pages)<br \/>\n&#8211; 1 CD &amp; son enveloppe<br \/>\n&#8211; 1 Photocard (al\u00e9atoire parmi 3)<br \/>\n&#8211; 1 S\u00e9quence Film<br \/>\n&#8211; 1 Poster Pli\u00e9 (al\u00e9atoire parmi 2)<\/p>\n<h4><span style=\"font-family: caraque-solid, sans-serif; color: #000000;\">TRACKLIST<\/span><\/h4>\n<p>01. Guilty *Title<br \/>\n02. The Rizzness<br \/>\n03. She Loves Me, She Loves Me Not<br \/>\n04. \uc81c\uc790\ub9ac (Not Over You)<br \/>\n05. \uc624\ub298 \ubc24 (Night Away)<br \/>\n06. Blue<\/p>\n<p><img loading=\"lazy\" decoding=\"async\" class=\"alignnone wp-image-870 size-full\" src=\"https:\/\/formagraph-exercice.fr\/hongdae-station\/wp-content\/uploads\/2025\/03\/taemin_guilty_details-scaled.jpg\" alt=\"\" width=\"1707\" height=\"2560\" srcset=\"https:\/\/formagraph-exercice.fr\/hongdae-station\/wp-content\/uploads\/2025\/03\/taemin_guilty_details-scaled.jpg 1707w, https:\/\/formagraph-exercice.fr\/hongdae-station\/wp-content\/uploads\/2025\/03\/taemin_guilty_details-scaled-200x300.jpg 200w, https:\/\/formagraph-exercice.fr\/hongdae-station\/wp-content\/uploads\/2025\/03\/taemin_guilty_details-scaled-683x1024.jpg 683w, https:\/\/formagraph-exercice.fr\/hongdae-station\/wp-content\/uploads\/2025\/03\/taemin_guilty_details-scaled-768x1152.jpg 768w, https:\/\/formagraph-exercice.fr\/hongdae-station\/wp-content\/uploads\/2025\/03\/taemin_guilty_details-scaled-1024x1536.jpg 1024w, https:\/\/formagraph-exercice.fr\/hongdae-station\/wp-content\/uploads\/2025\/03\/taemin_guilty_details-scaled-1366x2048.jpg 1366w, https:\/\/formagraph-exercice.fr\/hongdae-station\/wp-content\/uploads\/2025\/03\/taemin_guilty_details-scaled-1320x1980.jpg 1320w, https:\/\/formagraph-exercice.fr\/hongdae-station\/wp-content\/uploads\/2025\/03\/taemin_guilty_details-scaled-600x900.jpg 600w, https:\/\/formagraph-exercice.fr\/hongdae-station\/wp-content\/uploads\/2025\/03\/taemin_guilty_details-scaled-64x96.jpg 64w\" sizes=\"auto, (max-width: 1707px) 100vw, 1707px\" \/><\/p>\n<p>&nbsp;<\/p>\n<p>&nbsp;<\/p>\n","protected":false},"excerpt":{"rendered":"<p><span style=\"font-family: caraque-solid, sans-serif; color: #d64f3e;\"><strong>[GUILTY]<\/strong><\/span> Le 4\u00e8me mini-album tant attendu de <span style=\"color: #d64f3e;\"><strong><span style=\"font-family: caraque-solid, sans-serif;\">TAEMIN<\/span><\/strong><\/span> est enfin d\u00e9voil\u00e9 ! L&rsquo;album contient 6 chansons de diff\u00e9rents genres incluant la chanson titre <em>Guilty<\/em> permettant d&rsquo;appr\u00e9cier l&rsquo;univers musical profond du membre de<span style=\"color: #d64f3e;\"> <strong><span style=\"font-family: caraque-solid, sans-serif;\">SHINee.<\/span><\/strong><\/span><\/p>\n<p><span style=\"font-family: caraque-solid, sans-serif;\"><strong>Version\u00a0Photobook RIZZ ou GUILTY au choix.<\/strong><\/span><\/p>\n<p><span style=\"font-family: caraque-solid, sans-serif;\"><strong>Date de sortie (en Cor\u00e9e) : 31 OCTOBRE 2023<\/strong><\/span><\/p>\n","protected":false},"featured_media":869,"comment_status":"open","ping_status":"closed","template":"","meta":{"_kad_post_transparent":"default","_kad_post_title":"","_kad_post_layout":"default","_kad_post_sidebar_id":"","_kad_post_content_style":"default","_kad_post_vertical_padding":"default","_kad_post_feature":"","_kad_post_feature_position":"","_kad_post_header":false,"_kad_post_footer":false},"product_brand":[],"product_cat":[24],"product_tag":[],"class_list":{"0":"post-868","1":"product","2":"type-product","3":"status-publish","4":"has-post-thumbnail","6":"product_cat-les-albums","8":"first","9":"instock","10":"shipping-taxable","11":"purchasable","12":"product-type-variable","13":"entry","14":"content-bg","15":"loop-entry"},"aioseo_notices":[],"_links":{"self":[{"href":"https:\/\/formagraph-exercice.fr\/hongdae-station\/wp-json\/wp\/v2\/product\/868","targetHints":{"allow":["GET"]}}],"collection":[{"href":"https:\/\/formagraph-exercice.fr\/hongdae-station\/wp-json\/wp\/v2\/product"}],"about":[{"href":"https:\/\/formagraph-exercice.fr\/hongdae-station\/wp-json\/wp\/v2\/types\/product"}],"replies":[{"embeddable":true,"href":"https:\/\/formagraph-exercice.fr\/hongdae-station\/wp-json\/wp\/v2\/comments?post=868"}],"wp:featuredmedia":[{"embeddable":true,"href":"https:\/\/formagraph-exercice.fr\/hongdae-station\/wp-json\/wp\/v2\/media\/869"}],"wp:attachment":[{"href":"https:\/\/formagraph-exercice.fr\/hongdae-station\/wp-json\/wp\/v2\/media?parent=868"}],"wp:term":[{"taxonomy":"product_brand","embeddable":true,"href":"https:\/\/formagraph-exercice.fr\/hongdae-station\/wp-json\/wp\/v2\/product_brand?post=868"},{"taxonomy":"product_cat","embeddable":true,"href":"https:\/\/formagraph-exercice.fr\/hongdae-station\/wp-json\/wp\/v2\/product_cat?post=868"},{"taxonomy":"product_tag","embeddable":true,"href":"https:\/\/formagraph-exercice.fr\/hongdae-station\/wp-json\/wp\/v2\/product_tag?post=868"}],"curies":[{"name":"wp","href":"https:\/\/api.w.org\/{rel}","templated":true}]}}