{"id":859,"date":"2025-03-19T12:23:23","date_gmt":"2025-03-19T11:23:23","guid":{"rendered":"http:\/\/hongdae-station.fr\/?post_type=product&#038;p=859"},"modified":"2025-03-19T15:04:32","modified_gmt":"2025-03-19T14:04:32","slug":"aespa-armageddon-superbeing-ver","status":"publish","type":"product","link":"https:\/\/formagraph-exercice.fr\/hongdae-station\/produit\/aespa-armageddon-superbeing-ver\/","title":{"rendered":"AESPA &#8211; Armageddon (SUPERBEING Ver.)"},"content":{"rendered":"<h2><span style=\"font-size: 35px;\">AESPA &#8211; ARMAGEDDON (SUPERBEING VER.)<\/span><\/h2>\n<p>&nbsp;<\/p>\n<h3><span style=\"font-family: caraque-solid, sans-serif; color: #000000; font-size: 22px;\">PRODUIT<\/span><\/h3>\n<p><span style=\"font-family: caraque-solid, sans-serif;\"><strong>Type<\/strong><\/span> : CD<\/p>\n<p><span style=\"font-family: caraque-solid, sans-serif;\"><strong>Import<\/strong><\/span> : Cor\u00e9e<\/p>\n<p><span style=\"font-family: caraque-solid, sans-serif;\"><strong>Langue<\/strong><\/span> : Cor\u00e9en<\/p>\n<p><span style=\"font-family: caraque-solid, sans-serif;\"><strong>Versions<\/strong><\/span> : 4<\/p>\n<h4><span style=\"font-family: caraque-solid, sans-serif; color: #000000;\">CONTENU<\/span><\/h4>\n<p>&#8211; 1 Photobook (104 pages)<br \/>\n&#8211; 1 CD<br \/>\n&#8211; 1 Carte postale lenticulaire (al\u00e9atoire parmi 4)<br \/>\n&#8211; 5 Stickers (al\u00e9atoires parmi 10)<br \/>\n&#8211; 1 Poster pli\u00e9 (al\u00e9atoire parmi 2)<br \/>\n&#8211; 1 Photocard (al\u00e9atoire parmi 4)<\/p>\n<h4><span style=\"font-family: caraque-solid, sans-serif; color: #000000;\">TRACKLIST<\/span><\/h4>\n<p><span class=\"css-1qaijid r-bcqeeo r-qvutc0 r-poiln3\">01. Supernova<br \/>\n02. Armageddon<br \/>\n03. Set The Tone<br \/>\n04. Mine<br \/>\n05. Licorice<br \/>\n06. BAHAMA<br \/>\n07. Long Chat (#<\/span><span class=\"css-1qaijid r-bcqeeo r-qvutc0 r-poiln3\">)<br \/>\n08. Prologue<br \/>\n09. Live My Life<br \/>\n10. \ubaa9\uc18c\ub9ac (Melody)<\/span><\/p>\n<p><img loading=\"lazy\" decoding=\"async\" class=\"alignnone wp-image-861 size-full\" src=\"https:\/\/formagraph-exercice.fr\/hongdae-station\/wp-content\/uploads\/2025\/03\/aespa-armageddon-superbeing-vers-kaepjjang-shop-2-scaled.jpg\" alt=\"\" width=\"914\" height=\"2560\" srcset=\"https:\/\/formagraph-exercice.fr\/hongdae-station\/wp-content\/uploads\/2025\/03\/aespa-armageddon-superbeing-vers-kaepjjang-shop-2-scaled.jpg 914w, https:\/\/formagraph-exercice.fr\/hongdae-station\/wp-content\/uploads\/2025\/03\/aespa-armageddon-superbeing-vers-kaepjjang-shop-2-scaled-107x300.jpg 107w, https:\/\/formagraph-exercice.fr\/hongdae-station\/wp-content\/uploads\/2025\/03\/aespa-armageddon-superbeing-vers-kaepjjang-shop-2-scaled-366x1024.jpg 366w, https:\/\/formagraph-exercice.fr\/hongdae-station\/wp-content\/uploads\/2025\/03\/aespa-armageddon-superbeing-vers-kaepjjang-shop-2-scaled-768x2151.jpg 768w, https:\/\/formagraph-exercice.fr\/hongdae-station\/wp-content\/uploads\/2025\/03\/aespa-armageddon-superbeing-vers-kaepjjang-shop-2-scaled-548x1536.jpg 548w, https:\/\/formagraph-exercice.fr\/hongdae-station\/wp-content\/uploads\/2025\/03\/aespa-armageddon-superbeing-vers-kaepjjang-shop-2-scaled-731x2048.jpg 731w, https:\/\/formagraph-exercice.fr\/hongdae-station\/wp-content\/uploads\/2025\/03\/aespa-armageddon-superbeing-vers-kaepjjang-shop-2-scaled-600x1681.jpg 600w, https:\/\/formagraph-exercice.fr\/hongdae-station\/wp-content\/uploads\/2025\/03\/aespa-armageddon-superbeing-vers-kaepjjang-shop-2-scaled-64x179.jpg 64w\" sizes=\"auto, (max-width: 914px) 100vw, 914px\" \/><\/p>\n<p>&nbsp;<\/p>\n","protected":false},"excerpt":{"rendered":"<p><span style=\"font-family: caraque-solid, sans-serif; color: #d64f3e;\"><strong>[ARMAGEDDON] aespa<\/strong><\/span>\u00a0r\u00e9v\u00e8lent enfin leur premier album complet <span style=\"font-family: caraque-solid, sans-serif; color: #d64f3e;\">&lsquo;<strong>Armageddon<\/strong>&lsquo;<\/span> ! Cet album contient un total de 10 chansons dans une vari\u00e9t\u00e9 de genres, du hip-hop \u00e9nergique aux chansons de danse joyeuses, en passant par la pop moderne rythm\u00e9e et les ballades. Inclus les chansons-titres &lsquo;<em>Supernova<\/em>&lsquo; et &lsquo;<em>Armageddon<\/em>&lsquo;.<\/p>\n<p><span style=\"font-family: caraque-solid, sans-serif; color: #000000;\"><strong>Version SUPERBEING au choix : KARINA (BLUE), GISELLE (GREEN), WINTER (YELLOW) ou NINGNING (PINK) au choix.<\/strong><\/span><\/p>\n<p><span style=\"font-family: caraque-solid, sans-serif;\"><strong>Date de sortie (en Cor\u00e9e) : 28 mai 2024<\/strong><\/span><\/p>\n","protected":false},"featured_media":860,"comment_status":"open","ping_status":"closed","template":"","meta":{"_kad_post_transparent":"default","_kad_post_title":"","_kad_post_layout":"default","_kad_post_sidebar_id":"","_kad_post_content_style":"default","_kad_post_vertical_padding":"default","_kad_post_feature":"","_kad_post_feature_position":"","_kad_post_header":false,"_kad_post_footer":false},"product_brand":[],"product_cat":[24],"product_tag":[],"class_list":{"0":"post-859","1":"product","2":"type-product","3":"status-publish","4":"has-post-thumbnail","6":"product_cat-les-albums","8":"first","9":"instock","10":"shipping-taxable","11":"purchasable","12":"product-type-variable","13":"entry","14":"content-bg","15":"loop-entry"},"aioseo_notices":[],"_links":{"self":[{"href":"https:\/\/formagraph-exercice.fr\/hongdae-station\/wp-json\/wp\/v2\/product\/859","targetHints":{"allow":["GET"]}}],"collection":[{"href":"https:\/\/formagraph-exercice.fr\/hongdae-station\/wp-json\/wp\/v2\/product"}],"about":[{"href":"https:\/\/formagraph-exercice.fr\/hongdae-station\/wp-json\/wp\/v2\/types\/product"}],"replies":[{"embeddable":true,"href":"https:\/\/formagraph-exercice.fr\/hongdae-station\/wp-json\/wp\/v2\/comments?post=859"}],"wp:featuredmedia":[{"embeddable":true,"href":"https:\/\/formagraph-exercice.fr\/hongdae-station\/wp-json\/wp\/v2\/media\/860"}],"wp:attachment":[{"href":"https:\/\/formagraph-exercice.fr\/hongdae-station\/wp-json\/wp\/v2\/media?parent=859"}],"wp:term":[{"taxonomy":"product_brand","embeddable":true,"href":"https:\/\/formagraph-exercice.fr\/hongdae-station\/wp-json\/wp\/v2\/product_brand?post=859"},{"taxonomy":"product_cat","embeddable":true,"href":"https:\/\/formagraph-exercice.fr\/hongdae-station\/wp-json\/wp\/v2\/product_cat?post=859"},{"taxonomy":"product_tag","embeddable":true,"href":"https:\/\/formagraph-exercice.fr\/hongdae-station\/wp-json\/wp\/v2\/product_tag?post=859"}],"curies":[{"name":"wp","href":"https:\/\/api.w.org\/{rel}","templated":true}]}}