{"id":856,"date":"2025-03-19T12:11:25","date_gmt":"2025-03-19T11:11:25","guid":{"rendered":"http:\/\/hongdae-station.fr\/?post_type=product&#038;p=856"},"modified":"2025-03-19T15:18:40","modified_gmt":"2025-03-19T14:18:40","slug":"digipack-jennie-ruby","status":"publish","type":"product","link":"https:\/\/formagraph-exercice.fr\/hongdae-station\/produit\/digipack-jennie-ruby\/","title":{"rendered":"[DIGIPACK] JENNIE &#8211; Ruby"},"content":{"rendered":"<h2><span style=\"font-size: 35px;\">JENNIE (BLACKPINK) &#8211; RUBY (CD DIGIPACK)<\/span><\/h2>\n<p>&nbsp;<\/p>\n<h4><span style=\"font-size: 35px;\"><span style=\"font-size: 22px; font-family: caraque-solid, sans-serif; color: #000000;\">CONTENU <\/span>\u00a0<\/span><\/h4>\n<p>&#8211; 1\u00a0Digipack &amp; Photobook (24 pages)<\/p>\n<p>&#8211; 2 Photocards (al\u00e9atoires parmi 5)<\/p>\n<p>&#8211; 1 Photo Film<\/p>\n<p>&#8211; 1 CD<\/p>\n<h4><span style=\"font-family: caraque-solid, sans-serif; color: #000000;\">TRACKLIST<\/span><\/h4>\n<p>01. Intro : JANE by JENNIE &amp; FKJ<br \/>\n02. like JENNIE<br \/>\n03. start a war<br \/>\n04. Handlebars by JENNIE &amp; Dua Lipa<br \/>\n05. with the IE (way up)<br \/>\n06. ExtraL by JENNIE &amp; Doechii<br \/>\n07. Mantra<br \/>\n08. Love Hangover by JENNIE &amp; Dominic Fike<br \/>\n09. ZEN<br \/>\n10. Damn Right by JENNIE, Childish Gambino &amp; Kali Uchis<br \/>\n11. F.T.S<br \/>\n12. Filter<br \/>\n13. Seoul City<br \/>\n14. Starlight<br \/>\n15. twin<\/p>\n<p><img loading=\"lazy\" decoding=\"async\" class=\"alignnone wp-image-857 size-full\" src=\"https:\/\/formagraph-exercice.fr\/hongdae-station\/wp-content\/uploads\/2025\/03\/jennie-ruby-digipack-details-.jpg\" alt=\"\" width=\"720\" height=\"1080\" srcset=\"https:\/\/formagraph-exercice.fr\/hongdae-station\/wp-content\/uploads\/2025\/03\/jennie-ruby-digipack-details-.jpg 720w, https:\/\/formagraph-exercice.fr\/hongdae-station\/wp-content\/uploads\/2025\/03\/jennie-ruby-digipack-details--200x300.jpg 200w, https:\/\/formagraph-exercice.fr\/hongdae-station\/wp-content\/uploads\/2025\/03\/jennie-ruby-digipack-details--683x1024.jpg 683w, https:\/\/formagraph-exercice.fr\/hongdae-station\/wp-content\/uploads\/2025\/03\/jennie-ruby-digipack-details--600x900.jpg 600w, https:\/\/formagraph-exercice.fr\/hongdae-station\/wp-content\/uploads\/2025\/03\/jennie-ruby-digipack-details--64x96.jpg 64w\" sizes=\"auto, (max-width: 720px) 100vw, 720px\" \/><\/p>\n<p>&nbsp;<\/p>\n<p>&nbsp;<\/p>\n","protected":false},"excerpt":{"rendered":"<p>D\u00e9couvrez <span style=\"color: #d64f3e; font-family: caraque-solid, sans-serif;\"><strong>\u00ab\u00a0RUBY\u00a0\u00bb<\/strong><\/span>, le tout premier album studio de la star internationale <span style=\"font-family: caraque-solid, sans-serif; color: #d64f3e;\"><strong>JENNIE<\/strong><\/span>, apr\u00e8s le succ\u00e8s de son single <span style=\"font-family: caraque-solid, sans-serif; color: #d64f3e;\"><strong>\u00ab\u00a0MANTRA\u00a0\u00bb<\/strong>.<\/span> Avec ses 15 titres soigneusement con\u00e7us, JENNIE explore un \u00e9ventail de genres, r\u00e9v\u00e9lant une artiste \u00e0 la fois polyvalente et authentique.<\/p>\n<p>Dans cet album, JENNIE s\u2019impose comme une figure incontournable de la sc\u00e8ne musicale mondiale. Chaque morceau t\u00e9moigne de sa capacit\u00e9 \u00e0 se r\u00e9inventer tout en restant fid\u00e8le \u00e0 elle-m\u00eame.<\/p>\n<p>Pour <span style=\"color: #d64f3e; font-family: caraque-solid, sans-serif;\"><strong>\u00ab\u00a0RUBY\u00a0\u00bb<\/strong><\/span>, JENNIE a collabor\u00e9 avec des artistes de renom tels que <span style=\"font-family: caraque-solid, sans-serif; color: #d64f3e;\"><strong>Childish Gambino, Doechii, Dominic Fike, Dua Lipa, FKJ<\/strong><\/span>, et<span style=\"color: #d64f3e; font-family: caraque-solid, sans-serif;\"> <strong>Kali Uchis<\/strong>,<\/span> enrichissant l\u2019album d\u2019une dimension internationale.<\/p>\n","protected":false},"featured_media":858,"comment_status":"open","ping_status":"closed","template":"","meta":{"_kad_post_transparent":"default","_kad_post_title":"","_kad_post_layout":"default","_kad_post_sidebar_id":"","_kad_post_content_style":"default","_kad_post_vertical_padding":"default","_kad_post_feature":"","_kad_post_feature_position":"","_kad_post_header":false,"_kad_post_footer":false},"product_brand":[],"product_cat":[24],"product_tag":[],"class_list":{"0":"post-856","1":"product","2":"type-product","3":"status-publish","4":"has-post-thumbnail","6":"product_cat-les-albums","8":"first","9":"instock","10":"shipping-taxable","11":"purchasable","12":"product-type-simple","13":"entry","14":"content-bg","15":"loop-entry"},"aioseo_notices":[],"_links":{"self":[{"href":"https:\/\/formagraph-exercice.fr\/hongdae-station\/wp-json\/wp\/v2\/product\/856","targetHints":{"allow":["GET"]}}],"collection":[{"href":"https:\/\/formagraph-exercice.fr\/hongdae-station\/wp-json\/wp\/v2\/product"}],"about":[{"href":"https:\/\/formagraph-exercice.fr\/hongdae-station\/wp-json\/wp\/v2\/types\/product"}],"replies":[{"embeddable":true,"href":"https:\/\/formagraph-exercice.fr\/hongdae-station\/wp-json\/wp\/v2\/comments?post=856"}],"wp:featuredmedia":[{"embeddable":true,"href":"https:\/\/formagraph-exercice.fr\/hongdae-station\/wp-json\/wp\/v2\/media\/858"}],"wp:attachment":[{"href":"https:\/\/formagraph-exercice.fr\/hongdae-station\/wp-json\/wp\/v2\/media?parent=856"}],"wp:term":[{"taxonomy":"product_brand","embeddable":true,"href":"https:\/\/formagraph-exercice.fr\/hongdae-station\/wp-json\/wp\/v2\/product_brand?post=856"},{"taxonomy":"product_cat","embeddable":true,"href":"https:\/\/formagraph-exercice.fr\/hongdae-station\/wp-json\/wp\/v2\/product_cat?post=856"},{"taxonomy":"product_tag","embeddable":true,"href":"https:\/\/formagraph-exercice.fr\/hongdae-station\/wp-json\/wp\/v2\/product_tag?post=856"}],"curies":[{"name":"wp","href":"https:\/\/api.w.org\/{rel}","templated":true}]}}