{"id":846,"date":"2025-03-19T12:00:45","date_gmt":"2025-03-19T11:00:45","guid":{"rendered":"http:\/\/hongdae-station.fr\/?post_type=product&#038;p=846"},"modified":"2025-03-19T15:05:51","modified_gmt":"2025-03-19T14:05:51","slug":"ateez-golden-hour-part-1","status":"publish","type":"product","link":"https:\/\/formagraph-exercice.fr\/hongdae-station\/produit\/ateez-golden-hour-part-1\/","title":{"rendered":"ATEEZ &#8211; GOLDEN HOUR : Part.1"},"content":{"rendered":"<h2><span style=\"font-size: 35px;\">ATEEZ &#8211; GOLDEN HOUR PART.1<\/span><\/h2>\n<p>&nbsp;<\/p>\n<h3><span style=\"font-family: caraque-solid, sans-serif; font-size: 22px;\">PRODUIT<\/span><\/h3>\n<p><span style=\"font-family: caraque-solid, sans-serif;\"><strong>Type<\/strong><\/span> : CD<\/p>\n<p><span style=\"font-family: caraque-solid, sans-serif;\"><strong>Import<\/strong><\/span> : Cor\u00e9e<\/p>\n<p><span style=\"font-family: caraque-solid, sans-serif;\"><strong>Langue<\/strong><\/span> : Cor\u00e9en<\/p>\n<p><span style=\"font-family: caraque-solid, sans-serif;\"><strong>Versions<\/strong> :<\/span> 3 Versions<\/p>\n<h3><span style=\"font-family: caraque-solid, sans-serif; font-size: 22px;\">CONTENU<\/span><\/h3>\n<p>&#8211; 1 Invitation<br \/>\n&#8211; 1 Set Carte postale et cadre<br \/>\n&#8211; 1 Enveloppe<br \/>\n&#8211; 1 photobook (120 pages)<br \/>\n&#8211; 1 Carte postale (al\u00e9atoire parmi 8)<br \/>\n&#8211; 1 Photocard A (al\u00e9atoire parmi 8)<br \/>\n&#8211; 1 Photocard Z (al\u00e9atoire parmi 8)<br \/>\n&#8211; 1 Sticker tampon<br \/>\n&#8211; 1 Sticker logo<br \/>\n&#8211; 1 Marque-pages<br \/>\n&#8211; 1 CD<\/p>\n<h3><span style=\"font-family: caraque-solid, sans-serif; font-size: 22px;\">TRACKLIST<\/span><\/h3>\n<p>01. Golden Hour<br \/>\n02. Blind<br \/>\n03. WORK<br \/>\n04. Empty Box<br \/>\n05. Shaboom<br \/>\n06. Siren<\/p>\n<p><img loading=\"lazy\" decoding=\"async\" class=\"alignnone wp-image-852 size-full\" src=\"https:\/\/formagraph-exercice.fr\/hongdae-station\/wp-content\/uploads\/2025\/03\/ateez_golden_hour_details-scaled.jpg\" alt=\"\" width=\"1023\" height=\"2560\" srcset=\"https:\/\/formagraph-exercice.fr\/hongdae-station\/wp-content\/uploads\/2025\/03\/ateez_golden_hour_details-scaled.jpg 1023w, https:\/\/formagraph-exercice.fr\/hongdae-station\/wp-content\/uploads\/2025\/03\/ateez_golden_hour_details-scaled-120x300.jpg 120w, https:\/\/formagraph-exercice.fr\/hongdae-station\/wp-content\/uploads\/2025\/03\/ateez_golden_hour_details-scaled-409x1024.jpg 409w, https:\/\/formagraph-exercice.fr\/hongdae-station\/wp-content\/uploads\/2025\/03\/ateez_golden_hour_details-scaled-768x1922.jpg 768w, https:\/\/formagraph-exercice.fr\/hongdae-station\/wp-content\/uploads\/2025\/03\/ateez_golden_hour_details-scaled-614x1536.jpg 614w, https:\/\/formagraph-exercice.fr\/hongdae-station\/wp-content\/uploads\/2025\/03\/ateez_golden_hour_details-scaled-818x2048.jpg 818w, https:\/\/formagraph-exercice.fr\/hongdae-station\/wp-content\/uploads\/2025\/03\/ateez_golden_hour_details-scaled-600x1501.jpg 600w, https:\/\/formagraph-exercice.fr\/hongdae-station\/wp-content\/uploads\/2025\/03\/ateez_golden_hour_details-scaled-64x160.jpg 64w\" sizes=\"auto, (max-width: 1023px) 100vw, 1023px\" \/><\/p>\n<p>&nbsp;<\/p>\n<p>&nbsp;<\/p>\n","protected":false},"excerpt":{"rendered":"<p><span style=\"font-family: caraque-solid, sans-serif; color: #d64f3e;\"><strong>[GOLDEN HOUR : PART.1 ] <\/strong><\/span>Apr\u00e8s avoir enflamm\u00e9 la sc\u00e8ne du festival Coachella<strong>, <span style=\"font-family: caraque-solid, sans-serif; color: #d64f3e;\">ATEEZ<\/span><\/strong>\u00a0font leur retour avec la nouvelle s\u00e9rie d&rsquo;albums &lsquo;GOLDEN HOUR&rsquo; !<\/p>\n<p><span style=\"font-family: caraque-solid, sans-serif;\"><strong>Version BLUE HOUR (bleu), DIARY (blanc) ou GOLDEN HOUR (Noir) au choix.<\/strong><\/span><\/p>\n<p><span style=\"font-family: caraque-solid, sans-serif;\"><strong>Date de sortie (en Cor\u00e9e) : 31 MAI 2024<\/strong><\/span><\/p>\n","protected":false},"featured_media":847,"comment_status":"open","ping_status":"closed","template":"","meta":{"_kad_post_transparent":"default","_kad_post_title":"","_kad_post_layout":"default","_kad_post_sidebar_id":"","_kad_post_content_style":"default","_kad_post_vertical_padding":"default","_kad_post_feature":"","_kad_post_feature_position":"","_kad_post_header":false,"_kad_post_footer":false},"product_brand":[],"product_cat":[24],"product_tag":[],"class_list":{"0":"post-846","1":"product","2":"type-product","3":"status-publish","4":"has-post-thumbnail","6":"product_cat-les-albums","8":"first","9":"instock","10":"shipping-taxable","11":"purchasable","12":"product-type-variable","13":"entry","14":"content-bg","15":"loop-entry"},"aioseo_notices":[],"_links":{"self":[{"href":"https:\/\/formagraph-exercice.fr\/hongdae-station\/wp-json\/wp\/v2\/product\/846","targetHints":{"allow":["GET"]}}],"collection":[{"href":"https:\/\/formagraph-exercice.fr\/hongdae-station\/wp-json\/wp\/v2\/product"}],"about":[{"href":"https:\/\/formagraph-exercice.fr\/hongdae-station\/wp-json\/wp\/v2\/types\/product"}],"replies":[{"embeddable":true,"href":"https:\/\/formagraph-exercice.fr\/hongdae-station\/wp-json\/wp\/v2\/comments?post=846"}],"wp:featuredmedia":[{"embeddable":true,"href":"https:\/\/formagraph-exercice.fr\/hongdae-station\/wp-json\/wp\/v2\/media\/847"}],"wp:attachment":[{"href":"https:\/\/formagraph-exercice.fr\/hongdae-station\/wp-json\/wp\/v2\/media?parent=846"}],"wp:term":[{"taxonomy":"product_brand","embeddable":true,"href":"https:\/\/formagraph-exercice.fr\/hongdae-station\/wp-json\/wp\/v2\/product_brand?post=846"},{"taxonomy":"product_cat","embeddable":true,"href":"https:\/\/formagraph-exercice.fr\/hongdae-station\/wp-json\/wp\/v2\/product_cat?post=846"},{"taxonomy":"product_tag","embeddable":true,"href":"https:\/\/formagraph-exercice.fr\/hongdae-station\/wp-json\/wp\/v2\/product_tag?post=846"}],"curies":[{"name":"wp","href":"https:\/\/api.w.org\/{rel}","templated":true}]}}