{"id":836,"date":"2025-03-19T11:45:36","date_gmt":"2025-03-19T10:45:36","guid":{"rendered":"http:\/\/hongdae-station.fr\/?post_type=product&#038;p=836"},"modified":"2025-03-19T15:06:24","modified_gmt":"2025-03-19T14:06:24","slug":"ateez-golden-hour-part-2","status":"publish","type":"product","link":"https:\/\/formagraph-exercice.fr\/hongdae-station\/produit\/ateez-golden-hour-part-2\/","title":{"rendered":"ATEEZ &#8211; GOLDEN HOUR : Part.2"},"content":{"rendered":"<h2><span style=\"font-size: 35px;\">ATEEZ &#8211; GOLDEN HOUR : PART.2<\/span><\/h2>\n<p>&nbsp;<\/p>\n<h4><span style=\"font-family: caraque-solid, sans-serif; color: #000000;\">PRODUIT<\/span><\/h4>\n<p><span style=\"font-family: caraque-solid, sans-serif;\"><strong>Type<\/strong><\/span> : CD<\/p>\n<p><span style=\"font-family: caraque-solid, sans-serif;\"><strong>Import<\/strong><\/span> : Cor\u00e9e<\/p>\n<p><span style=\"font-family: caraque-solid, sans-serif;\"><strong>Langue<\/strong><\/span> : Cor\u00e9en<\/p>\n<h4><span style=\"font-family: caraque-solid, sans-serif; color: #000000;\">CONTENU<\/span><\/h4>\n<p>&#8211; 1 Photobook (120 pages)<br \/>\n&#8211; 1 Enveloppe \u00e0 contenu<br \/>\n&#8211; 1 Sticker logo<br \/>\n&#8211; 1 D\u00e9coration<br \/>\n&#8211; 1 Photocard A (al\u00e9atoire parmi 8)<br \/>\n&#8211; 1 Photocard Z (al\u00e9atoire parmi 8)<br \/>\n&#8211; 1 CD<br \/>\n&#8211; 1\u00a0Textcard<br \/>\n&#8211; 1 Carte Postale avec cadre<br \/>\n&#8211; 1 Carte Postale (al\u00e9atoire parmi 8)<br \/>\n&#8211; 1 Poster pli\u00e9<\/p>\n<h4><span style=\"font-family: caraque-solid, sans-serif; color: #000000;\">TRACKLIST<\/span><\/h4>\n<p>01. DEEP DIVE<br \/>\n02. Scene 1 : Value<br \/>\n03. Ice On My Teeth<br \/>\n04. Man on Fire<br \/>\n05. Selfish Waltz<br \/>\n06. Enough<\/p>\n<p><img loading=\"lazy\" decoding=\"async\" class=\"alignnone wp-image-837 size-full\" src=\"https:\/\/formagraph-exercice.fr\/hongdae-station\/wp-content\/uploads\/2025\/03\/ateez_golden_hour_part-2_details_off-scaled.jpeg\" alt=\"\" width=\"1069\" height=\"2560\" srcset=\"https:\/\/formagraph-exercice.fr\/hongdae-station\/wp-content\/uploads\/2025\/03\/ateez_golden_hour_part-2_details_off-scaled.jpeg 1069w, https:\/\/formagraph-exercice.fr\/hongdae-station\/wp-content\/uploads\/2025\/03\/ateez_golden_hour_part-2_details_off-scaled-125x300.jpeg 125w, https:\/\/formagraph-exercice.fr\/hongdae-station\/wp-content\/uploads\/2025\/03\/ateez_golden_hour_part-2_details_off-scaled-428x1024.jpeg 428w, https:\/\/formagraph-exercice.fr\/hongdae-station\/wp-content\/uploads\/2025\/03\/ateez_golden_hour_part-2_details_off-scaled-768x1839.jpeg 768w, https:\/\/formagraph-exercice.fr\/hongdae-station\/wp-content\/uploads\/2025\/03\/ateez_golden_hour_part-2_details_off-scaled-641x1536.jpeg 641w, https:\/\/formagraph-exercice.fr\/hongdae-station\/wp-content\/uploads\/2025\/03\/ateez_golden_hour_part-2_details_off-scaled-855x2048.jpeg 855w, https:\/\/formagraph-exercice.fr\/hongdae-station\/wp-content\/uploads\/2025\/03\/ateez_golden_hour_part-2_details_off-scaled-600x1437.jpeg 600w, https:\/\/formagraph-exercice.fr\/hongdae-station\/wp-content\/uploads\/2025\/03\/ateez_golden_hour_part-2_details_off-scaled-64x153.jpeg 64w\" sizes=\"auto, (max-width: 1069px) 100vw, 1069px\" \/><\/p>\n<p>&nbsp;<\/p>\n","protected":false},"excerpt":{"rendered":"<p>ATEEZ &#8211; GOLDEN HOUR : PART.2 &nbsp; PRODUIT Type : CD Import : Cor\u00e9e Langue : Cor\u00e9en CONTENU &#8211; 1 Photobook (120 pages) &#8211; 1 Enveloppe \u00e0 contenu &#8211; 1 Sticker logo &#8211; 1 D\u00e9coration &#8211; 1 Photocard A (al\u00e9atoire parmi 8) &#8211; 1 Photocard Z (al\u00e9atoire parmi 8) &#8211; 1 CD &#8211; 1\u00a0Textcard &#8211;&#8230;<\/p>\n","protected":false},"featured_media":838,"comment_status":"open","ping_status":"closed","template":"","meta":{"_kad_post_transparent":"default","_kad_post_title":"","_kad_post_layout":"default","_kad_post_sidebar_id":"","_kad_post_content_style":"default","_kad_post_vertical_padding":"default","_kad_post_feature":"","_kad_post_feature_position":"","_kad_post_header":false,"_kad_post_footer":false},"product_brand":[],"product_cat":[24],"product_tag":[],"class_list":{"0":"post-836","1":"product","2":"type-product","3":"status-publish","4":"has-post-thumbnail","6":"product_cat-les-albums","8":"first","9":"instock","10":"shipping-taxable","11":"purchasable","12":"product-type-variable","13":"entry","14":"content-bg","15":"loop-entry"},"aioseo_notices":[],"_links":{"self":[{"href":"https:\/\/formagraph-exercice.fr\/hongdae-station\/wp-json\/wp\/v2\/product\/836","targetHints":{"allow":["GET"]}}],"collection":[{"href":"https:\/\/formagraph-exercice.fr\/hongdae-station\/wp-json\/wp\/v2\/product"}],"about":[{"href":"https:\/\/formagraph-exercice.fr\/hongdae-station\/wp-json\/wp\/v2\/types\/product"}],"replies":[{"embeddable":true,"href":"https:\/\/formagraph-exercice.fr\/hongdae-station\/wp-json\/wp\/v2\/comments?post=836"}],"wp:featuredmedia":[{"embeddable":true,"href":"https:\/\/formagraph-exercice.fr\/hongdae-station\/wp-json\/wp\/v2\/media\/838"}],"wp:attachment":[{"href":"https:\/\/formagraph-exercice.fr\/hongdae-station\/wp-json\/wp\/v2\/media?parent=836"}],"wp:term":[{"taxonomy":"product_brand","embeddable":true,"href":"https:\/\/formagraph-exercice.fr\/hongdae-station\/wp-json\/wp\/v2\/product_brand?post=836"},{"taxonomy":"product_cat","embeddable":true,"href":"https:\/\/formagraph-exercice.fr\/hongdae-station\/wp-json\/wp\/v2\/product_cat?post=836"},{"taxonomy":"product_tag","embeddable":true,"href":"https:\/\/formagraph-exercice.fr\/hongdae-station\/wp-json\/wp\/v2\/product_tag?post=836"}],"curies":[{"name":"wp","href":"https:\/\/api.w.org\/{rel}","templated":true}]}}