{"id":812,"date":"2025-03-17T16:39:23","date_gmt":"2025-03-17T15:39:23","guid":{"rendered":"http:\/\/hongdae-station.fr\/?post_type=product&#038;p=812"},"modified":"2025-03-19T15:16:03","modified_gmt":"2025-03-19T14:16:03","slug":"stray-kids-skzhop-hiptape-hop-skzhop-ver","status":"publish","type":"product","link":"https:\/\/formagraph-exercice.fr\/hongdae-station\/produit\/stray-kids-skzhop-hiptape-hop-skzhop-ver\/","title":{"rendered":"STRAY KIDS &#8211; &lsquo;HOP&rsquo; (SKZHOP Ver.)"},"content":{"rendered":"<h2><span style=\"font-size: 35px;\">STRAY KIDS &#8211; &lsquo;HOP&rsquo; (SKZHOP Ver.)<\/span><\/h2>\n<p>&nbsp;<\/p>\n<h4><span style=\"font-family: caraque-solid, sans-serif; color: #000000;\">PRODUIT<\/span><\/h4>\n<p><span style=\"font-family: caraque-solid, sans-serif;\"><strong>Type<\/strong><\/span> : CD<\/p>\n<p><span style=\"font-family: caraque-solid, sans-serif;\"><strong>Import<\/strong><\/span> : Cor\u00e9e<\/p>\n<p><span style=\"font-family: caraque-solid, sans-serif;\"><strong>Langue<\/strong><\/span> : Cor\u00e9en<\/p>\n<h4><span style=\"font-family: caraque-solid, sans-serif; color: #000000;\">CONTENU<\/span><\/h4>\n<p>&#8211; 1 Photobook (60 pages)<br \/>\n&#8211; 1 Livre Cd<br \/>\n&#8211; 1 CD<br \/>\n&#8211; 1 Photocard (al\u00e9atoire parmi 8)<br \/>\n&#8211; 1 Feuille \u00e0 stickers<br \/>\n&#8211; 1 Mini Poster<br \/>\n&#8211; 1 Photocard Unit (al\u00e9atoire parmi 4)<\/p>\n<h4><span style=\"font-family: caraque-solid, sans-serif; color: #000000;\">TRACKLIST<\/span><\/h4>\n<p>01. Walkin On Water<br \/>\n02. Bounce Back<br \/>\n03. U (feat. TABLO)<br \/>\n04. Walkin On Water (HIP Ver.)<br \/>\n05. Railway (Bang Chan)<br \/>\n06. Unfair (Felix)<br \/>\n07. HALLUCINATION (I.N)<br \/>\n08. Youth (Lee Know)<br \/>\n09. So Good (Hyunjin)<br \/>\n10. Ultra (Changbin)<br \/>\n11. Hold my hand (Han)<br \/>\n12. As We Are (Seungmin)<\/p>\n<p><img loading=\"lazy\" decoding=\"async\" class=\"alignnone wp-image-813 size-full\" src=\"https:\/\/formagraph-exercice.fr\/hongdae-station\/wp-content\/uploads\/2025\/03\/stray_kids_hop_skzhop_details-scaled.jpg\" alt=\"\" width=\"1259\" height=\"2560\" srcset=\"https:\/\/formagraph-exercice.fr\/hongdae-station\/wp-content\/uploads\/2025\/03\/stray_kids_hop_skzhop_details-scaled.jpg 1259w, https:\/\/formagraph-exercice.fr\/hongdae-station\/wp-content\/uploads\/2025\/03\/stray_kids_hop_skzhop_details-scaled-148x300.jpg 148w, https:\/\/formagraph-exercice.fr\/hongdae-station\/wp-content\/uploads\/2025\/03\/stray_kids_hop_skzhop_details-scaled-504x1024.jpg 504w, https:\/\/formagraph-exercice.fr\/hongdae-station\/wp-content\/uploads\/2025\/03\/stray_kids_hop_skzhop_details-scaled-768x1562.jpg 768w, https:\/\/formagraph-exercice.fr\/hongdae-station\/wp-content\/uploads\/2025\/03\/stray_kids_hop_skzhop_details-scaled-755x1536.jpg 755w, https:\/\/formagraph-exercice.fr\/hongdae-station\/wp-content\/uploads\/2025\/03\/stray_kids_hop_skzhop_details-scaled-1007x2048.jpg 1007w, https:\/\/formagraph-exercice.fr\/hongdae-station\/wp-content\/uploads\/2025\/03\/stray_kids_hop_skzhop_details-scaled-600x1220.jpg 600w, https:\/\/formagraph-exercice.fr\/hongdae-station\/wp-content\/uploads\/2025\/03\/stray_kids_hop_skzhop_details-scaled-64x130.jpg 64w\" sizes=\"auto, (max-width: 1259px) 100vw, 1259px\" \/><\/p>\n<p>&nbsp;<\/p>\n","protected":false},"excerpt":{"rendered":"<p><a href=\"https:\/\/www.asiaworldmusic.fr\/recherche?controller=search&amp;orderby=date_add&amp;orderway=desc&amp;search_query=stray+kids&amp;submit_search=\">Stray Kids<\/a> repoussent une fois de plus les limites de la cr\u00e9ativit\u00e9 en d\u00e9finissant leur propre genre musical avec <span style=\"font-family: caraque-solid, sans-serif; color: #d64f3e;\"><em><strong>SKZHOP HIPTAPE \u00ab\u00a0HOP\u00a0\u00bb<\/strong><\/em><\/span>, une ode au hip-hop. \u00ab\u00a0<em>SKZHOP<\/em>\u00a0\u00bb \u2013 abr\u00e9viation de SKZ (Stray Kids) et HIP-HOP \u2013 incarne l\u2019essence de leur cr\u00e9ativit\u00e9 et de leur originalit\u00e9 musicale.<\/p>\n<p>Compos\u00e9 de 12 morceaux, cet album promet de belles surprises. Parmi elles, trois titres \u00e9crits et compos\u00e9s par 3RACHA, l\u2019unit\u00e9 rap embl\u00e9matique du groupe, dont \u00ab\u00a0<em>U<\/em>\u00ab\u00a0, en collaboration avec TABLO d\u2019Epik High, rappeur iconique du hip-hop cor\u00e9en. On y d\u00e9couvre \u00e9galement une facette plus personnelle de chaque membre \u00e0 travers 8 chansons solo, mettant en lumi\u00e8re leurs talents individuels.<\/p>\n","protected":false},"featured_media":834,"comment_status":"open","ping_status":"closed","template":"","meta":{"_kad_post_transparent":"default","_kad_post_title":"","_kad_post_layout":"default","_kad_post_sidebar_id":"","_kad_post_content_style":"default","_kad_post_vertical_padding":"default","_kad_post_feature":"","_kad_post_feature_position":"","_kad_post_header":false,"_kad_post_footer":false},"product_brand":[],"product_cat":[24],"product_tag":[],"class_list":{"0":"post-812","1":"product","2":"type-product","3":"status-publish","4":"has-post-thumbnail","6":"product_cat-les-albums","8":"first","9":"instock","10":"shipping-taxable","11":"purchasable","12":"product-type-simple","13":"entry","14":"content-bg","15":"loop-entry"},"aioseo_notices":[],"_links":{"self":[{"href":"https:\/\/formagraph-exercice.fr\/hongdae-station\/wp-json\/wp\/v2\/product\/812","targetHints":{"allow":["GET"]}}],"collection":[{"href":"https:\/\/formagraph-exercice.fr\/hongdae-station\/wp-json\/wp\/v2\/product"}],"about":[{"href":"https:\/\/formagraph-exercice.fr\/hongdae-station\/wp-json\/wp\/v2\/types\/product"}],"replies":[{"embeddable":true,"href":"https:\/\/formagraph-exercice.fr\/hongdae-station\/wp-json\/wp\/v2\/comments?post=812"}],"wp:featuredmedia":[{"embeddable":true,"href":"https:\/\/formagraph-exercice.fr\/hongdae-station\/wp-json\/wp\/v2\/media\/834"}],"wp:attachment":[{"href":"https:\/\/formagraph-exercice.fr\/hongdae-station\/wp-json\/wp\/v2\/media?parent=812"}],"wp:term":[{"taxonomy":"product_brand","embeddable":true,"href":"https:\/\/formagraph-exercice.fr\/hongdae-station\/wp-json\/wp\/v2\/product_brand?post=812"},{"taxonomy":"product_cat","embeddable":true,"href":"https:\/\/formagraph-exercice.fr\/hongdae-station\/wp-json\/wp\/v2\/product_cat?post=812"},{"taxonomy":"product_tag","embeddable":true,"href":"https:\/\/formagraph-exercice.fr\/hongdae-station\/wp-json\/wp\/v2\/product_tag?post=812"}],"curies":[{"name":"wp","href":"https:\/\/api.w.org\/{rel}","templated":true}]}}