{"id":722,"date":"2025-03-13T15:30:41","date_gmt":"2025-03-13T14:30:41","guid":{"rendered":"http:\/\/hongdae-station.fr\/?page_id=722"},"modified":"2025-07-03T11:09:08","modified_gmt":"2025-07-03T09:09:08","slug":"a-propos","status":"publish","type":"page","link":"https:\/\/formagraph-exercice.fr\/hongdae-station\/a-propos\/","title":{"rendered":"A Propos"},"content":{"rendered":"<style>.kb-row-layout-id722_0cb6c0-1a > .kt-row-column-wrap{align-content:start;}:where(.kb-row-layout-id722_0cb6c0-1a > .kt-row-column-wrap) > .wp-block-kadence-column{justify-content:start;}.kb-row-layout-id722_0cb6c0-1a > .kt-row-column-wrap{column-gap:var(--global-kb-gap-md, 2rem);row-gap:var(--global-kb-gap-md, 2rem);padding-top:var(--global-kb-spacing-sm, 1.5rem);padding-bottom:var(--global-kb-spacing-sm, 1.5rem);grid-template-columns:minmax(0, 1fr);}.kb-row-layout-id722_0cb6c0-1a > .kt-row-layout-overlay{opacity:0.30;}@media all and (max-width: 1024px){.kb-row-layout-id722_0cb6c0-1a > .kt-row-column-wrap{grid-template-columns:minmax(0, 1fr);}}@media all and (max-width: 767px){.kb-row-layout-id722_0cb6c0-1a > .kt-row-column-wrap{grid-template-columns:minmax(0, 1fr);}}<\/style><section class=\"kb-row-layout-wrap kb-row-layout-id722_0cb6c0-1a alignfull has-theme-palette7-background-color kt-row-has-bg wp-block-kadence-rowlayout\"><div class=\"kt-row-column-wrap kt-has-1-columns kt-row-layout-equal kt-tab-layout-inherit kt-mobile-layout-row kt-row-valign-top\">\n<style>.kadence-column722_2e2e71-bc > .kt-inside-inner-col,.kadence-column722_2e2e71-bc > .kt-inside-inner-col:before{border-top-left-radius:0px;border-top-right-radius:0px;border-bottom-right-radius:0px;border-bottom-left-radius:0px;}.kadence-column722_2e2e71-bc > .kt-inside-inner-col{column-gap:var(--global-kb-gap-sm, 1rem);}.kadence-column722_2e2e71-bc > .kt-inside-inner-col{flex-direction:column;}.kadence-column722_2e2e71-bc > .kt-inside-inner-col > .aligncenter{width:100%;}.kadence-column722_2e2e71-bc > .kt-inside-inner-col:before{opacity:0.3;}.kadence-column722_2e2e71-bc{position:relative;}@media all and (max-width: 1024px){.kadence-column722_2e2e71-bc > .kt-inside-inner-col{flex-direction:column;}}@media all and (max-width: 767px){.kadence-column722_2e2e71-bc > .kt-inside-inner-col{flex-direction:column;}}<\/style>\n<div class=\"wp-block-kadence-column kadence-column722_2e2e71-bc\"><div class=\"kt-inside-inner-col\"><style>.wp-block-kadence-advancedheading.kt-adv-heading722_0d0a6b-3a, .wp-block-kadence-advancedheading.kt-adv-heading722_0d0a6b-3a[data-kb-block=\"kb-adv-heading722_0d0a6b-3a\"]{text-align:center;font-style:normal;}.wp-block-kadence-advancedheading.kt-adv-heading722_0d0a6b-3a mark.kt-highlight, .wp-block-kadence-advancedheading.kt-adv-heading722_0d0a6b-3a[data-kb-block=\"kb-adv-heading722_0d0a6b-3a\"] mark.kt-highlight{font-style:normal;color:#f76a0c;-webkit-box-decoration-break:clone;box-decoration-break:clone;padding-top:0px;padding-right:0px;padding-bottom:0px;padding-left:0px;}<\/style>\n<h1 class=\"kt-adv-heading722_0d0a6b-3a wp-block-kadence-advancedheading has-theme-palette-9-color has-text-color\" data-kb-block=\"kb-adv-heading722_0d0a6b-3a\">A propos \/ <strong>\ud68c\uc0ac \uc18c\uac1c<\/strong><\/h1>\n<\/div><\/div>\n\n<\/div><\/section>\n\n<style>.kb-row-layout-id722_79dedc-03 > .kt-row-column-wrap{align-content:start;}:where(.kb-row-layout-id722_79dedc-03 > .kt-row-column-wrap) > .wp-block-kadence-column{justify-content:start;}.kb-row-layout-id722_79dedc-03 > .kt-row-column-wrap{column-gap:var(--global-kb-gap-md, 2rem);row-gap:var(--global-kb-gap-md, 2rem);padding-top:var(--global-kb-spacing-sm, 1.5rem);padding-right:var(--global-kb-spacing-lg, 3rem);padding-bottom:var(--global-kb-spacing-sm, 1.5rem);padding-left:var(--global-kb-spacing-lg, 3rem);grid-template-columns:minmax(0, 1fr);}.kb-row-layout-id722_79dedc-03 > .kt-row-layout-overlay{opacity:0.30;}@media all and (max-width: 1024px){.kb-row-layout-id722_79dedc-03 > .kt-row-column-wrap{grid-template-columns:minmax(0, 1fr);}}@media all and (max-width: 767px){.kb-row-layout-id722_79dedc-03 > .kt-row-column-wrap{grid-template-columns:minmax(0, 1fr);}}<\/style><section class=\"kb-row-layout-wrap kb-row-layout-id722_79dedc-03 alignnone wp-block-kadence-rowlayout\"><div class=\"kt-row-column-wrap kt-has-1-columns kt-row-layout-equal kt-tab-layout-inherit kt-mobile-layout-row kt-row-valign-top\">\n<style>.kadence-column722_6efddd-fe > .kt-inside-inner-col,.kadence-column722_6efddd-fe > .kt-inside-inner-col:before{border-top-left-radius:0px;border-top-right-radius:0px;border-bottom-right-radius:0px;border-bottom-left-radius:0px;}.kadence-column722_6efddd-fe > .kt-inside-inner-col{column-gap:var(--global-kb-gap-sm, 1rem);}.kadence-column722_6efddd-fe > .kt-inside-inner-col{flex-direction:column;}.kadence-column722_6efddd-fe > .kt-inside-inner-col > .aligncenter{width:100%;}.kadence-column722_6efddd-fe > .kt-inside-inner-col:before{opacity:0.3;}.kadence-column722_6efddd-fe{position:relative;}@media all and (max-width: 1024px){.kadence-column722_6efddd-fe > .kt-inside-inner-col{flex-direction:column;}}@media all and (max-width: 767px){.kadence-column722_6efddd-fe > .kt-inside-inner-col{flex-direction:column;}}<\/style>\n<div class=\"wp-block-kadence-column kadence-column722_6efddd-fe\"><div class=\"kt-inside-inner-col\"><style>.wp-block-kadence-advancedheading.kt-adv-heading722_b4317f-7c, .wp-block-kadence-advancedheading.kt-adv-heading722_b4317f-7c[data-kb-block=\"kb-adv-heading722_b4317f-7c\"]{text-align:center;font-style:normal;}.wp-block-kadence-advancedheading.kt-adv-heading722_b4317f-7c mark.kt-highlight, .wp-block-kadence-advancedheading.kt-adv-heading722_b4317f-7c[data-kb-block=\"kb-adv-heading722_b4317f-7c\"] mark.kt-highlight{font-style:normal;color:#f76a0c;-webkit-box-decoration-break:clone;box-decoration-break:clone;padding-top:0px;padding-right:0px;padding-bottom:0px;padding-left:0px;}<\/style>\n<h3 class=\"kt-adv-heading722_b4317f-7c wp-block-kadence-advancedheading\" data-kb-block=\"kb-adv-heading722_b4317f-7c\"><mark style=\"background-color:rgba(0, 0, 0, 0)\" class=\"has-inline-color has-theme-palette-2-color\">Une passion devenue un lieu de partage<\/mark>&nbsp;<\/h3>\n\n\n\n<p class=\"has-text-align-center\">J\u2019ai voulu cr\u00e9er ce caf\u00e9, <a href=\"https:\/\/formagraph-exercice.fr\/hongdae-station\" title=\"Hongdae Station\">Hongdae Station<\/a>, pour partager mon savoir et ma passion pour la culture cor\u00e9enne. Depuis longtemps, je me suis int\u00e9ress\u00e9e \u00e0 cet univers fascinant, mais je me suis souvent sentie seule dans cette passion. Autour de moi, peu de gens partageaient cet int\u00e9r\u00eat, et il m\u2019\u00e9tait difficile d\u2019\u00e9changer, de d\u00e9couvrir davantage et de vivre pleinement cet amour pour la Cor\u00e9e.<br><br>C\u2019est ainsi qu\u2019est n\u00e9e l\u2019id\u00e9e de ce caf\u00e9 : un lieu o\u00f9 toutes les personnes dans la m\u00eame situation pourraient enfin trouver un espace qui leur est d\u00e9di\u00e9. Un endroit o\u00f9 chacun peut venir \u00e9changer, apprendre et s\u2019immerger dans la culture cor\u00e9enne, que ce soit \u00e0 travers la gastronomie, la musique, le cin\u00e9ma ou encore la langue.<br><br>Mais ce caf\u00e9 ne s\u2019adresse pas seulement aux passionn\u00e9s. Il est aussi pens\u00e9 pour celles et ceux qui ne connaissent pas encore la Cor\u00e9e du Sud ou qui souhaitent d\u00e9construire les clich\u00e9s qui lui sont associ\u00e9s. Mon objectif est d\u2019offrir une vision authentique et immersive, loin des st\u00e9r\u00e9otypes, pour faire d\u00e9couvrir la richesse et la diversit\u00e9 de cette culture.<br><br>Ainsi, en poussant la porte de ce caf\u00e9, chaque visiteur pourra vivre une exp\u00e9rience unique, pleine de saveurs, de d\u00e9couvertes et de partages. Un petit coin de Cor\u00e9e, en plein c\u0153ur de notre ville, pr\u00eat \u00e0 accueillir tous ceux qui, comme moi, veulent voyager sans quitter leur chaise. Bienvenue dans cet espace de passion et de convivialit\u00e9 !<\/p>\n<\/div><\/div>\n\n<\/div><\/section>\n\n<style>.kb-row-layout-id722_7efd3b-17 > .kt-row-column-wrap{align-content:start;}:where(.kb-row-layout-id722_7efd3b-17 > .kt-row-column-wrap) > .wp-block-kadence-column{justify-content:start;}.kb-row-layout-id722_7efd3b-17 > .kt-row-column-wrap{column-gap:var(--global-kb-gap-md, 2rem);row-gap:var(--global-kb-gap-md, 2rem);padding-top:var(--global-kb-spacing-sm, 1.5rem);padding-bottom:var(--global-kb-spacing-sm, 1.5rem);grid-template-columns:minmax(0, calc(45% - ((var(--global-kb-gap-md, 2rem) * 1 )\/2)))minmax(0, calc(55% - ((var(--global-kb-gap-md, 2rem) * 1 )\/2)));}.kb-row-layout-id722_7efd3b-17 > .kt-row-layout-overlay{opacity:0.30;}@media all and (max-width: 1024px){.kb-row-layout-id722_7efd3b-17 > .kt-row-column-wrap{grid-template-columns:repeat(2, minmax(0, 1fr));}}@media all and (max-width: 767px){.kb-row-layout-id722_7efd3b-17 > .kt-row-column-wrap{grid-template-columns:minmax(0, 1fr);}}<\/style><section class=\"kb-row-layout-wrap kb-row-layout-id722_7efd3b-17 alignnone wp-block-kadence-rowlayout\"><div class=\"kt-row-column-wrap kt-has-2-columns kt-row-layout-equal kt-tab-layout-inherit kt-mobile-layout-row kt-row-valign-top\">\n<style>.kadence-column722_bb355c-15 > .kt-inside-inner-col,.kadence-column722_bb355c-15 > .kt-inside-inner-col:before{border-top-left-radius:0px;border-top-right-radius:0px;border-bottom-right-radius:0px;border-bottom-left-radius:0px;}.kadence-column722_bb355c-15 > .kt-inside-inner-col{column-gap:var(--global-kb-gap-sm, 1rem);}.kadence-column722_bb355c-15 > .kt-inside-inner-col{flex-direction:column;}.kadence-column722_bb355c-15 > .kt-inside-inner-col > .aligncenter{width:100%;}.kadence-column722_bb355c-15 > .kt-inside-inner-col:before{opacity:0.3;}.kadence-column722_bb355c-15{position:relative;}@media all and (max-width: 1024px){.kadence-column722_bb355c-15 > .kt-inside-inner-col{flex-direction:column;}}@media all and (max-width: 767px){.kadence-column722_bb355c-15 > .kt-inside-inner-col{flex-direction:column;}}<\/style>\n<div class=\"wp-block-kadence-column kadence-column722_bb355c-15\"><div class=\"kt-inside-inner-col\"><style>.kb-image722_be7796-ad.kb-image-is-ratio-size, .kb-image722_be7796-ad .kb-image-is-ratio-size{max-width:487px;width:100%;}.wp-block-kadence-column > .kt-inside-inner-col > .kb-image722_be7796-ad.kb-image-is-ratio-size, .wp-block-kadence-column > .kt-inside-inner-col > .kb-image722_be7796-ad .kb-image-is-ratio-size{align-self:unset;}.kb-image722_be7796-ad figure{max-width:487px;}.kb-image722_be7796-ad .image-is-svg, .kb-image722_be7796-ad .image-is-svg img{width:100%;}.kb-image722_be7796-ad .kb-image-has-overlay:after{opacity:0.3;}<\/style>\n<div class=\"wp-block-kadence-image kb-image722_be7796-ad\"><figure class=\"aligncenter size-large\"><img decoding=\"async\" src=\"https:\/\/formagraph-exercice.fr\/hongdae-station\/wp-content\/uploads\/2025\/03\/enseigne-1024x731.jpg\" alt=\"\" class=\"kb-img wp-image-997\"\/><\/figure><\/div>\n<\/div><\/div>\n\n\n<style>.kadence-column722_13b6f1-fa > .kt-inside-inner-col{display:flex;}.kadence-column722_13b6f1-fa > .kt-inside-inner-col,.kadence-column722_13b6f1-fa > .kt-inside-inner-col:before{border-top-left-radius:0px;border-top-right-radius:0px;border-bottom-right-radius:0px;border-bottom-left-radius:0px;}.kadence-column722_13b6f1-fa > .kt-inside-inner-col{column-gap:var(--global-kb-gap-sm, 1rem);}.kadence-column722_13b6f1-fa > .kt-inside-inner-col{flex-direction:column;justify-content:center;}.kadence-column722_13b6f1-fa > .kt-inside-inner-col > .aligncenter{width:100%;}.kt-row-column-wrap > .kadence-column722_13b6f1-fa{align-self:center;}.kt-inner-column-height-full:not(.kt-has-1-columns) > .wp-block-kadence-column.kadence-column722_13b6f1-fa{align-self:auto;}.kt-inner-column-height-full:not(.kt-has-1-columns) > .wp-block-kadence-column.kadence-column722_13b6f1-fa > .kt-inside-inner-col{flex-direction:column;justify-content:center;}.kadence-column722_13b6f1-fa > .kt-inside-inner-col:before{opacity:0.3;}.kadence-column722_13b6f1-fa{position:relative;}@media all and (max-width: 1024px){.kt-row-column-wrap > .kadence-column722_13b6f1-fa{align-self:center;}}@media all and (max-width: 1024px){.kt-inner-column-height-full:not(.kt-has-1-columns) > .wp-block-kadence-column.kadence-column722_13b6f1-fa{align-self:auto;}}@media all and (max-width: 1024px){.kt-inner-column-height-full:not(.kt-has-1-columns) > .wp-block-kadence-column.kadence-column722_13b6f1-fa > .kt-inside-inner-col{flex-direction:column;justify-content:center;}}@media all and (max-width: 1024px){.kadence-column722_13b6f1-fa > .kt-inside-inner-col{flex-direction:column;}}@media all and (max-width: 767px){.kt-row-column-wrap > .kadence-column722_13b6f1-fa{align-self:center;}.kt-inner-column-height-full:not(.kt-has-1-columns) > .wp-block-kadence-column.kadence-column722_13b6f1-fa{align-self:auto;}.kt-inner-column-height-full:not(.kt-has-1-columns) > .wp-block-kadence-column.kadence-column722_13b6f1-fa > .kt-inside-inner-col{flex-direction:column;justify-content:center;}.kadence-column722_13b6f1-fa > .kt-inside-inner-col{flex-direction:column;}}<\/style>\n<div class=\"wp-block-kadence-column kadence-column722_13b6f1-fa\"><div class=\"kt-inside-inner-col\"><style>.wp-block-kadence-advancedheading.kt-adv-heading722_bf45b3-78, .wp-block-kadence-advancedheading.kt-adv-heading722_bf45b3-78[data-kb-block=\"kb-adv-heading722_bf45b3-78\"]{text-align:center;font-style:normal;}.wp-block-kadence-advancedheading.kt-adv-heading722_bf45b3-78 mark.kt-highlight, .wp-block-kadence-advancedheading.kt-adv-heading722_bf45b3-78[data-kb-block=\"kb-adv-heading722_bf45b3-78\"] mark.kt-highlight{font-style:normal;color:#f76a0c;-webkit-box-decoration-break:clone;box-decoration-break:clone;padding-top:0px;padding-right:0px;padding-bottom:0px;padding-left:0px;}<\/style>\n<h3 class=\"kt-adv-heading722_bf45b3-78 wp-block-kadence-advancedheading has-theme-palette-2-color has-text-color\" data-kb-block=\"kb-adv-heading722_bf45b3-78\"><strong>Un lieu immersif inspir\u00e9 de Hongdae<\/strong><\/h3>\n\n\n\n<p class=\"has-text-align-center\"><br>&nbsp;Notre caf\u00e9 s\u2019inspire du quartier dynamique de Hongdae \u00e0 S\u00e9oul, r\u00e9put\u00e9 pour son ambiance jeune, artistique et cr\u00e9ative. Ici, chaque \u00e9l\u00e9ment a \u00e9t\u00e9 pens\u00e9 pour offrir une exp\u00e9rience authentique : du d\u00e9cor inspir\u00e9 des ruelles anim\u00e9es de S\u00e9oul aux plats et boissons typiques cor\u00e9ens qui vous feront voyager \u00e0 chaque bouch\u00e9e.<\/p>\n<\/div><\/div>\n\n<\/div><\/section>\n\n<style>.kb-row-layout-id722_eb034b-b5 > .kt-row-column-wrap{align-content:start;}:where(.kb-row-layout-id722_eb034b-b5 > .kt-row-column-wrap) > .wp-block-kadence-column{justify-content:start;}.kb-row-layout-id722_eb034b-b5 > .kt-row-column-wrap{column-gap:var(--global-kb-gap-md, 2rem);row-gap:var(--global-kb-gap-md, 2rem);padding-top:var(--global-kb-spacing-sm, 1.5rem);padding-bottom:var(--global-kb-spacing-sm, 1.5rem);grid-template-columns:repeat(2, minmax(0, 1fr));}.kb-row-layout-id722_eb034b-b5 > .kt-row-layout-overlay{opacity:0.30;}@media all and (max-width: 1024px){.kb-row-layout-id722_eb034b-b5 > .kt-row-column-wrap{grid-template-columns:repeat(2, minmax(0, 1fr));}}@media all and (max-width: 767px){.kb-row-layout-id722_eb034b-b5 > .kt-row-column-wrap{grid-template-columns:minmax(0, 1fr);}}<\/style><section class=\"kb-row-layout-wrap kb-row-layout-id722_eb034b-b5 alignnone wp-block-kadence-rowlayout\"><div class=\"kt-row-column-wrap kt-has-2-columns kt-row-layout-equal kt-tab-layout-inherit kt-mobile-layout-row kt-row-valign-top\">\n<style>.kadence-column722_0ca7eb-7d > .kt-inside-inner-col{padding-top:var(--global-kb-spacing-xs, 1rem);padding-right:var(--global-kb-spacing-lg, 3rem);padding-bottom:var(--global-kb-spacing-xs, 1rem);padding-left:var(--global-kb-spacing-lg, 3rem);}.kadence-column722_0ca7eb-7d > .kt-inside-inner-col,.kadence-column722_0ca7eb-7d > .kt-inside-inner-col:before{border-top-left-radius:0px;border-top-right-radius:0px;border-bottom-right-radius:0px;border-bottom-left-radius:0px;}.kadence-column722_0ca7eb-7d > .kt-inside-inner-col{column-gap:var(--global-kb-gap-sm, 1rem);}.kadence-column722_0ca7eb-7d > .kt-inside-inner-col{flex-direction:column;}.kadence-column722_0ca7eb-7d > .kt-inside-inner-col > .aligncenter{width:100%;}.kadence-column722_0ca7eb-7d > .kt-inside-inner-col:before{opacity:0.3;}.kadence-column722_0ca7eb-7d{position:relative;}@media all and (max-width: 1024px){.kadence-column722_0ca7eb-7d > .kt-inside-inner-col{flex-direction:column;}}@media all and (max-width: 767px){.kadence-column722_0ca7eb-7d > .kt-inside-inner-col{flex-direction:column;}}<\/style>\n<div class=\"wp-block-kadence-column kadence-column722_0ca7eb-7d\"><div class=\"kt-inside-inner-col\"><style>.wp-block-kadence-advancedheading.kt-adv-heading722_5b52af-ca, .wp-block-kadence-advancedheading.kt-adv-heading722_5b52af-ca[data-kb-block=\"kb-adv-heading722_5b52af-ca\"]{text-align:center;font-style:normal;}.wp-block-kadence-advancedheading.kt-adv-heading722_5b52af-ca mark.kt-highlight, .wp-block-kadence-advancedheading.kt-adv-heading722_5b52af-ca[data-kb-block=\"kb-adv-heading722_5b52af-ca\"] mark.kt-highlight{font-style:normal;color:#f76a0c;-webkit-box-decoration-break:clone;box-decoration-break:clone;padding-top:0px;padding-right:0px;padding-bottom:0px;padding-left:0px;}<\/style>\n<h3 class=\"kt-adv-heading722_5b52af-ca wp-block-kadence-advancedheading has-theme-palette-2-color has-text-color\" data-kb-block=\"kb-adv-heading722_5b52af-ca\"><strong>Plus qu\u2019un caf\u00e9, un espace culturel<\/strong>&nbsp;<\/h3>\n\n\n\n<p class=\"has-text-align-center\">Nous ne nous contentons pas de servir du caf\u00e9 et de la street food cor\u00e9enne.<br> Notre ambition est de faire vivre la culture cor\u00e9enne sous toutes ses facettes \u00e0 travers :<br><mark style=\"background-color:rgba(0, 0, 0, 0)\" class=\"has-inline-color has-theme-palette-2-color\">Des ateliers&nbsp;:<\/mark> initiation \u00e0 la langue cor\u00e9enne, cours de cuisine traditionnelle, <br>calligraphie cor\u00e9enne&#8230;<br><mark style=\"background-color:rgba(0, 0, 0, 0)\" class=\"has-inline-color has-theme-palette-2-color\">Des projections et \u00e9v\u00e9nements&nbsp;:<\/mark> films, K-dramas, d\u00e9bats culturels, rencontres <br>entre passionn\u00e9s.<br><mark style=\"background-color:rgba(0, 0, 0, 0)\" class=\"has-inline-color has-theme-palette-2-color\">Un espace d\u2019\u00e9change&nbsp;:<\/mark> un lieu convivial pour discuter K-pop, K-drama, art et gastronomie.<\/p>\n<\/div><\/div>\n\n\n<style>.kadence-column722_d913a6-33 > .kt-inside-inner-col{padding-top:var(--global-kb-spacing-xs, 1rem);padding-right:var(--global-kb-spacing-lg, 3rem);padding-bottom:var(--global-kb-spacing-xs, 1rem);padding-left:var(--global-kb-spacing-lg, 3rem);}.kadence-column722_d913a6-33 > .kt-inside-inner-col,.kadence-column722_d913a6-33 > .kt-inside-inner-col:before{border-top-left-radius:0px;border-top-right-radius:0px;border-bottom-right-radius:0px;border-bottom-left-radius:0px;}.kadence-column722_d913a6-33 > .kt-inside-inner-col{column-gap:var(--global-kb-gap-sm, 1rem);}.kadence-column722_d913a6-33 > .kt-inside-inner-col{flex-direction:column;}.kadence-column722_d913a6-33 > .kt-inside-inner-col > .aligncenter{width:100%;}.kadence-column722_d913a6-33 > .kt-inside-inner-col:before{opacity:0.3;}.kadence-column722_d913a6-33{position:relative;}@media all and (max-width: 1024px){.kadence-column722_d913a6-33 > .kt-inside-inner-col{flex-direction:column;}}@media all and (max-width: 767px){.kadence-column722_d913a6-33 > .kt-inside-inner-col{flex-direction:column;}}<\/style>\n<div class=\"wp-block-kadence-column kadence-column722_d913a6-33\"><div class=\"kt-inside-inner-col\"><style>.wp-block-kadence-advancedheading.kt-adv-heading722_69b54c-f8, .wp-block-kadence-advancedheading.kt-adv-heading722_69b54c-f8[data-kb-block=\"kb-adv-heading722_69b54c-f8\"]{text-align:center;font-style:normal;}.wp-block-kadence-advancedheading.kt-adv-heading722_69b54c-f8 mark.kt-highlight, .wp-block-kadence-advancedheading.kt-adv-heading722_69b54c-f8[data-kb-block=\"kb-adv-heading722_69b54c-f8\"] mark.kt-highlight{font-style:normal;color:#f76a0c;-webkit-box-decoration-break:clone;box-decoration-break:clone;padding-top:0px;padding-right:0px;padding-bottom:0px;padding-left:0px;}<\/style>\n<h3 class=\"kt-adv-heading722_69b54c-f8 wp-block-kadence-advancedheading has-theme-palette-2-color has-text-color\" data-kb-block=\"kb-adv-heading722_69b54c-f8\"><strong>Notre mission<\/strong>&nbsp;<\/h3>\n\n\n\n<p class=\"has-text-align-center\">Nous voulons briser les clich\u00e9s et offrir une vision authentique et accessible de la Cor\u00e9e du Sud. Que vous soyez un passionn\u00e9 de longue date ou un simple curieux, notre caf\u00e9 est un lieu o\u00f9 chacun peut d\u00e9couvrir, apprendre et s\u2019impr\u00e9gner de cette culture fascinante.<\/p>\n<\/div><\/div>\n\n<\/div><\/section>\n\n<style>.kb-row-layout-wrap.wp-block-kadence-rowlayout.kb-row-layout-id722_e524e9-4e{margin-bottom:var(--global-kb-spacing-md, 2rem);}.kb-row-layout-id722_e524e9-4e > .kt-row-column-wrap{align-content:start;}:where(.kb-row-layout-id722_e524e9-4e > .kt-row-column-wrap) > .wp-block-kadence-column{justify-content:start;}.kb-row-layout-id722_e524e9-4e > .kt-row-column-wrap{column-gap:var(--global-kb-gap-md, 2rem);row-gap:var(--global-kb-gap-md, 2rem);padding-top:var(--global-kb-spacing-sm, 1.5rem);padding-right:var(--global-kb-spacing-xxl, 5rem);padding-bottom:var(--global-kb-spacing-sm, 1.5rem);padding-left:var(--global-kb-spacing-xxl, 5rem);grid-template-columns:minmax(0, 1fr);}.kb-row-layout-id722_e524e9-4e > .kt-row-layout-overlay{opacity:0.30;}@media all and (max-width: 1024px){.kb-row-layout-id722_e524e9-4e > .kt-row-column-wrap{grid-template-columns:minmax(0, 1fr);}}@media all and (max-width: 767px){.kb-row-layout-id722_e524e9-4e > .kt-row-column-wrap{grid-template-columns:minmax(0, 1fr);}}<\/style><section class=\"kb-row-layout-wrap kb-row-layout-id722_e524e9-4e alignnone wp-block-kadence-rowlayout\"><div class=\"kt-row-column-wrap kt-has-1-columns kt-row-layout-equal kt-tab-layout-inherit kt-mobile-layout-row kt-row-valign-top\">\n<style>.kadence-column722_0b1738-57 > .kt-inside-inner-col,.kadence-column722_0b1738-57 > .kt-inside-inner-col:before{border-top-left-radius:0px;border-top-right-radius:0px;border-bottom-right-radius:0px;border-bottom-left-radius:0px;}.kadence-column722_0b1738-57 > .kt-inside-inner-col{column-gap:var(--global-kb-gap-sm, 1rem);}.kadence-column722_0b1738-57 > .kt-inside-inner-col{flex-direction:column;}.kadence-column722_0b1738-57 > .kt-inside-inner-col > .aligncenter{width:100%;}.kadence-column722_0b1738-57 > .kt-inside-inner-col:before{opacity:0.3;}.kadence-column722_0b1738-57{position:relative;}@media all and (max-width: 1024px){.kadence-column722_0b1738-57 > .kt-inside-inner-col{flex-direction:column;}}@media all and (max-width: 767px){.kadence-column722_0b1738-57 > .kt-inside-inner-col{flex-direction:column;}}<\/style>\n<div class=\"wp-block-kadence-column kadence-column722_0b1738-57\"><div class=\"kt-inside-inner-col\"><style>.wp-block-kadence-advancedheading.kt-adv-heading722_13f19e-c0, .wp-block-kadence-advancedheading.kt-adv-heading722_13f19e-c0[data-kb-block=\"kb-adv-heading722_13f19e-c0\"]{margin-right:0px;text-align:center;font-style:normal;}.wp-block-kadence-advancedheading.kt-adv-heading722_13f19e-c0 mark.kt-highlight, .wp-block-kadence-advancedheading.kt-adv-heading722_13f19e-c0[data-kb-block=\"kb-adv-heading722_13f19e-c0\"] mark.kt-highlight{font-style:normal;color:#f76a0c;-webkit-box-decoration-break:clone;box-decoration-break:clone;padding-top:0px;padding-right:0px;padding-bottom:0px;padding-left:0px;}<\/style>\n<h3 class=\"kt-adv-heading722_13f19e-c0 wp-block-kadence-advancedheading has-theme-palette-2-color has-text-color\" data-kb-block=\"kb-adv-heading722_13f19e-c0\"><strong>Rejoignez-nous !<\/strong>&nbsp;<\/h3>\n\n\n\n<p class=\"has-text-align-center\">Venez vivre l\u2019exp\u00e9rience cor\u00e9enne au c\u0153ur de notre ville ! Que ce soit pour d\u00e9guster un d\u00e9licieux tteokbokki, perfectionner votre cor\u00e9en ou simplement partager un bon moment, nous vous accueillons avec plaisir. Suivez-nous sur les r\u00e9seaux sociaux pour ne rien manquer de nos \u00e9v\u00e9nements et nouveaut\u00e9s !<\/p>\n<\/div><\/div>\n\n<\/div><\/section>","protected":false},"excerpt":{"rendered":"<p>A propos \/ \ud68c\uc0ac \uc18c\uac1c Une passion devenue un lieu de partage&nbsp; J\u2019ai voulu cr\u00e9er ce caf\u00e9, Hongdae Station, pour partager mon savoir et ma passion pour la culture cor\u00e9enne. Depuis longtemps, je me suis int\u00e9ress\u00e9e \u00e0 cet univers fascinant, mais je me suis souvent sentie seule dans cette passion. Autour de moi, peu de&#8230;<\/p>\n","protected":false},"author":1,"featured_media":0,"parent":0,"menu_order":0,"comment_status":"closed","ping_status":"closed","template":"","meta":{"_kad_post_transparent":"","_kad_post_title":"","_kad_post_layout":"","_kad_post_sidebar_id":"","_kad_post_content_style":"","_kad_post_vertical_padding":"","_kad_post_feature":"","_kad_post_feature_position":"","_kad_post_header":false,"_kad_post_footer":false,"footnotes":""},"class_list":["post-722","page","type-page","status-publish","hentry"],"aioseo_notices":[],"_links":{"self":[{"href":"https:\/\/formagraph-exercice.fr\/hongdae-station\/wp-json\/wp\/v2\/pages\/722","targetHints":{"allow":["GET"]}}],"collection":[{"href":"https:\/\/formagraph-exercice.fr\/hongdae-station\/wp-json\/wp\/v2\/pages"}],"about":[{"href":"https:\/\/formagraph-exercice.fr\/hongdae-station\/wp-json\/wp\/v2\/types\/page"}],"author":[{"embeddable":true,"href":"https:\/\/formagraph-exercice.fr\/hongdae-station\/wp-json\/wp\/v2\/users\/1"}],"replies":[{"embeddable":true,"href":"https:\/\/formagraph-exercice.fr\/hongdae-station\/wp-json\/wp\/v2\/comments?post=722"}],"version-history":[{"count":28,"href":"https:\/\/formagraph-exercice.fr\/hongdae-station\/wp-json\/wp\/v2\/pages\/722\/revisions"}],"predecessor-version":[{"id":1965,"href":"https:\/\/formagraph-exercice.fr\/hongdae-station\/wp-json\/wp\/v2\/pages\/722\/revisions\/1965"}],"wp:attachment":[{"href":"https:\/\/formagraph-exercice.fr\/hongdae-station\/wp-json\/wp\/v2\/media?parent=722"}],"curies":[{"name":"wp","href":"https:\/\/api.w.org\/{rel}","templated":true}]}}