{"id":207,"date":"2025-03-10T14:26:25","date_gmt":"2025-03-10T13:26:25","guid":{"rendered":"http:\/\/hongdae-station.fr\/?page_id=207"},"modified":"2025-07-03T11:10:06","modified_gmt":"2025-07-03T09:10:06","slug":"conditions-generales-de-vente","status":"publish","type":"page","link":"https:\/\/formagraph-exercice.fr\/hongdae-station\/conditions-generales-de-vente\/","title":{"rendered":"Conditions g\u00e9n\u00e9rales de vente"},"content":{"rendered":"<style>.kb-row-layout-id207_5a023c-fb > .kt-row-column-wrap{align-content:start;}:where(.kb-row-layout-id207_5a023c-fb > .kt-row-column-wrap) > .wp-block-kadence-column{justify-content:start;}.kb-row-layout-id207_5a023c-fb > .kt-row-column-wrap{column-gap:var(--global-kb-gap-md, 2rem);row-gap:var(--global-kb-gap-md, 2rem);padding-top:var(--global-kb-spacing-sm, 1.5rem);padding-bottom:var(--global-kb-spacing-sm, 1.5rem);grid-template-columns:minmax(0, 1fr);}.kb-row-layout-id207_5a023c-fb > .kt-row-layout-overlay{opacity:0.30;}@media all and (max-width: 1024px){.kb-row-layout-id207_5a023c-fb > .kt-row-column-wrap{grid-template-columns:minmax(0, 1fr);}}@media all and (max-width: 767px){.kb-row-layout-id207_5a023c-fb > .kt-row-column-wrap{grid-template-columns:minmax(0, 1fr);}}<\/style><section class=\"kb-row-layout-wrap kb-row-layout-id207_5a023c-fb alignfull wp-block-kadence-rowlayout\"><div class=\"kt-row-column-wrap kt-has-1-columns kt-row-layout-equal kt-tab-layout-inherit kt-mobile-layout-row kt-row-valign-top\">\n<style>.kadence-column207_a86ca1-ea > .kt-inside-inner-col,.kadence-column207_a86ca1-ea > .kt-inside-inner-col:before{border-top-left-radius:0px;border-top-right-radius:0px;border-bottom-right-radius:0px;border-bottom-left-radius:0px;}.kadence-column207_a86ca1-ea > .kt-inside-inner-col{column-gap:var(--global-kb-gap-sm, 1rem);}.kadence-column207_a86ca1-ea > .kt-inside-inner-col{flex-direction:column;}.kadence-column207_a86ca1-ea > .kt-inside-inner-col > .aligncenter{width:100%;}.kadence-column207_a86ca1-ea > .kt-inside-inner-col{background-color:var(--global-palette7, #EDF2F7);}.kadence-column207_a86ca1-ea > .kt-inside-inner-col:before{opacity:0.3;}.kadence-column207_a86ca1-ea{position:relative;}@media all and (max-width: 1024px){.kadence-column207_a86ca1-ea > .kt-inside-inner-col{flex-direction:column;}}@media all and (max-width: 767px){.kadence-column207_a86ca1-ea > .kt-inside-inner-col{flex-direction:column;}}<\/style>\n<div class=\"wp-block-kadence-column kadence-column207_a86ca1-ea\"><div class=\"kt-inside-inner-col\"><style>.wp-block-kadence-advancedheading.kt-adv-heading207_901c3a-0e, .wp-block-kadence-advancedheading.kt-adv-heading207_901c3a-0e[data-kb-block=\"kb-adv-heading207_901c3a-0e\"]{padding-top:var(--global-kb-spacing-xs, 1rem);padding-right:var(--global-kb-spacing-xs, 1rem);padding-bottom:var(--global-kb-spacing-xs, 1rem);padding-left:var(--global-kb-spacing-xs, 1rem);text-align:center;font-style:normal;}.wp-block-kadence-advancedheading.kt-adv-heading207_901c3a-0e mark.kt-highlight, .wp-block-kadence-advancedheading.kt-adv-heading207_901c3a-0e[data-kb-block=\"kb-adv-heading207_901c3a-0e\"] mark.kt-highlight{font-style:normal;color:#f76a0c;-webkit-box-decoration-break:clone;box-decoration-break:clone;padding-top:0px;padding-right:0px;padding-bottom:0px;padding-left:0px;}<\/style>\n<h1 class=\"kt-adv-heading207_901c3a-0e wp-block-kadence-advancedheading has-theme-palette-9-color has-text-color\" data-kb-block=\"kb-adv-heading207_901c3a-0e\">Conditions g\u00e9n\u00e9rales de vente \/ <strong>\ud310\ub9e4 \uc57d\uad00<\/strong><\/h1>\n<\/div><\/div>\n\n<\/div><\/section>\n\n<style>.kb-row-layout-wrap.wp-block-kadence-rowlayout.kb-row-layout-id207_a8fd2e-bf{margin-bottom:var(--global-kb-spacing-sm, 1.5rem);}.kb-row-layout-id207_a8fd2e-bf > .kt-row-column-wrap{align-content:start;}:where(.kb-row-layout-id207_a8fd2e-bf > .kt-row-column-wrap) > .wp-block-kadence-column{justify-content:start;}.kb-row-layout-id207_a8fd2e-bf > .kt-row-column-wrap{column-gap:var(--global-kb-gap-md, 2rem);row-gap:var(--global-kb-gap-md, 2rem);padding-top:var(--global-kb-spacing-sm, 1.5rem);padding-bottom:var(--global-kb-spacing-sm, 1.5rem);grid-template-columns:minmax(0, 1fr);}.kb-row-layout-id207_a8fd2e-bf > .kt-row-layout-overlay{opacity:0.30;}@media all and (max-width: 1024px){.kb-row-layout-id207_a8fd2e-bf > .kt-row-column-wrap{grid-template-columns:minmax(0, 1fr);}}@media all and (max-width: 767px){.kb-row-layout-id207_a8fd2e-bf > .kt-row-column-wrap{grid-template-columns:minmax(0, 1fr);}}<\/style><section class=\"kb-row-layout-wrap kb-row-layout-id207_a8fd2e-bf alignnone wp-block-kadence-rowlayout\"><div class=\"kt-row-column-wrap kt-has-1-columns kt-row-layout-equal kt-tab-layout-inherit kt-mobile-layout-row kt-row-valign-top\">\n<style>.kadence-column207_4f4e20-d9 > .kt-inside-inner-col,.kadence-column207_4f4e20-d9 > .kt-inside-inner-col:before{border-top-left-radius:0px;border-top-right-radius:0px;border-bottom-right-radius:0px;border-bottom-left-radius:0px;}.kadence-column207_4f4e20-d9 > .kt-inside-inner-col{column-gap:var(--global-kb-gap-sm, 1rem);}.kadence-column207_4f4e20-d9 > .kt-inside-inner-col{flex-direction:column;}.kadence-column207_4f4e20-d9 > .kt-inside-inner-col > .aligncenter{width:100%;}.kadence-column207_4f4e20-d9 > .kt-inside-inner-col:before{opacity:0.3;}.kadence-column207_4f4e20-d9{position:relative;}@media all and (max-width: 1024px){.kadence-column207_4f4e20-d9 > .kt-inside-inner-col{flex-direction:column;}}@media all and (max-width: 767px){.kadence-column207_4f4e20-d9 > .kt-inside-inner-col{flex-direction:column;}}<\/style>\n<div class=\"wp-block-kadence-column kadence-column207_4f4e20-d9\"><div class=\"kt-inside-inner-col\"><style>.wp-block-kadence-advancedheading.kt-adv-heading207_1b0ca5-5c, .wp-block-kadence-advancedheading.kt-adv-heading207_1b0ca5-5c[data-kb-block=\"kb-adv-heading207_1b0ca5-5c\"]{font-style:normal;}.wp-block-kadence-advancedheading.kt-adv-heading207_1b0ca5-5c mark.kt-highlight, .wp-block-kadence-advancedheading.kt-adv-heading207_1b0ca5-5c[data-kb-block=\"kb-adv-heading207_1b0ca5-5c\"] mark.kt-highlight{font-style:normal;color:#f76a0c;-webkit-box-decoration-break:clone;box-decoration-break:clone;padding-top:0px;padding-right:0px;padding-bottom:0px;padding-left:0px;}<\/style>\n<p class=\"kt-adv-heading207_1b0ca5-5c wp-block-kadence-advancedheading\" data-kb-block=\"kb-adv-heading207_1b0ca5-5c\"><mark style=\"background-color:rgba(0, 0, 0, 0)\" class=\"has-inline-color has-theme-palette-1-color\">Article 1 \u2013 Objet<\/mark><br><mark style=\"background-color:rgba(0, 0, 0, 0)\" class=\"has-inline-color has-theme-palette-1-color\">&nbsp;<\/mark>Les pr\u00e9sentes Conditions G\u00e9n\u00e9rales de Vente (CGV) r\u00e9gissent les relations entre <a href=\"https:\/\/formagraph-exercice.fr\/hongdae-station\" title=\"Hongdae Station\">Hongdae Station<\/a> et toute personne physique ou morale proc\u00e9dant \u00e0 un achat de produits ou services propos\u00e9s par notre \u00e9tablissement, que ce soit sur place ou en ligne.<br><br><mark style=\"background-color:rgba(0, 0, 0, 0)\" class=\"has-inline-color has-theme-palette-1-color\">Article 2 \u2013 Produits et Services<\/mark><br>Notre caf\u00e9 propose \u00e0 la vente des boissons, de la street food cor\u00e9enne ainsi que divers articles d\u00e9riv\u00e9s (textiles, accessoires, etc.). Nous organisons \u00e9galement des \u00e9v\u00e9nements et ateliers culturels.<br><br><mark style=\"background-color:rgba(0, 0, 0, 0)\" class=\"has-inline-color has-theme-palette-1-color\">Article 3 \u2013 Prix<\/mark><br>&nbsp;Les prix sont indiqu\u00e9s en euros (\u20ac) toutes taxes comprises (TTC). Hongdae Station se r\u00e9serve le droit de modifier ses prix \u00e0 tout moment, mais les produits seront factur\u00e9s sur la base des tarifs en vigueur au moment de la commande.<br><br><mark style=\"background-color:rgba(0, 0, 0, 0)\" class=\"has-inline-color has-theme-palette-1-color\">Article 4 \u2013 Commandes<\/mark><br>Les commandes peuvent \u00eatre pass\u00e9es directement sur place ou via notre site internet. Toute commande en ligne ne sera consid\u00e9r\u00e9e comme valid\u00e9e qu\u2019apr\u00e8s r\u00e9ception du paiement int\u00e9gral.<br><br><mark style=\"background-color:rgba(0, 0, 0, 0)\" class=\"has-inline-color has-theme-palette-1-color\">Article 5 \u2013 Paiement<\/mark><br>&nbsp;Les moyens de paiement accept\u00e9s sont :<br>Esp\u00e8ces (uniquement en magasin)<br>Cartes bancaires (Visa, Mastercard, etc.)<br>Paiement en ligne s\u00e9curis\u00e9 via [nom du prestataire de paiement]<br>Autres moyens pr\u00e9cis\u00e9s en magasin<br><br><mark style=\"background-color:rgba(0, 0, 0, 0)\" class=\"has-inline-color has-theme-palette-1-color\">Article 6 \u2013 Livraison et Retrait<\/mark>&nbsp;<br>Pour les produits physiques (textiles, accessoires), les d\u00e9lais de livraison sont de 3 \u00e0 7 jours ouvr\u00e9s selon la destination. Le retrait en magasin est \u00e9galement possible sans frais suppl\u00e9mentaires.<br><br><mark style=\"background-color:rgba(0, 0, 0, 0)\" class=\"has-inline-color has-theme-palette-1-color\">Article 7 \u2013 Droit de r\u00e9tractation<\/mark>&nbsp;<br>Conform\u00e9ment \u00e0 la l\u00e9gislation en vigueur, les clients disposent d\u2019un d\u00e9lai de 14 jours \u00e0 compter de la r\u00e9ception du produit pour exercer leur droit de r\u00e9tractation. Ce droit ne s\u2019applique pas aux produits alimentaires et aux boissons consomm\u00e9es sur place.<br><br><mark style=\"background-color:rgba(0, 0, 0, 0)\" class=\"has-inline-color has-theme-palette-1-color\">Article 8 \u2013 Annulation et Remboursement<\/mark><br>Les ateliers et \u00e9v\u00e9nements peuvent \u00eatre annul\u00e9s jusqu\u2019\u00e0 48 heures avant la date pr\u00e9vue, sous r\u00e9serve de disponibilit\u00e9 d\u2019un remboursement ou d\u2019un report.<br>Aucun remboursement ne sera effectu\u00e9 pour les consommations sur place.<br><br><mark style=\"background-color:rgba(0, 0, 0, 0)\" class=\"has-inline-color has-theme-palette-1-color\">Article 9 \u2013 Responsabilit\u00e9<\/mark><br>Hongdae Station ne saurait \u00eatre tenu responsable des dommages r\u00e9sultant d\u2019une mauvaise utilisation des produits achet\u00e9s. Concernant les \u00e9v\u00e9nements, nous nous r\u00e9servons le droit d\u2019exclure toute personne dont le comportement perturberait le bon d\u00e9roulement des activit\u00e9s.<br><br><mark style=\"background-color:rgba(0, 0, 0, 0)\" class=\"has-inline-color has-theme-palette-1-color\">Article 10 \u2013 Donn\u00e9es personnelles&nbsp;<\/mark><br>Les informations collect\u00e9es lors des achats ou inscriptions aux \u00e9v\u00e9nements sont trait\u00e9es conform\u00e9ment \u00e0 notre politique de confidentialit\u00e9 et ne seront pas partag\u00e9es avec des tiers sans consentement.<br><br><mark style=\"background-color:rgba(0, 0, 0, 0)\" class=\"has-inline-color has-theme-palette-1-color\">Article 11 \u2013 Litiges et Droit applicable&nbsp;<\/mark><br>Les pr\u00e9sentes CGV sont soumises au droit fran\u00e7ais. En cas de litige, une solution amiable sera privil\u00e9gi\u00e9e. \u00c0 d\u00e9faut, les tribunaux comp\u00e9tents seront ceux du si\u00e8ge social d&rsquo;hongdae Station.<br><br><mark style=\"background-color:rgba(0, 0, 0, 0)\" class=\"has-inline-color has-theme-palette-1-color\">Contact<\/mark>&nbsp;<br>Pour toute question, contactez-nous \u00e0 : contact@hongdaestation.fr ou directement en boutique au 17 place de la r\u00e9volution 25000 Besan\u00e7on. <\/p>\n<\/div><\/div>\n\n<\/div><\/section>","protected":false},"excerpt":{"rendered":"<p>Conditions g\u00e9n\u00e9rales de vente \/ \ud310\ub9e4 \uc57d\uad00 Article 1 \u2013 Objet&nbsp;Les pr\u00e9sentes Conditions G\u00e9n\u00e9rales de Vente (CGV) r\u00e9gissent les relations entre Hongdae Station et toute personne physique ou morale proc\u00e9dant \u00e0 un achat de produits ou services propos\u00e9s par notre \u00e9tablissement, que ce soit sur place ou en ligne. Article 2 \u2013 Produits et ServicesNotre&#8230;<\/p>\n","protected":false},"author":1,"featured_media":0,"parent":0,"menu_order":0,"comment_status":"closed","ping_status":"closed","template":"","meta":{"_kad_post_transparent":"","_kad_post_title":"","_kad_post_layout":"","_kad_post_sidebar_id":"","_kad_post_content_style":"","_kad_post_vertical_padding":"","_kad_post_feature":"","_kad_post_feature_position":"","_kad_post_header":false,"_kad_post_footer":false,"footnotes":""},"class_list":["post-207","page","type-page","status-publish","hentry"],"aioseo_notices":[],"_links":{"self":[{"href":"https:\/\/formagraph-exercice.fr\/hongdae-station\/wp-json\/wp\/v2\/pages\/207","targetHints":{"allow":["GET"]}}],"collection":[{"href":"https:\/\/formagraph-exercice.fr\/hongdae-station\/wp-json\/wp\/v2\/pages"}],"about":[{"href":"https:\/\/formagraph-exercice.fr\/hongdae-station\/wp-json\/wp\/v2\/types\/page"}],"author":[{"embeddable":true,"href":"https:\/\/formagraph-exercice.fr\/hongdae-station\/wp-json\/wp\/v2\/users\/1"}],"replies":[{"embeddable":true,"href":"https:\/\/formagraph-exercice.fr\/hongdae-station\/wp-json\/wp\/v2\/comments?post=207"}],"version-history":[{"count":7,"href":"https:\/\/formagraph-exercice.fr\/hongdae-station\/wp-json\/wp\/v2\/pages\/207\/revisions"}],"predecessor-version":[{"id":1966,"href":"https:\/\/formagraph-exercice.fr\/hongdae-station\/wp-json\/wp\/v2\/pages\/207\/revisions\/1966"}],"wp:attachment":[{"href":"https:\/\/formagraph-exercice.fr\/hongdae-station\/wp-json\/wp\/v2\/media?parent=207"}],"curies":[{"name":"wp","href":"https:\/\/api.w.org\/{rel}","templated":true}]}}