{"id":1088,"date":"2025-03-26T10:26:19","date_gmt":"2025-03-26T09:26:19","guid":{"rendered":"http:\/\/hongdae-station.fr\/?page_id=1088"},"modified":"2025-05-20T14:35:07","modified_gmt":"2025-05-20T12:35:07","slug":"les-actus-2","status":"publish","type":"page","link":"https:\/\/formagraph-exercice.fr\/hongdae-station\/les-actus-2\/","title":{"rendered":"Les actus"},"content":{"rendered":"<style>.kb-row-layout-id1088_794efa-67 > .kt-row-column-wrap{align-content:start;}:where(.kb-row-layout-id1088_794efa-67 > .kt-row-column-wrap) > .wp-block-kadence-column{justify-content:start;}.kb-row-layout-id1088_794efa-67 > .kt-row-column-wrap{column-gap:var(--global-kb-gap-md, 2rem);row-gap:var(--global-kb-gap-md, 2rem);padding-top:var(--global-kb-spacing-sm, 1.5rem);padding-bottom:var(--global-kb-spacing-sm, 1.5rem);grid-template-columns:minmax(0, 1fr);}.kb-row-layout-id1088_794efa-67 > .kt-row-layout-overlay{opacity:0.30;}@media all and (max-width: 1024px){.kb-row-layout-id1088_794efa-67 > .kt-row-column-wrap{grid-template-columns:minmax(0, 1fr);}}@media all and (max-width: 767px){.kb-row-layout-id1088_794efa-67 > .kt-row-column-wrap{padding-right:0px;padding-left:0px;grid-template-columns:minmax(0, 1fr);}}<\/style><section class=\"kb-row-layout-wrap kb-row-layout-id1088_794efa-67 alignfull wp-block-kadence-rowlayout\"><div class=\"kt-row-column-wrap kt-has-1-columns kt-row-layout-equal kt-tab-layout-inherit kt-mobile-layout-row kt-row-valign-top\">\n<style>.kadence-column1088_dee075-0e > .kt-inside-inner-col,.kadence-column1088_dee075-0e > .kt-inside-inner-col:before{border-top-left-radius:0px;border-top-right-radius:0px;border-bottom-right-radius:0px;border-bottom-left-radius:0px;}.kadence-column1088_dee075-0e > .kt-inside-inner-col{column-gap:var(--global-kb-gap-sm, 1rem);}.kadence-column1088_dee075-0e > .kt-inside-inner-col{flex-direction:column;}.kadence-column1088_dee075-0e > .kt-inside-inner-col > .aligncenter{width:100%;}.kadence-column1088_dee075-0e > .kt-inside-inner-col:before{opacity:0.3;}.kadence-column1088_dee075-0e{position:relative;}@media all and (max-width: 1024px){.kadence-column1088_dee075-0e > .kt-inside-inner-col{flex-direction:column;}}@media all and (max-width: 767px){.kadence-column1088_dee075-0e > .kt-inside-inner-col{padding-right:0px;padding-left:0px;flex-direction:column;}.kadence-column1088_dee075-0e, .kt-inside-inner-col > .kadence-column1088_dee075-0e:not(.specificity){margin-right:0px;}}<\/style>\n<div class=\"wp-block-kadence-column kadence-column1088_dee075-0e\"><div class=\"kt-inside-inner-col\"><style>.wp-block-kadence-advancedheading.kt-adv-heading1088_9ac5e2-f3, .wp-block-kadence-advancedheading.kt-adv-heading1088_9ac5e2-f3[data-kb-block=\"kb-adv-heading1088_9ac5e2-f3\"]{padding-top:var(--global-kb-spacing-xs, 1rem);padding-right:var(--global-kb-spacing-xs, 1rem);padding-bottom:var(--global-kb-spacing-xs, 1rem);padding-left:var(--global-kb-spacing-xs, 1rem);text-align:center;font-style:normal;}.wp-block-kadence-advancedheading.kt-adv-heading1088_9ac5e2-f3 mark.kt-highlight, .wp-block-kadence-advancedheading.kt-adv-heading1088_9ac5e2-f3[data-kb-block=\"kb-adv-heading1088_9ac5e2-f3\"] mark.kt-highlight{font-style:normal;color:#f76a0c;-webkit-box-decoration-break:clone;box-decoration-break:clone;padding-top:0px;padding-right:0px;padding-bottom:0px;padding-left:0px;}@media all and (max-width: 767px){.wp-block-kadence-advancedheading.kt-adv-heading1088_9ac5e2-f3, .wp-block-kadence-advancedheading.kt-adv-heading1088_9ac5e2-f3[data-kb-block=\"kb-adv-heading1088_9ac5e2-f3\"]{padding-right:var(--global-kb-spacing-sm, 1.5rem);padding-left:var(--global-kb-spacing-sm, 1.5rem);}}<\/style>\n<h1 class=\"kt-adv-heading1088_9ac5e2-f3 wp-block-kadence-advancedheading has-theme-palette-9-color has-text-color has-theme-palette-2-background-color has-background\" data-kb-block=\"kb-adv-heading1088_9ac5e2-f3\">LES ACTUS \/ <strong>\ub274\uc2a4<\/strong><\/h1>\n<\/div><\/div>\n\n<\/div><\/section>\n\n<style>.kb-row-layout-id1088_eb234a-71 > .kt-row-column-wrap{align-content:start;}:where(.kb-row-layout-id1088_eb234a-71 > .kt-row-column-wrap) > .wp-block-kadence-column{justify-content:start;}.kb-row-layout-id1088_eb234a-71 > .kt-row-column-wrap{column-gap:var(--global-kb-gap-md, 2rem);row-gap:var(--global-kb-gap-md, 2rem);padding-top:var(--global-kb-spacing-sm, 1.5rem);padding-bottom:var(--global-kb-spacing-sm, 1.5rem);grid-template-columns:minmax(0, 1fr);}.kb-row-layout-id1088_eb234a-71 > .kt-row-layout-overlay{opacity:0.30;}@media all and (max-width: 1024px){.kb-row-layout-id1088_eb234a-71 > .kt-row-column-wrap{grid-template-columns:minmax(0, 1fr);}}@media all and (max-width: 767px){.kb-row-layout-id1088_eb234a-71 > .kt-row-column-wrap{grid-template-columns:minmax(0, 1fr);}}<\/style><section class=\"kb-row-layout-wrap kb-row-layout-id1088_eb234a-71 alignnone wp-block-kadence-rowlayout\"><div class=\"kt-row-column-wrap kt-has-1-columns kt-row-layout-equal kt-tab-layout-inherit kt-mobile-layout-row kt-row-valign-top\">\n<style>.kadence-column1088_ba8ff4-e1 > .kt-inside-inner-col,.kadence-column1088_ba8ff4-e1 > .kt-inside-inner-col:before{border-top-left-radius:0px;border-top-right-radius:0px;border-bottom-right-radius:0px;border-bottom-left-radius:0px;}.kadence-column1088_ba8ff4-e1 > .kt-inside-inner-col{column-gap:var(--global-kb-gap-sm, 1rem);}.kadence-column1088_ba8ff4-e1 > .kt-inside-inner-col{flex-direction:column;}.kadence-column1088_ba8ff4-e1 > .kt-inside-inner-col > .aligncenter{width:100%;}.kadence-column1088_ba8ff4-e1 > .kt-inside-inner-col:before{opacity:0.3;}.kadence-column1088_ba8ff4-e1{position:relative;}@media all and (max-width: 1024px){.kadence-column1088_ba8ff4-e1 > .kt-inside-inner-col{flex-direction:column;}}@media all and (max-width: 767px){.kadence-column1088_ba8ff4-e1 > .kt-inside-inner-col{padding-right:var(--global-kb-spacing-xs, 1rem);padding-left:var(--global-kb-spacing-xs, 1rem);flex-direction:column;}}<\/style>\n<div class=\"wp-block-kadence-column kadence-column1088_ba8ff4-e1\"><div class=\"kt-inside-inner-col\"><style>.wp-block-kadence-advancedheading.kt-adv-heading1088_f00445-05, .wp-block-kadence-advancedheading.kt-adv-heading1088_f00445-05[data-kb-block=\"kb-adv-heading1088_f00445-05\"]{text-align:center;font-size:var(--global-kb-font-size-md, 1.25rem);font-style:normal;}.wp-block-kadence-advancedheading.kt-adv-heading1088_f00445-05 mark.kt-highlight, .wp-block-kadence-advancedheading.kt-adv-heading1088_f00445-05[data-kb-block=\"kb-adv-heading1088_f00445-05\"] mark.kt-highlight{font-style:normal;color:#f76a0c;-webkit-box-decoration-break:clone;box-decoration-break:clone;padding-top:0px;padding-right:0px;padding-bottom:0px;padding-left:0px;}<\/style>\n<h3 class=\"kt-adv-heading1088_f00445-05 wp-block-kadence-advancedheading\" data-kb-block=\"kb-adv-heading1088_f00445-05\">Toutes les actualit\u00e9s de Hongdae Station en un clic !<\/h3>\n\n\n\n<p class=\"has-text-align-center\">Retrouvez ici toutes les nouveaut\u00e9s de&nbsp;<a href=\"https:\/\/formagraph-exercice.fr\/hongdae-station\" title=\"Hongdae Station&nbsp;\">Hongdae Station&nbsp;<\/a>: \u00e9v\u00e9nements \u00e0 venir, ateliers, projections et surprises exclusives. Plongez au c\u0153ur de la culture cor\u00e9enne avec nos derni\u00e8res annonces et ne manquez rien de la vie de votre caf\u00e9 inspir\u00e9 de S\u00e9oul !<br>Suivez nos mises \u00e0 jour et restez inform\u00e9s des moments forts \u00e0 partager ensemble.<\/p>\n<\/div><\/div>\n\n<\/div><\/section>\n\n<style>.kb-row-layout-id1088_0ea96e-9e > .kt-row-column-wrap{align-content:start;}:where(.kb-row-layout-id1088_0ea96e-9e > .kt-row-column-wrap) > .wp-block-kadence-column{justify-content:start;}.kb-row-layout-id1088_0ea96e-9e > .kt-row-column-wrap{column-gap:var(--global-kb-gap-md, 2rem);row-gap:var(--global-kb-gap-md, 2rem);padding-top:var(--global-kb-spacing-sm, 1.5rem);padding-bottom:var(--global-kb-spacing-sm, 1.5rem);grid-template-columns:minmax(0, 1fr);}.kb-row-layout-id1088_0ea96e-9e > .kt-row-layout-overlay{opacity:0.30;}@media all and (max-width: 1024px){.kb-row-layout-id1088_0ea96e-9e > .kt-row-column-wrap{grid-template-columns:minmax(0, 1fr);}}@media all and (max-width: 767px){.kb-row-layout-id1088_0ea96e-9e > .kt-row-column-wrap{grid-template-columns:minmax(0, 1fr);}}<\/style><section class=\"kb-row-layout-wrap kb-row-layout-id1088_0ea96e-9e alignnone wp-block-kadence-rowlayout\"><div class=\"kt-row-column-wrap kt-has-1-columns kt-row-layout-equal kt-tab-layout-inherit kt-mobile-layout-row kt-row-valign-top\">\n<style>.kadence-column1088_30a91d-4b > .kt-inside-inner-col,.kadence-column1088_30a91d-4b > .kt-inside-inner-col:before{border-top-left-radius:0px;border-top-right-radius:0px;border-bottom-right-radius:0px;border-bottom-left-radius:0px;}.kadence-column1088_30a91d-4b > .kt-inside-inner-col{column-gap:var(--global-kb-gap-sm, 1rem);}.kadence-column1088_30a91d-4b > .kt-inside-inner-col{flex-direction:column;}.kadence-column1088_30a91d-4b > .kt-inside-inner-col > .aligncenter{width:100%;}.kadence-column1088_30a91d-4b > .kt-inside-inner-col:before{opacity:0.3;}.kadence-column1088_30a91d-4b{position:relative;}@media all and (max-width: 1024px){.kadence-column1088_30a91d-4b > .kt-inside-inner-col{flex-direction:column;}}@media all and (max-width: 767px){.kadence-column1088_30a91d-4b > .kt-inside-inner-col{flex-direction:column;}}<\/style>\n<div class=\"wp-block-kadence-column kadence-column1088_30a91d-4b\"><div class=\"kt-inside-inner-col\"><div class=\"wp-block-kadence-posts kb-posts kb-posts-id-1088_f39170-83 content-wrap grid-cols kb-posts-style-boxed grid-sm-col-2 grid-lg-col-3 item-image-style-above\"><article class=\"entry content-bg loop-entry post-895 post type-post status-publish format-standard has-post-thumbnail hentry category-uncategorized\">\n\t\t\t<a class=\"post-thumbnail kadence-thumbnail-ratio-2-3\" href=\"https:\/\/formagraph-exercice.fr\/hongdae-station\/cuisiner-ses-propres-ttoekbokki\/\">\n\t\t\t<div class=\"post-thumbnail-inner\">\n\t\t\t\t<img loading=\"lazy\" decoding=\"async\" width=\"768\" height=\"512\" src=\"https:\/\/formagraph-exercice.fr\/hongdae-station\/wp-content\/uploads\/2025\/03\/cheesy-tokbokki-korean-traditional-food-black-board-background-lunch-dish-2-scaled-768x512.jpg\" class=\"attachment-medium_large size-medium_large wp-post-image\" alt=\"Plat cor\u00e9en, le tteokbokki et des accompagnements, le tout sur un fond gris.\" srcset=\"https:\/\/formagraph-exercice.fr\/hongdae-station\/wp-content\/uploads\/2025\/03\/cheesy-tokbokki-korean-traditional-food-black-board-background-lunch-dish-2-scaled-768x512.jpg 768w, https:\/\/formagraph-exercice.fr\/hongdae-station\/wp-content\/uploads\/2025\/03\/cheesy-tokbokki-korean-traditional-food-black-board-background-lunch-dish-2-scaled-600x400.jpg 600w, https:\/\/formagraph-exercice.fr\/hongdae-station\/wp-content\/uploads\/2025\/03\/cheesy-tokbokki-korean-traditional-food-black-board-background-lunch-dish-2-scaled-300x200.jpg 300w, https:\/\/formagraph-exercice.fr\/hongdae-station\/wp-content\/uploads\/2025\/03\/cheesy-tokbokki-korean-traditional-food-black-board-background-lunch-dish-2-scaled-1024x683.jpg 1024w, https:\/\/formagraph-exercice.fr\/hongdae-station\/wp-content\/uploads\/2025\/03\/cheesy-tokbokki-korean-traditional-food-black-board-background-lunch-dish-2-scaled-1536x1024.jpg 1536w, https:\/\/formagraph-exercice.fr\/hongdae-station\/wp-content\/uploads\/2025\/03\/cheesy-tokbokki-korean-traditional-food-black-board-background-lunch-dish-2-scaled-2048x1366.jpg 2048w\" sizes=\"auto, (max-width: 768px) 100vw, 768px\" \/>\t\t\t<\/div>\n\t\t<\/a><!-- .post-thumbnail -->\n\t\t\t<div class=\"entry-content-wrap\">\n\t\t<header class=\"entry-header\">\n\t\t<div class=\"entry-taxonomies\">\n\t\t<span class=\"category-links term-links category-style-normal\">\n\t\t\t<a href=\"https:\/\/formagraph-exercice.fr\/hongdae-station\/category\/uncategorized\/\" class=\"category-link-uncategorized\" rel=\"tag\">Non class\u00e9<\/a>\t\t<\/span>\n\t<\/div><!-- .entry-taxonomies -->\n\t<h2 class=\"entry-title\"><a href=\"https:\/\/formagraph-exercice.fr\/hongdae-station\/cuisiner-ses-propres-ttoekbokki\/\" rel=\"bookmark\">Cuisiner ses propres ttoekbokki<\/a><\/h2>\t<div class=\"entry-meta entry-meta-divider-dot\">\n\t<span class=\"posted-by\"><span class=\"meta-label\">Par<\/span><span class=\"author vcard\"><span class=\"fn n\">admin<\/span><\/span><\/span>\t\t\t<span class=\"posted-on\">\n\t\t\t\t<time class=\"entry-date published\" datetime=\"2025-03-20T13:58:47+01:00\">20\/03\/2025<\/time><time class=\"updated\" datetime=\"2025-03-26T10:22:54+01:00\">26\/03\/2025<\/time>\t\t\t<\/span>\n\t\t\t\t<\/div><!-- .entry-meta -->\n\t<\/header><!-- .entry-header -->\n\t<div class=\"entry-summary\">\n\t\t<p>Les tteokbokki (\uc81c\uc790 \ub3c4\ubc15\uae30) sont l\u2019un des plats de street food les plus embl\u00e9matiques de Cor\u00e9e du Sud. Ces d\u00e9licieux g\u00e2teaux de riz \u00e9pic\u00e9s, baign\u00e9s dans une sauce savoureuse \u00e0 base de gochujang (p\u00e2te de piment cor\u00e9enne), sont parfaits pour une exp\u00e9rience culinaire authentique \u00e0&#8230;<\/p>\n\t<\/div><!-- .entry-summary -->\n\t<footer class=\"entry-footer\">\n\t\t\t<div class=\"entry-actions\">\n\t\t\t<p class=\"more-link-wrap\">\n\t\t\t\t<a href=\"https:\/\/formagraph-exercice.fr\/hongdae-station\/cuisiner-ses-propres-ttoekbokki\/\" class=\"post-more-link\">\n\t\t\t\t\tLire la suite<span class=\"screen-reader-text\"> Cuisiner ses propres ttoekbokki<\/span><span class=\"kadence-svg-iconset svg-baseline\"><svg aria-hidden=\"true\" class=\"kadence-svg-icon kadence-arrow-right-alt-svg\" fill=\"currentColor\" version=\"1.1\" xmlns=\"http:\/\/www.w3.org\/2000\/svg\" width=\"27\" height=\"28\" viewBox=\"0 0 27 28\"><title>Continuer<\/title><path d=\"M27 13.953c0 0.141-0.063 0.281-0.156 0.375l-6 5.531c-0.156 0.141-0.359 0.172-0.547 0.094-0.172-0.078-0.297-0.25-0.297-0.453v-3.5h-19.5c-0.281 0-0.5-0.219-0.5-0.5v-3c0-0.281 0.219-0.5 0.5-0.5h19.5v-3.5c0-0.203 0.109-0.375 0.297-0.453s0.391-0.047 0.547 0.078l6 5.469c0.094 0.094 0.156 0.219 0.156 0.359v0z\"><\/path>\n\t\t\t<\/svg><\/span>\t\t\t\t<\/a>\n\t\t\t<\/p>\n\t\t<\/div><!-- .entry-actions -->\n\t\t<\/footer><!-- .entry-footer -->\t<\/div>\n<\/article>\n<article class=\"entry content-bg loop-entry post-539 post type-post status-publish format-standard has-post-thumbnail hentry category-culture\">\n\t\t\t<a class=\"post-thumbnail kadence-thumbnail-ratio-2-3\" href=\"https:\/\/formagraph-exercice.fr\/hongdae-station\/voir-les-sakuras-en-fleur\/\">\n\t\t\t<div class=\"post-thumbnail-inner\">\n\t\t\t\t<img loading=\"lazy\" decoding=\"async\" width=\"768\" height=\"511\" src=\"https:\/\/formagraph-exercice.fr\/hongdae-station\/wp-content\/uploads\/2025\/03\/gyeongbokgung-palace-with-cherry-blossom-spring-korea-scaled-768x511.jpg\" class=\"attachment-medium_large size-medium_large wp-post-image\" alt=\"Le palais Gyeongbokgung avec un lac autour et des fleur de cerisier en premier plan\" srcset=\"https:\/\/formagraph-exercice.fr\/hongdae-station\/wp-content\/uploads\/2025\/03\/gyeongbokgung-palace-with-cherry-blossom-spring-korea-scaled-768x511.jpg 768w, https:\/\/formagraph-exercice.fr\/hongdae-station\/wp-content\/uploads\/2025\/03\/gyeongbokgung-palace-with-cherry-blossom-spring-korea-scaled-600x399.jpg 600w, https:\/\/formagraph-exercice.fr\/hongdae-station\/wp-content\/uploads\/2025\/03\/gyeongbokgung-palace-with-cherry-blossom-spring-korea-scaled-300x200.jpg 300w, https:\/\/formagraph-exercice.fr\/hongdae-station\/wp-content\/uploads\/2025\/03\/gyeongbokgung-palace-with-cherry-blossom-spring-korea-scaled-1024x682.jpg 1024w, https:\/\/formagraph-exercice.fr\/hongdae-station\/wp-content\/uploads\/2025\/03\/gyeongbokgung-palace-with-cherry-blossom-spring-korea-scaled-1536x1022.jpg 1536w, https:\/\/formagraph-exercice.fr\/hongdae-station\/wp-content\/uploads\/2025\/03\/gyeongbokgung-palace-with-cherry-blossom-spring-korea-scaled-2048x1363.jpg 2048w\" sizes=\"auto, (max-width: 768px) 100vw, 768px\" \/>\t\t\t<\/div>\n\t\t<\/a><!-- .post-thumbnail -->\n\t\t\t<div class=\"entry-content-wrap\">\n\t\t<header class=\"entry-header\">\n\t\t<div class=\"entry-taxonomies\">\n\t\t<span class=\"category-links term-links category-style-normal\">\n\t\t\t<a href=\"https:\/\/formagraph-exercice.fr\/hongdae-station\/category\/culture\/\" class=\"category-link-culture\" rel=\"tag\">Culture<\/a>\t\t<\/span>\n\t<\/div><!-- .entry-taxonomies -->\n\t<h2 class=\"entry-title\"><a href=\"https:\/\/formagraph-exercice.fr\/hongdae-station\/voir-les-sakuras-en-fleur\/\" rel=\"bookmark\">Voir les sakuras en fleur<\/a><\/h2>\t<div class=\"entry-meta entry-meta-divider-dot\">\n\t<span class=\"posted-by\"><span class=\"meta-label\">Par<\/span><span class=\"author vcard\"><span class=\"fn n\">admin<\/span><\/span><\/span>\t\t\t<span class=\"posted-on\">\n\t\t\t\t<time class=\"entry-date published\" datetime=\"2025-03-12T11:46:50+01:00\">12\/03\/2025<\/time><time class=\"updated\" datetime=\"2025-03-12T11:48:40+01:00\">12\/03\/2025<\/time>\t\t\t<\/span>\n\t\t\t\t<\/div><!-- .entry-meta -->\n\t<\/header><!-- .entry-header -->\n\t<div class=\"entry-summary\">\n\t\t<p>Chaque printemps, la Cor\u00e9e se pare de rose avec la floraison des cerisiers. S\u00e9oul, Busan, l\u2019\u00eele de Jeju\u2026 les meilleurs spots vous attendent pour un hanami magique ! Pr\u00e9parez votre voyage et vivez ce spectacle inoubliable.<\/p>\n\t<\/div><!-- .entry-summary -->\n\t<footer class=\"entry-footer\">\n\t\t\t<div class=\"entry-actions\">\n\t\t\t<p class=\"more-link-wrap\">\n\t\t\t\t<a href=\"https:\/\/formagraph-exercice.fr\/hongdae-station\/voir-les-sakuras-en-fleur\/\" class=\"post-more-link\">\n\t\t\t\t\tLire la suite<span class=\"screen-reader-text\"> Voir les sakuras en fleur<\/span><span class=\"kadence-svg-iconset svg-baseline\"><svg aria-hidden=\"true\" class=\"kadence-svg-icon kadence-arrow-right-alt-svg\" fill=\"currentColor\" version=\"1.1\" xmlns=\"http:\/\/www.w3.org\/2000\/svg\" width=\"27\" height=\"28\" viewBox=\"0 0 27 28\"><title>Continuer<\/title><path d=\"M27 13.953c0 0.141-0.063 0.281-0.156 0.375l-6 5.531c-0.156 0.141-0.359 0.172-0.547 0.094-0.172-0.078-0.297-0.25-0.297-0.453v-3.5h-19.5c-0.281 0-0.5-0.219-0.5-0.5v-3c0-0.281 0.219-0.5 0.5-0.5h19.5v-3.5c0-0.203 0.109-0.375 0.297-0.453s0.391-0.047 0.547 0.078l6 5.469c0.094 0.094 0.156 0.219 0.156 0.359v0z\"><\/path>\n\t\t\t<\/svg><\/span>\t\t\t\t<\/a>\n\t\t\t<\/p>\n\t\t<\/div><!-- .entry-actions -->\n\t\t<\/footer><!-- .entry-footer -->\t<\/div>\n<\/article>\n<article class=\"entry content-bg loop-entry post-437 post type-post status-publish format-standard has-post-thumbnail hentry category-culture\">\n\t\t\t<a class=\"post-thumbnail kadence-thumbnail-ratio-2-3\" href=\"https:\/\/formagraph-exercice.fr\/hongdae-station\/fetes-en-coree\/\">\n\t\t\t<div class=\"post-thumbnail-inner\">\n\t\t\t\t<img loading=\"lazy\" decoding=\"async\" width=\"640\" height=\"480\" src=\"https:\/\/formagraph-exercice.fr\/hongdae-station\/wp-content\/uploads\/2025\/03\/ancestral-rites-4184878_640.jpg\" class=\"attachment-medium_large size-medium_large wp-post-image\" alt=\"Table avec pleins d&#039;aliments et un paravent avec de la calligraphie cor\u00e9enne juste derri\u00e8re\" srcset=\"https:\/\/formagraph-exercice.fr\/hongdae-station\/wp-content\/uploads\/2025\/03\/ancestral-rites-4184878_640.jpg 640w, https:\/\/formagraph-exercice.fr\/hongdae-station\/wp-content\/uploads\/2025\/03\/ancestral-rites-4184878_640-300x225.jpg 300w, https:\/\/formagraph-exercice.fr\/hongdae-station\/wp-content\/uploads\/2025\/03\/ancestral-rites-4184878_640-600x450.jpg 600w, https:\/\/formagraph-exercice.fr\/hongdae-station\/wp-content\/uploads\/2025\/03\/ancestral-rites-4184878_640-64x48.jpg 64w\" sizes=\"auto, (max-width: 640px) 100vw, 640px\" \/>\t\t\t<\/div>\n\t\t<\/a><!-- .post-thumbnail -->\n\t\t\t<div class=\"entry-content-wrap\">\n\t\t<header class=\"entry-header\">\n\t\t<div class=\"entry-taxonomies\">\n\t\t<span class=\"category-links term-links category-style-normal\">\n\t\t\t<a href=\"https:\/\/formagraph-exercice.fr\/hongdae-station\/category\/culture\/\" class=\"category-link-culture\" rel=\"tag\">Culture<\/a>\t\t<\/span>\n\t<\/div><!-- .entry-taxonomies -->\n\t<h2 class=\"entry-title\"><a href=\"https:\/\/formagraph-exercice.fr\/hongdae-station\/fetes-en-coree\/\" rel=\"bookmark\">Seollal et Chuseok, c&rsquo;est quoi ?<\/a><\/h2>\t<div class=\"entry-meta entry-meta-divider-dot\">\n\t<span class=\"posted-by\"><span class=\"meta-label\">Par<\/span><span class=\"author vcard\"><span class=\"fn n\">admin<\/span><\/span><\/span>\t\t\t<span class=\"posted-on\">\n\t\t\t\t<time class=\"entry-date published\" datetime=\"2025-03-11T15:28:14+01:00\">11\/03\/2025<\/time><time class=\"updated\" datetime=\"2025-04-24T11:48:30+02:00\">24\/04\/2025<\/time>\t\t\t<\/span>\n\t\t\t\t<\/div><!-- .entry-meta -->\n\t<\/header><!-- .entry-header -->\n\t<div class=\"entry-summary\">\n\t\t<p>La Cor\u00e9e regorge de festivit\u00e9s riches en traditions, en saveurs et en moments de partage. Entre rituels ancestraux, plats typiques et ambiance chaleureuse, chaque f\u00eate est une immersion unique dans la culture cor\u00e9enne ! En Cor\u00e9e du Sud, Seollal (\uc124\ub0a0) et Chuseok (\ucd94\uc11d) sont deux&#8230;<\/p>\n\t<\/div><!-- .entry-summary -->\n\t<footer class=\"entry-footer\">\n\t\t\t<div class=\"entry-actions\">\n\t\t\t<p class=\"more-link-wrap\">\n\t\t\t\t<a href=\"https:\/\/formagraph-exercice.fr\/hongdae-station\/fetes-en-coree\/\" class=\"post-more-link\">\n\t\t\t\t\tLire la suite<span class=\"screen-reader-text\"> Seollal et Chuseok, c&rsquo;est quoi ?<\/span><span class=\"kadence-svg-iconset svg-baseline\"><svg aria-hidden=\"true\" class=\"kadence-svg-icon kadence-arrow-right-alt-svg\" fill=\"currentColor\" version=\"1.1\" xmlns=\"http:\/\/www.w3.org\/2000\/svg\" width=\"27\" height=\"28\" viewBox=\"0 0 27 28\"><title>Continuer<\/title><path d=\"M27 13.953c0 0.141-0.063 0.281-0.156 0.375l-6 5.531c-0.156 0.141-0.359 0.172-0.547 0.094-0.172-0.078-0.297-0.25-0.297-0.453v-3.5h-19.5c-0.281 0-0.5-0.219-0.5-0.5v-3c0-0.281 0.219-0.5 0.5-0.5h19.5v-3.5c0-0.203 0.109-0.375 0.297-0.453s0.391-0.047 0.547 0.078l6 5.469c0.094 0.094 0.156 0.219 0.156 0.359v0z\"><\/path>\n\t\t\t<\/svg><\/span>\t\t\t\t<\/a>\n\t\t\t<\/p>\n\t\t<\/div><!-- .entry-actions -->\n\t\t<\/footer><!-- .entry-footer -->\t<\/div>\n<\/article>\n<\/div><\/div><\/div>\n\n<\/div><\/section>","protected":false},"excerpt":{"rendered":"<p>LES ACTUS \/ \ub274\uc2a4 Toutes les actualit\u00e9s de Hongdae Station en un clic ! Retrouvez ici toutes les nouveaut\u00e9s de&nbsp;Hongdae Station&nbsp;: \u00e9v\u00e9nements \u00e0 venir, ateliers, projections et surprises exclusives. Plongez au c\u0153ur de la culture cor\u00e9enne avec nos derni\u00e8res annonces et ne manquez rien de la vie de votre caf\u00e9 inspir\u00e9 de S\u00e9oul !Suivez nos&#8230;<\/p>\n","protected":false},"author":1,"featured_media":0,"parent":0,"menu_order":0,"comment_status":"closed","ping_status":"closed","template":"","meta":{"_kad_post_transparent":"","_kad_post_title":"","_kad_post_layout":"","_kad_post_sidebar_id":"","_kad_post_content_style":"","_kad_post_vertical_padding":"","_kad_post_feature":"","_kad_post_feature_position":"","_kad_post_header":false,"_kad_post_footer":false,"footnotes":""},"class_list":["post-1088","page","type-page","status-publish","hentry"],"aioseo_notices":[],"_links":{"self":[{"href":"https:\/\/formagraph-exercice.fr\/hongdae-station\/wp-json\/wp\/v2\/pages\/1088","targetHints":{"allow":["GET"]}}],"collection":[{"href":"https:\/\/formagraph-exercice.fr\/hongdae-station\/wp-json\/wp\/v2\/pages"}],"about":[{"href":"https:\/\/formagraph-exercice.fr\/hongdae-station\/wp-json\/wp\/v2\/types\/page"}],"author":[{"embeddable":true,"href":"https:\/\/formagraph-exercice.fr\/hongdae-station\/wp-json\/wp\/v2\/users\/1"}],"replies":[{"embeddable":true,"href":"https:\/\/formagraph-exercice.fr\/hongdae-station\/wp-json\/wp\/v2\/comments?post=1088"}],"version-history":[{"count":6,"href":"https:\/\/formagraph-exercice.fr\/hongdae-station\/wp-json\/wp\/v2\/pages\/1088\/revisions"}],"predecessor-version":[{"id":1756,"href":"https:\/\/formagraph-exercice.fr\/hongdae-station\/wp-json\/wp\/v2\/pages\/1088\/revisions\/1756"}],"wp:attachment":[{"href":"https:\/\/formagraph-exercice.fr\/hongdae-station\/wp-json\/wp\/v2\/media?parent=1088"}],"curies":[{"name":"wp","href":"https:\/\/api.w.org\/{rel}","templated":true}]}}