{"id":10,"date":"2025-03-07T13:25:36","date_gmt":"2025-03-07T12:25:36","guid":{"rendered":"http:\/\/hongdae-station.fr\/?page_id=10"},"modified":"2025-07-03T11:16:52","modified_gmt":"2025-07-03T09:16:52","slug":"notre-menu","status":"publish","type":"page","link":"https:\/\/formagraph-exercice.fr\/hongdae-station\/notre-menu\/","title":{"rendered":"Notre menu"},"content":{"rendered":"<style>.kb-row-layout-id10_6b8275-46 > .kt-row-column-wrap{align-content:start;}:where(.kb-row-layout-id10_6b8275-46 > .kt-row-column-wrap) > .wp-block-kadence-column{justify-content:start;}.kb-row-layout-id10_6b8275-46 > .kt-row-column-wrap{column-gap:var(--global-kb-gap-md, 2rem);row-gap:var(--global-kb-gap-md, 2rem);padding-top:0px;padding-bottom:var(--global-kb-spacing-xs, 1rem);grid-template-columns:minmax(0, 1fr);}.kb-row-layout-id10_6b8275-46 > .kt-row-layout-overlay{opacity:0.30;}@media all and (max-width: 1024px){.kb-row-layout-id10_6b8275-46 > .kt-row-column-wrap{padding-bottom:0px;grid-template-columns:minmax(0, 1fr);}}@media all and (max-width: 767px){.kb-row-layout-id10_6b8275-46 > .kt-row-column-wrap{grid-template-columns:minmax(0, 1fr);}}<\/style><section class=\"kb-row-layout-wrap kb-row-layout-id10_6b8275-46 alignfull wp-block-kadence-rowlayout\"><div class=\"kt-row-column-wrap kt-has-1-columns kt-row-layout-equal kt-tab-layout-inherit kt-mobile-layout-row kt-row-valign-top\">\n<style>.kadence-column10_e15883-52 > .kt-inside-inner-col{padding-top:0px;padding-right:0px;padding-bottom:0px;padding-left:0px;}.kadence-column10_e15883-52 > .kt-inside-inner-col,.kadence-column10_e15883-52 > .kt-inside-inner-col:before{border-top-left-radius:0px;border-top-right-radius:0px;border-bottom-right-radius:0px;border-bottom-left-radius:0px;}.kadence-column10_e15883-52 > .kt-inside-inner-col{column-gap:var(--global-kb-gap-sm, 1rem);}.kadence-column10_e15883-52 > .kt-inside-inner-col{flex-direction:column;}.kadence-column10_e15883-52 > .kt-inside-inner-col > .aligncenter{width:100%;}.kadence-column10_e15883-52 > .kt-inside-inner-col{background-color:var(--global-palette1, #3182CE);}.kadence-column10_e15883-52 > .kt-inside-inner-col:before{opacity:0.3;}.kadence-column10_e15883-52{position:relative;}@media all and (max-width: 1024px){.kadence-column10_e15883-52 > .kt-inside-inner-col{padding-top:var(--global-kb-spacing-sm, 1.5rem);padding-bottom:var(--global-kb-spacing-sm, 1.5rem);flex-direction:column;}}@media all and (max-width: 767px){.kadence-column10_e15883-52 > .kt-inside-inner-col{flex-direction:column;}}<\/style>\n<div class=\"wp-block-kadence-column kadence-column10_e15883-52\"><div class=\"kt-inside-inner-col\"><style>.wp-block-kadence-advancedheading.kt-adv-heading10_7ac97c-74, .wp-block-kadence-advancedheading.kt-adv-heading10_7ac97c-74[data-kb-block=\"kb-adv-heading10_7ac97c-74\"]{padding-top:5px;padding-right:5px;padding-bottom:5px;padding-left:5px;margin-bottom:0px;text-align:center;font-style:normal;}.wp-block-kadence-advancedheading.kt-adv-heading10_7ac97c-74 mark.kt-highlight, .wp-block-kadence-advancedheading.kt-adv-heading10_7ac97c-74[data-kb-block=\"kb-adv-heading10_7ac97c-74\"] mark.kt-highlight{font-style:normal;color:#f76a0c;-webkit-box-decoration-break:clone;box-decoration-break:clone;padding-top:0px;padding-right:0px;padding-bottom:0px;padding-left:0px;}@media all and (max-width: 767px){.wp-block-kadence-advancedheading.kt-adv-heading10_7ac97c-74, .wp-block-kadence-advancedheading.kt-adv-heading10_7ac97c-74[data-kb-block=\"kb-adv-heading10_7ac97c-74\"]{padding-right:var(--global-kb-spacing-xs, 1rem);padding-left:var(--global-kb-spacing-xs, 1rem);}}<\/style>\n<h1 class=\"kt-adv-heading10_7ac97c-74 wp-block-kadence-advancedheading has-theme-palette-9-color has-text-color\" data-kb-block=\"kb-adv-heading10_7ac97c-74\">NOTRE MENU \/ <strong>\uba54\ub274<\/strong><\/h1>\n<\/div><\/div>\n\n<\/div><\/section>\n\n<style>.kb-row-layout-id10_f55cbc-89 > .kt-row-column-wrap{align-content:start;}:where(.kb-row-layout-id10_f55cbc-89 > .kt-row-column-wrap) > .wp-block-kadence-column{justify-content:start;}.kb-row-layout-id10_f55cbc-89 > .kt-row-column-wrap{column-gap:var(--global-kb-gap-md, 2rem);row-gap:var(--global-kb-gap-md, 2rem);padding-top:var(--global-kb-spacing-sm, 1.5rem);padding-bottom:var(--global-kb-spacing-sm, 1.5rem);grid-template-columns:repeat(2, minmax(0, 1fr));}.kb-row-layout-id10_f55cbc-89 > .kt-row-layout-overlay{opacity:0.30;}@media all and (max-width: 1024px){.kb-row-layout-id10_f55cbc-89 > .kt-row-column-wrap{padding-right:var(--global-kb-spacing-xs, 1rem);padding-left:var(--global-kb-spacing-xs, 1rem);grid-template-columns:repeat(2, minmax(0, 1fr));}}@media all and (max-width: 767px){.kb-row-layout-id10_f55cbc-89 > .kt-row-column-wrap{padding-right:var(--global-kb-spacing-xs, 1rem);padding-left:var(--global-kb-spacing-xs, 1rem);grid-template-columns:minmax(0, 1fr);}}<\/style><section class=\"kb-row-layout-wrap kb-row-layout-id10_f55cbc-89 alignnone wp-block-kadence-rowlayout\"><div class=\"kt-row-column-wrap kt-has-2-columns kt-row-layout-equal kt-tab-layout-inherit kt-mobile-layout-row kt-row-valign-top\">\n<style>.kadence-column10_84acfc-7f > .kt-inside-inner-col,.kadence-column10_84acfc-7f > .kt-inside-inner-col:before{border-top-left-radius:0px;border-top-right-radius:0px;border-bottom-right-radius:0px;border-bottom-left-radius:0px;}.kadence-column10_84acfc-7f > .kt-inside-inner-col{column-gap:var(--global-kb-gap-sm, 1rem);}.kadence-column10_84acfc-7f > .kt-inside-inner-col{flex-direction:column;}.kadence-column10_84acfc-7f > .kt-inside-inner-col > .aligncenter{width:100%;}.kadence-column10_84acfc-7f > .kt-inside-inner-col:before{opacity:0.3;}.kadence-column10_84acfc-7f{position:relative;}@media all and (max-width: 1024px){.kadence-column10_84acfc-7f > .kt-inside-inner-col{flex-direction:column;}}@media all and (max-width: 767px){.kadence-column10_84acfc-7f > .kt-inside-inner-col{flex-direction:column;}}<\/style>\n<div class=\"wp-block-kadence-column kadence-column10_84acfc-7f\"><div class=\"kt-inside-inner-col\"><style>.kb-image10_e5d61f-6a .kb-image-has-overlay:after{opacity:0.3;}<\/style>\n<figure class=\"wp-block-kadence-image kb-image10_e5d61f-6a\"><img loading=\"lazy\" decoding=\"async\" width=\"1834\" height=\"2560\" src=\"https:\/\/formagraph-exercice.fr\/hongdae-station\/wp-content\/uploads\/2025\/06\/menuu-1-scaled.webp\" alt=\"Menu de caf\u00e9\/restaurant qui pr\u00e9sente les diff\u00e9rents caf\u00e9 et th\u00e9. Il y a aussi le logo du lieu ainsi que des picto des motifs.\" class=\"kb-img wp-image-1947\" srcset=\"https:\/\/formagraph-exercice.fr\/hongdae-station\/wp-content\/uploads\/2025\/06\/menuu-1-scaled.webp 1834w, https:\/\/formagraph-exercice.fr\/hongdae-station\/wp-content\/uploads\/2025\/06\/menuu-1-215x300.webp 215w, https:\/\/formagraph-exercice.fr\/hongdae-station\/wp-content\/uploads\/2025\/06\/menuu-1-734x1024.webp 734w, https:\/\/formagraph-exercice.fr\/hongdae-station\/wp-content\/uploads\/2025\/06\/menuu-1-768x1072.webp 768w, https:\/\/formagraph-exercice.fr\/hongdae-station\/wp-content\/uploads\/2025\/06\/menuu-1-1101x1536.webp 1101w, https:\/\/formagraph-exercice.fr\/hongdae-station\/wp-content\/uploads\/2025\/06\/menuu-1-1467x2048.webp 1467w, https:\/\/formagraph-exercice.fr\/hongdae-station\/wp-content\/uploads\/2025\/06\/menuu-1-1320x1842.webp 1320w, https:\/\/formagraph-exercice.fr\/hongdae-station\/wp-content\/uploads\/2025\/06\/menuu-1-600x837.webp 600w, https:\/\/formagraph-exercice.fr\/hongdae-station\/wp-content\/uploads\/2025\/06\/menuu-1-64x89.webp 64w\" sizes=\"auto, (max-width: 1834px) 100vw, 1834px\" \/><\/figure>\n<\/div><\/div>\n\n\n<style>.kadence-column10_a77f9a-87 > .kt-inside-inner-col,.kadence-column10_a77f9a-87 > .kt-inside-inner-col:before{border-top-left-radius:0px;border-top-right-radius:0px;border-bottom-right-radius:0px;border-bottom-left-radius:0px;}.kadence-column10_a77f9a-87 > .kt-inside-inner-col{column-gap:var(--global-kb-gap-sm, 1rem);}.kadence-column10_a77f9a-87 > .kt-inside-inner-col{flex-direction:column;}.kadence-column10_a77f9a-87 > .kt-inside-inner-col > .aligncenter{width:100%;}.kadence-column10_a77f9a-87 > .kt-inside-inner-col:before{opacity:0.3;}.kadence-column10_a77f9a-87{position:relative;}@media all and (max-width: 1024px){.kadence-column10_a77f9a-87 > .kt-inside-inner-col{flex-direction:column;}}@media all and (max-width: 767px){.kadence-column10_a77f9a-87 > .kt-inside-inner-col{flex-direction:column;}}<\/style>\n<div class=\"wp-block-kadence-column kadence-column10_a77f9a-87\"><div class=\"kt-inside-inner-col\"><style>.kb-image10_59a5ea-bd .kb-image-has-overlay:after{opacity:0.3;}<\/style>\n<figure class=\"wp-block-kadence-image kb-image10_59a5ea-bd\"><img loading=\"lazy\" decoding=\"async\" width=\"1834\" height=\"2560\" src=\"https:\/\/formagraph-exercice.fr\/hongdae-station\/wp-content\/uploads\/2025\/06\/menuu-2-scaled.webp\" alt=\"\" class=\"kb-img wp-image-1945\" srcset=\"https:\/\/formagraph-exercice.fr\/hongdae-station\/wp-content\/uploads\/2025\/06\/menuu-2-scaled.webp 1834w, https:\/\/formagraph-exercice.fr\/hongdae-station\/wp-content\/uploads\/2025\/06\/menuu-2-215x300.webp 215w, https:\/\/formagraph-exercice.fr\/hongdae-station\/wp-content\/uploads\/2025\/06\/menuu-2-734x1024.webp 734w, https:\/\/formagraph-exercice.fr\/hongdae-station\/wp-content\/uploads\/2025\/06\/menuu-2-768x1072.webp 768w, https:\/\/formagraph-exercice.fr\/hongdae-station\/wp-content\/uploads\/2025\/06\/menuu-2-1101x1536.webp 1101w, https:\/\/formagraph-exercice.fr\/hongdae-station\/wp-content\/uploads\/2025\/06\/menuu-2-1467x2048.webp 1467w, https:\/\/formagraph-exercice.fr\/hongdae-station\/wp-content\/uploads\/2025\/06\/menuu-2-1320x1842.webp 1320w, https:\/\/formagraph-exercice.fr\/hongdae-station\/wp-content\/uploads\/2025\/06\/menuu-2-600x837.webp 600w, https:\/\/formagraph-exercice.fr\/hongdae-station\/wp-content\/uploads\/2025\/06\/menuu-2-64x89.webp 64w\" sizes=\"auto, (max-width: 1834px) 100vw, 1834px\" \/><\/figure>\n<\/div><\/div>\n\n<\/div><\/section>\n\n\n<p><\/p>\n","protected":false},"excerpt":{"rendered":"<p>NOTRE MENU \/ \uba54\ub274<\/p>\n","protected":false},"author":1,"featured_media":0,"parent":0,"menu_order":0,"comment_status":"closed","ping_status":"closed","template":"","meta":{"_kad_post_transparent":"","_kad_post_title":"","_kad_post_layout":"","_kad_post_sidebar_id":"","_kad_post_content_style":"","_kad_post_vertical_padding":"","_kad_post_feature":"","_kad_post_feature_position":"","_kad_post_header":false,"_kad_post_footer":false,"footnotes":""},"class_list":["post-10","page","type-page","status-publish","hentry"],"aioseo_notices":[],"_links":{"self":[{"href":"https:\/\/formagraph-exercice.fr\/hongdae-station\/wp-json\/wp\/v2\/pages\/10","targetHints":{"allow":["GET"]}}],"collection":[{"href":"https:\/\/formagraph-exercice.fr\/hongdae-station\/wp-json\/wp\/v2\/pages"}],"about":[{"href":"https:\/\/formagraph-exercice.fr\/hongdae-station\/wp-json\/wp\/v2\/types\/page"}],"author":[{"embeddable":true,"href":"https:\/\/formagraph-exercice.fr\/hongdae-station\/wp-json\/wp\/v2\/users\/1"}],"replies":[{"embeddable":true,"href":"https:\/\/formagraph-exercice.fr\/hongdae-station\/wp-json\/wp\/v2\/comments?post=10"}],"version-history":[{"count":23,"href":"https:\/\/formagraph-exercice.fr\/hongdae-station\/wp-json\/wp\/v2\/pages\/10\/revisions"}],"predecessor-version":[{"id":1971,"href":"https:\/\/formagraph-exercice.fr\/hongdae-station\/wp-json\/wp\/v2\/pages\/10\/revisions\/1971"}],"wp:attachment":[{"href":"https:\/\/formagraph-exercice.fr\/hongdae-station\/wp-json\/wp\/v2\/media?parent=10"}],"curies":[{"name":"wp","href":"https:\/\/api.w.org\/{rel}","templated":true}]}}